{"id":759,"date":"2023-10-24T23:06:55","date_gmt":"2023-10-25T04:06:55","guid":{"rendered":"https:\/\/www.ericadventures.com\/nazca\/chauchilla-cementery-3hours\/"},"modified":"2025-10-30T12:01:23","modified_gmt":"2025-10-30T17:01:23","slug":"cimitero-chauchilla-3ore","status":"publish","type":"page","link":"https:\/\/www.ericadventures.com\/it\/nazca\/cimitero-chauchilla-3ore\/","title":{"rendered":"HD Cimitero Di Chauchilla"},"content":{"rendered":"<div class=\"wp-block-image\">\n<figure class=\"alignleft size-full is-resized\"><img loading=\"lazy\" decoding=\"async\" width=\"311\" height=\"157\" src=\"https:\/\/www.ericadventures.com\/wp-content\/uploads\/cementery-001.jpg\" alt=\"\" class=\"wp-image-751\" style=\"aspect-ratio:1.7777777777777777;object-fit:cover;width:416px;height:auto\" srcset=\"https:\/\/www.ericadventures.com\/wp-content\/uploads\/cementery-001.jpg 311w, https:\/\/www.ericadventures.com\/wp-content\/uploads\/cementery-001-300x151.jpg 300w\" sizes=\"auto, (max-width: 311px) 100vw, 311px\" \/><\/figure>\n<\/div>\n\n\n<p>Il cimitero di Chauchilla si trova a 30 km da Nazca, nella regione di Ica in Per\u00f9, \u00e8 un luogo dove i Nazcas e gli Huari (antiche culture peruviane) seppellivano i loro defunti (II secolo a.C.), si possono vedere vestigia di queste culture, come come ceramiche, tessuti e mummie\u2026<\/p>\n\n\n\n<p><\/p>\n\n\n\n<p><\/p>\n\n\n\n<p><\/p>\n\n\n\n<p><\/p>\n\n\n\n<h2 class=\"wp-block-heading\" id=\"h-itinerario\">Itinerario<\/h2>\n\n\n\n<p>Questo tour dura 3 ore, in quel periodo visiteremo tre luoghi interessanti, il primo \u00e8 il cimitero di Chauchilla, \u00e8 un cimitero pre-Inca situato a 27 km a sud-est della citt\u00e0 di Nazca, qui vedremo i meravigliosi paesaggi del deserto .<\/p>\n\n\n\n<p>Il cimitero di Chauchilla \u00e8 uno dei pi\u00f9 grandi con una lunghezza di 2 chilometri, qui vedremo 12 tombe, puoi vedere le costruzioni originali di tombe, mummie, ceramiche e tessuti con un&#8217;et\u00e0 approssimativa di mille anni. Potremo osservare il processo di mummificazione che l&#8217;antica Nazca usava per conservare i corpi.<\/p>\n\n\n\n<p>Quindi visiteremo il laboratorio di ceramica, le ceramiche di Nazca sono considerate le migliori ceramiche del Sud America e potrai osservare come gli artigiani di Nazca usano ancora le tecniche dei loro antenati per realizzare la ceramica, in pochissimo tempo e a mano, lo farai poter osservare anche gli ossidi dei minerali che usavano per ottenere i colori.<\/p>\n\n\n\n<p>L&#8217;ultimo posto che visiteremo \u00e8 il laboratorio di estrazione dell&#8217;oro, dove puoi vedere come i minatori artigianali lavorano all&#8217;interno delle miniere senza utilizzare macchinari sofisticati, estraggono i minerali e li trasportano in sacchi, portando sulle spalle 70 chili, quindi devono iniziare il processo mescolando il minerale con il mercurio in un grande mortaio.<\/p>\n\n\n\n<h2 class=\"wp-block-heading\" id=\"h-comprende\">Comprende<\/h2>\n\n\n\n<ul class=\"wp-block-list\">\n<li>Trasporto alberghiero<\/li>\n\n\n\n<li>Guida inglese<\/li>\n\n\n\n<li>Reddito<\/li>\n\n\n\n<li>Durata 3 ore<\/li>\n<\/ul>\n\n\n\n<h3 class=\"wp-block-heading\" id=\"h-raccomandazioni\">RACCOMANDAZIONI<\/h3>\n\n\n\n<ul class=\"wp-block-list\">\n<li>Abbigliamento comodo per camminare<\/li>\n\n\n\n<li>Giacca a vento, cappello, occhiali da sole<\/li>\n\n\n\n<li>Macchina fotografica<\/li>\n\n\n\n<li>Borraccia personale<\/li>\n\n\n\n<li>Zaino piccolo (oggetti personali)<\/li>\n<\/ul>\n\n\n\n<h3 class=\"wp-block-heading\" id=\"h-gradi\">GRADI:<\/h3>\n\n\n\n<p>Nei nostri servizi condivisi verremo a prendere i nostri clienti dal loro hotel purch\u00e9 si trovino nel centro della citt\u00e0.<\/p>\n\n\n\n<p>Nei nostri servizi condivisi, alla fine del tour, lasciamo i nostri clienti in un luogo vicino alla piazza principale, \u00e8 pi\u00f9 facile tornare al tuo hotel a piedi che andare in autobus, dato che il traffico \u00e8 terribile. Se il tuo hotel \u00e8 lontano dal centro citt\u00e0, porta con te denaro extra per prendere un taxi.<\/p>\n\n\n\n<p>Gli orari di pick-up e di arrivo sono referenziali, questo \u00e8 dovuto al traffico che si pu\u00f2 trovare nelle strade o al ritardo degli altri clienti, il nostro assistente arriver\u00e0 puntuale al vostro hotel, ma a volte il trasporto potrebbe subire ritardi di un pochi minuti.<\/p>\n\n\n\n<h2 class=\"wp-block-heading\" id=\"h-prezzi-a-persona-in-dollari-usa\">Prezzi(a persona in dollari USA)<\/h2>\n\n\n\n<p><strong>SERVIZIO CONDIVISO<\/strong><\/p>\n\n\n\n<ul class=\"wp-block-list\">\n<li>Prezzo a persona: US$ 45<\/li>\n<\/ul>\n\n\n\n<p><strong>SERVIZIO PRIVATO<\/strong><\/p>\n\n\n\n<ul class=\"wp-block-list\">\n<li>1 persona: US$ 110 <\/li>\n\n\n\n<li>2 persone: US$ 56 <\/li>\n\n\n\n<li>Da 3 a 4 persone: US$ 50 <\/li>\n\n\n\n<li>6 o pi\u00f9 persone: US$ 40 <\/li>\n<\/ul>\n\n\n\n<p>*Prezzi di riferimento soggetti a disponibilit\u00e0 e stagione.<\/p>\n\n\n\n<h2 class=\"wp-block-heading\" id=\"h-mappe\">Mappe<\/h2>\n\n\n\n<figure class=\"wp-block-gallery has-nested-images columns-default wp-block-gallery-1 is-layout-flex wp-block-gallery-is-layout-flex\">\n<figure class=\"wp-block-image size-thumbnail is-style-default\"><a href=\"https:\/\/www.ericadventures.com\/wp-content\/uploads\/cementerio-chauchilla-mapa-1.jpg\"><img loading=\"lazy\" decoding=\"async\" width=\"150\" height=\"150\" data-id=\"736\" src=\"https:\/\/www.ericadventures.com\/wp-content\/uploads\/cementerio-chauchilla-mapa-1-150x150.jpg\" alt=\"\" class=\"wp-image-736\"\/><\/a><\/figure>\n<\/figure>\n\n\n\n<h2 class=\"wp-block-heading\" id=\"h-foto\">Foto<\/h2>\n\n\n\n<figure class=\"wp-block-gallery has-nested-images columns-default is-cropped wp-block-gallery-2 is-layout-flex wp-block-gallery-is-layout-flex\">\n<figure class=\"wp-block-image size-full\"><a href=\"https:\/\/www.ericadventures.com\/wp-content\/uploads\/cementerio-chauchilla-02.jpg\"><img loading=\"lazy\" decoding=\"async\" width=\"700\" height=\"467\" data-id=\"741\" src=\"https:\/\/www.ericadventures.com\/wp-content\/uploads\/cementerio-chauchilla-02.jpg\" alt=\"\" class=\"wp-image-741\" srcset=\"https:\/\/www.ericadventures.com\/wp-content\/uploads\/cementerio-chauchilla-02.jpg 700w, https:\/\/www.ericadventures.com\/wp-content\/uploads\/cementerio-chauchilla-02-300x200.jpg 300w\" sizes=\"auto, (max-width: 700px) 100vw, 700px\" \/><\/a><\/figure>\n\n\n\n<figure class=\"wp-block-image size-full\"><a href=\"https:\/\/www.ericadventures.com\/wp-content\/uploads\/cementerio-chauchilla-03.jpg\"><img loading=\"lazy\" decoding=\"async\" width=\"778\" height=\"399\" data-id=\"746\" src=\"https:\/\/www.ericadventures.com\/wp-content\/uploads\/cementerio-chauchilla-03.jpg\" alt=\"\" class=\"wp-image-746\" srcset=\"https:\/\/www.ericadventures.com\/wp-content\/uploads\/cementerio-chauchilla-03.jpg 778w, https:\/\/www.ericadventures.com\/wp-content\/uploads\/cementerio-chauchilla-03-300x154.jpg 300w, https:\/\/www.ericadventures.com\/wp-content\/uploads\/cementerio-chauchilla-03-768x394.jpg 768w\" sizes=\"auto, (max-width: 778px) 100vw, 778px\" \/><\/a><\/figure>\n\n\n\n<figure class=\"wp-block-image size-full\"><a href=\"https:\/\/www.ericadventures.com\/wp-content\/uploads\/cementery-001.jpg\"><img loading=\"lazy\" decoding=\"async\" width=\"311\" height=\"157\" data-id=\"751\" src=\"https:\/\/www.ericadventures.com\/wp-content\/uploads\/cementery-001.jpg\" alt=\"\" class=\"wp-image-751\" srcset=\"https:\/\/www.ericadventures.com\/wp-content\/uploads\/cementery-001.jpg 311w, https:\/\/www.ericadventures.com\/wp-content\/uploads\/cementery-001-300x151.jpg 300w\" sizes=\"auto, (max-width: 311px) 100vw, 311px\" \/><\/a><\/figure>\n<\/figure>\n\n\n\n<h2 class=\"wp-block-heading\" id=\"h-modulo-di-contatto\">Modulo di contatto<\/h2>\n\n\n\n<div class=\"wp-block-contact-form-7-contact-form-selector\">\n<div class=\"wpcf7 no-js\" id=\"wpcf7-f6170-o1\" lang=\"es-ES\" dir=\"ltr\" data-wpcf7-id=\"6170\">\n<div class=\"screen-reader-response\"><p role=\"status\" aria-live=\"polite\" aria-atomic=\"true\"><\/p> <ul><\/ul><\/div>\n<form action=\"\/it\/wp-json\/wp\/v2\/pages\/759#wpcf7-f6170-o1\" method=\"post\" class=\"wpcf7-form init\" aria-label=\"Formulario de contacto\" novalidate=\"novalidate\" data-status=\"init\">\n<fieldset class=\"hidden-fields-container\"><input type=\"hidden\" name=\"_wpcf7\" value=\"6170\" \/><input type=\"hidden\" name=\"_wpcf7_version\" value=\"6.1.5\" \/><input type=\"hidden\" name=\"_wpcf7_locale\" value=\"es_ES\" \/><input type=\"hidden\" name=\"_wpcf7_unit_tag\" value=\"wpcf7-f6170-o1\" \/><input type=\"hidden\" name=\"_wpcf7_container_post\" value=\"0\" \/><input type=\"hidden\" name=\"_wpcf7_posted_data_hash\" value=\"\" \/>\n<\/fieldset>\n<div class=\"wpcf7-turnstile cf-turnstile\" data-sitekey=\"0x4AAAAAACZ2CLxkDaDac8NW\" data-response-field-name=\"_wpcf7_turnstile_response\"><\/div>\n\n<div class=\"formt\">\n    <span class=\"textform\">Per prenotazioni o maggiori informazioni compila il seguente modulo cliente\/ospite: <\/span>\n    <input class=\"wpcf7-form-control wpcf7-hidden\" value=\"https:\/\/www.ericadventures.com\/it\/wp-json\/wp\/v2\/pages\/759\" type=\"hidden\" name=\"Url_Tour\" \/>\n    <input class=\"wpcf7-form-control wpcf7-hidden\" value=\"it\" type=\"hidden\" name=\"Idioma\" \/>\n    <input class=\"wpcf7-form-control wpcf7-hidden\" value=\"02\/05\/2026 10:37:50\" type=\"hidden\" name=\"Fecha_Hora\" \/>\n    <input class=\"wpcf7-form-control wpcf7-hidden\" value=\"216.73.216.166\" type=\"hidden\" name=\"Ip\" \/>\n    <input class=\"wpcf7-form-control wpcf7-hidden\" value=\"HD Cimitero Di Chauchilla\" type=\"hidden\" name=\"Nombre_Tour\" \/>\n    <input class=\"wpcf7-form-control wpcf7-hidden\" value=\"1\" type=\"hidden\" name=\"enviar_excel\" \/>\n\n    <div class=\"g2\">\n        <div>\n            <label>Nome: <\/label>\n            <span class=\"wpcf7-form-control-wrap\" data-name=\"Nombre\"><input size=\"40\" maxlength=\"400\" class=\"wpcf7-form-control wpcf7-text wpcf7-validates-as-required\" aria-required=\"true\" aria-invalid=\"false\" value=\"\" type=\"text\" name=\"Nombre\" \/><\/span>\n        <\/div>\n        <div>\n            <label>E-mail: <\/label>\n            <span class=\"wpcf7-form-control-wrap\" data-name=\"Emails\"><input size=\"40\" maxlength=\"400\" class=\"wpcf7-form-control wpcf7-email wpcf7-validates-as-required wpcf7-text wpcf7-validates-as-email\" aria-required=\"true\" aria-invalid=\"false\" value=\"\" type=\"email\" name=\"Emails\" \/><\/span>\n        <\/div>\n    <\/div>\n    \n    <div class=\"g2\">\n        <div>\n            <label>Paese: <\/label>\n            <span class=\"wpcf7-form-control-wrap\" data-name=\"Pais\"><input size=\"40\" maxlength=\"400\" class=\"wpcf7-form-control wpcf7-text\" aria-invalid=\"false\" value=\"\" type=\"text\" name=\"Pais\" \/><\/span>\n        <\/div>\n        <div>\n            <label>Telefono - Whatsapp: <\/label>\n            <span class=\"wpcf7-form-control-wrap\" data-name=\"Whatsapp\"><input size=\"40\" class=\"wpcf7-form-control wpcf7-phonetext wpcf7-text wpcf7-validates-as-phonetext\" aria-invalid=\"false\" value=\"\" type=\"text\" name=\"Whatsapp\" \/><input type=\"hidden\" name=\"Whatsapp-country-code\" class=\"wpcf7-phonetext-country-code\" \/><\/span>\n        <\/div>\n    <\/div>\n    \n    <div class=\"g2\">\n        <div>\n            <label>Numero di adulti: <\/label>\n            <span class=\"wpcf7-form-control-wrap\" data-name=\"Adultos\"><select class=\"wpcf7-form-control wpcf7-select wpcf7-validates-as-required\" aria-required=\"true\" aria-invalid=\"false\" name=\"Adultos\"><option value=\"1\">1<\/option><option value=\"2\">2<\/option><option value=\"3\">3<\/option><option value=\"4\">4<\/option><option value=\"5\">5<\/option><option value=\"6\">6<\/option><option value=\"7\">7<\/option><option value=\"8\">8<\/option><option value=\"9\">9<\/option><option value=\"10\">10<\/option><option value=\"11\">11<\/option><option value=\"12 o pi\u00f9\">12 o pi\u00f9<\/option><\/select><\/span>\n        <\/div>\n        <div>\n            <label>Numero di bambini: <\/label>\n            <span class=\"wpcf7-form-control-wrap\" data-name=\"Ninos\"><select class=\"wpcf7-form-control wpcf7-select wpcf7-validates-as-required\" aria-required=\"true\" aria-invalid=\"false\" name=\"Ninos\"><option value=\"0\">0<\/option><option value=\"1\">1<\/option><option value=\"2\">2<\/option><option value=\"3\">3<\/option><option value=\"4\">4<\/option><option value=\"5\">5<\/option><option value=\"6\">6<\/option><option value=\"7\">7<\/option><option value=\"8\">8<\/option><option value=\"9\">9<\/option><option value=\"10\">10<\/option><option value=\"11\">11<\/option><option value=\"12 o pi\u00f9\">12 o pi\u00f9<\/option><\/select><\/span>\n        <\/div>\n    <\/div>\n    \n    <div class=\"g2\">\n        <div>\n            <label>Data di inizio del tour: <\/label>\n            <span class=\"wpcf7-form-control-wrap\" data-name=\"Inicio\"><input class=\"wpcf7-form-control wpcf7-date wpcf7-validates-as-required wpcf7-validates-as-date\" id=\"inicio\" min=\"2026-05-02\" aria-required=\"true\" aria-invalid=\"false\" value=\"\" type=\"date\" name=\"Inicio\" \/><\/span>\n        <\/div>\n        <div>\n            <label>Data di fine del tour: <\/label>\n            <span class=\"wpcf7-form-control-wrap\" data-name=\"Final\"><input class=\"wpcf7-form-control wpcf7-date wpcf7-validates-as-required wpcf7-validates-as-date\" id=\"final\" min=\"2026-05-02\" aria-required=\"true\" aria-invalid=\"false\" value=\"\" type=\"date\" name=\"Final\" \/><\/span>\n        <\/div>\n    <\/div>\n    \n    <div>\n        <label>Commenti o domande: <\/label>\n        <span class=\"wpcf7-form-control-wrap\" data-name=\"Mensaje\"><textarea cols=\"40\" rows=\"10\" maxlength=\"2000\" class=\"wpcf7-form-control wpcf7-textarea wpcf7-validates-as-required\" aria-required=\"true\" aria-invalid=\"false\" placeholder=\"Si prega di specificare il tipo di SERVIZIO\/TOUR che si desidera effettuare\" name=\"Mensaje\"><\/textarea><\/span>\n    <\/div>\n    \n    <input class=\"wpcf7-form-control wpcf7-submit has-spinner btnsend\" type=\"submit\" value=\"INVIA MESSAGGIO\" \/>\n<\/div><div class=\"wpcf7-response-output\" aria-hidden=\"true\"><\/div>\n<\/form>\n<\/div>\n<\/div>\n","protected":false},"excerpt":{"rendered":"<p>Il cimitero di Chauchilla si trova a 30 km da Nazca, nella regione di Ica in Per\u00f9, \u00e8 un luogo [&hellip;]<\/p>\n","protected":false},"author":1,"featured_media":21533,"parent":242,"menu_order":0,"comment_status":"closed","ping_status":"closed","template":"page-tour.php","meta":{"_acf_changed":false,"advgb_blocks_editor_width":"","advgb_blocks_columns_visual_guide":"","footnotes":""},"class_list":["post-759","page","type-page","status-publish","has-post-thumbnail","hentry"],"acf":[],"yoast_head":"<!-- This site is optimized with the Yoast SEO Premium plugin v25.4 (Yoast SEO v26.9) - https:\/\/yoast.com\/product\/yoast-seo-premium-wordpress\/ -->\n<title>HD Cimitero di Nazca Chauchilla<\/title>\n<meta name=\"description\" content=\"Tour di 3 ore: Spicca il Cimitero di Chauchilla, pre-Inca 27 km a sud-est di Nazca, esperienza storica e archeologica.\" \/>\n<meta name=\"robots\" content=\"index, follow, max-snippet:-1, max-image-preview:large, max-video-preview:-1\" \/>\n<link rel=\"canonical\" href=\"https:\/\/www.ericadventures.com\/it\/nazca\/cimitero-chauchilla-3ore\/\" \/>\n<meta property=\"og:locale\" content=\"it_IT\" \/>\n<meta property=\"og:type\" content=\"article\" \/>\n<meta property=\"og:title\" content=\"HD Cimitero Di Chauchilla\" \/>\n<meta property=\"og:description\" content=\"Tour di 3 ore: Spicca il Cimitero di Chauchilla, pre-Inca 27 km a sud-est di Nazca, esperienza storica e archeologica.\" \/>\n<meta property=\"og:url\" content=\"https:\/\/www.ericadventures.com\/it\/nazca\/cimitero-chauchilla-3ore\/\" \/>\n<meta property=\"og:site_name\" content=\"Eric Adventures\" \/>\n<meta property=\"article:modified_time\" content=\"2025-10-30T17:01:23+00:00\" \/>\n<meta property=\"og:image\" content=\"https:\/\/www.ericadventures.com\/wp-content\/uploads\/cementerio-chauchilla-03-500x385-1.jpg\" \/>\n\t<meta property=\"og:image:width\" content=\"500\" \/>\n\t<meta property=\"og:image:height\" content=\"385\" \/>\n\t<meta property=\"og:image:type\" content=\"image\/jpeg\" \/>\n<meta name=\"twitter:card\" content=\"summary_large_image\" \/>\n<meta name=\"twitter:label1\" content=\"Tempo di lettura stimato\" \/>\n\t<meta name=\"twitter:data1\" content=\"4 minuti\" \/>\n<script type=\"application\/ld+json\" class=\"yoast-schema-graph\">{\"@context\":\"https:\/\/schema.org\",\"@graph\":[{\"@type\":\"WebPage\",\"@id\":\"https:\/\/www.ericadventures.com\/it\/nazca\/cimitero-chauchilla-3ore\/\",\"url\":\"https:\/\/www.ericadventures.com\/it\/nazca\/cimitero-chauchilla-3ore\/\",\"name\":\"HD Cimitero di Nazca Chauchilla\",\"isPartOf\":{\"@id\":\"https:\/\/www.ericadventures.com\/en\/#website\"},\"primaryImageOfPage\":{\"@id\":\"https:\/\/www.ericadventures.com\/it\/nazca\/cimitero-chauchilla-3ore\/#primaryimage\"},\"image\":{\"@id\":\"https:\/\/www.ericadventures.com\/it\/nazca\/cimitero-chauchilla-3ore\/#primaryimage\"},\"thumbnailUrl\":\"https:\/\/www.ericadventures.com\/wp-content\/uploads\/cementerio-chauchilla-03-500x385-1.jpg\",\"datePublished\":\"2023-10-25T04:06:55+00:00\",\"dateModified\":\"2025-10-30T17:01:23+00:00\",\"description\":\"Tour di 3 ore: Spicca il Cimitero di Chauchilla, pre-Inca 27 km a sud-est di Nazca, esperienza storica e archeologica.\",\"breadcrumb\":{\"@id\":\"https:\/\/www.ericadventures.com\/it\/nazca\/cimitero-chauchilla-3ore\/#breadcrumb\"},\"inLanguage\":\"it-IT\",\"potentialAction\":[{\"@type\":\"ReadAction\",\"target\":[\"https:\/\/www.ericadventures.com\/it\/nazca\/cimitero-chauchilla-3ore\/\"]}]},{\"@type\":\"ImageObject\",\"inLanguage\":\"it-IT\",\"@id\":\"https:\/\/www.ericadventures.com\/it\/nazca\/cimitero-chauchilla-3ore\/#primaryimage\",\"url\":\"https:\/\/www.ericadventures.com\/wp-content\/uploads\/cementerio-chauchilla-03-500x385-1.jpg\",\"contentUrl\":\"https:\/\/www.ericadventures.com\/wp-content\/uploads\/cementerio-chauchilla-03-500x385-1.jpg\",\"width\":500,\"height\":385,\"caption\":\"Cementerio De Chauchilla\"},{\"@type\":\"BreadcrumbList\",\"@id\":\"https:\/\/www.ericadventures.com\/it\/nazca\/cimitero-chauchilla-3ore\/#breadcrumb\",\"itemListElement\":[{\"@type\":\"ListItem\",\"position\":1,\"name\":\"Home\",\"item\":\"https:\/\/www.ericadventures.com\/it\/\"},{\"@type\":\"ListItem\",\"position\":2,\"name\":\"Tours in Nazca\",\"item\":\"https:\/\/www.ericadventures.com\/en\/nazca\/\"},{\"@type\":\"ListItem\",\"position\":3,\"name\":\"HD Cimitero Di Chauchilla\"}]},{\"@type\":\"WebSite\",\"@id\":\"https:\/\/www.ericadventures.com\/en\/#website\",\"url\":\"https:\/\/www.ericadventures.com\/en\/\",\"name\":\"Eric Adventures\",\"description\":\"\",\"publisher\":{\"@id\":\"https:\/\/www.ericadventures.com\/en\/#organization\"},\"alternateName\":\"Eric Adventures\",\"potentialAction\":[{\"@type\":\"SearchAction\",\"target\":{\"@type\":\"EntryPoint\",\"urlTemplate\":\"https:\/\/www.ericadventures.com\/en\/?s={search_term_string}\"},\"query-input\":{\"@type\":\"PropertyValueSpecification\",\"valueRequired\":true,\"valueName\":\"search_term_string\"}}],\"inLanguage\":\"it-IT\"},{\"@type\":\"Organization\",\"@id\":\"https:\/\/www.ericadventures.com\/en\/#organization\",\"name\":\"Eric Adventures\",\"url\":\"https:\/\/www.ericadventures.com\/en\/\",\"logo\":{\"@type\":\"ImageObject\",\"inLanguage\":\"it-IT\",\"@id\":\"https:\/\/www.ericadventures.com\/en\/#\/schema\/logo\/image\/\",\"url\":\"https:\/\/www.ericadventures.com\/wp-content\/uploads\/logo-ericadventures.png\",\"contentUrl\":\"https:\/\/www.ericadventures.com\/wp-content\/uploads\/logo-ericadventures.png\",\"width\":500,\"height\":106,\"caption\":\"Eric Adventures\"},\"image\":{\"@id\":\"https:\/\/www.ericadventures.com\/en\/#\/schema\/logo\/image\/\"}}]}<\/script>\n<!-- \/ Yoast SEO Premium plugin. -->","yoast_head_json":{"title":"HD Cimitero di Nazca Chauchilla","description":"Tour di 3 ore: Spicca il Cimitero di Chauchilla, pre-Inca 27 km a sud-est di Nazca, esperienza storica e archeologica.","robots":{"index":"index","follow":"follow","max-snippet":"max-snippet:-1","max-image-preview":"max-image-preview:large","max-video-preview":"max-video-preview:-1"},"canonical":"https:\/\/www.ericadventures.com\/it\/nazca\/cimitero-chauchilla-3ore\/","og_locale":"it_IT","og_type":"article","og_title":"HD Cimitero Di Chauchilla","og_description":"Tour di 3 ore: Spicca il Cimitero di Chauchilla, pre-Inca 27 km a sud-est di Nazca, esperienza storica e archeologica.","og_url":"https:\/\/www.ericadventures.com\/it\/nazca\/cimitero-chauchilla-3ore\/","og_site_name":"Eric Adventures","article_modified_time":"2025-10-30T17:01:23+00:00","og_image":[{"width":500,"height":385,"url":"https:\/\/www.ericadventures.com\/wp-content\/uploads\/cementerio-chauchilla-03-500x385-1.jpg","type":"image\/jpeg"}],"twitter_card":"summary_large_image","twitter_misc":{"Tempo di lettura stimato":"4 minuti"},"schema":{"@context":"https:\/\/schema.org","@graph":[{"@type":"WebPage","@id":"https:\/\/www.ericadventures.com\/it\/nazca\/cimitero-chauchilla-3ore\/","url":"https:\/\/www.ericadventures.com\/it\/nazca\/cimitero-chauchilla-3ore\/","name":"HD Cimitero di Nazca Chauchilla","isPartOf":{"@id":"https:\/\/www.ericadventures.com\/en\/#website"},"primaryImageOfPage":{"@id":"https:\/\/www.ericadventures.com\/it\/nazca\/cimitero-chauchilla-3ore\/#primaryimage"},"image":{"@id":"https:\/\/www.ericadventures.com\/it\/nazca\/cimitero-chauchilla-3ore\/#primaryimage"},"thumbnailUrl":"https:\/\/www.ericadventures.com\/wp-content\/uploads\/cementerio-chauchilla-03-500x385-1.jpg","datePublished":"2023-10-25T04:06:55+00:00","dateModified":"2025-10-30T17:01:23+00:00","description":"Tour di 3 ore: Spicca il Cimitero di Chauchilla, pre-Inca 27 km a sud-est di Nazca, esperienza storica e archeologica.","breadcrumb":{"@id":"https:\/\/www.ericadventures.com\/it\/nazca\/cimitero-chauchilla-3ore\/#breadcrumb"},"inLanguage":"it-IT","potentialAction":[{"@type":"ReadAction","target":["https:\/\/www.ericadventures.com\/it\/nazca\/cimitero-chauchilla-3ore\/"]}]},{"@type":"ImageObject","inLanguage":"it-IT","@id":"https:\/\/www.ericadventures.com\/it\/nazca\/cimitero-chauchilla-3ore\/#primaryimage","url":"https:\/\/www.ericadventures.com\/wp-content\/uploads\/cementerio-chauchilla-03-500x385-1.jpg","contentUrl":"https:\/\/www.ericadventures.com\/wp-content\/uploads\/cementerio-chauchilla-03-500x385-1.jpg","width":500,"height":385,"caption":"Cementerio De Chauchilla"},{"@type":"BreadcrumbList","@id":"https:\/\/www.ericadventures.com\/it\/nazca\/cimitero-chauchilla-3ore\/#breadcrumb","itemListElement":[{"@type":"ListItem","position":1,"name":"Home","item":"https:\/\/www.ericadventures.com\/it\/"},{"@type":"ListItem","position":2,"name":"Tours in Nazca","item":"https:\/\/www.ericadventures.com\/en\/nazca\/"},{"@type":"ListItem","position":3,"name":"HD Cimitero Di Chauchilla"}]},{"@type":"WebSite","@id":"https:\/\/www.ericadventures.com\/en\/#website","url":"https:\/\/www.ericadventures.com\/en\/","name":"Eric Adventures","description":"","publisher":{"@id":"https:\/\/www.ericadventures.com\/en\/#organization"},"alternateName":"Eric Adventures","potentialAction":[{"@type":"SearchAction","target":{"@type":"EntryPoint","urlTemplate":"https:\/\/www.ericadventures.com\/en\/?s={search_term_string}"},"query-input":{"@type":"PropertyValueSpecification","valueRequired":true,"valueName":"search_term_string"}}],"inLanguage":"it-IT"},{"@type":"Organization","@id":"https:\/\/www.ericadventures.com\/en\/#organization","name":"Eric Adventures","url":"https:\/\/www.ericadventures.com\/en\/","logo":{"@type":"ImageObject","inLanguage":"it-IT","@id":"https:\/\/www.ericadventures.com\/en\/#\/schema\/logo\/image\/","url":"https:\/\/www.ericadventures.com\/wp-content\/uploads\/logo-ericadventures.png","contentUrl":"https:\/\/www.ericadventures.com\/wp-content\/uploads\/logo-ericadventures.png","width":500,"height":106,"caption":"Eric Adventures"},"image":{"@id":"https:\/\/www.ericadventures.com\/en\/#\/schema\/logo\/image\/"}}]}},"coauthors":[],"author_meta":{"author_link":"https:\/\/www.ericadventures.com\/it\/author\/ericadmin\/","display_name":"Eric"},"relative_dates":{"created":"Pubblicato 3 anni fa","modified":"Aggiornato 6 mesi fa"},"absolute_dates":{"created":"Pubblicato il Ottobre 24, 2023","modified":"Aggiornato il Ottobre 30, 2025"},"absolute_dates_time":{"created":"Pubblicato il Ottobre 24, 2023 11:06 pm","modified":"Aggiornato il Ottobre 30, 2025 12:01 pm"},"featured_img_caption":"","featured_img":"https:\/\/www.ericadventures.com\/wp-content\/uploads\/cementerio-chauchilla-03-500x385-1.jpg","series_order":"","_links":{"self":[{"href":"https:\/\/www.ericadventures.com\/it\/wp-json\/wp\/v2\/pages\/759","targetHints":{"allow":["GET"]}}],"collection":[{"href":"https:\/\/www.ericadventures.com\/it\/wp-json\/wp\/v2\/pages"}],"about":[{"href":"https:\/\/www.ericadventures.com\/it\/wp-json\/wp\/v2\/types\/page"}],"author":[{"embeddable":true,"href":"https:\/\/www.ericadventures.com\/it\/wp-json\/wp\/v2\/users\/1"}],"replies":[{"embeddable":true,"href":"https:\/\/www.ericadventures.com\/it\/wp-json\/wp\/v2\/comments?post=759"}],"version-history":[{"count":6,"href":"https:\/\/www.ericadventures.com\/it\/wp-json\/wp\/v2\/pages\/759\/revisions"}],"predecessor-version":[{"id":42515,"href":"https:\/\/www.ericadventures.com\/it\/wp-json\/wp\/v2\/pages\/759\/revisions\/42515"}],"up":[{"embeddable":true,"href":"https:\/\/www.ericadventures.com\/it\/wp-json\/wp\/v2\/pages\/242"}],"wp:featuredmedia":[{"embeddable":true,"href":"https:\/\/www.ericadventures.com\/it\/wp-json\/wp\/v2\/media\/21533"}],"wp:attachment":[{"href":"https:\/\/www.ericadventures.com\/it\/wp-json\/wp\/v2\/media?parent=759"}],"curies":[{"name":"wp","href":"https:\/\/api.w.org\/{rel}","templated":true}]}}