{"id":12321,"date":"2024-02-19T17:30:11","date_gmt":"2024-02-19T22:30:11","guid":{"rendered":"https:\/\/www.ericadventures.com\/lima\/rappel-lunahuana-copy\/"},"modified":"2025-10-10T13:07:51","modified_gmt":"2025-10-10T18:07:51","slug":"canopy-lunahuana","status":"publish","type":"page","link":"https:\/\/www.ericadventures.com\/pt-br\/lima\/canopy-lunahuana\/","title":{"rendered":"Canopy Lunahuana"},"content":{"rendered":"<div class=\"wp-block-image\">\n<figure class=\"alignleft size-full is-resized\"><img loading=\"lazy\" decoding=\"async\" width=\"480\" height=\"360\" src=\"https:\/\/www.ericadventures.com\/wp-content\/uploads\/peru-lima-lunahuana-canopy-tours4-1.jpeg\" alt=\"\" class=\"wp-image-12314\" style=\"aspect-ratio:1.7777777777777777;object-fit:cover;width:413px;height:auto\" srcset=\"https:\/\/www.ericadventures.com\/wp-content\/uploads\/peru-lima-lunahuana-canopy-tours4-1.jpeg 480w, https:\/\/www.ericadventures.com\/wp-content\/uploads\/peru-lima-lunahuana-canopy-tours4-1-300x225.jpeg 300w\" sizes=\"auto, (max-width: 480px) 100vw, 480px\" \/><\/figure>\n<\/div>\n\n\n<h3 class=\"wp-block-heading\" id=\"h-canopy-passeios-de-aventura-em-lunahuana\">CANOPY &#8211; PASSEIOS DE AVENTURA EM LUNAHUANA<\/h3>\n\n\n\n<p>\u00c0s 9 horas ou \u00e0s 13 horas vamos avan\u00e7ar na dire\u00e7\u00e3o de&nbsp;<strong>San Jer\u00f3nimo<\/strong>, um sub\u00farbio de&nbsp;<a href=\"https:\/\/www.ericadventures.com\/portugues\/lima\/lunahuana.html\" target=\"_blank\" rel=\"noreferrer noopener\">Lunahuan\u00e1<\/a>, a 20 minutos de dist\u00e2ncia. Depois disso, vamos dar uma palestra sobre a seguran\u00e7a e, em seguida, damos-lhes todo o equipamento para come\u00e7ar esta aventura incompar\u00e1vel atrav\u00e9s do Rio&nbsp;<a href=\"https:\/\/www.ericadventures.com\/portugues\/lima\/rafting-no-rio-canete.html\" target=\"_blank\" rel=\"noreferrer noopener\">Ca\u00f1ete<\/a>, com uma largura de descida de 350 metros. Teremos belas vistas das terras da \u00e1rea. Uma vez que estaremos por o outro lado, o nosso meio de transporte nos levar\u00e1 pela nossa base. A atividade vai durar cerca duma hora, de acordo com os nossos clientes.<\/p>\n\n\n\n<h2 class=\"wp-block-heading\" id=\"h-itinerario\"><strong>ITINER\u00c1RIO<\/strong><\/h2>\n\n\n\n<p>Dependendo dos passageiros<\/p>\n\n\n\n<h2 class=\"wp-block-heading\" id=\"h-incluido\"><strong>INCLUIDO<\/strong><\/h2>\n\n\n\n<ul class=\"wp-block-list\">\n<li>guia profissional<\/li>\n\n\n\n<li>equipamento completo<\/li>\n\n\n\n<li>kit de primeiro socorro<\/li>\n\n\n\n<li>transporte.<\/li>\n<\/ul>\n\n\n\n<h2 class=\"wp-block-heading\" id=\"h-precos-por-pessoa-em-dolares-americanos\">PRE\u00c7OS(POR PESSOA EM D\u00d3LARES AMERICANOS)<\/h2>\n\n\n\n<p><strong>SERVI\u00c7O PRIVADO<\/strong><\/p>\n\n\n\n<ul class=\"wp-block-list\">\n<li>Pre\u00e7o por pessoa: US$ 75 (m\u00ednimo de 4 pessoas)<\/li>\n<\/ul>\n\n\n\n<p>*Pre\u00e7os de refer\u00eancia sujeitos \u00e0 disponibilidade e temporada.<\/p>\n\n\n\n<h2 class=\"wp-block-heading\" id=\"h-mapa\">MAPA<\/h2>\n\n\n\n<figure class=\"wp-block-gallery has-nested-images columns-default wp-block-gallery-1 is-layout-flex wp-block-gallery-is-layout-flex\">\n<figure class=\"wp-block-image size-thumbnail is-style-default\"><a href=\"https:\/\/www.ericadventures.com\/wp-content\/uploads\/cuatrimoto-en-Ingles.jpg\"><img loading=\"lazy\" decoding=\"async\" width=\"150\" height=\"150\" data-id=\"12234\" src=\"https:\/\/www.ericadventures.com\/wp-content\/uploads\/cuatrimoto-en-Ingles-150x150.jpg\" alt=\"\" class=\"wp-image-12234\"\/><\/a><\/figure>\n<\/figure>\n\n\n\n<h2 class=\"wp-block-heading\" id=\"h-fotos\">FOTOS<\/h2>\n\n\n\n<figure class=\"wp-block-gallery has-nested-images columns-4 is-cropped wp-block-gallery-2 is-layout-flex wp-block-gallery-is-layout-flex\">\n<figure class=\"wp-block-image size-thumbnail\"><img loading=\"lazy\" decoding=\"async\" width=\"150\" height=\"150\" data-id=\"12244\" src=\"https:\/\/www.ericadventures.com\/wp-content\/uploads\/Lunahuana_Canopy_1-1-150x150.jpg\" alt=\"\" class=\"wp-image-12244\"\/><\/figure>\n\n\n\n<figure class=\"wp-block-image size-thumbnail\"><img loading=\"lazy\" decoding=\"async\" width=\"150\" height=\"150\" data-id=\"12304\" src=\"https:\/\/www.ericadventures.com\/wp-content\/uploads\/peru-lima-lunahuana-canopy-tours2-150x150.jpg\" alt=\"\" class=\"wp-image-12304\"\/><\/figure>\n\n\n\n<figure class=\"wp-block-image size-thumbnail\"><img loading=\"lazy\" decoding=\"async\" width=\"150\" height=\"150\" data-id=\"12309\" src=\"https:\/\/www.ericadventures.com\/wp-content\/uploads\/peru-lima-lunahuana-canopy-tours3-150x150.jpg\" alt=\"\" class=\"wp-image-12309\"\/><\/figure>\n\n\n\n<figure class=\"wp-block-image size-thumbnail\"><img loading=\"lazy\" decoding=\"async\" width=\"150\" height=\"150\" data-id=\"12314\" src=\"https:\/\/www.ericadventures.com\/wp-content\/uploads\/peru-lima-lunahuana-canopy-tours4-1-150x150.jpeg\" alt=\"\" class=\"wp-image-12314\"\/><\/figure>\n<\/figure>\n\n\n\n<h2 class=\"wp-block-heading\" id=\"h-formulario-de-contacto\"><strong>FORMUL\u00c1RIO DE CONTACTO<\/strong><\/h2>\n\n\n\n<div class=\"wp-block-contact-form-7-contact-form-selector\">\n<div class=\"wpcf7 no-js\" id=\"wpcf7-f6172-o1\" lang=\"es-ES\" dir=\"ltr\" data-wpcf7-id=\"6172\">\n<div class=\"screen-reader-response\"><p role=\"status\" aria-live=\"polite\" aria-atomic=\"true\"><\/p> <ul><\/ul><\/div>\n<form action=\"\/pt-br\/wp-json\/wp\/v2\/pages\/12321#wpcf7-f6172-o1\" method=\"post\" class=\"wpcf7-form init\" aria-label=\"Formulario de contacto\" novalidate=\"novalidate\" data-status=\"init\">\n<fieldset class=\"hidden-fields-container\"><input type=\"hidden\" name=\"_wpcf7\" value=\"6172\" \/><input type=\"hidden\" name=\"_wpcf7_version\" value=\"6.1.5\" \/><input type=\"hidden\" name=\"_wpcf7_locale\" value=\"es_ES\" \/><input type=\"hidden\" name=\"_wpcf7_unit_tag\" value=\"wpcf7-f6172-o1\" \/><input type=\"hidden\" name=\"_wpcf7_container_post\" value=\"0\" \/><input type=\"hidden\" name=\"_wpcf7_posted_data_hash\" value=\"\" \/>\n<\/fieldset>\n<div class=\"wpcf7-turnstile cf-turnstile\" data-sitekey=\"0x4AAAAAACZ2CLxkDaDac8NW\" data-response-field-name=\"_wpcf7_turnstile_response\"><\/div>\n\n<div class=\"formt\">\n    <span class=\"textform\"> Para reservas ou mais informa\u00e7\u00f5es preencha o seguinte formul\u00e1rio de cliente\/convidado:  <\/span>\n    <input class=\"wpcf7-form-control wpcf7-hidden\" value=\"https:\/\/www.ericadventures.com\/pt-br\/wp-json\/wp\/v2\/pages\/12321\" type=\"hidden\" name=\"Url_Tour\" \/>\n    <input class=\"wpcf7-form-control wpcf7-hidden\" value=\"pt-br\" type=\"hidden\" name=\"Idioma\" \/>\n    <input class=\"wpcf7-form-control wpcf7-hidden\" value=\"29\/04\/2026 19:24:44\" type=\"hidden\" name=\"Fecha_Hora\" \/>\n    <input class=\"wpcf7-form-control wpcf7-hidden\" value=\"216.73.216.6\" type=\"hidden\" name=\"Ip\" \/>\n    <input class=\"wpcf7-form-control wpcf7-hidden\" value=\"Canopy Lunahuana\" type=\"hidden\" name=\"Nombre_Tour\" \/>\n    <input class=\"wpcf7-form-control wpcf7-hidden\" value=\"1\" type=\"hidden\" name=\"enviar_excel\" \/>\n\n    <div class=\"g2\">\n        <div>\n            <label>Nome: <\/label>\n            <span class=\"wpcf7-form-control-wrap\" data-name=\"Nombre\"><input size=\"40\" maxlength=\"400\" class=\"wpcf7-form-control wpcf7-text wpcf7-validates-as-required\" aria-required=\"true\" aria-invalid=\"false\" value=\"\" type=\"text\" name=\"Nombre\" \/><\/span>\n        <\/div>\n        <div>\n            <label>E-mail: <\/label>\n            <span class=\"wpcf7-form-control-wrap\" data-name=\"Emails\"><input size=\"40\" maxlength=\"400\" class=\"wpcf7-form-control wpcf7-email wpcf7-validates-as-required wpcf7-text wpcf7-validates-as-email\" aria-required=\"true\" aria-invalid=\"false\" value=\"\" type=\"email\" name=\"Emails\" \/><\/span>\n        <\/div>\n    <\/div>\n    \n    <div class=\"g2\">\n        <div>\n            <label>Pa\u00eds: <\/label>\n            <span class=\"wpcf7-form-control-wrap\" data-name=\"Pais\"><input size=\"40\" maxlength=\"400\" class=\"wpcf7-form-control wpcf7-text\" aria-invalid=\"false\" value=\"\" type=\"text\" name=\"Pais\" \/><\/span>\n        <\/div>\n        <div>\n            <label>Telefone - Whatsapp: <\/label>\n            <span class=\"wpcf7-form-control-wrap\" data-name=\"Whatsapp\"><input size=\"40\" class=\"wpcf7-form-control wpcf7-phonetext wpcf7-text wpcf7-validates-as-phonetext\" aria-invalid=\"false\" value=\"\" type=\"text\" name=\"Whatsapp\" \/><input type=\"hidden\" name=\"Whatsapp-country-code\" class=\"wpcf7-phonetext-country-code\" \/><\/span>\n        <\/div>\n    <\/div>\n    \n    <div class=\"g2\">\n        <div>\n            <label>N\u00famero de adultos: <\/label>\n            <span class=\"wpcf7-form-control-wrap\" data-name=\"Adultos\"><select class=\"wpcf7-form-control wpcf7-select wpcf7-validates-as-required\" aria-required=\"true\" aria-invalid=\"false\" name=\"Adultos\"><option value=\"1\">1<\/option><option value=\"2\">2<\/option><option value=\"3\">3<\/option><option value=\"4\">4<\/option><option value=\"5\">5<\/option><option value=\"6\">6<\/option><option value=\"7\">7<\/option><option value=\"8\">8<\/option><option value=\"9\">9<\/option><option value=\"10\">10<\/option><option value=\"11\">11<\/option><option value=\"12 para mais\">12 para mais<\/option><\/select><\/span>\n        <\/div>\n        <div>\n            <label>N\u00famero de crian\u00e7as: <\/label>\n            <span class=\"wpcf7-form-control-wrap\" data-name=\"Ninos\"><select class=\"wpcf7-form-control wpcf7-select wpcf7-validates-as-required\" aria-required=\"true\" aria-invalid=\"false\" name=\"Ninos\"><option value=\"0\">0<\/option><option value=\"1\">1<\/option><option value=\"2\">2<\/option><option value=\"3\">3<\/option><option value=\"4\">4<\/option><option value=\"5\">5<\/option><option value=\"6\">6<\/option><option value=\"7\">7<\/option><option value=\"8\">8<\/option><option value=\"9\">9<\/option><option value=\"10\">10<\/option><option value=\"11\">11<\/option><option value=\"12 para mais\">12 para mais<\/option><\/select><\/span>\n        <\/div>\n    <\/div>\n    \n    <div class=\"g2\">\n        <div>\n            <label>Data de in\u00edcio do passeio: <\/label>\n            <span class=\"wpcf7-form-control-wrap\" data-name=\"Inicio\"><input class=\"wpcf7-form-control wpcf7-date wpcf7-validates-as-required wpcf7-validates-as-date\" id=\"inicio\" min=\"2026-04-29\" aria-required=\"true\" aria-invalid=\"false\" value=\"\" type=\"date\" name=\"Inicio\" \/><\/span>\n        <\/div>\n        <div>\n            <label>Data de t\u00e9rmino da excurs\u00e3o: <\/label>\n            <span class=\"wpcf7-form-control-wrap\" data-name=\"Final\"><input class=\"wpcf7-form-control wpcf7-date wpcf7-validates-as-required wpcf7-validates-as-date\" id=\"final\" min=\"2026-04-29\" aria-required=\"true\" aria-invalid=\"false\" value=\"\" type=\"date\" name=\"Final\" \/><\/span>\n        <\/div>\n    <\/div>\n    \n    <div>\n        <label>Coment\u00e1rios ou perguntas: <\/label>\n        <span class=\"wpcf7-form-control-wrap\" data-name=\"Mensaje\"><textarea cols=\"40\" rows=\"10\" maxlength=\"2000\" class=\"wpcf7-form-control wpcf7-textarea wpcf7-validates-as-required\" aria-required=\"true\" aria-invalid=\"false\" placeholder=\"Por favor especifique o tipo de SERVI\u00c7O\/TOUR que pretende realizar\" name=\"Mensaje\"><\/textarea><\/span>\n    <\/div>\n    \n    <input class=\"wpcf7-form-control wpcf7-submit has-spinner btnsend\" type=\"submit\" value=\"ENVIAR MENSAGEM\" \/>\n<\/div><div class=\"wpcf7-response-output\" aria-hidden=\"true\"><\/div>\n<\/form>\n<\/div>\n<\/div>\n","protected":false},"excerpt":{"rendered":"<p>CANOPY &#8211; PASSEIOS DE AVENTURA EM LUNAHUANA \u00c0s 9 horas ou \u00e0s 13 horas vamos avan\u00e7ar na dire\u00e7\u00e3o de&nbsp;San Jer\u00f3nimo, [&hellip;]<\/p>\n","protected":false},"author":4,"featured_media":12282,"parent":235,"menu_order":0,"comment_status":"closed","ping_status":"closed","template":"page-tour.php","meta":{"_acf_changed":false,"advgb_blocks_editor_width":"","advgb_blocks_columns_visual_guide":"","footnotes":""},"class_list":["post-12321","page","type-page","status-publish","has-post-thumbnail","hentry"],"acf":[],"yoast_head":"<!-- This site is optimized with the Yoast SEO Premium plugin v25.4 (Yoast SEO v26.9) - https:\/\/yoast.com\/product\/yoast-seo-premium-wordpress\/ -->\n<title>Canopy Lunahuana<\/title>\n<meta name=\"description\" content=\"Vamos na dire\u00e7\u00e3o de San Jer\u00f3nimo, um sub\u00farbio de Lunahuan\u00e1. Depois disso, vamos dar uma palestra sobre a seguran\u00e7a e, em seguida, com todo o equipamento come\u00e7\u00e1mos esta aventura incompar\u00e1vel atrav\u00e9s do Rio Ca\u00f1ete.\" \/>\n<meta name=\"robots\" content=\"index, follow, max-snippet:-1, max-image-preview:large, max-video-preview:-1\" \/>\n<link rel=\"canonical\" href=\"https:\/\/www.ericadventures.com\/pt-br\/lima\/canopy-lunahuana\/\" \/>\n<meta property=\"og:locale\" content=\"pt_BR\" \/>\n<meta property=\"og:type\" content=\"article\" \/>\n<meta property=\"og:title\" content=\"Canopy Lunahuana\" \/>\n<meta property=\"og:description\" content=\"Vamos na dire\u00e7\u00e3o de San Jer\u00f3nimo, um sub\u00farbio de Lunahuan\u00e1. Depois disso, vamos dar uma palestra sobre a seguran\u00e7a e, em seguida, com todo o equipamento come\u00e7\u00e1mos esta aventura incompar\u00e1vel atrav\u00e9s do Rio Ca\u00f1ete.\" \/>\n<meta property=\"og:url\" content=\"https:\/\/www.ericadventures.com\/pt-br\/lima\/canopy-lunahuana\/\" \/>\n<meta property=\"og:site_name\" content=\"Eric Adventures\" \/>\n<meta property=\"article:modified_time\" content=\"2025-10-10T18:07:51+00:00\" \/>\n<meta property=\"og:image\" content=\"https:\/\/www.ericadventures.com\/wp-content\/uploads\/rappel-2.jpg\" \/>\n\t<meta property=\"og:image:width\" content=\"1538\" \/>\n\t<meta property=\"og:image:height\" content=\"2048\" \/>\n\t<meta property=\"og:image:type\" content=\"image\/jpeg\" \/>\n<meta name=\"twitter:card\" content=\"summary_large_image\" \/>\n<meta name=\"twitter:label1\" content=\"Est. tempo de leitura\" \/>\n\t<meta name=\"twitter:data1\" content=\"3 minutos\" \/>\n<script type=\"application\/ld+json\" class=\"yoast-schema-graph\">{\"@context\":\"https:\/\/schema.org\",\"@graph\":[{\"@type\":\"WebPage\",\"@id\":\"https:\/\/www.ericadventures.com\/pt-br\/lima\/canopy-lunahuana\/\",\"url\":\"https:\/\/www.ericadventures.com\/pt-br\/lima\/canopy-lunahuana\/\",\"name\":\"Canopy Lunahuana\",\"isPartOf\":{\"@id\":\"https:\/\/www.ericadventures.com\/en\/#website\"},\"primaryImageOfPage\":{\"@id\":\"https:\/\/www.ericadventures.com\/pt-br\/lima\/canopy-lunahuana\/#primaryimage\"},\"image\":{\"@id\":\"https:\/\/www.ericadventures.com\/pt-br\/lima\/canopy-lunahuana\/#primaryimage\"},\"thumbnailUrl\":\"https:\/\/www.ericadventures.com\/wp-content\/uploads\/rappel-2.jpg\",\"datePublished\":\"2024-02-19T22:30:11+00:00\",\"dateModified\":\"2025-10-10T18:07:51+00:00\",\"description\":\"Vamos na dire\u00e7\u00e3o de San Jer\u00f3nimo, um sub\u00farbio de Lunahuan\u00e1. Depois disso, vamos dar uma palestra sobre a seguran\u00e7a e, em seguida, com todo o equipamento come\u00e7\u00e1mos esta aventura incompar\u00e1vel atrav\u00e9s do Rio Ca\u00f1ete.\",\"breadcrumb\":{\"@id\":\"https:\/\/www.ericadventures.com\/pt-br\/lima\/canopy-lunahuana\/#breadcrumb\"},\"inLanguage\":\"pt-BR\",\"potentialAction\":[{\"@type\":\"ReadAction\",\"target\":[\"https:\/\/www.ericadventures.com\/pt-br\/lima\/canopy-lunahuana\/\"]}]},{\"@type\":\"ImageObject\",\"inLanguage\":\"pt-BR\",\"@id\":\"https:\/\/www.ericadventures.com\/pt-br\/lima\/canopy-lunahuana\/#primaryimage\",\"url\":\"https:\/\/www.ericadventures.com\/wp-content\/uploads\/rappel-2.jpg\",\"contentUrl\":\"https:\/\/www.ericadventures.com\/wp-content\/uploads\/rappel-2.jpg\",\"width\":1538,\"height\":2048,\"caption\":\"Rappel Lunahuana\"},{\"@type\":\"BreadcrumbList\",\"@id\":\"https:\/\/www.ericadventures.com\/pt-br\/lima\/canopy-lunahuana\/#breadcrumb\",\"itemListElement\":[{\"@type\":\"ListItem\",\"position\":1,\"name\":\"Home\",\"item\":\"https:\/\/www.ericadventures.com\/pt-br\/\"},{\"@type\":\"ListItem\",\"position\":2,\"name\":\"Passeios Em Lima\",\"item\":\"https:\/\/www.ericadventures.com\/en\/lima\/\"},{\"@type\":\"ListItem\",\"position\":3,\"name\":\"Canopy Lunahuana\"}]},{\"@type\":\"WebSite\",\"@id\":\"https:\/\/www.ericadventures.com\/en\/#website\",\"url\":\"https:\/\/www.ericadventures.com\/en\/\",\"name\":\"Eric Adventures\",\"description\":\"\",\"publisher\":{\"@id\":\"https:\/\/www.ericadventures.com\/en\/#organization\"},\"alternateName\":\"Eric Adventures\",\"potentialAction\":[{\"@type\":\"SearchAction\",\"target\":{\"@type\":\"EntryPoint\",\"urlTemplate\":\"https:\/\/www.ericadventures.com\/en\/?s={search_term_string}\"},\"query-input\":{\"@type\":\"PropertyValueSpecification\",\"valueRequired\":true,\"valueName\":\"search_term_string\"}}],\"inLanguage\":\"pt-BR\"},{\"@type\":\"Organization\",\"@id\":\"https:\/\/www.ericadventures.com\/en\/#organization\",\"name\":\"Eric Adventures\",\"url\":\"https:\/\/www.ericadventures.com\/en\/\",\"logo\":{\"@type\":\"ImageObject\",\"inLanguage\":\"pt-BR\",\"@id\":\"https:\/\/www.ericadventures.com\/en\/#\/schema\/logo\/image\/\",\"url\":\"https:\/\/www.ericadventures.com\/wp-content\/uploads\/logo-ericadventures.png\",\"contentUrl\":\"https:\/\/www.ericadventures.com\/wp-content\/uploads\/logo-ericadventures.png\",\"width\":500,\"height\":106,\"caption\":\"Eric Adventures\"},\"image\":{\"@id\":\"https:\/\/www.ericadventures.com\/en\/#\/schema\/logo\/image\/\"}}]}<\/script>\n<!-- \/ Yoast SEO Premium plugin. -->","yoast_head_json":{"title":"Canopy Lunahuana","description":"Vamos na dire\u00e7\u00e3o de San Jer\u00f3nimo, um sub\u00farbio de Lunahuan\u00e1. Depois disso, vamos dar uma palestra sobre a seguran\u00e7a e, em seguida, com todo o equipamento come\u00e7\u00e1mos esta aventura incompar\u00e1vel atrav\u00e9s do Rio Ca\u00f1ete.","robots":{"index":"index","follow":"follow","max-snippet":"max-snippet:-1","max-image-preview":"max-image-preview:large","max-video-preview":"max-video-preview:-1"},"canonical":"https:\/\/www.ericadventures.com\/pt-br\/lima\/canopy-lunahuana\/","og_locale":"pt_BR","og_type":"article","og_title":"Canopy Lunahuana","og_description":"Vamos na dire\u00e7\u00e3o de San Jer\u00f3nimo, um sub\u00farbio de Lunahuan\u00e1. Depois disso, vamos dar uma palestra sobre a seguran\u00e7a e, em seguida, com todo o equipamento come\u00e7\u00e1mos esta aventura incompar\u00e1vel atrav\u00e9s do Rio Ca\u00f1ete.","og_url":"https:\/\/www.ericadventures.com\/pt-br\/lima\/canopy-lunahuana\/","og_site_name":"Eric Adventures","article_modified_time":"2025-10-10T18:07:51+00:00","og_image":[{"width":1538,"height":2048,"url":"https:\/\/www.ericadventures.com\/wp-content\/uploads\/rappel-2.jpg","type":"image\/jpeg"}],"twitter_card":"summary_large_image","twitter_misc":{"Est. tempo de leitura":"3 minutos"},"schema":{"@context":"https:\/\/schema.org","@graph":[{"@type":"WebPage","@id":"https:\/\/www.ericadventures.com\/pt-br\/lima\/canopy-lunahuana\/","url":"https:\/\/www.ericadventures.com\/pt-br\/lima\/canopy-lunahuana\/","name":"Canopy Lunahuana","isPartOf":{"@id":"https:\/\/www.ericadventures.com\/en\/#website"},"primaryImageOfPage":{"@id":"https:\/\/www.ericadventures.com\/pt-br\/lima\/canopy-lunahuana\/#primaryimage"},"image":{"@id":"https:\/\/www.ericadventures.com\/pt-br\/lima\/canopy-lunahuana\/#primaryimage"},"thumbnailUrl":"https:\/\/www.ericadventures.com\/wp-content\/uploads\/rappel-2.jpg","datePublished":"2024-02-19T22:30:11+00:00","dateModified":"2025-10-10T18:07:51+00:00","description":"Vamos na dire\u00e7\u00e3o de San Jer\u00f3nimo, um sub\u00farbio de Lunahuan\u00e1. Depois disso, vamos dar uma palestra sobre a seguran\u00e7a e, em seguida, com todo o equipamento come\u00e7\u00e1mos esta aventura incompar\u00e1vel atrav\u00e9s do Rio Ca\u00f1ete.","breadcrumb":{"@id":"https:\/\/www.ericadventures.com\/pt-br\/lima\/canopy-lunahuana\/#breadcrumb"},"inLanguage":"pt-BR","potentialAction":[{"@type":"ReadAction","target":["https:\/\/www.ericadventures.com\/pt-br\/lima\/canopy-lunahuana\/"]}]},{"@type":"ImageObject","inLanguage":"pt-BR","@id":"https:\/\/www.ericadventures.com\/pt-br\/lima\/canopy-lunahuana\/#primaryimage","url":"https:\/\/www.ericadventures.com\/wp-content\/uploads\/rappel-2.jpg","contentUrl":"https:\/\/www.ericadventures.com\/wp-content\/uploads\/rappel-2.jpg","width":1538,"height":2048,"caption":"Rappel Lunahuana"},{"@type":"BreadcrumbList","@id":"https:\/\/www.ericadventures.com\/pt-br\/lima\/canopy-lunahuana\/#breadcrumb","itemListElement":[{"@type":"ListItem","position":1,"name":"Home","item":"https:\/\/www.ericadventures.com\/pt-br\/"},{"@type":"ListItem","position":2,"name":"Passeios Em Lima","item":"https:\/\/www.ericadventures.com\/en\/lima\/"},{"@type":"ListItem","position":3,"name":"Canopy Lunahuana"}]},{"@type":"WebSite","@id":"https:\/\/www.ericadventures.com\/en\/#website","url":"https:\/\/www.ericadventures.com\/en\/","name":"Eric Adventures","description":"","publisher":{"@id":"https:\/\/www.ericadventures.com\/en\/#organization"},"alternateName":"Eric Adventures","potentialAction":[{"@type":"SearchAction","target":{"@type":"EntryPoint","urlTemplate":"https:\/\/www.ericadventures.com\/en\/?s={search_term_string}"},"query-input":{"@type":"PropertyValueSpecification","valueRequired":true,"valueName":"search_term_string"}}],"inLanguage":"pt-BR"},{"@type":"Organization","@id":"https:\/\/www.ericadventures.com\/en\/#organization","name":"Eric Adventures","url":"https:\/\/www.ericadventures.com\/en\/","logo":{"@type":"ImageObject","inLanguage":"pt-BR","@id":"https:\/\/www.ericadventures.com\/en\/#\/schema\/logo\/image\/","url":"https:\/\/www.ericadventures.com\/wp-content\/uploads\/logo-ericadventures.png","contentUrl":"https:\/\/www.ericadventures.com\/wp-content\/uploads\/logo-ericadventures.png","width":500,"height":106,"caption":"Eric Adventures"},"image":{"@id":"https:\/\/www.ericadventures.com\/en\/#\/schema\/logo\/image\/"}}]}},"coauthors":[],"author_meta":{"author_link":"https:\/\/www.ericadventures.com\/pt-br\/author\/marilyn\/","display_name":"Marilyn Ayma Gomez"},"relative_dates":{"created":"Publicado 2 anos atr\u00e1s","modified":"Atualizado 7 meses atr\u00e1s"},"absolute_dates":{"created":"Publicado em fevereiro 19, 2024","modified":"Atualizado em outubro 10, 2025"},"absolute_dates_time":{"created":"Publicado em fevereiro 19, 2024 5:30 pm","modified":"Atualizado em outubro 10, 2025 1:07 pm"},"featured_img_caption":"","featured_img":"https:\/\/www.ericadventures.com\/wp-content\/uploads\/rappel-2.jpg","series_order":"","_links":{"self":[{"href":"https:\/\/www.ericadventures.com\/pt-br\/wp-json\/wp\/v2\/pages\/12321","targetHints":{"allow":["GET"]}}],"collection":[{"href":"https:\/\/www.ericadventures.com\/pt-br\/wp-json\/wp\/v2\/pages"}],"about":[{"href":"https:\/\/www.ericadventures.com\/pt-br\/wp-json\/wp\/v2\/types\/page"}],"author":[{"embeddable":true,"href":"https:\/\/www.ericadventures.com\/pt-br\/wp-json\/wp\/v2\/users\/4"}],"replies":[{"embeddable":true,"href":"https:\/\/www.ericadventures.com\/pt-br\/wp-json\/wp\/v2\/comments?post=12321"}],"version-history":[{"count":4,"href":"https:\/\/www.ericadventures.com\/pt-br\/wp-json\/wp\/v2\/pages\/12321\/revisions"}],"predecessor-version":[{"id":41434,"href":"https:\/\/www.ericadventures.com\/pt-br\/wp-json\/wp\/v2\/pages\/12321\/revisions\/41434"}],"up":[{"embeddable":true,"href":"https:\/\/www.ericadventures.com\/pt-br\/wp-json\/wp\/v2\/pages\/235"}],"wp:featuredmedia":[{"embeddable":true,"href":"https:\/\/www.ericadventures.com\/pt-br\/wp-json\/wp\/v2\/media\/12282"}],"wp:attachment":[{"href":"https:\/\/www.ericadventures.com\/pt-br\/wp-json\/wp\/v2\/media?parent=12321"}],"curies":[{"name":"wp","href":"https:\/\/api.w.org\/{rel}","templated":true}]}}