{"id":12376,"date":"2024-02-20T10:39:58","date_gmt":"2024-02-20T15:39:58","guid":{"rendered":"https:\/\/www.ericadventures.com\/lima\/classic-city-tour-lima-copy\/"},"modified":"2025-10-10T13:06:28","modified_gmt":"2025-10-10T18:06:28","slug":"mountain-bike","status":"publish","type":"page","link":"https:\/\/www.ericadventures.com\/pt-br\/lima\/mountain-bike\/","title":{"rendered":"Bicicleta De Montanha Lunahuana"},"content":{"rendered":"<div class=\"wp-block-image\">\n<figure class=\"alignleft size-full is-resized\"><img loading=\"lazy\" decoding=\"async\" width=\"600\" height=\"400\" src=\"https:\/\/www.ericadventures.com\/wp-content\/uploads\/fulldaylunahuana4.jpg\" alt=\"\" class=\"wp-image-12355\" style=\"aspect-ratio:1.7777777777777777;object-fit:cover;width:413px;height:auto\" srcset=\"https:\/\/www.ericadventures.com\/wp-content\/uploads\/fulldaylunahuana4.jpg 600w, https:\/\/www.ericadventures.com\/wp-content\/uploads\/fulldaylunahuana4-300x200.jpg 300w\" sizes=\"auto, (max-width: 600px) 100vw, 600px\" \/><\/figure>\n<\/div>\n\n\n<h3 class=\"wp-block-heading\" id=\"h-\"><\/h3>\n\n\n\n<p>\u00c0s 9 horas ou \u00e0s 13 horas vamos pelo&nbsp;<strong>Circuito da Casa amaldi\u00e7oada<\/strong>, que est\u00e1 localizada a sete quil\u00f4metros de<a href=\"https:\/\/www.ericadventures.com\/portugues\/lima\/lunahuana.html\" target=\"_blank\" rel=\"noreferrer noopener\">Lunahuan\u00e1<\/a>. Em seguida, tomaremos a dire\u00e7\u00e3o do&nbsp;<a href=\"https:\/\/www.ericadventures.com\/portugues\/lima\/rafting-no-rio-canete.html\" target=\"_blank\" rel=\"noreferrer noopener\">Rio Ca\u00f1ete<\/a>&nbsp;passando pelas pontes na \u00e1rea e observando suas paisagens deslumbrantes. Depois duma viagem de cerca de duas horas, vamos visitar uma das fazendas vin\u00edcolas, onde podem provar alguns dos vinhos produzidos neste lugar. Ent\u00e3o vamos voltar para Lunahuan\u00e1, onde concluiremos nossa excurs\u00e3o.<\/p>\n\n\n\n<h2 class=\"wp-block-heading\" id=\"h-itinerario\"><strong>ITINER\u00c1RIO<\/strong><\/h2>\n\n\n\n<p>Cerca de tr\u00eas horas<\/p>\n\n\n\n<h2 class=\"wp-block-heading\" id=\"h-incluido\">Incluido<\/h2>\n\n\n\n<ul class=\"wp-block-list\">\n<li>guia profissional;<\/li>\n\n\n\n<li>bicicleta com suspens\u00e3o dianteira;<\/li>\n\n\n\n<li>equipamento completo;<\/li>\n\n\n\n<li>kit di primeiro socorro.<\/li>\n<\/ul>\n\n\n\n<h2 class=\"wp-block-heading\" id=\"h-precos-por-pessoa-em-dolares-americanos\">PRE\u00c7OS(POR PESSOA EM D\u00d3LARES AMERICANOS)<\/h2>\n\n\n\n<p><strong>SERVI\u00c7O PRIVADO<\/strong><\/p>\n\n\n\n<ul class=\"wp-block-list\">\n<li>Pre\u00e7o por pessoa: US$ 75 (m\u00ednimo de 4 pessoas)<\/li>\n<\/ul>\n\n\n\n<p>*Pre\u00e7os de refer\u00eancia sujeitos \u00e0 disponibilidade e temporada.<\/p>\n\n\n\n<h2 class=\"wp-block-heading\" id=\"h-mapa\">Mapa<\/h2>\n\n\n\n<figure class=\"wp-block-gallery has-nested-images columns-default wp-block-gallery-1 is-layout-flex wp-block-gallery-is-layout-flex\">\n<figure class=\"wp-block-image size-thumbnail is-style-default\"><a href=\"https:\/\/www.ericadventures.com\/wp-content\/uploads\/cuatrimoto-en-Ingles-1.jpg\"><img loading=\"lazy\" decoding=\"async\" width=\"150\" height=\"150\" data-id=\"12239\" src=\"https:\/\/www.ericadventures.com\/wp-content\/uploads\/cuatrimoto-en-Ingles-1-150x150.jpg\" alt=\"\" class=\"wp-image-12239\"\/><\/a><\/figure>\n<\/figure>\n\n\n\n<h2 class=\"wp-block-heading\" id=\"h-fotos\">Fotos<\/h2>\n\n\n\n<figure class=\"wp-block-gallery has-nested-images columns-4 is-cropped wp-block-gallery-2 is-layout-flex wp-block-gallery-is-layout-flex\">\n<figure class=\"wp-block-image size-full\"><img loading=\"lazy\" decoding=\"async\" width=\"480\" height=\"360\" data-id=\"12345\" src=\"https:\/\/www.ericadventures.com\/wp-content\/uploads\/biking-manu-003-2.jpg\" alt=\"\" class=\"wp-image-12345\" srcset=\"https:\/\/www.ericadventures.com\/wp-content\/uploads\/biking-manu-003-2.jpg 480w, https:\/\/www.ericadventures.com\/wp-content\/uploads\/biking-manu-003-2-300x225.jpg 300w\" sizes=\"auto, (max-width: 480px) 100vw, 480px\" \/><\/figure>\n\n\n\n<figure class=\"wp-block-image size-full\"><img loading=\"lazy\" decoding=\"async\" width=\"500\" height=\"335\" data-id=\"12350\" src=\"https:\/\/www.ericadventures.com\/wp-content\/uploads\/Ciclismo-lunahuana.jpg\" alt=\"\" class=\"wp-image-12350\" srcset=\"https:\/\/www.ericadventures.com\/wp-content\/uploads\/Ciclismo-lunahuana.jpg 500w, https:\/\/www.ericadventures.com\/wp-content\/uploads\/Ciclismo-lunahuana-300x201.jpg 300w\" sizes=\"auto, (max-width: 500px) 100vw, 500px\" \/><\/figure>\n\n\n\n<figure class=\"wp-block-image size-full\"><img loading=\"lazy\" decoding=\"async\" width=\"600\" height=\"400\" data-id=\"12355\" src=\"https:\/\/www.ericadventures.com\/wp-content\/uploads\/fulldaylunahuana4.jpg\" alt=\"\" class=\"wp-image-12355\" srcset=\"https:\/\/www.ericadventures.com\/wp-content\/uploads\/fulldaylunahuana4.jpg 600w, https:\/\/www.ericadventures.com\/wp-content\/uploads\/fulldaylunahuana4-300x200.jpg 300w\" sizes=\"auto, (max-width: 600px) 100vw, 600px\" \/><\/figure>\n\n\n\n<figure class=\"wp-block-image size-full\"><img loading=\"lazy\" decoding=\"async\" width=\"400\" height=\"300\" data-id=\"12360\" src=\"https:\/\/www.ericadventures.com\/wp-content\/uploads\/Lunahuana_Bicicleta.jpg\" alt=\"\" class=\"wp-image-12360\" srcset=\"https:\/\/www.ericadventures.com\/wp-content\/uploads\/Lunahuana_Bicicleta.jpg 400w, https:\/\/www.ericadventures.com\/wp-content\/uploads\/Lunahuana_Bicicleta-300x225.jpg 300w\" sizes=\"auto, (max-width: 400px) 100vw, 400px\" \/><\/figure>\n<\/figure>\n\n\n\n<h2 class=\"wp-block-heading\" id=\"h-formulario-de-contato\"><strong>FORMUL\u00c1RIO DE CONTATO<\/strong><\/h2>\n\n\n\n<div class=\"wp-block-contact-form-7-contact-form-selector\">\n<div class=\"wpcf7 no-js\" id=\"wpcf7-f6172-o1\" lang=\"es-ES\" dir=\"ltr\" data-wpcf7-id=\"6172\">\n<div class=\"screen-reader-response\"><p role=\"status\" aria-live=\"polite\" aria-atomic=\"true\"><\/p> <ul><\/ul><\/div>\n<form action=\"\/pt-br\/wp-json\/wp\/v2\/pages\/12376#wpcf7-f6172-o1\" method=\"post\" class=\"wpcf7-form init\" aria-label=\"Formulario de contacto\" novalidate=\"novalidate\" data-status=\"init\">\n<fieldset class=\"hidden-fields-container\"><input type=\"hidden\" name=\"_wpcf7\" value=\"6172\" \/><input type=\"hidden\" name=\"_wpcf7_version\" value=\"6.1.5\" \/><input type=\"hidden\" name=\"_wpcf7_locale\" value=\"es_ES\" \/><input type=\"hidden\" name=\"_wpcf7_unit_tag\" value=\"wpcf7-f6172-o1\" \/><input type=\"hidden\" name=\"_wpcf7_container_post\" value=\"0\" \/><input type=\"hidden\" name=\"_wpcf7_posted_data_hash\" value=\"\" \/>\n<\/fieldset>\n<div class=\"wpcf7-turnstile cf-turnstile\" data-sitekey=\"0x4AAAAAACZ2CLxkDaDac8NW\" data-response-field-name=\"_wpcf7_turnstile_response\"><\/div>\n\n<div class=\"formt\">\n    <span class=\"textform\"> Para reservas ou mais informa\u00e7\u00f5es preencha o seguinte formul\u00e1rio de cliente\/convidado:  <\/span>\n    <input class=\"wpcf7-form-control wpcf7-hidden\" value=\"https:\/\/www.ericadventures.com\/pt-br\/wp-json\/wp\/v2\/pages\/12376\" type=\"hidden\" name=\"Url_Tour\" \/>\n    <input class=\"wpcf7-form-control wpcf7-hidden\" value=\"pt-br\" type=\"hidden\" name=\"Idioma\" \/>\n    <input class=\"wpcf7-form-control wpcf7-hidden\" value=\"20\/04\/2026 10:10:05\" type=\"hidden\" name=\"Fecha_Hora\" \/>\n    <input class=\"wpcf7-form-control wpcf7-hidden\" value=\"216.73.216.61\" type=\"hidden\" name=\"Ip\" \/>\n    <input class=\"wpcf7-form-control wpcf7-hidden\" value=\"Bicicleta De Montanha Lunahuana\" type=\"hidden\" name=\"Nombre_Tour\" \/>\n    <input class=\"wpcf7-form-control wpcf7-hidden\" value=\"1\" type=\"hidden\" name=\"enviar_excel\" \/>\n\n    <div class=\"g2\">\n        <div>\n            <label>Nome: <\/label>\n            <span class=\"wpcf7-form-control-wrap\" data-name=\"Nombre\"><input size=\"40\" maxlength=\"400\" class=\"wpcf7-form-control wpcf7-text wpcf7-validates-as-required\" aria-required=\"true\" aria-invalid=\"false\" value=\"\" type=\"text\" name=\"Nombre\" \/><\/span>\n        <\/div>\n        <div>\n            <label>E-mail: <\/label>\n            <span class=\"wpcf7-form-control-wrap\" data-name=\"Emails\"><input size=\"40\" maxlength=\"400\" class=\"wpcf7-form-control wpcf7-email wpcf7-validates-as-required wpcf7-text wpcf7-validates-as-email\" aria-required=\"true\" aria-invalid=\"false\" value=\"\" type=\"email\" name=\"Emails\" \/><\/span>\n        <\/div>\n    <\/div>\n    \n    <div class=\"g2\">\n        <div>\n            <label>Pa\u00eds: <\/label>\n            <span class=\"wpcf7-form-control-wrap\" data-name=\"Pais\"><input size=\"40\" maxlength=\"400\" class=\"wpcf7-form-control wpcf7-text\" aria-invalid=\"false\" value=\"\" type=\"text\" name=\"Pais\" \/><\/span>\n        <\/div>\n        <div>\n            <label>Telefone - Whatsapp: <\/label>\n            <span class=\"wpcf7-form-control-wrap\" data-name=\"Whatsapp\"><input size=\"40\" class=\"wpcf7-form-control wpcf7-phonetext wpcf7-text wpcf7-validates-as-phonetext\" aria-invalid=\"false\" value=\"\" type=\"text\" name=\"Whatsapp\" \/><input type=\"hidden\" name=\"Whatsapp-country-code\" class=\"wpcf7-phonetext-country-code\" \/><\/span>\n        <\/div>\n    <\/div>\n    \n    <div class=\"g2\">\n        <div>\n            <label>N\u00famero de adultos: <\/label>\n            <span class=\"wpcf7-form-control-wrap\" data-name=\"Adultos\"><select class=\"wpcf7-form-control wpcf7-select wpcf7-validates-as-required\" aria-required=\"true\" aria-invalid=\"false\" name=\"Adultos\"><option value=\"1\">1<\/option><option value=\"2\">2<\/option><option value=\"3\">3<\/option><option value=\"4\">4<\/option><option value=\"5\">5<\/option><option value=\"6\">6<\/option><option value=\"7\">7<\/option><option value=\"8\">8<\/option><option value=\"9\">9<\/option><option value=\"10\">10<\/option><option value=\"11\">11<\/option><option value=\"12 para mais\">12 para mais<\/option><\/select><\/span>\n        <\/div>\n        <div>\n            <label>N\u00famero de crian\u00e7as: <\/label>\n            <span class=\"wpcf7-form-control-wrap\" data-name=\"Ninos\"><select class=\"wpcf7-form-control wpcf7-select wpcf7-validates-as-required\" aria-required=\"true\" aria-invalid=\"false\" name=\"Ninos\"><option value=\"0\">0<\/option><option value=\"1\">1<\/option><option value=\"2\">2<\/option><option value=\"3\">3<\/option><option value=\"4\">4<\/option><option value=\"5\">5<\/option><option value=\"6\">6<\/option><option value=\"7\">7<\/option><option value=\"8\">8<\/option><option value=\"9\">9<\/option><option value=\"10\">10<\/option><option value=\"11\">11<\/option><option value=\"12 para mais\">12 para mais<\/option><\/select><\/span>\n        <\/div>\n    <\/div>\n    \n    <div class=\"g2\">\n        <div>\n            <label>Data de in\u00edcio do passeio: <\/label>\n            <span class=\"wpcf7-form-control-wrap\" data-name=\"Inicio\"><input class=\"wpcf7-form-control wpcf7-date wpcf7-validates-as-required wpcf7-validates-as-date\" id=\"inicio\" min=\"2026-04-20\" aria-required=\"true\" aria-invalid=\"false\" value=\"\" type=\"date\" name=\"Inicio\" \/><\/span>\n        <\/div>\n        <div>\n            <label>Data de t\u00e9rmino da excurs\u00e3o: <\/label>\n            <span class=\"wpcf7-form-control-wrap\" data-name=\"Final\"><input class=\"wpcf7-form-control wpcf7-date wpcf7-validates-as-required wpcf7-validates-as-date\" id=\"final\" min=\"2026-04-20\" aria-required=\"true\" aria-invalid=\"false\" value=\"\" type=\"date\" name=\"Final\" \/><\/span>\n        <\/div>\n    <\/div>\n    \n    <div>\n        <label>Coment\u00e1rios ou perguntas: <\/label>\n        <span class=\"wpcf7-form-control-wrap\" data-name=\"Mensaje\"><textarea cols=\"40\" rows=\"10\" maxlength=\"2000\" class=\"wpcf7-form-control wpcf7-textarea wpcf7-validates-as-required\" aria-required=\"true\" aria-invalid=\"false\" placeholder=\"Por favor especifique o tipo de SERVI\u00c7O\/TOUR que pretende realizar\" name=\"Mensaje\"><\/textarea><\/span>\n    <\/div>\n    \n    <input class=\"wpcf7-form-control wpcf7-submit has-spinner btnsend\" type=\"submit\" value=\"ENVIAR MENSAGEM\" \/>\n<\/div><div class=\"wpcf7-response-output\" aria-hidden=\"true\"><\/div>\n<\/form>\n<\/div>\n<\/div>\n","protected":false},"excerpt":{"rendered":"<p>\u00c0s 9 horas ou \u00e0s 13 horas vamos pelo&nbsp;Circuito da Casa amaldi\u00e7oada, que est\u00e1 localizada a sete quil\u00f4metros deLunahuan\u00e1. Em [&hellip;]<\/p>\n","protected":false},"author":4,"featured_media":12358,"parent":235,"menu_order":0,"comment_status":"closed","ping_status":"closed","template":"page-tour.php","meta":{"_acf_changed":false,"advgb_blocks_editor_width":"","advgb_blocks_columns_visual_guide":"","footnotes":""},"class_list":["post-12376","page","type-page","status-publish","has-post-thumbnail","hentry"],"acf":[],"yoast_head":"<!-- This site is optimized with the Yoast SEO Premium plugin v25.4 (Yoast SEO v26.9) - https:\/\/yoast.com\/product\/yoast-seo-premium-wordpress\/ -->\n<title>Bicicleta De Montanha Lunahuana<\/title>\n<meta name=\"description\" content=\"\u00c0s 9 horas ou \u00e0s 13 horas vamos pelo Circuito da Casa amaldi\u00e7oada, que est\u00e1 localizada a sete quil\u00f4metros deLunahuan\u00e1. Em seguida, tomaremos a dire\u00e7\u00e3o do Rio Ca\u00f1ete passando pelas\" \/>\n<meta name=\"robots\" content=\"index, follow, max-snippet:-1, max-image-preview:large, max-video-preview:-1\" \/>\n<link rel=\"canonical\" href=\"https:\/\/www.ericadventures.com\/pt-br\/lima\/mountain-bike\/\" \/>\n<meta property=\"og:locale\" content=\"pt_BR\" \/>\n<meta property=\"og:type\" content=\"article\" \/>\n<meta property=\"og:title\" content=\"Bicicleta De Montanha Lunahuana\" \/>\n<meta property=\"og:description\" content=\"\u00c0s 9 horas ou \u00e0s 13 horas vamos pelo Circuito da Casa amaldi\u00e7oada, que est\u00e1 localizada a sete quil\u00f4metros deLunahuan\u00e1. Em seguida, tomaremos a dire\u00e7\u00e3o do Rio Ca\u00f1ete passando pelas\" \/>\n<meta property=\"og:url\" content=\"https:\/\/www.ericadventures.com\/pt-br\/lima\/mountain-bike\/\" \/>\n<meta property=\"og:site_name\" content=\"Eric Adventures\" \/>\n<meta property=\"article:modified_time\" content=\"2025-10-10T18:06:28+00:00\" \/>\n<meta property=\"og:image\" content=\"https:\/\/www.ericadventures.com\/wp-content\/uploads\/fulldaylunahuana4.jpg\" \/>\n\t<meta property=\"og:image:width\" content=\"600\" \/>\n\t<meta property=\"og:image:height\" content=\"400\" \/>\n\t<meta property=\"og:image:type\" content=\"image\/jpeg\" \/>\n<meta name=\"twitter:card\" content=\"summary_large_image\" \/>\n<meta name=\"twitter:label1\" content=\"Est. tempo de leitura\" \/>\n\t<meta name=\"twitter:data1\" content=\"2 minutos\" \/>\n<script type=\"application\/ld+json\" class=\"yoast-schema-graph\">{\"@context\":\"https:\/\/schema.org\",\"@graph\":[{\"@type\":\"WebPage\",\"@id\":\"https:\/\/www.ericadventures.com\/pt-br\/lima\/mountain-bike\/\",\"url\":\"https:\/\/www.ericadventures.com\/pt-br\/lima\/mountain-bike\/\",\"name\":\"Bicicleta De Montanha Lunahuana\",\"isPartOf\":{\"@id\":\"https:\/\/www.ericadventures.com\/en\/#website\"},\"primaryImageOfPage\":{\"@id\":\"https:\/\/www.ericadventures.com\/pt-br\/lima\/mountain-bike\/#primaryimage\"},\"image\":{\"@id\":\"https:\/\/www.ericadventures.com\/pt-br\/lima\/mountain-bike\/#primaryimage\"},\"thumbnailUrl\":\"https:\/\/www.ericadventures.com\/wp-content\/uploads\/fulldaylunahuana4.jpg\",\"datePublished\":\"2024-02-20T15:39:58+00:00\",\"dateModified\":\"2025-10-10T18:06:28+00:00\",\"description\":\"\u00c0s 9 horas ou \u00e0s 13 horas vamos pelo Circuito da Casa amaldi\u00e7oada, que est\u00e1 localizada a sete quil\u00f4metros deLunahuan\u00e1. Em seguida, tomaremos a dire\u00e7\u00e3o do Rio Ca\u00f1ete passando pelas\",\"breadcrumb\":{\"@id\":\"https:\/\/www.ericadventures.com\/pt-br\/lima\/mountain-bike\/#breadcrumb\"},\"inLanguage\":\"pt-BR\",\"potentialAction\":[{\"@type\":\"ReadAction\",\"target\":[\"https:\/\/www.ericadventures.com\/pt-br\/lima\/mountain-bike\/\"]}]},{\"@type\":\"ImageObject\",\"inLanguage\":\"pt-BR\",\"@id\":\"https:\/\/www.ericadventures.com\/pt-br\/lima\/mountain-bike\/#primaryimage\",\"url\":\"https:\/\/www.ericadventures.com\/wp-content\/uploads\/fulldaylunahuana4.jpg\",\"contentUrl\":\"https:\/\/www.ericadventures.com\/wp-content\/uploads\/fulldaylunahuana4.jpg\",\"width\":600,\"height\":400,\"caption\":\"Mountain Bike Lunahuana\"},{\"@type\":\"BreadcrumbList\",\"@id\":\"https:\/\/www.ericadventures.com\/pt-br\/lima\/mountain-bike\/#breadcrumb\",\"itemListElement\":[{\"@type\":\"ListItem\",\"position\":1,\"name\":\"Home\",\"item\":\"https:\/\/www.ericadventures.com\/pt-br\/\"},{\"@type\":\"ListItem\",\"position\":2,\"name\":\"Passeios Em Lima\",\"item\":\"https:\/\/www.ericadventures.com\/en\/lima\/\"},{\"@type\":\"ListItem\",\"position\":3,\"name\":\"Bicicleta De Montanha Lunahuana\"}]},{\"@type\":\"WebSite\",\"@id\":\"https:\/\/www.ericadventures.com\/en\/#website\",\"url\":\"https:\/\/www.ericadventures.com\/en\/\",\"name\":\"Eric Adventures\",\"description\":\"\",\"publisher\":{\"@id\":\"https:\/\/www.ericadventures.com\/en\/#organization\"},\"alternateName\":\"Eric Adventures\",\"potentialAction\":[{\"@type\":\"SearchAction\",\"target\":{\"@type\":\"EntryPoint\",\"urlTemplate\":\"https:\/\/www.ericadventures.com\/en\/?s={search_term_string}\"},\"query-input\":{\"@type\":\"PropertyValueSpecification\",\"valueRequired\":true,\"valueName\":\"search_term_string\"}}],\"inLanguage\":\"pt-BR\"},{\"@type\":\"Organization\",\"@id\":\"https:\/\/www.ericadventures.com\/en\/#organization\",\"name\":\"Eric Adventures\",\"url\":\"https:\/\/www.ericadventures.com\/en\/\",\"logo\":{\"@type\":\"ImageObject\",\"inLanguage\":\"pt-BR\",\"@id\":\"https:\/\/www.ericadventures.com\/en\/#\/schema\/logo\/image\/\",\"url\":\"https:\/\/www.ericadventures.com\/wp-content\/uploads\/logo-ericadventures.png\",\"contentUrl\":\"https:\/\/www.ericadventures.com\/wp-content\/uploads\/logo-ericadventures.png\",\"width\":500,\"height\":106,\"caption\":\"Eric Adventures\"},\"image\":{\"@id\":\"https:\/\/www.ericadventures.com\/en\/#\/schema\/logo\/image\/\"}}]}<\/script>\n<!-- \/ Yoast SEO Premium plugin. -->","yoast_head_json":{"title":"Bicicleta De Montanha Lunahuana","description":"\u00c0s 9 horas ou \u00e0s 13 horas vamos pelo Circuito da Casa amaldi\u00e7oada, que est\u00e1 localizada a sete quil\u00f4metros deLunahuan\u00e1. Em seguida, tomaremos a dire\u00e7\u00e3o do Rio Ca\u00f1ete passando pelas","robots":{"index":"index","follow":"follow","max-snippet":"max-snippet:-1","max-image-preview":"max-image-preview:large","max-video-preview":"max-video-preview:-1"},"canonical":"https:\/\/www.ericadventures.com\/pt-br\/lima\/mountain-bike\/","og_locale":"pt_BR","og_type":"article","og_title":"Bicicleta De Montanha Lunahuana","og_description":"\u00c0s 9 horas ou \u00e0s 13 horas vamos pelo Circuito da Casa amaldi\u00e7oada, que est\u00e1 localizada a sete quil\u00f4metros deLunahuan\u00e1. Em seguida, tomaremos a dire\u00e7\u00e3o do Rio Ca\u00f1ete passando pelas","og_url":"https:\/\/www.ericadventures.com\/pt-br\/lima\/mountain-bike\/","og_site_name":"Eric Adventures","article_modified_time":"2025-10-10T18:06:28+00:00","og_image":[{"width":600,"height":400,"url":"https:\/\/www.ericadventures.com\/wp-content\/uploads\/fulldaylunahuana4.jpg","type":"image\/jpeg"}],"twitter_card":"summary_large_image","twitter_misc":{"Est. tempo de leitura":"2 minutos"},"schema":{"@context":"https:\/\/schema.org","@graph":[{"@type":"WebPage","@id":"https:\/\/www.ericadventures.com\/pt-br\/lima\/mountain-bike\/","url":"https:\/\/www.ericadventures.com\/pt-br\/lima\/mountain-bike\/","name":"Bicicleta De Montanha Lunahuana","isPartOf":{"@id":"https:\/\/www.ericadventures.com\/en\/#website"},"primaryImageOfPage":{"@id":"https:\/\/www.ericadventures.com\/pt-br\/lima\/mountain-bike\/#primaryimage"},"image":{"@id":"https:\/\/www.ericadventures.com\/pt-br\/lima\/mountain-bike\/#primaryimage"},"thumbnailUrl":"https:\/\/www.ericadventures.com\/wp-content\/uploads\/fulldaylunahuana4.jpg","datePublished":"2024-02-20T15:39:58+00:00","dateModified":"2025-10-10T18:06:28+00:00","description":"\u00c0s 9 horas ou \u00e0s 13 horas vamos pelo Circuito da Casa amaldi\u00e7oada, que est\u00e1 localizada a sete quil\u00f4metros deLunahuan\u00e1. Em seguida, tomaremos a dire\u00e7\u00e3o do Rio Ca\u00f1ete passando pelas","breadcrumb":{"@id":"https:\/\/www.ericadventures.com\/pt-br\/lima\/mountain-bike\/#breadcrumb"},"inLanguage":"pt-BR","potentialAction":[{"@type":"ReadAction","target":["https:\/\/www.ericadventures.com\/pt-br\/lima\/mountain-bike\/"]}]},{"@type":"ImageObject","inLanguage":"pt-BR","@id":"https:\/\/www.ericadventures.com\/pt-br\/lima\/mountain-bike\/#primaryimage","url":"https:\/\/www.ericadventures.com\/wp-content\/uploads\/fulldaylunahuana4.jpg","contentUrl":"https:\/\/www.ericadventures.com\/wp-content\/uploads\/fulldaylunahuana4.jpg","width":600,"height":400,"caption":"Mountain Bike Lunahuana"},{"@type":"BreadcrumbList","@id":"https:\/\/www.ericadventures.com\/pt-br\/lima\/mountain-bike\/#breadcrumb","itemListElement":[{"@type":"ListItem","position":1,"name":"Home","item":"https:\/\/www.ericadventures.com\/pt-br\/"},{"@type":"ListItem","position":2,"name":"Passeios Em Lima","item":"https:\/\/www.ericadventures.com\/en\/lima\/"},{"@type":"ListItem","position":3,"name":"Bicicleta De Montanha Lunahuana"}]},{"@type":"WebSite","@id":"https:\/\/www.ericadventures.com\/en\/#website","url":"https:\/\/www.ericadventures.com\/en\/","name":"Eric Adventures","description":"","publisher":{"@id":"https:\/\/www.ericadventures.com\/en\/#organization"},"alternateName":"Eric Adventures","potentialAction":[{"@type":"SearchAction","target":{"@type":"EntryPoint","urlTemplate":"https:\/\/www.ericadventures.com\/en\/?s={search_term_string}"},"query-input":{"@type":"PropertyValueSpecification","valueRequired":true,"valueName":"search_term_string"}}],"inLanguage":"pt-BR"},{"@type":"Organization","@id":"https:\/\/www.ericadventures.com\/en\/#organization","name":"Eric Adventures","url":"https:\/\/www.ericadventures.com\/en\/","logo":{"@type":"ImageObject","inLanguage":"pt-BR","@id":"https:\/\/www.ericadventures.com\/en\/#\/schema\/logo\/image\/","url":"https:\/\/www.ericadventures.com\/wp-content\/uploads\/logo-ericadventures.png","contentUrl":"https:\/\/www.ericadventures.com\/wp-content\/uploads\/logo-ericadventures.png","width":500,"height":106,"caption":"Eric Adventures"},"image":{"@id":"https:\/\/www.ericadventures.com\/en\/#\/schema\/logo\/image\/"}}]}},"coauthors":[],"author_meta":{"author_link":"https:\/\/www.ericadventures.com\/pt-br\/author\/marilyn\/","display_name":"Marilyn Ayma Gomez"},"relative_dates":{"created":"Publicado 2 anos atr\u00e1s","modified":"Atualizado 6 meses atr\u00e1s"},"absolute_dates":{"created":"Publicado em fevereiro 20, 2024","modified":"Atualizado em outubro 10, 2025"},"absolute_dates_time":{"created":"Publicado em fevereiro 20, 2024 10:39 am","modified":"Atualizado em outubro 10, 2025 1:06 pm"},"featured_img_caption":"","featured_img":"https:\/\/www.ericadventures.com\/wp-content\/uploads\/fulldaylunahuana4.jpg","series_order":"","_links":{"self":[{"href":"https:\/\/www.ericadventures.com\/pt-br\/wp-json\/wp\/v2\/pages\/12376","targetHints":{"allow":["GET"]}}],"collection":[{"href":"https:\/\/www.ericadventures.com\/pt-br\/wp-json\/wp\/v2\/pages"}],"about":[{"href":"https:\/\/www.ericadventures.com\/pt-br\/wp-json\/wp\/v2\/types\/page"}],"author":[{"embeddable":true,"href":"https:\/\/www.ericadventures.com\/pt-br\/wp-json\/wp\/v2\/users\/4"}],"replies":[{"embeddable":true,"href":"https:\/\/www.ericadventures.com\/pt-br\/wp-json\/wp\/v2\/comments?post=12376"}],"version-history":[{"count":4,"href":"https:\/\/www.ericadventures.com\/pt-br\/wp-json\/wp\/v2\/pages\/12376\/revisions"}],"predecessor-version":[{"id":41432,"href":"https:\/\/www.ericadventures.com\/pt-br\/wp-json\/wp\/v2\/pages\/12376\/revisions\/41432"}],"up":[{"embeddable":true,"href":"https:\/\/www.ericadventures.com\/pt-br\/wp-json\/wp\/v2\/pages\/235"}],"wp:featuredmedia":[{"embeddable":true,"href":"https:\/\/www.ericadventures.com\/pt-br\/wp-json\/wp\/v2\/media\/12358"}],"wp:attachment":[{"href":"https:\/\/www.ericadventures.com\/pt-br\/wp-json\/wp\/v2\/media?parent=12376"}],"curies":[{"name":"wp","href":"https:\/\/api.w.org\/{rel}","templated":true}]}}