{"id":12753,"date":"2024-02-24T10:03:04","date_gmt":"2024-02-24T15:03:04","guid":{"rendered":"https:\/\/www.ericadventures.com\/cusco\/cultural-tour\/cusco-maras-moray-half-day-copy\/"},"modified":"2025-07-01T17:24:58","modified_gmt":"2025-07-01T22:24:58","slug":"cusco-peru-comunidades","status":"publish","type":"page","link":"https:\/\/www.ericadventures.com\/pt-br\/cusco\/cultural-tour\/cusco-peru-comunidades\/","title":{"rendered":"Tours De Comunidades:"},"content":{"rendered":"<div class=\"wp-block-image\">\n<figure class=\"alignleft size-full is-resized\"><img loading=\"lazy\" decoding=\"async\" width=\"577\" height=\"361\" src=\"https:\/\/www.ericadventures.com\/wp-content\/uploads\/Tejedoras-Pata-bamba.jpg\" alt=\"\" class=\"wp-image-37678\" style=\"width:485px;height:auto\" srcset=\"https:\/\/www.ericadventures.com\/wp-content\/uploads\/Tejedoras-Pata-bamba.jpg 577w, https:\/\/www.ericadventures.com\/wp-content\/uploads\/Tejedoras-Pata-bamba-300x188.jpg 300w\" sizes=\"auto, (max-width: 577px) 100vw, 577px\" \/><\/figure>\n<\/div>\n\n\n<p>Os tours de&nbsp;<strong>comunidades<\/strong>&nbsp;s\u00e3o uma nova e original op\u00e7\u00e3o para fazer um turismo respons\u00e1vel o qual ajuda para promover odesenvolvimento, al\u00e9m disso, cuidar y proteger as comunidades com as que trabalhamos.<\/p>\n\n\n\n<p><\/p>\n\n\n\n<p><\/p>\n\n\n\n<p><\/p>\n\n\n\n<ul class=\"wp-block-list\">\n<li>Outro objetivo dos tours \u00e9 poder permitir ter uma nova experi\u00eancia com as pessoas da&nbsp;<strong>comunidade<\/strong>&nbsp;e tamb\u00e9m conhecer a&nbsp;<a href=\"https:\/\/www.ericadventures.com\/portugues\/cusco\/peru-cultura-inca-15days.html\" target=\"_blank\" rel=\"noreferrer noopener\">cultura<\/a>&nbsp;tradicional de os Andes.<\/li>\n\n\n\n<li>Os programas oferece uma variedade de atividades social \u00e9s e interativas, As quais s\u00e3o organizadas e dirigidas pelos comunheiros. Os benef\u00edcios para eles s\u00e3o muito importantes mas n\u00e3o \u00e9 somente econ\u00f4mico.&nbsp;<\/li>\n\n\n\n<li>Qualquer dos tours que voc\u00ea escolha&nbsp;<a href=\"https:\/\/www.ericadventures.com\/portugues\/machupicchu\/cusco-peru-comunidades\/pisac-produtos-tradicionais-amaru.html\" target=\"_blank\" rel=\"noreferrer noopener\">Amaru<\/a>&nbsp;o&nbsp;<strong>Pacchanta<\/strong>, voc\u00ea poder\u00e1 saber como \u00e9 que eles moram e trabalham todos os dias, tamb\u00e9m poder\u00e1 apreciar belas paisagens.<\/li>\n\n\n\n<li>No&nbsp;<a href=\"https:\/\/www.ericadventures.com\/portugues\/machupicchu\/cusco-peru-comunidades\/pisac-produtos-tradicionais-amaru.html\" target=\"_blank\" rel=\"noreferrer noopener\">Amaru<\/a>&nbsp;voc\u00ea conhecerao verdadeiro processo de tecido al\u00e9m disso muitos secretos da medicina natural dos comunheiros e a tradicional agricultura.<\/li>\n\n\n\n<li>No&nbsp;<strong>Pacchanta<\/strong>, Os comunheiros do Apu&nbsp;<a href=\"https:\/\/www.ericadventures.com\/portugues\/machupicchu\/cusco-peru-trekking\/vinicunca-arco-iris-montanha-e-ausangate-trek-5-dias.html\" target=\"_blank\" rel=\"noreferrer noopener\">Ausangate<\/a>&nbsp;v\u00e3o ensinar as t\u00e9cnicas do cisalhamento, para fazer suas roupas.&nbsp;<\/li>\n\n\n\n<li>Nas duas comunidades voc\u00ea vai viver experi\u00eancias muito boas as quais vai ser para toda sua vida<\/li>\n\n\n\n<li>Ent\u00e3o, n\u00e3o tenha a&nbsp;<a href=\"mailto:cusco@ericadventures.com\">d\u00favida em ligar para nos<\/a>! Deixe-nos poder leva-lo aos Andes de&nbsp;<a href=\"https:\/\/www.ericadventures.com\/portugues\/cusco\/caiaque-rios-andinos-20days.html\" target=\"_blank\" rel=\"noreferrer noopener\">Peru<\/a>&nbsp;e possa assim conhecer a Gregorio, Eusebio, Valentina e suas fam\u00edlias que v\u00e3o estar \u00e0 espera por voc\u00ea<\/li>\n<\/ul>\n","protected":false},"excerpt":{"rendered":"<p>Os tours de&nbsp;comunidades&nbsp;s\u00e3o uma nova e original op\u00e7\u00e3o para fazer um turismo respons\u00e1vel o qual ajuda para promover odesenvolvimento, al\u00e9m [&hellip;]<\/p>\n","protected":false},"author":4,"featured_media":12841,"parent":1607,"menu_order":0,"comment_status":"closed","ping_status":"closed","template":"page-tour.php","meta":{"_acf_changed":false,"advgb_blocks_editor_width":"","advgb_blocks_columns_visual_guide":"","footnotes":""},"class_list":["post-12753","page","type-page","status-publish","has-post-thumbnail","hentry"],"acf":[],"yoast_head":"<!-- This site is optimized with the Yoast SEO Premium plugin v25.4 (Yoast SEO v26.9) - https:\/\/yoast.com\/product\/yoast-seo-premium-wordpress\/ -->\n<title>Tours De Comunidades: Amaru E Pacchanta<\/title>\n<meta name=\"description\" content=\"Comunidades rurais no Peru, como Amaru, onde voc\u00ea aprender\u00e1 sobre tecelagem tradicional, e Pacchanta, com sua agricultura.\" \/>\n<meta name=\"robots\" content=\"index, follow, max-snippet:-1, max-image-preview:large, max-video-preview:-1\" \/>\n<link rel=\"canonical\" href=\"https:\/\/www.ericadventures.com\/pt-br\/cusco\/cultural-tour\/cusco-peru-comunidades\/\" \/>\n<meta property=\"og:locale\" content=\"pt_BR\" \/>\n<meta property=\"og:type\" content=\"article\" \/>\n<meta property=\"og:title\" content=\"Tours De Comunidades:\" \/>\n<meta property=\"og:description\" content=\"Comunidades rurais no Peru, como Amaru, onde voc\u00ea aprender\u00e1 sobre tecelagem tradicional, e Pacchanta, com sua agricultura.\" \/>\n<meta property=\"og:url\" content=\"https:\/\/www.ericadventures.com\/pt-br\/cusco\/cultural-tour\/cusco-peru-comunidades\/\" \/>\n<meta property=\"og:site_name\" content=\"Eric Adventures\" \/>\n<meta property=\"article:modified_time\" content=\"2025-07-01T22:24:58+00:00\" \/>\n<meta property=\"og:image\" content=\"https:\/\/www.ericadventures.com\/wp-content\/uploads\/Amaru.jpg\" \/>\n\t<meta property=\"og:image:width\" content=\"726\" \/>\n\t<meta property=\"og:image:height\" content=\"422\" \/>\n\t<meta property=\"og:image:type\" content=\"image\/jpeg\" \/>\n<meta name=\"twitter:card\" content=\"summary_large_image\" \/>\n<meta name=\"twitter:label1\" content=\"Est. tempo de leitura\" \/>\n\t<meta name=\"twitter:data1\" content=\"2 minutos\" \/>\n<script type=\"application\/ld+json\" class=\"yoast-schema-graph\">{\"@context\":\"https:\/\/schema.org\",\"@graph\":[{\"@type\":\"WebPage\",\"@id\":\"https:\/\/www.ericadventures.com\/pt-br\/cusco\/cultural-tour\/cusco-peru-comunidades\/\",\"url\":\"https:\/\/www.ericadventures.com\/pt-br\/cusco\/cultural-tour\/cusco-peru-comunidades\/\",\"name\":\"Tours De Comunidades: Amaru E Pacchanta\",\"isPartOf\":{\"@id\":\"https:\/\/www.ericadventures.com\/en\/#website\"},\"primaryImageOfPage\":{\"@id\":\"https:\/\/www.ericadventures.com\/pt-br\/cusco\/cultural-tour\/cusco-peru-comunidades\/#primaryimage\"},\"image\":{\"@id\":\"https:\/\/www.ericadventures.com\/pt-br\/cusco\/cultural-tour\/cusco-peru-comunidades\/#primaryimage\"},\"thumbnailUrl\":\"https:\/\/www.ericadventures.com\/wp-content\/uploads\/Amaru.jpg\",\"datePublished\":\"2024-02-24T15:03:04+00:00\",\"dateModified\":\"2025-07-01T22:24:58+00:00\",\"description\":\"Comunidades rurais no Peru, como Amaru, onde voc\u00ea aprender\u00e1 sobre tecelagem tradicional, e Pacchanta, com sua agricultura.\",\"breadcrumb\":{\"@id\":\"https:\/\/www.ericadventures.com\/pt-br\/cusco\/cultural-tour\/cusco-peru-comunidades\/#breadcrumb\"},\"inLanguage\":\"pt-BR\",\"potentialAction\":[{\"@type\":\"ReadAction\",\"target\":[\"https:\/\/www.ericadventures.com\/pt-br\/cusco\/cultural-tour\/cusco-peru-comunidades\/\"]}]},{\"@type\":\"ImageObject\",\"inLanguage\":\"pt-BR\",\"@id\":\"https:\/\/www.ericadventures.com\/pt-br\/cusco\/cultural-tour\/cusco-peru-comunidades\/#primaryimage\",\"url\":\"https:\/\/www.ericadventures.com\/wp-content\/uploads\/Amaru.jpg\",\"contentUrl\":\"https:\/\/www.ericadventures.com\/wp-content\/uploads\/Amaru.jpg\",\"width\":726,\"height\":422,\"caption\":\"Communities Tours\"},{\"@type\":\"BreadcrumbList\",\"@id\":\"https:\/\/www.ericadventures.com\/pt-br\/cusco\/cultural-tour\/cusco-peru-comunidades\/#breadcrumb\",\"itemListElement\":[{\"@type\":\"ListItem\",\"position\":1,\"name\":\"Home\",\"item\":\"https:\/\/www.ericadventures.com\/pt-br\/\"},{\"@type\":\"ListItem\",\"position\":2,\"name\":\"Passeios Em Cusco\",\"item\":\"https:\/\/www.ericadventures.com\/pt-br\/cusco\/\"},{\"@type\":\"ListItem\",\"position\":3,\"name\":\"Cultural Tour\",\"item\":\"https:\/\/www.ericadventures.com\/en\/cusco\/cultural-tour\/\"},{\"@type\":\"ListItem\",\"position\":4,\"name\":\"Tours De Comunidades:\"}]},{\"@type\":\"WebSite\",\"@id\":\"https:\/\/www.ericadventures.com\/en\/#website\",\"url\":\"https:\/\/www.ericadventures.com\/en\/\",\"name\":\"Eric Adventures\",\"description\":\"\",\"publisher\":{\"@id\":\"https:\/\/www.ericadventures.com\/en\/#organization\"},\"alternateName\":\"Eric Adventures\",\"potentialAction\":[{\"@type\":\"SearchAction\",\"target\":{\"@type\":\"EntryPoint\",\"urlTemplate\":\"https:\/\/www.ericadventures.com\/en\/?s={search_term_string}\"},\"query-input\":{\"@type\":\"PropertyValueSpecification\",\"valueRequired\":true,\"valueName\":\"search_term_string\"}}],\"inLanguage\":\"pt-BR\"},{\"@type\":\"Organization\",\"@id\":\"https:\/\/www.ericadventures.com\/en\/#organization\",\"name\":\"Eric Adventures\",\"url\":\"https:\/\/www.ericadventures.com\/en\/\",\"logo\":{\"@type\":\"ImageObject\",\"inLanguage\":\"pt-BR\",\"@id\":\"https:\/\/www.ericadventures.com\/en\/#\/schema\/logo\/image\/\",\"url\":\"https:\/\/www.ericadventures.com\/wp-content\/uploads\/logo-ericadventures.png\",\"contentUrl\":\"https:\/\/www.ericadventures.com\/wp-content\/uploads\/logo-ericadventures.png\",\"width\":500,\"height\":106,\"caption\":\"Eric Adventures\"},\"image\":{\"@id\":\"https:\/\/www.ericadventures.com\/en\/#\/schema\/logo\/image\/\"}}]}<\/script>\n<!-- \/ Yoast SEO Premium plugin. -->","yoast_head_json":{"title":"Tours De Comunidades: Amaru E Pacchanta","description":"Comunidades rurais no Peru, como Amaru, onde voc\u00ea aprender\u00e1 sobre tecelagem tradicional, e Pacchanta, com sua agricultura.","robots":{"index":"index","follow":"follow","max-snippet":"max-snippet:-1","max-image-preview":"max-image-preview:large","max-video-preview":"max-video-preview:-1"},"canonical":"https:\/\/www.ericadventures.com\/pt-br\/cusco\/cultural-tour\/cusco-peru-comunidades\/","og_locale":"pt_BR","og_type":"article","og_title":"Tours De Comunidades:","og_description":"Comunidades rurais no Peru, como Amaru, onde voc\u00ea aprender\u00e1 sobre tecelagem tradicional, e Pacchanta, com sua agricultura.","og_url":"https:\/\/www.ericadventures.com\/pt-br\/cusco\/cultural-tour\/cusco-peru-comunidades\/","og_site_name":"Eric Adventures","article_modified_time":"2025-07-01T22:24:58+00:00","og_image":[{"width":726,"height":422,"url":"https:\/\/www.ericadventures.com\/wp-content\/uploads\/Amaru.jpg","type":"image\/jpeg"}],"twitter_card":"summary_large_image","twitter_misc":{"Est. tempo de leitura":"2 minutos"},"schema":{"@context":"https:\/\/schema.org","@graph":[{"@type":"WebPage","@id":"https:\/\/www.ericadventures.com\/pt-br\/cusco\/cultural-tour\/cusco-peru-comunidades\/","url":"https:\/\/www.ericadventures.com\/pt-br\/cusco\/cultural-tour\/cusco-peru-comunidades\/","name":"Tours De Comunidades: Amaru E Pacchanta","isPartOf":{"@id":"https:\/\/www.ericadventures.com\/en\/#website"},"primaryImageOfPage":{"@id":"https:\/\/www.ericadventures.com\/pt-br\/cusco\/cultural-tour\/cusco-peru-comunidades\/#primaryimage"},"image":{"@id":"https:\/\/www.ericadventures.com\/pt-br\/cusco\/cultural-tour\/cusco-peru-comunidades\/#primaryimage"},"thumbnailUrl":"https:\/\/www.ericadventures.com\/wp-content\/uploads\/Amaru.jpg","datePublished":"2024-02-24T15:03:04+00:00","dateModified":"2025-07-01T22:24:58+00:00","description":"Comunidades rurais no Peru, como Amaru, onde voc\u00ea aprender\u00e1 sobre tecelagem tradicional, e Pacchanta, com sua agricultura.","breadcrumb":{"@id":"https:\/\/www.ericadventures.com\/pt-br\/cusco\/cultural-tour\/cusco-peru-comunidades\/#breadcrumb"},"inLanguage":"pt-BR","potentialAction":[{"@type":"ReadAction","target":["https:\/\/www.ericadventures.com\/pt-br\/cusco\/cultural-tour\/cusco-peru-comunidades\/"]}]},{"@type":"ImageObject","inLanguage":"pt-BR","@id":"https:\/\/www.ericadventures.com\/pt-br\/cusco\/cultural-tour\/cusco-peru-comunidades\/#primaryimage","url":"https:\/\/www.ericadventures.com\/wp-content\/uploads\/Amaru.jpg","contentUrl":"https:\/\/www.ericadventures.com\/wp-content\/uploads\/Amaru.jpg","width":726,"height":422,"caption":"Communities Tours"},{"@type":"BreadcrumbList","@id":"https:\/\/www.ericadventures.com\/pt-br\/cusco\/cultural-tour\/cusco-peru-comunidades\/#breadcrumb","itemListElement":[{"@type":"ListItem","position":1,"name":"Home","item":"https:\/\/www.ericadventures.com\/pt-br\/"},{"@type":"ListItem","position":2,"name":"Passeios Em Cusco","item":"https:\/\/www.ericadventures.com\/pt-br\/cusco\/"},{"@type":"ListItem","position":3,"name":"Cultural Tour","item":"https:\/\/www.ericadventures.com\/en\/cusco\/cultural-tour\/"},{"@type":"ListItem","position":4,"name":"Tours De Comunidades:"}]},{"@type":"WebSite","@id":"https:\/\/www.ericadventures.com\/en\/#website","url":"https:\/\/www.ericadventures.com\/en\/","name":"Eric Adventures","description":"","publisher":{"@id":"https:\/\/www.ericadventures.com\/en\/#organization"},"alternateName":"Eric Adventures","potentialAction":[{"@type":"SearchAction","target":{"@type":"EntryPoint","urlTemplate":"https:\/\/www.ericadventures.com\/en\/?s={search_term_string}"},"query-input":{"@type":"PropertyValueSpecification","valueRequired":true,"valueName":"search_term_string"}}],"inLanguage":"pt-BR"},{"@type":"Organization","@id":"https:\/\/www.ericadventures.com\/en\/#organization","name":"Eric Adventures","url":"https:\/\/www.ericadventures.com\/en\/","logo":{"@type":"ImageObject","inLanguage":"pt-BR","@id":"https:\/\/www.ericadventures.com\/en\/#\/schema\/logo\/image\/","url":"https:\/\/www.ericadventures.com\/wp-content\/uploads\/logo-ericadventures.png","contentUrl":"https:\/\/www.ericadventures.com\/wp-content\/uploads\/logo-ericadventures.png","width":500,"height":106,"caption":"Eric Adventures"},"image":{"@id":"https:\/\/www.ericadventures.com\/en\/#\/schema\/logo\/image\/"}}]}},"coauthors":[],"author_meta":{"author_link":"https:\/\/www.ericadventures.com\/pt-br\/author\/marilyn\/","display_name":"Marilyn Ayma Gomez"},"relative_dates":{"created":"Publicado 2 anos atr\u00e1s","modified":"Atualizado 10 meses atr\u00e1s"},"absolute_dates":{"created":"Publicado em fevereiro 24, 2024","modified":"Atualizado em julho 1, 2025"},"absolute_dates_time":{"created":"Publicado em fevereiro 24, 2024 10:03 am","modified":"Atualizado em julho 1, 2025 5:24 pm"},"featured_img_caption":"","featured_img":"https:\/\/www.ericadventures.com\/wp-content\/uploads\/Amaru.jpg","series_order":"","_links":{"self":[{"href":"https:\/\/www.ericadventures.com\/pt-br\/wp-json\/wp\/v2\/pages\/12753","targetHints":{"allow":["GET"]}}],"collection":[{"href":"https:\/\/www.ericadventures.com\/pt-br\/wp-json\/wp\/v2\/pages"}],"about":[{"href":"https:\/\/www.ericadventures.com\/pt-br\/wp-json\/wp\/v2\/types\/page"}],"author":[{"embeddable":true,"href":"https:\/\/www.ericadventures.com\/pt-br\/wp-json\/wp\/v2\/users\/4"}],"replies":[{"embeddable":true,"href":"https:\/\/www.ericadventures.com\/pt-br\/wp-json\/wp\/v2\/comments?post=12753"}],"version-history":[{"count":6,"href":"https:\/\/www.ericadventures.com\/pt-br\/wp-json\/wp\/v2\/pages\/12753\/revisions"}],"predecessor-version":[{"id":37745,"href":"https:\/\/www.ericadventures.com\/pt-br\/wp-json\/wp\/v2\/pages\/12753\/revisions\/37745"}],"up":[{"embeddable":true,"href":"https:\/\/www.ericadventures.com\/pt-br\/wp-json\/wp\/v2\/pages\/1607"}],"wp:featuredmedia":[{"embeddable":true,"href":"https:\/\/www.ericadventures.com\/pt-br\/wp-json\/wp\/v2\/media\/12841"}],"wp:attachment":[{"href":"https:\/\/www.ericadventures.com\/pt-br\/wp-json\/wp\/v2\/media?parent=12753"}],"curies":[{"name":"wp","href":"https:\/\/api.w.org\/{rel}","templated":true}]}}