{"id":13089,"date":"2024-01-31T11:43:44","date_gmt":"2024-01-31T16:43:44","guid":{"rendered":"https:\/\/www.ericadventures.com\/cusco\/tours-a-caballo\/"},"modified":"2024-05-11T13:22:58","modified_gmt":"2024-05-11T18:22:58","slug":"cusco-peru-tours-caballo","status":"publish","type":"page","link":"https:\/\/www.ericadventures.com\/pt-br\/cusco\/cusco-peru-tours-caballo\/","title":{"rendered":"Passeios a cavalo em Cusco Peru"},"content":{"rendered":"<div class=\"grid grid-cols-1 sm:grid-cols-2 md:grid-cols-3 xl:grid-cols-4 gap-5\">\n\t\t\t\t\t\t\t<div>\n                                <div class=\"border bg-white shadow rounded-md p-1\">\n                                    <a href=\"https:\/\/www.ericadventures.com\/pt-br\/cusco\/cusco-peru-tours-caballo\/cusco-peru-hipismo-hipismo-planaltos-andes-3d\/\">\n                                        <div class=\"overflow-hidden\"><img decoding=\"async\" width=\"202\" height=\"77\" src=\"https:\/\/www.ericadventures.com\/wp-content\/uploads\/Captura-45.jpg\" class=\"w-full transform duration-200 hover:scale-110 z-10 rounded-t-md wp-post-image\" alt=\"Cabalgata A Los 3 Ca\u00f1ones De Suykutambo\" loading=\"lazy\" \/><\/div>\n                                    <\/a>\n                                     <a href=\"https:\/\/www.ericadventures.com\/pt-br\/cusco\/cusco-peru-tours-caballo\/cusco-peru-hipismo-hipismo-planaltos-andes-3d\/\" class=\"hover:text-eric text-gray-800 hover:no-underline transition-all\" ><h2 class=\"text-center font-nunito uppercase text-sm font-bold my-2 \">Passeio Aos 3 Canyon De Suykutambo &#8211; 3 Dias<\/h2><\/a>\n                                     <hr class=\"mb-1 -mt-1 border-dotted border-b-1 border-gray-600\">\n                                     <div class=\"px-2\"><p>Esta expedi\u00e7\u00e3o realizada nas montanhas de Cusco a 3.900 metros, saberemos da coidiana vida da popula\u00e7\u00e3o local e seus costumes\u2026, [&hellip;]<\/p>\n                                       \n                                     <\/div>\n                                <\/div>\n\n                            <\/div>\n\t\t\t\t\t\n\t\t\t\t\t\t\t<div>\n                                <div class=\"border bg-white shadow rounded-md p-1\">\n                                    <a href=\"https:\/\/www.ericadventures.com\/pt-br\/cusco\/cusco-peru-tours-caballo\/hipismo-cusco-maras-moray-salinas-1d\/\">\n                                        <div class=\"overflow-hidden\"><img decoding=\"async\" width=\"234\" height=\"92\" src=\"https:\/\/www.ericadventures.com\/wp-content\/uploads\/Captura-27.jpg\" class=\"w-full transform duration-200 hover:scale-110 z-10 rounded-t-md wp-post-image\" alt=\"Maras Moray Salineras, Caballos De Paso\" loading=\"lazy\" \/><\/div>\n                                    <\/a>\n                                     <a href=\"https:\/\/www.ericadventures.com\/pt-br\/cusco\/cusco-peru-tours-caballo\/hipismo-cusco-maras-moray-salinas-1d\/\" class=\"hover:text-eric text-gray-800 hover:no-underline transition-all\" ><h2 class=\"text-center font-nunito uppercase text-sm font-bold my-2 \">Passeios A Cavalo Cusco, Maras, Moray, Minas De Sal Dia Inteiro<\/h2><\/a>\n                                     <hr class=\"mb-1 -mt-1 border-dotted border-b-1 border-gray-600\">\n                                     <div class=\"px-2\"><p>Andar a cavalo nas montanhas do Vale Sagrado \u00e9 uma experi\u00eancia inesquec\u00edvel, com vistas deslumbrantes da Cordilheira dos Andes em [&hellip;]<\/p>\n                                       \n                                     <\/div>\n                                <\/div>\n\n                            <\/div>\n\t\t\t\t\t\n\t\t\t\t\t\t\t<div>\n                                <div class=\"border bg-white shadow rounded-md p-1\">\n                                    <a href=\"https:\/\/www.ericadventures.com\/pt-br\/cusco\/cusco-peru-tours-caballo\/hipismo-aventura-andes-7d\/\">\n                                        <div class=\"overflow-hidden\"><img decoding=\"async\" width=\"400\" height=\"176\" src=\"https:\/\/www.ericadventures.com\/wp-content\/uploads\/suykutambo_colca_horseback_riding_7_days.jpg\" class=\"w-full transform duration-200 hover:scale-110 z-10 rounded-t-md wp-post-image\" alt=\"Suykutambo Colca Horseback Riding 7 Days\" loading=\"lazy\" srcset=\"https:\/\/www.ericadventures.com\/wp-content\/uploads\/suykutambo_colca_horseback_riding_7_days.jpg 400w, https:\/\/www.ericadventures.com\/wp-content\/uploads\/suykutambo_colca_horseback_riding_7_days-300x132.jpg 300w\" sizes=\"auto, (max-width: 400px) 100vw, 400px\" \/><\/div>\n                                    <\/a>\n                                     <a href=\"https:\/\/www.ericadventures.com\/pt-br\/cusco\/cusco-peru-tours-caballo\/hipismo-aventura-andes-7d\/\" class=\"hover:text-eric text-gray-800 hover:no-underline transition-all\" ><h2 class=\"text-center font-nunito uppercase text-sm font-bold my-2 \">Suykutambo Rio Atrav\u00e9s Dos Andes 7 Dias<\/h2><\/a>\n                                     <hr class=\"mb-1 -mt-1 border-dotted border-b-1 border-gray-600\">\n                                     <div class=\"px-2\"><p>Este passeio \u00e9 famoso por fazer que se juntar\u00e1 o rio Apurimac e o Rio Colca, \u00e9 assim que vamos [&hellip;]<\/p>\n                                       \n                                     <\/div>\n                                <\/div>\n\n                            <\/div>\n\t\t\t\t\t\n\t\t\t\t\t\t\t<div>\n                                <div class=\"border bg-white shadow rounded-md p-1\">\n                                    <a href=\"https:\/\/www.ericadventures.com\/pt-br\/cusco\/cusco-peru-tours-caballo\/passeio-cavalo-huchuyqosqo-2d\/\">\n                                        <div class=\"overflow-hidden\"><img decoding=\"async\" width=\"400\" height=\"176\" src=\"https:\/\/www.ericadventures.com\/wp-content\/uploads\/huchuyqosqo_horseback_riding_2_days.jpg\" class=\"w-full transform duration-200 hover:scale-110 z-10 rounded-t-md wp-post-image\" alt=\"Huchuyqosqo Horseback Riding 2 Days\" loading=\"lazy\" srcset=\"https:\/\/www.ericadventures.com\/wp-content\/uploads\/huchuyqosqo_horseback_riding_2_days.jpg 400w, https:\/\/www.ericadventures.com\/wp-content\/uploads\/huchuyqosqo_horseback_riding_2_days-300x132.jpg 300w\" sizes=\"auto, (max-width: 400px) 100vw, 400px\" \/><\/div>\n                                    <\/a>\n                                     <a href=\"https:\/\/www.ericadventures.com\/pt-br\/cusco\/cusco-peru-tours-caballo\/passeio-cavalo-huchuyqosqo-2d\/\" class=\"hover:text-eric text-gray-800 hover:no-underline transition-all\" ><h2 class=\"text-center font-nunito uppercase text-sm font-bold my-2 \">Passeio A Cavalos Em Huchuyqosqo Tour 2 Dias<\/h2><\/a>\n                                     <hr class=\"mb-1 -mt-1 border-dotted border-b-1 border-gray-600\">\n                                     <div class=\"px-2\"><p>Aproveite esta rota em cavalos para a ru\u00edna enigmatica&nbsp;Huchuyqosqo, onde apreciamos a diversidade da paisagem de montanhas perto da cidade [&hellip;]<\/p>\n                                       \n                                     <\/div>\n                                <\/div>\n\n                            <\/div>\n\t\t\t\t\t\n\t\t\t\t\t\t\t<div>\n                                <div class=\"border bg-white shadow rounded-md p-1\">\n                                    <a href=\"https:\/\/www.ericadventures.com\/pt-br\/cusco\/cusco-peru-tours-caballo\/passeio-cavalo-cusco-sacsayhuaman-meio-dia\/\">\n                                        <div class=\"overflow-hidden\"><img decoding=\"async\" width=\"203\" height=\"78\" src=\"https:\/\/www.ericadventures.com\/wp-content\/uploads\/Captura-43.jpg\" class=\"w-full transform duration-200 hover:scale-110 z-10 rounded-t-md wp-post-image\" alt=\"Cabalgata En Sacsayhuaman Cusco\" loading=\"lazy\" \/><\/div>\n                                    <\/a>\n                                     <a href=\"https:\/\/www.ericadventures.com\/pt-br\/cusco\/cusco-peru-tours-caballo\/passeio-cavalo-cusco-sacsayhuaman-meio-dia\/\" class=\"hover:text-eric text-gray-800 hover:no-underline transition-all\" ><h2 class=\"text-center font-nunito uppercase text-sm font-bold my-2 \">Equitacao, Montar Cavalos Em Sacsayhuaman Cusco \u00bd Dia<\/h2><\/a>\n                                     <hr class=\"mb-1 -mt-1 border-dotted border-b-1 border-gray-600\">\n                                     <div class=\"px-2\"><p>Aproveite este belo dia a cavalo, indo para as ru\u00ednas m\u00e1gicas de Sacsayhuaman, onde observaremos diferentes tipos de paisagens nas [&hellip;]<\/p>\n                                       \n                                     <\/div>\n                                <\/div>\n\n                            <\/div>\n\t\t\t\t\t\n\t\t\t\t\t\t\t<div>\n                                <div class=\"border bg-white shadow rounded-md p-1\">\n                                    <a href=\"https:\/\/www.ericadventures.com\/pt-br\/cusco\/cusco-peru-tours-caballo\/cabalgata-secretos-ancestrales-2-dias\/\">\n                                        <div class=\"overflow-hidden\"><img decoding=\"async\" width=\"400\" height=\"176\" src=\"https:\/\/www.ericadventures.com\/wp-content\/uploads\/ancient_secrets_2_days.jpg\" class=\"w-full transform duration-200 hover:scale-110 z-10 rounded-t-md wp-post-image\" alt=\"Ancient Secrets 2 Days\" loading=\"lazy\" srcset=\"https:\/\/www.ericadventures.com\/wp-content\/uploads\/ancient_secrets_2_days.jpg 400w, https:\/\/www.ericadventures.com\/wp-content\/uploads\/ancient_secrets_2_days-300x132.jpg 300w\" sizes=\"auto, (max-width: 400px) 100vw, 400px\" \/><\/div>\n                                    <\/a>\n                                     <a href=\"https:\/\/www.ericadventures.com\/pt-br\/cusco\/cusco-peru-tours-caballo\/cabalgata-secretos-ancestrales-2-dias\/\" class=\"hover:text-eric text-gray-800 hover:no-underline transition-all\" ><h2 class=\"text-center font-nunito uppercase text-sm font-bold my-2 \">Segredos Antigos 2 Dias<\/h2><\/a>\n                                     <hr class=\"mb-1 -mt-1 border-dotted border-b-1 border-gray-600\">\n                                     <div class=\"px-2\"><p>Por favor, lembre-se que tamb\u00e9m podemos ajud\u00e1-lo com toda a organiza\u00e7\u00e3o de sua viagem em Cusco, no Peru ou na [&hellip;]<\/p>\n                                       \n                                     <\/div>\n                                <\/div>\n\n                            <\/div>\n\t\t\t\t\t\n\t\t\t\t\t\t\t<div>\n                                <div class=\"border bg-white shadow rounded-md p-1\">\n                                    <a href=\"https:\/\/www.ericadventures.com\/pt-br\/cusco\/cusco-peru-tours-caballo\/passeio-a-cavalo-pacchanta-2-dias\/\">\n                                        <div class=\"overflow-hidden\"><img decoding=\"async\" width=\"400\" height=\"176\" src=\"https:\/\/www.ericadventures.com\/wp-content\/uploads\/pacchanta_horseback_riding_2_days.jpg\" class=\"w-full transform duration-200 hover:scale-110 z-10 rounded-t-md wp-post-image\" alt=\"Pacchanta Horseback Riding 2 Days\" loading=\"lazy\" srcset=\"https:\/\/www.ericadventures.com\/wp-content\/uploads\/pacchanta_horseback_riding_2_days.jpg 400w, https:\/\/www.ericadventures.com\/wp-content\/uploads\/pacchanta_horseback_riding_2_days-300x132.jpg 300w\" sizes=\"auto, (max-width: 400px) 100vw, 400px\" \/><\/div>\n                                    <\/a>\n                                     <a href=\"https:\/\/www.ericadventures.com\/pt-br\/cusco\/cusco-peru-tours-caballo\/passeio-a-cavalo-pacchanta-2-dias\/\" class=\"hover:text-eric text-gray-800 hover:no-underline transition-all\" ><h2 class=\"text-center font-nunito uppercase text-sm font-bold my-2 \">Passeio A Cavalo Pacchanta 2 Dias<\/h2><\/a>\n                                     <hr class=\"mb-1 -mt-1 border-dotted border-b-1 border-gray-600\">\n                                     <div class=\"px-2\"><p>Com Eric Adventures voc\u00ea pode desfrutar de sua viagem a cavalo pela montanha nevada de Ausangate em 2 dias e [&hellip;]<\/p>\n                                       \n                                     <\/div>\n                                <\/div>\n\n                            <\/div>\n\t\t\t\t\t\n\t\t\t\t\t\t\t<div>\n                                <div class=\"border bg-white shadow rounded-md p-1\">\n                                    <a href=\"https:\/\/www.ericadventures.com\/pt-br\/cusco\/cusco-peru-tours-caballo\/segredos-ancestrais-passeio-a-cavalo-2-dias\/\">\n                                        <div class=\"overflow-hidden\"><img decoding=\"async\" width=\"203\" height=\"79\" src=\"https:\/\/www.ericadventures.com\/wp-content\/uploads\/Captura-44.jpg\" class=\"w-full transform duration-200 hover:scale-110 z-10 rounded-t-md wp-post-image\" alt=\"Secretos Ancestrales Cabalgata\" loading=\"lazy\" \/><\/div>\n                                    <\/a>\n                                     <a href=\"https:\/\/www.ericadventures.com\/pt-br\/cusco\/cusco-peru-tours-caballo\/segredos-ancestrais-passeio-a-cavalo-2-dias\/\" class=\"hover:text-eric text-gray-800 hover:no-underline transition-all\" ><h2 class=\"text-center font-nunito uppercase text-sm font-bold my-2 \">Segredos Ancestrais Passeio A Cavalo 2 Dias<\/h2><\/a>\n                                     <hr class=\"mb-1 -mt-1 border-dotted border-b-1 border-gray-600\">\n                                     <div class=\"px-2\"><p>Aproveite este belo dia a cavalo, indo ao m\u00e1gico Vale Sagrado dos Incas, onde observaremos os diferentes tipos de paisagens [&hellip;]<\/p>\n                                       \n                                     <\/div>\n                                <\/div>\n\n                            <\/div>\n\t\t\t\t\t<\/div>\n","protected":false},"excerpt":{"rendered":"","protected":false},"author":3,"featured_media":20527,"parent":1100,"menu_order":0,"comment_status":"closed","ping_status":"closed","template":"page-city.php","meta":{"_acf_changed":false,"advgb_blocks_editor_width":"","advgb_blocks_columns_visual_guide":"","footnotes":""},"class_list":["post-13089","page","type-page","status-publish","has-post-thumbnail","hentry"],"acf":[],"yoast_head":"<!-- This site is optimized with the Yoast SEO Premium plugin v25.4 (Yoast SEO v26.9) - https:\/\/yoast.com\/product\/yoast-seo-premium-wordpress\/ -->\n<title>Passeios a cavalo em Cusco<\/title>\n<meta name=\"description\" content=\"Iremos a uma pitoresca cidade de Tipon onde existem interessantes complexos arqueol\u00f3gicos, experimentos agr\u00edcolas\" \/>\n<meta name=\"robots\" content=\"index, follow, max-snippet:-1, max-image-preview:large, max-video-preview:-1\" \/>\n<link rel=\"canonical\" href=\"https:\/\/www.ericadventures.com\/pt-br\/cusco\/cusco-peru-tours-caballo\/\" \/>\n<meta property=\"og:locale\" content=\"pt_BR\" \/>\n<meta property=\"og:type\" content=\"article\" \/>\n<meta property=\"og:title\" content=\"Passeios a cavalo em Cusco Peru\" \/>\n<meta property=\"og:description\" content=\"Iremos a uma pitoresca cidade de Tipon onde existem interessantes complexos arqueol\u00f3gicos, experimentos agr\u00edcolas\" \/>\n<meta property=\"og:url\" content=\"https:\/\/www.ericadventures.com\/pt-br\/cusco\/cusco-peru-tours-caballo\/\" \/>\n<meta property=\"og:site_name\" content=\"Eric Adventures\" \/>\n<meta property=\"article:modified_time\" content=\"2024-05-11T18:22:58+00:00\" \/>\n<meta property=\"og:image\" content=\"https:\/\/www.ericadventures.com\/wp-content\/uploads\/horseback-riding-cusco-2.jpg\" \/>\n\t<meta property=\"og:image:width\" content=\"980\" \/>\n\t<meta property=\"og:image:height\" content=\"485\" \/>\n\t<meta property=\"og:image:type\" content=\"image\/jpeg\" \/>\n<meta name=\"twitter:card\" content=\"summary_large_image\" \/>\n<meta name=\"twitter:label1\" content=\"Est. tempo de leitura\" \/>\n\t<meta name=\"twitter:data1\" content=\"1 minuto\" \/>\n<script type=\"application\/ld+json\" class=\"yoast-schema-graph\">{\"@context\":\"https:\/\/schema.org\",\"@graph\":[{\"@type\":\"WebPage\",\"@id\":\"https:\/\/www.ericadventures.com\/pt-br\/cusco\/cusco-peru-tours-caballo\/\",\"url\":\"https:\/\/www.ericadventures.com\/pt-br\/cusco\/cusco-peru-tours-caballo\/\",\"name\":\"Passeios a cavalo em Cusco\",\"isPartOf\":{\"@id\":\"https:\/\/www.ericadventures.com\/en\/#website\"},\"primaryImageOfPage\":{\"@id\":\"https:\/\/www.ericadventures.com\/pt-br\/cusco\/cusco-peru-tours-caballo\/#primaryimage\"},\"image\":{\"@id\":\"https:\/\/www.ericadventures.com\/pt-br\/cusco\/cusco-peru-tours-caballo\/#primaryimage\"},\"thumbnailUrl\":\"https:\/\/www.ericadventures.com\/wp-content\/uploads\/horseback-riding-cusco-2.jpg\",\"datePublished\":\"2024-01-31T16:43:44+00:00\",\"dateModified\":\"2024-05-11T18:22:58+00:00\",\"description\":\"Iremos a uma pitoresca cidade de Tipon onde existem interessantes complexos arqueol\u00f3gicos, experimentos agr\u00edcolas\",\"breadcrumb\":{\"@id\":\"https:\/\/www.ericadventures.com\/pt-br\/cusco\/cusco-peru-tours-caballo\/#breadcrumb\"},\"inLanguage\":\"pt-BR\",\"potentialAction\":[{\"@type\":\"ReadAction\",\"target\":[\"https:\/\/www.ericadventures.com\/pt-br\/cusco\/cusco-peru-tours-caballo\/\"]}]},{\"@type\":\"ImageObject\",\"inLanguage\":\"pt-BR\",\"@id\":\"https:\/\/www.ericadventures.com\/pt-br\/cusco\/cusco-peru-tours-caballo\/#primaryimage\",\"url\":\"https:\/\/www.ericadventures.com\/wp-content\/uploads\/horseback-riding-cusco-2.jpg\",\"contentUrl\":\"https:\/\/www.ericadventures.com\/wp-content\/uploads\/horseback-riding-cusco-2.jpg\",\"width\":980,\"height\":485,\"caption\":\"Cabalgatas En Cusco Per\u00fa\"},{\"@type\":\"BreadcrumbList\",\"@id\":\"https:\/\/www.ericadventures.com\/pt-br\/cusco\/cusco-peru-tours-caballo\/#breadcrumb\",\"itemListElement\":[{\"@type\":\"ListItem\",\"position\":1,\"name\":\"Home\",\"item\":\"https:\/\/www.ericadventures.com\/pt-br\/\"},{\"@type\":\"ListItem\",\"position\":2,\"name\":\"Passeios Em Cusco\",\"item\":\"https:\/\/www.ericadventures.com\/pt-br\/cusco\/\"},{\"@type\":\"ListItem\",\"position\":3,\"name\":\"Passeios a cavalo em Cusco Peru\"}]},{\"@type\":\"WebSite\",\"@id\":\"https:\/\/www.ericadventures.com\/en\/#website\",\"url\":\"https:\/\/www.ericadventures.com\/en\/\",\"name\":\"Eric Adventures\",\"description\":\"\",\"publisher\":{\"@id\":\"https:\/\/www.ericadventures.com\/en\/#organization\"},\"alternateName\":\"Eric Adventures\",\"potentialAction\":[{\"@type\":\"SearchAction\",\"target\":{\"@type\":\"EntryPoint\",\"urlTemplate\":\"https:\/\/www.ericadventures.com\/en\/?s={search_term_string}\"},\"query-input\":{\"@type\":\"PropertyValueSpecification\",\"valueRequired\":true,\"valueName\":\"search_term_string\"}}],\"inLanguage\":\"pt-BR\"},{\"@type\":\"Organization\",\"@id\":\"https:\/\/www.ericadventures.com\/en\/#organization\",\"name\":\"Eric Adventures\",\"url\":\"https:\/\/www.ericadventures.com\/en\/\",\"logo\":{\"@type\":\"ImageObject\",\"inLanguage\":\"pt-BR\",\"@id\":\"https:\/\/www.ericadventures.com\/en\/#\/schema\/logo\/image\/\",\"url\":\"https:\/\/www.ericadventures.com\/wp-content\/uploads\/logo-ericadventures.png\",\"contentUrl\":\"https:\/\/www.ericadventures.com\/wp-content\/uploads\/logo-ericadventures.png\",\"width\":500,\"height\":106,\"caption\":\"Eric Adventures\"},\"image\":{\"@id\":\"https:\/\/www.ericadventures.com\/en\/#\/schema\/logo\/image\/\"}}]}<\/script>\n<!-- \/ Yoast SEO Premium plugin. -->","yoast_head_json":{"title":"Passeios a cavalo em Cusco","description":"Iremos a uma pitoresca cidade de Tipon onde existem interessantes complexos arqueol\u00f3gicos, experimentos agr\u00edcolas","robots":{"index":"index","follow":"follow","max-snippet":"max-snippet:-1","max-image-preview":"max-image-preview:large","max-video-preview":"max-video-preview:-1"},"canonical":"https:\/\/www.ericadventures.com\/pt-br\/cusco\/cusco-peru-tours-caballo\/","og_locale":"pt_BR","og_type":"article","og_title":"Passeios a cavalo em Cusco Peru","og_description":"Iremos a uma pitoresca cidade de Tipon onde existem interessantes complexos arqueol\u00f3gicos, experimentos agr\u00edcolas","og_url":"https:\/\/www.ericadventures.com\/pt-br\/cusco\/cusco-peru-tours-caballo\/","og_site_name":"Eric Adventures","article_modified_time":"2024-05-11T18:22:58+00:00","og_image":[{"width":980,"height":485,"url":"https:\/\/www.ericadventures.com\/wp-content\/uploads\/horseback-riding-cusco-2.jpg","type":"image\/jpeg"}],"twitter_card":"summary_large_image","twitter_misc":{"Est. tempo de leitura":"1 minuto"},"schema":{"@context":"https:\/\/schema.org","@graph":[{"@type":"WebPage","@id":"https:\/\/www.ericadventures.com\/pt-br\/cusco\/cusco-peru-tours-caballo\/","url":"https:\/\/www.ericadventures.com\/pt-br\/cusco\/cusco-peru-tours-caballo\/","name":"Passeios a cavalo em Cusco","isPartOf":{"@id":"https:\/\/www.ericadventures.com\/en\/#website"},"primaryImageOfPage":{"@id":"https:\/\/www.ericadventures.com\/pt-br\/cusco\/cusco-peru-tours-caballo\/#primaryimage"},"image":{"@id":"https:\/\/www.ericadventures.com\/pt-br\/cusco\/cusco-peru-tours-caballo\/#primaryimage"},"thumbnailUrl":"https:\/\/www.ericadventures.com\/wp-content\/uploads\/horseback-riding-cusco-2.jpg","datePublished":"2024-01-31T16:43:44+00:00","dateModified":"2024-05-11T18:22:58+00:00","description":"Iremos a uma pitoresca cidade de Tipon onde existem interessantes complexos arqueol\u00f3gicos, experimentos agr\u00edcolas","breadcrumb":{"@id":"https:\/\/www.ericadventures.com\/pt-br\/cusco\/cusco-peru-tours-caballo\/#breadcrumb"},"inLanguage":"pt-BR","potentialAction":[{"@type":"ReadAction","target":["https:\/\/www.ericadventures.com\/pt-br\/cusco\/cusco-peru-tours-caballo\/"]}]},{"@type":"ImageObject","inLanguage":"pt-BR","@id":"https:\/\/www.ericadventures.com\/pt-br\/cusco\/cusco-peru-tours-caballo\/#primaryimage","url":"https:\/\/www.ericadventures.com\/wp-content\/uploads\/horseback-riding-cusco-2.jpg","contentUrl":"https:\/\/www.ericadventures.com\/wp-content\/uploads\/horseback-riding-cusco-2.jpg","width":980,"height":485,"caption":"Cabalgatas En Cusco Per\u00fa"},{"@type":"BreadcrumbList","@id":"https:\/\/www.ericadventures.com\/pt-br\/cusco\/cusco-peru-tours-caballo\/#breadcrumb","itemListElement":[{"@type":"ListItem","position":1,"name":"Home","item":"https:\/\/www.ericadventures.com\/pt-br\/"},{"@type":"ListItem","position":2,"name":"Passeios Em Cusco","item":"https:\/\/www.ericadventures.com\/pt-br\/cusco\/"},{"@type":"ListItem","position":3,"name":"Passeios a cavalo em Cusco Peru"}]},{"@type":"WebSite","@id":"https:\/\/www.ericadventures.com\/en\/#website","url":"https:\/\/www.ericadventures.com\/en\/","name":"Eric Adventures","description":"","publisher":{"@id":"https:\/\/www.ericadventures.com\/en\/#organization"},"alternateName":"Eric Adventures","potentialAction":[{"@type":"SearchAction","target":{"@type":"EntryPoint","urlTemplate":"https:\/\/www.ericadventures.com\/en\/?s={search_term_string}"},"query-input":{"@type":"PropertyValueSpecification","valueRequired":true,"valueName":"search_term_string"}}],"inLanguage":"pt-BR"},{"@type":"Organization","@id":"https:\/\/www.ericadventures.com\/en\/#organization","name":"Eric Adventures","url":"https:\/\/www.ericadventures.com\/en\/","logo":{"@type":"ImageObject","inLanguage":"pt-BR","@id":"https:\/\/www.ericadventures.com\/en\/#\/schema\/logo\/image\/","url":"https:\/\/www.ericadventures.com\/wp-content\/uploads\/logo-ericadventures.png","contentUrl":"https:\/\/www.ericadventures.com\/wp-content\/uploads\/logo-ericadventures.png","width":500,"height":106,"caption":"Eric Adventures"},"image":{"@id":"https:\/\/www.ericadventures.com\/en\/#\/schema\/logo\/image\/"}}]}},"coauthors":[],"author_meta":{"author_link":"https:\/\/www.ericadventures.com\/pt-br\/author\/joaco\/","display_name":"Joaqu\u00edn Arenas Hermoza"},"relative_dates":{"created":"Publicado 2 anos atr\u00e1s","modified":"Atualizado 2 anos atr\u00e1s"},"absolute_dates":{"created":"Publicado em janeiro 31, 2024","modified":"Atualizado em maio 11, 2024"},"absolute_dates_time":{"created":"Publicado em janeiro 31, 2024 11:43 am","modified":"Atualizado em maio 11, 2024 1:22 pm"},"featured_img_caption":"","featured_img":"https:\/\/www.ericadventures.com\/wp-content\/uploads\/horseback-riding-cusco-2.jpg","series_order":"","_links":{"self":[{"href":"https:\/\/www.ericadventures.com\/pt-br\/wp-json\/wp\/v2\/pages\/13089","targetHints":{"allow":["GET"]}}],"collection":[{"href":"https:\/\/www.ericadventures.com\/pt-br\/wp-json\/wp\/v2\/pages"}],"about":[{"href":"https:\/\/www.ericadventures.com\/pt-br\/wp-json\/wp\/v2\/types\/page"}],"author":[{"embeddable":true,"href":"https:\/\/www.ericadventures.com\/pt-br\/wp-json\/wp\/v2\/users\/3"}],"replies":[{"embeddable":true,"href":"https:\/\/www.ericadventures.com\/pt-br\/wp-json\/wp\/v2\/comments?post=13089"}],"version-history":[{"count":2,"href":"https:\/\/www.ericadventures.com\/pt-br\/wp-json\/wp\/v2\/pages\/13089\/revisions"}],"predecessor-version":[{"id":13102,"href":"https:\/\/www.ericadventures.com\/pt-br\/wp-json\/wp\/v2\/pages\/13089\/revisions\/13102"}],"up":[{"embeddable":true,"href":"https:\/\/www.ericadventures.com\/pt-br\/wp-json\/wp\/v2\/pages\/1100"}],"wp:featuredmedia":[{"embeddable":true,"href":"https:\/\/www.ericadventures.com\/pt-br\/wp-json\/wp\/v2\/media\/20527"}],"wp:attachment":[{"href":"https:\/\/www.ericadventures.com\/pt-br\/wp-json\/wp\/v2\/media?parent=13089"}],"curies":[{"name":"wp","href":"https:\/\/api.w.org\/{rel}","templated":true}]}}