{"id":133,"date":"2023-10-12T15:49:13","date_gmt":"2023-10-12T20:49:13","guid":{"rendered":"https:\/\/www.ericadventures.com\/home\/"},"modified":"2025-01-24T18:43:53","modified_gmt":"2025-01-24T23:43:53","slug":"home","status":"publish","type":"page","link":"https:\/\/www.ericadventures.com\/pt-br\/","title":{"rendered":"Inicio"},"content":{"rendered":"\n<div class=\"wp-block-columns is-layout-flex wp-container-core-columns-is-layout-9d6595d7 wp-block-columns-is-layout-flex\">\n<div class=\"wp-block-column is-layout-flow wp-block-column-is-layout-flow\">\n<div class=\"wp-block-contact-form-7-contact-form-selector\">\n<div class=\"wpcf7 no-js\" id=\"wpcf7-f7295-o1\" lang=\"es-ES\" dir=\"ltr\" data-wpcf7-id=\"7295\">\n<div class=\"screen-reader-response\"><p role=\"status\" aria-live=\"polite\" aria-atomic=\"true\"><\/p> <ul><\/ul><\/div>\n<form action=\"\/pt-br\/wp-json\/wp\/v2\/pages\/133#wpcf7-f7295-o1\" method=\"post\" class=\"wpcf7-form init\" aria-label=\"Formulario de contacto\" novalidate=\"novalidate\" data-status=\"init\">\n<fieldset class=\"hidden-fields-container\"><input type=\"hidden\" name=\"_wpcf7\" value=\"7295\" \/><input type=\"hidden\" name=\"_wpcf7_version\" value=\"6.1.5\" \/><input type=\"hidden\" name=\"_wpcf7_locale\" value=\"es_ES\" \/><input type=\"hidden\" name=\"_wpcf7_unit_tag\" value=\"wpcf7-f7295-o1\" \/><input type=\"hidden\" name=\"_wpcf7_container_post\" value=\"0\" \/><input type=\"hidden\" name=\"_wpcf7_posted_data_hash\" value=\"\" \/>\n<\/fieldset>\n<div class=\"wpcf7-turnstile cf-turnstile\" data-sitekey=\"0x4AAAAAACZ2CLxkDaDac8NW\" data-response-field-name=\"_wpcf7_turnstile_response\"><\/div>\n\n<div class=\"formhome\">\n    <span class=\"text-formh\">: : : FALE CONOSCO : : : <\/span>\n<input class=\"wpcf7-form-control wpcf7-hidden\" value=\"https:\/\/www.ericadventures.com\/pt-br\/wp-json\/wp\/v2\/pages\/133\" type=\"hidden\" name=\"Url_Tour\" \/>\n<input class=\"wpcf7-form-control wpcf7-hidden\" value=\"pt-br\" type=\"hidden\" name=\"Idioma\" \/>\n<input class=\"wpcf7-form-control wpcf7-hidden\" value=\"02\/05\/2026 11:51:21\" type=\"hidden\" name=\"Fecha_Hora\" \/>\n<input class=\"wpcf7-form-control wpcf7-hidden\" value=\"216.73.216.166\" type=\"hidden\" name=\"Ip\" \/>\n<input class=\"wpcf7-form-control wpcf7-hidden\" value=\"Inicio\" type=\"hidden\" name=\"Nombre_Tour\" \/>\n<input class=\"wpcf7-form-control wpcf7-hidden\" value=\"1\" type=\"hidden\" name=\"enviar_excel\" \/>\n\n    <div class=\"flexh\">\n        <label>(*)Nome:<\/label>\n        <span class=\"wpcf7-form-control-wrap\" data-name=\"Nombre\"><input size=\"40\" maxlength=\"400\" class=\"wpcf7-form-control wpcf7-text wpcf7-validates-as-required\" aria-required=\"true\" aria-invalid=\"false\" value=\"\" type=\"text\" name=\"Nombre\" \/><\/span>\n    <\/div>\n    <div class=\"flexh\">\n        <label>(*)Email:<\/label>\n        <span class=\"wpcf7-form-control-wrap\" data-name=\"Emails\"><input size=\"40\" maxlength=\"400\" class=\"wpcf7-form-control wpcf7-email wpcf7-validates-as-required wpcf7-text wpcf7-validates-as-email\" aria-required=\"true\" aria-invalid=\"false\" value=\"\" type=\"email\" name=\"Emails\" \/><\/span>\n    <\/div>\n    <div class=\"flexh\">\n        <label>Pa\u00eds:<\/label>\n        <span class=\"wpcf7-form-control-wrap\" data-name=\"Pais\"><input size=\"40\" maxlength=\"400\" class=\"wpcf7-form-control wpcf7-text\" aria-invalid=\"false\" value=\"\" type=\"text\" name=\"Pais\" \/><\/span>\n    <\/div>\n    \n    <div class=\"flexh\">\n        <label>WhatsApp:<\/label>\n        <span class=\"wpcf7-form-control-wrap\" data-name=\"Whatsapp\"><input size=\"40\" class=\"wpcf7-form-control wpcf7-phonetext wpcf7-text wpcf7-validates-as-phonetext\" aria-invalid=\"false\" value=\"\" type=\"text\" name=\"Whatsapp\" \/><input type=\"hidden\" name=\"Whatsapp-country-code\" class=\"wpcf7-phonetext-country-code\" \/><\/span>\n    <\/div>\n    <div class=\"flexh\">\n        <label>N\u00famero de adultos:<\/label>\n        <span class=\"wpcf7-form-control-wrap\" data-name=\"Adultos\"><select class=\"wpcf7-form-control wpcf7-select wpcf7-validates-as-required\" aria-required=\"true\" aria-invalid=\"false\" name=\"Adultos\"><option value=\"1\">1<\/option><option value=\"2\">2<\/option><option value=\"3\">3<\/option><option value=\"4\">4<\/option><option value=\"5\">5<\/option><option value=\"6\">6<\/option><option value=\"7\">7<\/option><option value=\"8\">8<\/option><option value=\"9\">9<\/option><option value=\"10\">10<\/option><option value=\"11\">11<\/option><option value=\"12 ou mais\">12 ou mais<\/option><\/select><\/span>\n    <\/div>\n    <div class=\"flexh\">\n        <label>N\u00famero de crian\u00e7as (menores de 10 anos):<\/label>\n        <span class=\"wpcf7-form-control-wrap\" data-name=\"Ninos\"><select class=\"wpcf7-form-control wpcf7-select wpcf7-validates-as-required\" aria-required=\"true\" aria-invalid=\"false\" name=\"Ninos\"><option value=\"0\">0<\/option><option value=\"1\">1<\/option><option value=\"2\">2<\/option><option value=\"3\">3<\/option><option value=\"4\">4<\/option><option value=\"5\">5<\/option><option value=\"6\">6<\/option><option value=\"7\">7<\/option><option value=\"8\">8<\/option><option value=\"9\">9<\/option><option value=\"10\">10<\/option><option value=\"11\">11<\/option><option value=\"12 ou mais\">12 ou mais<\/option><\/select><\/span>\n    <\/div>\n    <div class=\"flexh\">\n        <label>Data de in\u00edcio do tour:<\/label>\n        <span class=\"wpcf7-form-control-wrap\" data-name=\"Inicio\"><input class=\"wpcf7-form-control wpcf7-date wpcf7-validates-as-required wpcf7-validates-as-date\" id=\"inicio\" min=\"2026-05-02\" aria-required=\"true\" aria-invalid=\"false\" value=\"\" type=\"date\" name=\"Inicio\" \/><\/span>\n    <\/div>\n    <div class=\"flexh\">\n        <label>Data de t\u00e9rmino do tour:<\/label>\n        <span class=\"wpcf7-form-control-wrap\" data-name=\"Final\"><input class=\"wpcf7-form-control wpcf7-date wpcf7-validates-as-required wpcf7-validates-as-date\" id=\"final\" min=\"2026-05-02\" aria-required=\"true\" aria-invalid=\"false\" value=\"\" type=\"date\" name=\"Final\" \/><\/span>\n    <\/div>\n    <div class=\"flexh\">\n        <label>(*)D\u00favidas ou coment\u00e1rios (Por favor, especifique o tipo de SERVI\u00c7O\/TOUR que deseja):<\/label>\n        <span class=\"wpcf7-form-control-wrap\" data-name=\"Mensaje\"><textarea cols=\"37\" rows=\"6\" maxlength=\"2000\" class=\"wpcf7-form-control wpcf7-textarea\" aria-invalid=\"false\" name=\"Mensaje\"><\/textarea><\/span>\n    <\/div>\n    <input class=\"wpcf7-form-control wpcf7-submit has-spinner sendhome\" type=\"submit\" value=\"ENVIAR MENSAGEM\" \/>\n<\/div><div class=\"wpcf7-response-output\" aria-hidden=\"true\"><\/div>\n<\/form>\n<\/div>\n<\/div>\n<\/div>\n\n\n\n<div class=\"wp-block-column is-layout-flow wp-block-column-is-layout-flow\">\n<p><a href=\"https:\/\/www.ericadventures.com\/portugues\/sobre-nos.html\" target=\"_blank\" rel=\"noreferrer noopener\">Eric Adventures<\/a>&nbsp;\u00e9 uma empresa peruana, localizado na cidade de&nbsp;<a href=\"https:\/\/www.ericadventures.com\/portugues\/machupicchu\/cusco-peru-passeios-culturais\/cusco-city-tour-1day.html\" target=\"_blank\" rel=\"noreferrer noopener\">Cusco<\/a>, a antiga capital dos&nbsp;<a href=\"https:\/\/www.ericadventures.com\/portugues\/cusco\/peru-cultura-inca-15days.html\" target=\"_blank\" rel=\"noreferrer noopener\">Incas<\/a>. Temos pacotes tur\u00edsticos diferentes para o&nbsp;<a href=\"https:\/\/www.ericadventures.com\/portugues\/cusco\/aventura-4x4-terras-altas-14days.html\" target=\"_blank\" rel=\"noreferrer noopener\">Peru<\/a>&nbsp;e&nbsp;<a href=\"https:\/\/www.ericadventures.com\/portugues\/cusco\/aventura-4x4-terras-altas-14days.html\" target=\"_blank\" rel=\"noreferrer noopener\">Bol\u00edvia<\/a>&nbsp;e as op\u00e7\u00f5es de viagem de&nbsp;<a href=\"https:\/\/www.ericadventures.com\/portugues\/cusco\/cusco-basico-4dias.html\" target=\"_blank\" rel=\"noreferrer noopener\">Cusco<\/a>, onde voc\u00ea, sua fam\u00edlia e seus amigos podem experimentar umas f\u00e9rias inesquec\u00edveis.<\/p>\n\n\n\n<p>A chance de andar a antiga&nbsp;<a href=\"https:\/\/www.ericadventures.com\/portugues\/machupicchu\/cusco-peru-trekking\/trilha-inca-machupicchu-5d.html\" target=\"_blank\" rel=\"noreferrer noopener\">Trilha Inca<\/a>&nbsp;para&nbsp;<a href=\"https:\/\/www.ericadventures.com\/portugues\/machupicchu\/cusco-peru-passeios-culturais\/machupicchu-1day.html\" target=\"_blank\" rel=\"noreferrer noopener\">Machu Picchu<\/a>, a oportunidade de passear pelas t\u00edpicas cidades coloniais e visitar museus e igrejas, a chance de viajar atrav\u00e9s das&nbsp;<a href=\"https:\/\/www.ericadventures.com\/portugues\/machupicchu\/cusco-peru-passeios-ecologicos.html\" target=\"_blank\" rel=\"noreferrer noopener\">Reservas Ecol\u00f3gica<\/a>&nbsp;na Floresta Amaz\u00f4nica ou para desfrutar da regi\u00e3o litor\u00e2nea com belas praias ensolaradas e selvagens vida marinha.<\/p>\n\n\n\n<p>N\u00f3s tamb\u00e9m oferecemos viagens de aventura,&nbsp;<a href=\"https:\/\/www.ericadventures.com\/portugues\/machupicchu\/cusco-peru-rafting-hydrospeed-body-board.html\" target=\"_blank\" rel=\"noreferrer noopener\">canoagem ou rafting<\/a>, caminhadas longas,&nbsp;<a href=\"https:\/\/www.ericadventures.com\/portugues\/machupicchu\/cusco-peru-escalada\/curso-escalada-meio-dia.html\" target=\"_blank\" rel=\"noreferrer noopener\">escalada em rocha&nbsp;<\/a>viagens, parapente ou a&nbsp;<a href=\"https:\/\/www.ericadventures.com\/portugues\/machupicchu\/cusco-peru-hipismo.html\" target=\"_blank\" rel=\"noreferrer noopener\">cavalo<\/a>. Se as rodas s\u00e3o a sua paix\u00e3o, oferecemos&nbsp;<a href=\"https:\/\/www.ericadventures.com\/portugues\/machupicchu\/cusco-peru-bicicleta-montanha.html\" target=\"_blank\" rel=\"noreferrer noopener\">bicicleta de montanha<\/a>,&nbsp;<a href=\"https:\/\/www.ericadventures.com\/portugues\/machupicchu\/cusco-peru-tours-motocicleta.html\" target=\"_blank\" rel=\"noreferrer noopener\">motociclismo<\/a>, e&nbsp;<a href=\"https:\/\/www.ericadventures.com\/portugues\/cusco\/motociclismo-4x4-peru-13-dias.html\" target=\"_blank\" rel=\"noreferrer noopener\">passeios 4&#215;4<\/a>.<\/p>\n\n\n\n<p>N\u00f3s convidamos voc\u00ea a escolher uma excurs\u00e3o que voc\u00ea desejar. Se uma das nossas viagens organizadas n\u00e3o corresponde \u00e0 sua programa\u00e7\u00e3o, teremos o prazer de organizar uma viagem personalizada para voc\u00ea, sua fam\u00edlia ou um grupo. Nossa paix\u00e3o por viagens, com a conserva\u00e7\u00e3o da natureza, que nos motiva a sempre explorar novos horizontes.<\/p>\n<\/div>\n<\/div>\n","protected":false},"excerpt":{"rendered":"<p>Eric Adventures&nbsp;\u00e9 uma empresa peruana, localizado na cidade de&nbsp;Cusco, a antiga capital dos&nbsp;Incas. Temos pacotes tur\u00edsticos diferentes para o&nbsp;Peru&nbsp;e&nbsp;Bol\u00edvia&nbsp;e as [&hellip;]<\/p>\n","protected":false},"author":1,"featured_media":0,"parent":0,"menu_order":0,"comment_status":"closed","ping_status":"closed","template":"","meta":{"_acf_changed":false,"advgb_blocks_editor_width":"","advgb_blocks_columns_visual_guide":"","footnotes":""},"class_list":["post-133","page","type-page","status-publish","hentry"],"acf":[],"yoast_head":"<!-- This site is optimized with the Yoast SEO Premium plugin v25.4 (Yoast SEO v26.9) - https:\/\/yoast.com\/product\/yoast-seo-premium-wordpress\/ -->\n<title>Passeios em Machu Picchu | Viagens em Uyuni | Passeios em Fam\u00edlia em Gal\u00e1pago<\/title>\n<meta name=\"description\" content=\"Melhor experi\u00eancia de viagem com a Eric Adventures, que organiza pacotes e excurs\u00f5es de luxo personalizados para Cusco, Machu Picchu, Peru.\" \/>\n<meta name=\"robots\" content=\"index, follow, max-snippet:-1, max-image-preview:large, max-video-preview:-1\" \/>\n<link rel=\"canonical\" href=\"https:\/\/www.ericadventures.com\/pt-br\/\" \/>\n<meta property=\"og:locale\" content=\"pt_BR\" \/>\n<meta property=\"og:type\" content=\"article\" \/>\n<meta property=\"og:title\" content=\"Inicio\" \/>\n<meta property=\"og:description\" content=\"Melhor experi\u00eancia de viagem com a Eric Adventures, que organiza pacotes e excurs\u00f5es de luxo personalizados para Cusco, Machu Picchu, Peru.\" \/>\n<meta property=\"og:url\" content=\"https:\/\/www.ericadventures.com\/pt-br\/\" \/>\n<meta property=\"og:site_name\" content=\"Eric Adventures\" \/>\n<meta property=\"article:modified_time\" content=\"2025-01-24T23:43:53+00:00\" \/>\n<meta name=\"twitter:card\" content=\"summary_large_image\" \/>\n<meta name=\"twitter:label1\" content=\"Est. tempo de leitura\" \/>\n\t<meta name=\"twitter:data1\" content=\"1 minuto\" \/>\n<script type=\"application\/ld+json\" class=\"yoast-schema-graph\">{\"@context\":\"https:\/\/schema.org\",\"@graph\":[{\"@type\":\"WebPage\",\"@id\":\"https:\/\/www.ericadventures.com\/pt-br\/\",\"url\":\"https:\/\/www.ericadventures.com\/pt-br\/\",\"name\":\"Passeios em Machu Picchu | Viagens em Uyuni | Passeios em Fam\u00edlia em Gal\u00e1pago\",\"isPartOf\":{\"@id\":\"https:\/\/www.ericadventures.com\/en\/#website\"},\"datePublished\":\"2023-10-12T20:49:13+00:00\",\"dateModified\":\"2025-01-24T23:43:53+00:00\",\"description\":\"Melhor experi\u00eancia de viagem com a Eric Adventures, que organiza pacotes e excurs\u00f5es de luxo personalizados para Cusco, Machu Picchu, Peru.\",\"breadcrumb\":{\"@id\":\"https:\/\/www.ericadventures.com\/pt-br\/#breadcrumb\"},\"inLanguage\":\"pt-BR\",\"potentialAction\":[{\"@type\":\"ReadAction\",\"target\":[\"https:\/\/www.ericadventures.com\/pt-br\/\"]}]},{\"@type\":\"BreadcrumbList\",\"@id\":\"https:\/\/www.ericadventures.com\/pt-br\/#breadcrumb\",\"itemListElement\":[{\"@type\":\"ListItem\",\"position\":1,\"name\":\"Home\",\"item\":\"https:\/\/www.ericadventures.com\/pt-br\/\"},{\"@type\":\"ListItem\",\"position\":2,\"name\":\"Inicio\"}]},{\"@type\":\"WebSite\",\"@id\":\"https:\/\/www.ericadventures.com\/en\/#website\",\"url\":\"https:\/\/www.ericadventures.com\/en\/\",\"name\":\"Eric Adventures\",\"description\":\"\",\"publisher\":{\"@id\":\"https:\/\/www.ericadventures.com\/en\/#organization\"},\"alternateName\":\"Eric Adventures\",\"potentialAction\":[{\"@type\":\"SearchAction\",\"target\":{\"@type\":\"EntryPoint\",\"urlTemplate\":\"https:\/\/www.ericadventures.com\/en\/?s={search_term_string}\"},\"query-input\":{\"@type\":\"PropertyValueSpecification\",\"valueRequired\":true,\"valueName\":\"search_term_string\"}}],\"inLanguage\":\"pt-BR\"},{\"@type\":\"Organization\",\"@id\":\"https:\/\/www.ericadventures.com\/en\/#organization\",\"name\":\"Eric Adventures\",\"url\":\"https:\/\/www.ericadventures.com\/en\/\",\"logo\":{\"@type\":\"ImageObject\",\"inLanguage\":\"pt-BR\",\"@id\":\"https:\/\/www.ericadventures.com\/en\/#\/schema\/logo\/image\/\",\"url\":\"https:\/\/www.ericadventures.com\/wp-content\/uploads\/logo-ericadventures.png\",\"contentUrl\":\"https:\/\/www.ericadventures.com\/wp-content\/uploads\/logo-ericadventures.png\",\"width\":500,\"height\":106,\"caption\":\"Eric Adventures\"},\"image\":{\"@id\":\"https:\/\/www.ericadventures.com\/en\/#\/schema\/logo\/image\/\"}}]}<\/script>\n<!-- \/ Yoast SEO Premium plugin. -->","yoast_head_json":{"title":"Passeios em Machu Picchu | Viagens em Uyuni | Passeios em Fam\u00edlia em Gal\u00e1pago","description":"Melhor experi\u00eancia de viagem com a Eric Adventures, que organiza pacotes e excurs\u00f5es de luxo personalizados para Cusco, Machu Picchu, Peru.","robots":{"index":"index","follow":"follow","max-snippet":"max-snippet:-1","max-image-preview":"max-image-preview:large","max-video-preview":"max-video-preview:-1"},"canonical":"https:\/\/www.ericadventures.com\/pt-br\/","og_locale":"pt_BR","og_type":"article","og_title":"Inicio","og_description":"Melhor experi\u00eancia de viagem com a Eric Adventures, que organiza pacotes e excurs\u00f5es de luxo personalizados para Cusco, Machu Picchu, Peru.","og_url":"https:\/\/www.ericadventures.com\/pt-br\/","og_site_name":"Eric Adventures","article_modified_time":"2025-01-24T23:43:53+00:00","twitter_card":"summary_large_image","twitter_misc":{"Est. tempo de leitura":"1 minuto"},"schema":{"@context":"https:\/\/schema.org","@graph":[{"@type":"WebPage","@id":"https:\/\/www.ericadventures.com\/pt-br\/","url":"https:\/\/www.ericadventures.com\/pt-br\/","name":"Passeios em Machu Picchu | Viagens em Uyuni | Passeios em Fam\u00edlia em Gal\u00e1pago","isPartOf":{"@id":"https:\/\/www.ericadventures.com\/en\/#website"},"datePublished":"2023-10-12T20:49:13+00:00","dateModified":"2025-01-24T23:43:53+00:00","description":"Melhor experi\u00eancia de viagem com a Eric Adventures, que organiza pacotes e excurs\u00f5es de luxo personalizados para Cusco, Machu Picchu, Peru.","breadcrumb":{"@id":"https:\/\/www.ericadventures.com\/pt-br\/#breadcrumb"},"inLanguage":"pt-BR","potentialAction":[{"@type":"ReadAction","target":["https:\/\/www.ericadventures.com\/pt-br\/"]}]},{"@type":"BreadcrumbList","@id":"https:\/\/www.ericadventures.com\/pt-br\/#breadcrumb","itemListElement":[{"@type":"ListItem","position":1,"name":"Home","item":"https:\/\/www.ericadventures.com\/pt-br\/"},{"@type":"ListItem","position":2,"name":"Inicio"}]},{"@type":"WebSite","@id":"https:\/\/www.ericadventures.com\/en\/#website","url":"https:\/\/www.ericadventures.com\/en\/","name":"Eric Adventures","description":"","publisher":{"@id":"https:\/\/www.ericadventures.com\/en\/#organization"},"alternateName":"Eric Adventures","potentialAction":[{"@type":"SearchAction","target":{"@type":"EntryPoint","urlTemplate":"https:\/\/www.ericadventures.com\/en\/?s={search_term_string}"},"query-input":{"@type":"PropertyValueSpecification","valueRequired":true,"valueName":"search_term_string"}}],"inLanguage":"pt-BR"},{"@type":"Organization","@id":"https:\/\/www.ericadventures.com\/en\/#organization","name":"Eric Adventures","url":"https:\/\/www.ericadventures.com\/en\/","logo":{"@type":"ImageObject","inLanguage":"pt-BR","@id":"https:\/\/www.ericadventures.com\/en\/#\/schema\/logo\/image\/","url":"https:\/\/www.ericadventures.com\/wp-content\/uploads\/logo-ericadventures.png","contentUrl":"https:\/\/www.ericadventures.com\/wp-content\/uploads\/logo-ericadventures.png","width":500,"height":106,"caption":"Eric Adventures"},"image":{"@id":"https:\/\/www.ericadventures.com\/en\/#\/schema\/logo\/image\/"}}]}},"coauthors":[],"author_meta":{"author_link":"https:\/\/www.ericadventures.com\/pt-br\/author\/ericadmin\/","display_name":"Eric"},"relative_dates":{"created":"Publicado 3 anos atr\u00e1s","modified":"Atualizado 1 ano atr\u00e1s"},"absolute_dates":{"created":"Publicado em outubro 12, 2023","modified":"Atualizado em janeiro 24, 2025"},"absolute_dates_time":{"created":"Publicado em outubro 12, 2023 3:49 pm","modified":"Atualizado em janeiro 24, 2025 6:43 pm"},"featured_img_caption":"","featured_img":false,"series_order":"","_links":{"self":[{"href":"https:\/\/www.ericadventures.com\/pt-br\/wp-json\/wp\/v2\/pages\/133","targetHints":{"allow":["GET"]}}],"collection":[{"href":"https:\/\/www.ericadventures.com\/pt-br\/wp-json\/wp\/v2\/pages"}],"about":[{"href":"https:\/\/www.ericadventures.com\/pt-br\/wp-json\/wp\/v2\/types\/page"}],"author":[{"embeddable":true,"href":"https:\/\/www.ericadventures.com\/pt-br\/wp-json\/wp\/v2\/users\/1"}],"replies":[{"embeddable":true,"href":"https:\/\/www.ericadventures.com\/pt-br\/wp-json\/wp\/v2\/comments?post=133"}],"version-history":[{"count":9,"href":"https:\/\/www.ericadventures.com\/pt-br\/wp-json\/wp\/v2\/pages\/133\/revisions"}],"predecessor-version":[{"id":34199,"href":"https:\/\/www.ericadventures.com\/pt-br\/wp-json\/wp\/v2\/pages\/133\/revisions\/34199"}],"wp:attachment":[{"href":"https:\/\/www.ericadventures.com\/pt-br\/wp-json\/wp\/v2\/media?parent=133"}],"curies":[{"name":"wp","href":"https:\/\/api.w.org\/{rel}","templated":true}]}}