{"id":14865,"date":"2024-03-24T20:17:54","date_gmt":"2024-03-25T01:17:54","guid":{"rendered":"https:\/\/www.ericadventures.com\/cusco\/stand-up-paddle\/"},"modified":"2024-03-24T20:30:50","modified_gmt":"2024-03-25T01:30:50","slug":"up-paddle","status":"publish","type":"page","link":"https:\/\/www.ericadventures.com\/pt-br\/cusco\/up-paddle\/","title":{"rendered":"Stand Up Paddle"},"content":{"rendered":"<div class=\"grid grid-cols-1 sm:grid-cols-2 md:grid-cols-3 xl:grid-cols-4 gap-5\">\n\t\t\t\t\t\t\t<div>\n                                <div class=\"border bg-white shadow rounded-md p-1\">\n                                    <a href=\"https:\/\/www.ericadventures.com\/pt-br\/cusco\/up-paddle\/stand-up-paddle-meio-dia\/\">\n                                        <div class=\"overflow-hidden\"><img decoding=\"async\" width=\"400\" height=\"310\" src=\"https:\/\/www.ericadventures.com\/wp-content\/uploads\/stand-up-padle-1-day-2-1-400x310.jpg\" class=\"w-full transform duration-200 hover:scale-110 z-10 rounded-t-md wp-post-image\" alt=\"Stand Up Padle Half Day\" loading=\"lazy\" \/><\/div>\n                                    <\/a>\n                                     <a href=\"https:\/\/www.ericadventures.com\/pt-br\/cusco\/up-paddle\/stand-up-paddle-meio-dia\/\" class=\"hover:text-eric text-gray-800 hover:no-underline transition-all\" ><h2 class=\"text-center font-nunito uppercase text-sm font-bold my-2 \">Stand Up Paddle Medio Dia<\/h2><\/a>\n                                     <hr class=\"mb-1 -mt-1 border-dotted border-b-1 border-gray-600\">\n                                     <div class=\"px-2\"><p>Stand Up Paddle, \u00e9 a atividade onde uma prancha de surf \u00e9 usada para se mover na \u00e1gua enquanto se [&hellip;]<\/p>\n                                       \n                                     <\/div>\n                                <\/div>\n\n                            <\/div>\n\t\t\t\t\t<\/div>\n","protected":false},"excerpt":{"rendered":"","protected":false},"author":3,"featured_media":14860,"parent":1100,"menu_order":0,"comment_status":"closed","ping_status":"closed","template":"page-city.php","meta":{"_acf_changed":false,"advgb_blocks_editor_width":"","advgb_blocks_columns_visual_guide":"","footnotes":""},"class_list":["post-14865","page","type-page","status-publish","has-post-thumbnail","hentry"],"acf":[],"yoast_head":"<!-- This site is optimized with the Yoast SEO Premium plugin v25.4 (Yoast SEO v26.9) - https:\/\/yoast.com\/product\/yoast-seo-premium-wordpress\/ -->\n<title>Stand Up Paddle em Cuzco<\/title>\n<meta name=\"description\" content=\"O passeio de caiaque, semelhante ao SUP, utiliza um caiaque longo e remo para explorar a \u00e1gua e manter o equil\u00edbrio enquanto rema.\" \/>\n<meta name=\"robots\" content=\"index, follow, max-snippet:-1, max-image-preview:large, max-video-preview:-1\" \/>\n<link rel=\"canonical\" href=\"https:\/\/www.ericadventures.com\/en\/cusco\/stand-up-paddle\/\" \/>\n<meta property=\"og:locale\" content=\"pt_BR\" \/>\n<meta property=\"og:type\" content=\"article\" \/>\n<meta property=\"og:title\" content=\"Stand Up Paddle\" \/>\n<meta property=\"og:description\" content=\"O passeio de caiaque, semelhante ao SUP, utiliza um caiaque longo e remo para explorar a \u00e1gua e manter o equil\u00edbrio enquanto rema.\" \/>\n<meta property=\"og:url\" content=\"https:\/\/www.ericadventures.com\/en\/cusco\/stand-up-paddle\/\" \/>\n<meta property=\"og:site_name\" content=\"Eric Adventures\" \/>\n<meta property=\"article:modified_time\" content=\"2024-03-25T01:30:50+00:00\" \/>\n<meta property=\"og:image\" content=\"https:\/\/www.ericadventures.com\/wp-content\/uploads\/stand-up-padle-1-day-2.jpg\" \/>\n\t<meta property=\"og:image:width\" content=\"630\" \/>\n\t<meta property=\"og:image:height\" content=\"420\" \/>\n\t<meta property=\"og:image:type\" content=\"image\/jpeg\" \/>\n<meta name=\"twitter:card\" content=\"summary_large_image\" \/>\n<meta name=\"twitter:label1\" content=\"Est. tempo de leitura\" \/>\n\t<meta name=\"twitter:data1\" content=\"1 minuto\" \/>\n<script type=\"application\/ld+json\" class=\"yoast-schema-graph\">{\"@context\":\"https:\/\/schema.org\",\"@graph\":[{\"@type\":\"WebPage\",\"@id\":\"https:\/\/www.ericadventures.com\/en\/cusco\/stand-up-paddle\/\",\"url\":\"https:\/\/www.ericadventures.com\/en\/cusco\/stand-up-paddle\/\",\"name\":\"Stand Up Paddle em Cuzco\",\"isPartOf\":{\"@id\":\"https:\/\/www.ericadventures.com\/en\/#website\"},\"primaryImageOfPage\":{\"@id\":\"https:\/\/www.ericadventures.com\/en\/cusco\/stand-up-paddle\/#primaryimage\"},\"image\":{\"@id\":\"https:\/\/www.ericadventures.com\/en\/cusco\/stand-up-paddle\/#primaryimage\"},\"thumbnailUrl\":\"https:\/\/www.ericadventures.com\/wp-content\/uploads\/stand-up-padle-1-day-2.jpg\",\"datePublished\":\"2024-03-25T01:17:54+00:00\",\"dateModified\":\"2024-03-25T01:30:50+00:00\",\"description\":\"O passeio de caiaque, semelhante ao SUP, utiliza um caiaque longo e remo para explorar a \u00e1gua e manter o equil\u00edbrio enquanto rema.\",\"breadcrumb\":{\"@id\":\"https:\/\/www.ericadventures.com\/en\/cusco\/stand-up-paddle\/#breadcrumb\"},\"inLanguage\":\"pt-BR\",\"potentialAction\":[{\"@type\":\"ReadAction\",\"target\":[\"https:\/\/www.ericadventures.com\/en\/cusco\/stand-up-paddle\/\"]}]},{\"@type\":\"ImageObject\",\"inLanguage\":\"pt-BR\",\"@id\":\"https:\/\/www.ericadventures.com\/en\/cusco\/stand-up-paddle\/#primaryimage\",\"url\":\"https:\/\/www.ericadventures.com\/wp-content\/uploads\/stand-up-padle-1-day-2.jpg\",\"contentUrl\":\"https:\/\/www.ericadventures.com\/wp-content\/uploads\/stand-up-padle-1-day-2.jpg\",\"width\":630,\"height\":420,\"caption\":\"Stand Up Padle\"},{\"@type\":\"BreadcrumbList\",\"@id\":\"https:\/\/www.ericadventures.com\/en\/cusco\/stand-up-paddle\/#breadcrumb\",\"itemListElement\":[{\"@type\":\"ListItem\",\"position\":1,\"name\":\"Home\",\"item\":\"https:\/\/www.ericadventures.com\/pt-br\/\"},{\"@type\":\"ListItem\",\"position\":2,\"name\":\"Passeios Em Cusco\",\"item\":\"https:\/\/www.ericadventures.com\/pt-br\/cusco\/\"},{\"@type\":\"ListItem\",\"position\":3,\"name\":\"Stand Up Paddle\"}]},{\"@type\":\"WebSite\",\"@id\":\"https:\/\/www.ericadventures.com\/en\/#website\",\"url\":\"https:\/\/www.ericadventures.com\/en\/\",\"name\":\"Eric Adventures\",\"description\":\"\",\"publisher\":{\"@id\":\"https:\/\/www.ericadventures.com\/en\/#organization\"},\"alternateName\":\"Eric Adventures\",\"potentialAction\":[{\"@type\":\"SearchAction\",\"target\":{\"@type\":\"EntryPoint\",\"urlTemplate\":\"https:\/\/www.ericadventures.com\/en\/?s={search_term_string}\"},\"query-input\":{\"@type\":\"PropertyValueSpecification\",\"valueRequired\":true,\"valueName\":\"search_term_string\"}}],\"inLanguage\":\"pt-BR\"},{\"@type\":\"Organization\",\"@id\":\"https:\/\/www.ericadventures.com\/en\/#organization\",\"name\":\"Eric Adventures\",\"url\":\"https:\/\/www.ericadventures.com\/en\/\",\"logo\":{\"@type\":\"ImageObject\",\"inLanguage\":\"pt-BR\",\"@id\":\"https:\/\/www.ericadventures.com\/en\/#\/schema\/logo\/image\/\",\"url\":\"https:\/\/www.ericadventures.com\/wp-content\/uploads\/logo-ericadventures.png\",\"contentUrl\":\"https:\/\/www.ericadventures.com\/wp-content\/uploads\/logo-ericadventures.png\",\"width\":500,\"height\":106,\"caption\":\"Eric Adventures\"},\"image\":{\"@id\":\"https:\/\/www.ericadventures.com\/en\/#\/schema\/logo\/image\/\"}}]}<\/script>\n<!-- \/ Yoast SEO Premium plugin. -->","yoast_head_json":{"title":"Stand Up Paddle em Cuzco","description":"O passeio de caiaque, semelhante ao SUP, utiliza um caiaque longo e remo para explorar a \u00e1gua e manter o equil\u00edbrio enquanto rema.","robots":{"index":"index","follow":"follow","max-snippet":"max-snippet:-1","max-image-preview":"max-image-preview:large","max-video-preview":"max-video-preview:-1"},"canonical":"https:\/\/www.ericadventures.com\/en\/cusco\/stand-up-paddle\/","og_locale":"pt_BR","og_type":"article","og_title":"Stand Up Paddle","og_description":"O passeio de caiaque, semelhante ao SUP, utiliza um caiaque longo e remo para explorar a \u00e1gua e manter o equil\u00edbrio enquanto rema.","og_url":"https:\/\/www.ericadventures.com\/en\/cusco\/stand-up-paddle\/","og_site_name":"Eric Adventures","article_modified_time":"2024-03-25T01:30:50+00:00","og_image":[{"width":630,"height":420,"url":"https:\/\/www.ericadventures.com\/wp-content\/uploads\/stand-up-padle-1-day-2.jpg","type":"image\/jpeg"}],"twitter_card":"summary_large_image","twitter_misc":{"Est. tempo de leitura":"1 minuto"},"schema":{"@context":"https:\/\/schema.org","@graph":[{"@type":"WebPage","@id":"https:\/\/www.ericadventures.com\/en\/cusco\/stand-up-paddle\/","url":"https:\/\/www.ericadventures.com\/en\/cusco\/stand-up-paddle\/","name":"Stand Up Paddle em Cuzco","isPartOf":{"@id":"https:\/\/www.ericadventures.com\/en\/#website"},"primaryImageOfPage":{"@id":"https:\/\/www.ericadventures.com\/en\/cusco\/stand-up-paddle\/#primaryimage"},"image":{"@id":"https:\/\/www.ericadventures.com\/en\/cusco\/stand-up-paddle\/#primaryimage"},"thumbnailUrl":"https:\/\/www.ericadventures.com\/wp-content\/uploads\/stand-up-padle-1-day-2.jpg","datePublished":"2024-03-25T01:17:54+00:00","dateModified":"2024-03-25T01:30:50+00:00","description":"O passeio de caiaque, semelhante ao SUP, utiliza um caiaque longo e remo para explorar a \u00e1gua e manter o equil\u00edbrio enquanto rema.","breadcrumb":{"@id":"https:\/\/www.ericadventures.com\/en\/cusco\/stand-up-paddle\/#breadcrumb"},"inLanguage":"pt-BR","potentialAction":[{"@type":"ReadAction","target":["https:\/\/www.ericadventures.com\/en\/cusco\/stand-up-paddle\/"]}]},{"@type":"ImageObject","inLanguage":"pt-BR","@id":"https:\/\/www.ericadventures.com\/en\/cusco\/stand-up-paddle\/#primaryimage","url":"https:\/\/www.ericadventures.com\/wp-content\/uploads\/stand-up-padle-1-day-2.jpg","contentUrl":"https:\/\/www.ericadventures.com\/wp-content\/uploads\/stand-up-padle-1-day-2.jpg","width":630,"height":420,"caption":"Stand Up Padle"},{"@type":"BreadcrumbList","@id":"https:\/\/www.ericadventures.com\/en\/cusco\/stand-up-paddle\/#breadcrumb","itemListElement":[{"@type":"ListItem","position":1,"name":"Home","item":"https:\/\/www.ericadventures.com\/pt-br\/"},{"@type":"ListItem","position":2,"name":"Passeios Em Cusco","item":"https:\/\/www.ericadventures.com\/pt-br\/cusco\/"},{"@type":"ListItem","position":3,"name":"Stand Up Paddle"}]},{"@type":"WebSite","@id":"https:\/\/www.ericadventures.com\/en\/#website","url":"https:\/\/www.ericadventures.com\/en\/","name":"Eric Adventures","description":"","publisher":{"@id":"https:\/\/www.ericadventures.com\/en\/#organization"},"alternateName":"Eric Adventures","potentialAction":[{"@type":"SearchAction","target":{"@type":"EntryPoint","urlTemplate":"https:\/\/www.ericadventures.com\/en\/?s={search_term_string}"},"query-input":{"@type":"PropertyValueSpecification","valueRequired":true,"valueName":"search_term_string"}}],"inLanguage":"pt-BR"},{"@type":"Organization","@id":"https:\/\/www.ericadventures.com\/en\/#organization","name":"Eric Adventures","url":"https:\/\/www.ericadventures.com\/en\/","logo":{"@type":"ImageObject","inLanguage":"pt-BR","@id":"https:\/\/www.ericadventures.com\/en\/#\/schema\/logo\/image\/","url":"https:\/\/www.ericadventures.com\/wp-content\/uploads\/logo-ericadventures.png","contentUrl":"https:\/\/www.ericadventures.com\/wp-content\/uploads\/logo-ericadventures.png","width":500,"height":106,"caption":"Eric Adventures"},"image":{"@id":"https:\/\/www.ericadventures.com\/en\/#\/schema\/logo\/image\/"}}]}},"coauthors":[],"author_meta":{"author_link":"https:\/\/www.ericadventures.com\/pt-br\/author\/joaco\/","display_name":"Joaqu\u00edn Arenas Hermoza"},"relative_dates":{"created":"Publicado 2 anos atr\u00e1s","modified":"Atualizado 2 anos atr\u00e1s"},"absolute_dates":{"created":"Publicado em mar\u00e7o 24, 2024","modified":"Atualizado em mar\u00e7o 24, 2024"},"absolute_dates_time":{"created":"Publicado em mar\u00e7o 24, 2024 8:17 pm","modified":"Atualizado em mar\u00e7o 24, 2024 8:30 pm"},"featured_img_caption":"","featured_img":"https:\/\/www.ericadventures.com\/wp-content\/uploads\/stand-up-padle-1-day-2.jpg","series_order":"","_links":{"self":[{"href":"https:\/\/www.ericadventures.com\/pt-br\/wp-json\/wp\/v2\/pages\/14865","targetHints":{"allow":["GET"]}}],"collection":[{"href":"https:\/\/www.ericadventures.com\/pt-br\/wp-json\/wp\/v2\/pages"}],"about":[{"href":"https:\/\/www.ericadventures.com\/pt-br\/wp-json\/wp\/v2\/types\/page"}],"author":[{"embeddable":true,"href":"https:\/\/www.ericadventures.com\/pt-br\/wp-json\/wp\/v2\/users\/3"}],"replies":[{"embeddable":true,"href":"https:\/\/www.ericadventures.com\/pt-br\/wp-json\/wp\/v2\/comments?post=14865"}],"version-history":[{"count":1,"href":"https:\/\/www.ericadventures.com\/pt-br\/wp-json\/wp\/v2\/pages\/14865\/revisions"}],"predecessor-version":[{"id":14869,"href":"https:\/\/www.ericadventures.com\/pt-br\/wp-json\/wp\/v2\/pages\/14865\/revisions\/14869"}],"up":[{"embeddable":true,"href":"https:\/\/www.ericadventures.com\/pt-br\/wp-json\/wp\/v2\/pages\/1100"}],"wp:featuredmedia":[{"embeddable":true,"href":"https:\/\/www.ericadventures.com\/pt-br\/wp-json\/wp\/v2\/media\/14860"}],"wp:attachment":[{"href":"https:\/\/www.ericadventures.com\/pt-br\/wp-json\/wp\/v2\/media?parent=14865"}],"curies":[{"name":"wp","href":"https:\/\/api.w.org\/{rel}","templated":true}]}}