{"id":14937,"date":"2024-03-24T20:57:36","date_gmt":"2024-03-25T01:57:36","guid":{"rendered":"https:\/\/www.ericadventures.com\/cusco\/cusco-peru-caminatas\/"},"modified":"2024-03-24T21:14:00","modified_gmt":"2024-03-25T02:14:00","slug":"cusco-peru-trekking","status":"publish","type":"page","link":"https:\/\/www.ericadventures.com\/pt-br\/cusco\/cusco-peru-trekking\/","title":{"rendered":"Caminhada E Trilhas Para Machu Picchu"},"content":{"rendered":"<div class=\"grid grid-cols-1 sm:grid-cols-2 md:grid-cols-3 xl:grid-cols-4 gap-5\">\n\t\t\t\t\t\t\t<div>\n                                <div class=\"border bg-white shadow rounded-md p-1\">\n                                    <a href=\"https:\/\/www.ericadventures.com\/pt-br\/cusco\/cusco-peru-trekking\/trilha-inca-machupicchu-2d\/\">\n                                        <div class=\"overflow-hidden\"><img decoding=\"async\" width=\"400\" height=\"215\" src=\"https:\/\/www.ericadventures.com\/wp-content\/uploads\/short-inca-trail-1-400x215.jpg\" class=\"w-full transform duration-200 hover:scale-110 z-10 rounded-t-md wp-post-image\" alt=\"\" loading=\"lazy\" \/><\/div>\n                                    <\/a>\n                                     <a href=\"https:\/\/www.ericadventures.com\/pt-br\/cusco\/cusco-peru-trekking\/trilha-inca-machupicchu-2d\/\" class=\"hover:text-eric text-gray-800 hover:no-underline transition-all\" ><h2 class=\"text-center font-nunito uppercase text-sm font-bold my-2 \">Trilha Inca Para Machu Picchu 2 Dias<\/h2><\/a>\n                                     <hr class=\"mb-1 -mt-1 border-dotted border-b-1 border-gray-600\">\n                                     <div class=\"px-2\"><p>Pegamos os passageiros \u00e0s 5 da manh\u00e3, vamos ao km. 104 de trem, caminhamos at\u00e9 Wi\u00f1ayhuayna e pegamos o \u00f4nibus [&hellip;]<\/p>\n                                       \n                                     <\/div>\n                                <\/div>\n\n                            <\/div>\n\t\t\t\t\t<\/div>\n","protected":false},"excerpt":{"rendered":"","protected":false},"author":3,"featured_media":14932,"parent":1100,"menu_order":0,"comment_status":"closed","ping_status":"closed","template":"page-city.php","meta":{"_acf_changed":false,"advgb_blocks_editor_width":"","advgb_blocks_columns_visual_guide":"","footnotes":""},"class_list":["post-14937","page","type-page","status-publish","has-post-thumbnail","hentry"],"acf":[],"yoast_head":"<!-- This site is optimized with the Yoast SEO Premium plugin v25.4 (Yoast SEO v26.9) - https:\/\/yoast.com\/product\/yoast-seo-premium-wordpress\/ -->\n<title>Passeios e excurs\u00f5es em Cusco Peru<\/title>\n<meta name=\"description\" content=\"Quatro dias de caminhada at\u00e9 Machu Picchu pela trilha Inca. Teremos uma vista impressionante de Machu Picchu desde Intipunku.\" \/>\n<meta name=\"robots\" content=\"index, follow, max-snippet:-1, max-image-preview:large, max-video-preview:-1\" \/>\n<link rel=\"canonical\" href=\"https:\/\/www.ericadventures.com\/en\/cusco\/cusco-peru-trekking\/\" \/>\n<meta property=\"og:locale\" content=\"pt_BR\" \/>\n<meta property=\"og:type\" content=\"article\" \/>\n<meta property=\"og:title\" content=\"Caminhada E Trilhas Para Machu Picchu\" \/>\n<meta property=\"og:description\" content=\"Quatro dias de caminhada at\u00e9 Machu Picchu pela trilha Inca. Teremos uma vista impressionante de Machu Picchu desde Intipunku.\" \/>\n<meta property=\"og:url\" content=\"https:\/\/www.ericadventures.com\/en\/cusco\/cusco-peru-trekking\/\" \/>\n<meta property=\"og:site_name\" content=\"Eric Adventures\" \/>\n<meta property=\"article:modified_time\" content=\"2024-03-25T02:14:00+00:00\" \/>\n<meta property=\"og:image\" content=\"https:\/\/www.ericadventures.com\/wp-content\/uploads\/descarga.jpg\" \/>\n\t<meta property=\"og:image:width\" content=\"259\" \/>\n\t<meta property=\"og:image:height\" content=\"194\" \/>\n\t<meta property=\"og:image:type\" content=\"image\/jpeg\" \/>\n<meta name=\"twitter:card\" content=\"summary_large_image\" \/>\n<meta name=\"twitter:label1\" content=\"Est. tempo de leitura\" \/>\n\t<meta name=\"twitter:data1\" content=\"1 minuto\" \/>\n<script type=\"application\/ld+json\" class=\"yoast-schema-graph\">{\"@context\":\"https:\/\/schema.org\",\"@graph\":[{\"@type\":\"WebPage\",\"@id\":\"https:\/\/www.ericadventures.com\/en\/cusco\/cusco-peru-trekking\/\",\"url\":\"https:\/\/www.ericadventures.com\/en\/cusco\/cusco-peru-trekking\/\",\"name\":\"Passeios e excurs\u00f5es em Cusco Peru\",\"isPartOf\":{\"@id\":\"https:\/\/www.ericadventures.com\/en\/#website\"},\"primaryImageOfPage\":{\"@id\":\"https:\/\/www.ericadventures.com\/en\/cusco\/cusco-peru-trekking\/#primaryimage\"},\"image\":{\"@id\":\"https:\/\/www.ericadventures.com\/en\/cusco\/cusco-peru-trekking\/#primaryimage\"},\"thumbnailUrl\":\"https:\/\/www.ericadventures.com\/wp-content\/uploads\/descarga.jpg\",\"datePublished\":\"2024-03-25T01:57:36+00:00\",\"dateModified\":\"2024-03-25T02:14:00+00:00\",\"description\":\"Quatro dias de caminhada at\u00e9 Machu Picchu pela trilha Inca. Teremos uma vista impressionante de Machu Picchu desde Intipunku.\",\"breadcrumb\":{\"@id\":\"https:\/\/www.ericadventures.com\/en\/cusco\/cusco-peru-trekking\/#breadcrumb\"},\"inLanguage\":\"pt-BR\",\"potentialAction\":[{\"@type\":\"ReadAction\",\"target\":[\"https:\/\/www.ericadventures.com\/en\/cusco\/cusco-peru-trekking\/\"]}]},{\"@type\":\"ImageObject\",\"inLanguage\":\"pt-BR\",\"@id\":\"https:\/\/www.ericadventures.com\/en\/cusco\/cusco-peru-trekking\/#primaryimage\",\"url\":\"https:\/\/www.ericadventures.com\/wp-content\/uploads\/descarga.jpg\",\"contentUrl\":\"https:\/\/www.ericadventures.com\/wp-content\/uploads\/descarga.jpg\",\"width\":259,\"height\":194,\"caption\":\"Trekking And Hiking Machu Picchu\"},{\"@type\":\"BreadcrumbList\",\"@id\":\"https:\/\/www.ericadventures.com\/en\/cusco\/cusco-peru-trekking\/#breadcrumb\",\"itemListElement\":[{\"@type\":\"ListItem\",\"position\":1,\"name\":\"Home\",\"item\":\"https:\/\/www.ericadventures.com\/pt-br\/\"},{\"@type\":\"ListItem\",\"position\":2,\"name\":\"Passeios Em Cusco\",\"item\":\"https:\/\/www.ericadventures.com\/pt-br\/cusco\/\"},{\"@type\":\"ListItem\",\"position\":3,\"name\":\"Caminhada E Trilhas Para Machu Picchu\"}]},{\"@type\":\"WebSite\",\"@id\":\"https:\/\/www.ericadventures.com\/en\/#website\",\"url\":\"https:\/\/www.ericadventures.com\/en\/\",\"name\":\"Eric Adventures\",\"description\":\"\",\"publisher\":{\"@id\":\"https:\/\/www.ericadventures.com\/en\/#organization\"},\"alternateName\":\"Eric Adventures\",\"potentialAction\":[{\"@type\":\"SearchAction\",\"target\":{\"@type\":\"EntryPoint\",\"urlTemplate\":\"https:\/\/www.ericadventures.com\/en\/?s={search_term_string}\"},\"query-input\":{\"@type\":\"PropertyValueSpecification\",\"valueRequired\":true,\"valueName\":\"search_term_string\"}}],\"inLanguage\":\"pt-BR\"},{\"@type\":\"Organization\",\"@id\":\"https:\/\/www.ericadventures.com\/en\/#organization\",\"name\":\"Eric Adventures\",\"url\":\"https:\/\/www.ericadventures.com\/en\/\",\"logo\":{\"@type\":\"ImageObject\",\"inLanguage\":\"pt-BR\",\"@id\":\"https:\/\/www.ericadventures.com\/en\/#\/schema\/logo\/image\/\",\"url\":\"https:\/\/www.ericadventures.com\/wp-content\/uploads\/logo-ericadventures.png\",\"contentUrl\":\"https:\/\/www.ericadventures.com\/wp-content\/uploads\/logo-ericadventures.png\",\"width\":500,\"height\":106,\"caption\":\"Eric Adventures\"},\"image\":{\"@id\":\"https:\/\/www.ericadventures.com\/en\/#\/schema\/logo\/image\/\"}}]}<\/script>\n<!-- \/ Yoast SEO Premium plugin. -->","yoast_head_json":{"title":"Passeios e excurs\u00f5es em Cusco Peru","description":"Quatro dias de caminhada at\u00e9 Machu Picchu pela trilha Inca. Teremos uma vista impressionante de Machu Picchu desde Intipunku.","robots":{"index":"index","follow":"follow","max-snippet":"max-snippet:-1","max-image-preview":"max-image-preview:large","max-video-preview":"max-video-preview:-1"},"canonical":"https:\/\/www.ericadventures.com\/en\/cusco\/cusco-peru-trekking\/","og_locale":"pt_BR","og_type":"article","og_title":"Caminhada E Trilhas Para Machu Picchu","og_description":"Quatro dias de caminhada at\u00e9 Machu Picchu pela trilha Inca. Teremos uma vista impressionante de Machu Picchu desde Intipunku.","og_url":"https:\/\/www.ericadventures.com\/en\/cusco\/cusco-peru-trekking\/","og_site_name":"Eric Adventures","article_modified_time":"2024-03-25T02:14:00+00:00","og_image":[{"width":259,"height":194,"url":"https:\/\/www.ericadventures.com\/wp-content\/uploads\/descarga.jpg","type":"image\/jpeg"}],"twitter_card":"summary_large_image","twitter_misc":{"Est. tempo de leitura":"1 minuto"},"schema":{"@context":"https:\/\/schema.org","@graph":[{"@type":"WebPage","@id":"https:\/\/www.ericadventures.com\/en\/cusco\/cusco-peru-trekking\/","url":"https:\/\/www.ericadventures.com\/en\/cusco\/cusco-peru-trekking\/","name":"Passeios e excurs\u00f5es em Cusco Peru","isPartOf":{"@id":"https:\/\/www.ericadventures.com\/en\/#website"},"primaryImageOfPage":{"@id":"https:\/\/www.ericadventures.com\/en\/cusco\/cusco-peru-trekking\/#primaryimage"},"image":{"@id":"https:\/\/www.ericadventures.com\/en\/cusco\/cusco-peru-trekking\/#primaryimage"},"thumbnailUrl":"https:\/\/www.ericadventures.com\/wp-content\/uploads\/descarga.jpg","datePublished":"2024-03-25T01:57:36+00:00","dateModified":"2024-03-25T02:14:00+00:00","description":"Quatro dias de caminhada at\u00e9 Machu Picchu pela trilha Inca. Teremos uma vista impressionante de Machu Picchu desde Intipunku.","breadcrumb":{"@id":"https:\/\/www.ericadventures.com\/en\/cusco\/cusco-peru-trekking\/#breadcrumb"},"inLanguage":"pt-BR","potentialAction":[{"@type":"ReadAction","target":["https:\/\/www.ericadventures.com\/en\/cusco\/cusco-peru-trekking\/"]}]},{"@type":"ImageObject","inLanguage":"pt-BR","@id":"https:\/\/www.ericadventures.com\/en\/cusco\/cusco-peru-trekking\/#primaryimage","url":"https:\/\/www.ericadventures.com\/wp-content\/uploads\/descarga.jpg","contentUrl":"https:\/\/www.ericadventures.com\/wp-content\/uploads\/descarga.jpg","width":259,"height":194,"caption":"Trekking And Hiking Machu Picchu"},{"@type":"BreadcrumbList","@id":"https:\/\/www.ericadventures.com\/en\/cusco\/cusco-peru-trekking\/#breadcrumb","itemListElement":[{"@type":"ListItem","position":1,"name":"Home","item":"https:\/\/www.ericadventures.com\/pt-br\/"},{"@type":"ListItem","position":2,"name":"Passeios Em Cusco","item":"https:\/\/www.ericadventures.com\/pt-br\/cusco\/"},{"@type":"ListItem","position":3,"name":"Caminhada E Trilhas Para Machu Picchu"}]},{"@type":"WebSite","@id":"https:\/\/www.ericadventures.com\/en\/#website","url":"https:\/\/www.ericadventures.com\/en\/","name":"Eric Adventures","description":"","publisher":{"@id":"https:\/\/www.ericadventures.com\/en\/#organization"},"alternateName":"Eric Adventures","potentialAction":[{"@type":"SearchAction","target":{"@type":"EntryPoint","urlTemplate":"https:\/\/www.ericadventures.com\/en\/?s={search_term_string}"},"query-input":{"@type":"PropertyValueSpecification","valueRequired":true,"valueName":"search_term_string"}}],"inLanguage":"pt-BR"},{"@type":"Organization","@id":"https:\/\/www.ericadventures.com\/en\/#organization","name":"Eric Adventures","url":"https:\/\/www.ericadventures.com\/en\/","logo":{"@type":"ImageObject","inLanguage":"pt-BR","@id":"https:\/\/www.ericadventures.com\/en\/#\/schema\/logo\/image\/","url":"https:\/\/www.ericadventures.com\/wp-content\/uploads\/logo-ericadventures.png","contentUrl":"https:\/\/www.ericadventures.com\/wp-content\/uploads\/logo-ericadventures.png","width":500,"height":106,"caption":"Eric Adventures"},"image":{"@id":"https:\/\/www.ericadventures.com\/en\/#\/schema\/logo\/image\/"}}]}},"coauthors":[],"author_meta":{"author_link":"https:\/\/www.ericadventures.com\/pt-br\/author\/joaco\/","display_name":"Joaqu\u00edn Arenas Hermoza"},"relative_dates":{"created":"Publicado 2 anos atr\u00e1s","modified":"Atualizado 2 anos atr\u00e1s"},"absolute_dates":{"created":"Publicado em mar\u00e7o 24, 2024","modified":"Atualizado em mar\u00e7o 24, 2024"},"absolute_dates_time":{"created":"Publicado em mar\u00e7o 24, 2024 8:57 pm","modified":"Atualizado em mar\u00e7o 24, 2024 9:14 pm"},"featured_img_caption":"","featured_img":"https:\/\/www.ericadventures.com\/wp-content\/uploads\/descarga.jpg","series_order":"","_links":{"self":[{"href":"https:\/\/www.ericadventures.com\/pt-br\/wp-json\/wp\/v2\/pages\/14937","targetHints":{"allow":["GET"]}}],"collection":[{"href":"https:\/\/www.ericadventures.com\/pt-br\/wp-json\/wp\/v2\/pages"}],"about":[{"href":"https:\/\/www.ericadventures.com\/pt-br\/wp-json\/wp\/v2\/types\/page"}],"author":[{"embeddable":true,"href":"https:\/\/www.ericadventures.com\/pt-br\/wp-json\/wp\/v2\/users\/3"}],"replies":[{"embeddable":true,"href":"https:\/\/www.ericadventures.com\/pt-br\/wp-json\/wp\/v2\/comments?post=14937"}],"version-history":[{"count":2,"href":"https:\/\/www.ericadventures.com\/pt-br\/wp-json\/wp\/v2\/pages\/14937\/revisions"}],"predecessor-version":[{"id":14949,"href":"https:\/\/www.ericadventures.com\/pt-br\/wp-json\/wp\/v2\/pages\/14937\/revisions\/14949"}],"up":[{"embeddable":true,"href":"https:\/\/www.ericadventures.com\/pt-br\/wp-json\/wp\/v2\/pages\/1100"}],"wp:featuredmedia":[{"embeddable":true,"href":"https:\/\/www.ericadventures.com\/pt-br\/wp-json\/wp\/v2\/media\/14932"}],"wp:attachment":[{"href":"https:\/\/www.ericadventures.com\/pt-br\/wp-json\/wp\/v2\/media?parent=14937"}],"curies":[{"name":"wp","href":"https:\/\/api.w.org\/{rel}","templated":true}]}}