{"id":1523,"date":"2023-11-01T23:41:54","date_gmt":"2023-11-02T04:41:54","guid":{"rendered":"https:\/\/www.ericadventures.com\/motorcycle-rental-peru\/honda-xr-190l\/"},"modified":"2026-03-28T11:46:59","modified_gmt":"2026-03-28T16:46:59","slug":"honda-xr-190l","status":"publish","type":"page","link":"https:\/\/www.ericadventures.com\/pt-br\/aluguel-motos-cusco\/honda-xr-190l\/","title":{"rendered":"Honda Xr 190 L"},"content":{"rendered":"<div class=\"wp-block-image\">\n<figure class=\"aligncenter size-full\"><img loading=\"lazy\" decoding=\"async\" width=\"584\" height=\"398\" src=\"https:\/\/www.ericadventures.com\/wp-content\/uploads\/honda-xr-190l.jpg\" alt=\"\" class=\"wp-image-1515\" srcset=\"https:\/\/www.ericadventures.com\/wp-content\/uploads\/honda-xr-190l.jpg 584w, https:\/\/www.ericadventures.com\/wp-content\/uploads\/honda-xr-190l-300x204.jpg 300w\" sizes=\"auto, (max-width: 584px) 100vw, 584px\" \/><\/figure>\n<\/div>\n\n\n<!--Markup for citys-->\n\n<div id=\"item-block_a09cfb89cea1ef1242019931f628f3e4\" class=\"item\">\n\n    \n        <table class=\"table-moto\">\n            <tbody>\n                <tr>\n                    <td colspan=\"2\"><strong> Pre\u00e7o em d\u00f3lares americanos por dia por motocicleta <\/strong><\/td>\n                <\/tr>\n                \n                            <tr>\n                                <td><strong>1 &#8211; 7 Dias<\/strong><\/td><td>US$45<\/td>\n                            <\/tr>\n                \n                        \n                            <tr>\n                                <td><strong>8 &#8211; 14 Dias<\/strong><\/td><td>US$43<\/td>\n                            <\/tr>\n                \n                        \n                            <tr>\n                                <td><strong>15 + Dias<\/strong><\/td><td>US$40<\/td>\n                            <\/tr>\n                \n                        \n            <\/tbody>\n        <\/table>\n\n<\/div>\n\n\n<p><strong>Nota:<\/strong> Nossos pre\u00e7os podem variar de acordo com a disponibilidade e a temporada.<\/p>\n\n\n\n<h3 class=\"wp-block-heading\" id=\"h-detalhes-da-motocicleta\"><strong>Detalhes da motocicleta:<\/strong><\/h3>\n\n\n\n<ul class=\"wp-block-list\">\n<li>Tipo de motor: 184,4 cc (refrigerado a ar, 1 cilindro, SOHC, motor de inje\u00e7\u00e3o de 4 tempos)<\/li>\n\n\n\n<li>Tipo de igni\u00e7\u00e3o: El\u00e9trica e Kick<\/li>\n\n\n\n<li>Transmiss\u00e3o: 5 velocidades<\/li>\n\n\n\n<li>Capacidade de combust\u00edvel: 12 litros<\/li>\n\n\n\n<li>Altura do assento: 835mm<\/li>\n\n\n\n<li>Rendimento de Combust\u00edvel: 35Km\/l<\/li>\n<\/ul>\n\n\n\n<h3 class=\"wp-block-heading\" id=\"h-as-tarifas-incluem\"><strong>AS TARIFAS INCLUEM:<\/strong><\/h3>\n\n\n\n<ul class=\"wp-block-list\">\n<li>300 km gr\u00e1tis por dia. US$ 0,5 por km adicional<\/li>\n\n\n\n<li>Seguro Obrigat\u00f3rio Contra Acidentes de Tr\u00e2nsito (SOAT) Este seguro cobre danos ao motociclista, passageiro e terceiros. * O seguro \u00e9 v\u00e1lido somente em territ\u00f3rio peruano.<\/li>\n\n\n\n<li>Equipamentos de seguran\u00e7a para o Piloto: Capacete, Luvas, Jaqueta)<\/li>\n\n\n\n<li>Kit de Ferramentas B\u00e1sico<\/li>\n\n\n\n<li>O rack pode transportar at\u00e9 10 quilos de bagagem<\/li>\n<\/ul>\n\n\n\n<h3 class=\"wp-block-heading\" id=\"h-precos-nao-incluem\">PRE\u00c7OS N\u00c3O INCLUEM:<\/h3>\n\n\n\n<ul class=\"wp-block-list\">\n<li>Combust\u00edvel<\/li>\n\n\n\n<li>ped\u00e1gios<\/li>\n<\/ul>\n\n\n\n<h3 class=\"wp-block-heading\" id=\"h-adicional\"><strong>ADICIONAL:<\/strong><\/h3>\n\n\n\n<ul class=\"wp-block-list\">\n<li>Passageiro adicional (US$ 20 por dia)<\/li>\n\n\n\n<li>Aluguel de GPS (US$ 20 por dia)<\/li>\n\n\n\n<li>C\u00e2mera de foto e v\u00eddeo \u201cGoPro\u201d (US$ 20 por dia)<\/li>\n\n\n\n<li>Fato de chuva (US$ 10 por dia)<\/li>\n\n\n\n<li>Saco seco (US$ 5 por dia)<\/li>\n\n\n\n<li>Saco de dep\u00f3sito (US$ 10 por dia)<\/li>\n\n\n\n<li>Caixa lateral de metal (US$ 20 por dia)<\/li>\n\n\n\n<li>Capacete extra (US$ 5 por dia)<\/li>\n<\/ul>\n\n\n\n<h3 class=\"wp-block-heading\" id=\"h-horario-de-funcionamento\">HOR\u00c1RIO DE FUNCIONAMENTO<\/h3>\n\n\n\n<p>Nosso hor\u00e1rio de funcionamento \u00e9:<\/p>\n\n\n\n<ul class=\"wp-block-list\">\n<li>De segunda a s\u00e1bado, das 8h30 \u00e0s 13h e das 15h \u00e0s 17h30.<\/li>\n<\/ul>\n\n\n\n<p>*Todos os ve\u00edculos devem ser entregues e devolvidos durante o hor\u00e1rio comercial, caso contr\u00e1rio, ser\u00e3o aplicadas taxas adicionais\u2026 (US$ 25 por motocicleta aproximadamente)<\/p>\n\n\n\n<h3 class=\"wp-block-heading\" id=\"h-garantia\">GARANTIA:<\/h3>\n\n\n\n<p>Para o aluguel \u00e9 obrigat\u00f3rio deixar um dep\u00f3sito de US$ 500 como garantia (n\u00e3o pago), em nome da pessoa que conduzir\u00e1 a motocicleta, esta garantia pode ser em dinheiro ou cart\u00e3o de cr\u00e9dito VISA.<\/p>\n\n\n\n<p>A garantia ser\u00e1 devolvida assim que voc\u00ea nos entregar a motocicleta nas mesmas condi\u00e7\u00f5es em que a recebeu, se tiver algum dano, usaremos parte da garantia de acordo com o valor dos custos de reparo.<\/p>\n\n\n\n<p>*O valor da garantia pode variar dependendo da \u00e1rea onde a motocicleta ser\u00e1 adquirida, por exemplo, Lima \u00e9 uma cidade mais perigosa que Cusco, devido \u00e0 garantia que nossos clientes devem pagar, pode ser maior em Lima do que em Cusco . Isto tamb\u00e9m ser\u00e1 levado em considera\u00e7\u00e3o para todos os locais onde voc\u00ea colocar a motocicleta.<\/p>\n\n\n\n<h3 class=\"wp-block-heading\" id=\"h-seguro-contra-danos-a-motocicleta\">SEGURO CONTRA DANOS \u00c0 MOTOCICLETA:<\/h3>\n\n\n\n<p>Seguro para danos parciais ou totais ao ve\u00edculo $ 450<\/p>\n\n\n\n<h3 class=\"wp-block-heading\" id=\"h-politicas-de-aluguel\">POL\u00cdTICAS DE ALUGUEL:<\/h3>\n\n\n\n<p>Voc\u00ea precisa ter:<\/p>\n\n\n\n<ul class=\"wp-block-list\">\n<li>1) Carteira de motorista internacional<\/li>\n\n\n\n<li>2) Cart\u00e3o de Cr\u00e9dito (Para pagamento e garantia)<\/li>\n\n\n\n<li>3) Passaporte<\/li>\n\n\n\n<li>4) Ter mais de 18 anos<\/li>\n<\/ul>\n\n\n\n<h3 class=\"wp-block-heading\" id=\"h-partida-de-motocicleta-para-fora-do-peru\">PARTIDA DE MOTOCICLETA PARA FORA DO PERU<\/h3>\n\n\n\n<p>Para concluir a documenta\u00e7\u00e3o necess\u00e1ria, o cliente deve estar em Cusco com uma semana de anteced\u00eancia.<\/p>\n\n\n\n<p>O pre\u00e7o para dar uma autoriza\u00e7\u00e3o notarial para levar a motocicleta para fora do Peru \u00e9 de US$ 1250, o pre\u00e7o do aluguel di\u00e1rio aumentar\u00e1 em 50% e a garantia da motocicleta \u00e9 o valor total da mesma (por cart\u00e3o de cr\u00e9dito ou dinheiro)\u2026 Normalmente esses procedimentos s\u00e3o realizados normalmente, por\u00e9m n\u00e3o seremos respons\u00e1veis se devido a fatores externos, tal objetivo n\u00e3o puder ser alcan\u00e7ado, como:<\/p>\n\n\n\n<ul class=\"wp-block-list\">\n<li>Crise pol\u00edtica, greves, paralisa\u00e7\u00f5es, etc.<\/li>\n\n\n\n<li>emerg\u00eancias<\/li>\n\n\n\n<li>Cat\u00e1strofes naturais<\/li>\n\n\n\n<li>Mudan\u00e7as nos regulamentos aduaneiros<\/li>\n\n\n\n<li>Situa\u00e7\u00f5es externas \u00e0 nossa gest\u00e3o<\/li>\n<\/ul>\n\n\n\n<h3 class=\"wp-block-heading\" id=\"h-seguro-fora-do-peru\">SEGURO FORA DO PERU<\/h3>\n\n\n\n<ul class=\"wp-block-list\">\n<li>Caso o cliente fa\u00e7a sua viagem fora do Peru, ele \u00e9 obrigado a contratar o seguro obrigat\u00f3rio no pa\u00eds onde viajar\u00e1, estes s\u00e3o os pre\u00e7os aproximados:<\/li>\n\n\n\n<li>Chile: O seguro \u00e9 o SOAPEX que tem um custo de US$ 50<\/li>\n\n\n\n<li>Bol\u00edvia: O seguro \u00e9 o SOAT que custa US$ 50<\/li>\n<\/ul>\n\n\n\n<h3 class=\"wp-block-heading\" id=\"h-despesas-para-devolucao-da-motocicleta-em-destino-diferente-da-inicial-drop-off\">DESPESAS PARA DEVOLU\u00c7\u00c3O DA MOTOCICLETA EM DESTINO DIFERENTE DA INICIAL (Drop-off)<\/h3>\n\n\n\n<p>Se voc\u00ea deixar a motocicleta em uma cidade diferente de onde iniciou seu passeio, dever\u00e1 pagar o custo de devolv\u00ea-la de acordo com a dist\u00e2ncia e as despesas que isso implica.<\/p>\n\n\n\n<h3 class=\"wp-block-heading\" id=\"h-importante\">IMPORTANTE<\/h3>\n\n\n\n<p>No momento de efetuar o pagamento, reservamos o modelo de moto pretendido pelo cliente, no entanto, se houver algum motivo alheio \u00e0 nossa gest\u00e3o em que a moto pretendida n\u00e3o possa ser fornecida, procederemos \u00e0 atribui\u00e7\u00e3o de um modelo semelhante. Havendo diferen\u00e7as de pre\u00e7o, ser\u00e1 efetuado o respetivo reembolso ou cobran\u00e7a.<\/p>\n\n\n\n<h3 class=\"wp-block-heading\" id=\"h-nota\">NOTA:<\/h3>\n\n\n\n<p>Nossas motocicletas n\u00e3o possuem portas USB integradas para garantir a estabilidade e o desempenho ideal da bateria principal. Para evitar interrup\u00e7\u00f5es inesperadas de energia que possam afetar sua viagem, recomendamos o uso de carregadores port\u00e1teis para carregar seus dispositivos com seguran\u00e7a.<\/p>\n\n\n\n<h2 class=\"wp-block-heading\" id=\"h-faqs-perguntas-frequentes\"><a href=\"https:\/\/www.ericadventures.com\/portugues\/cusco-peru-aluguel\/faqs-aluguel-motos.html\">FAQS PERGUNTAS FREQUENTES <\/a><\/h2>\n\n\n\n<h2 class=\"wp-block-heading\" id=\"h-formulario-de-contato\">formul\u00e1rio de contato<\/h2>\n\n\n\n<div class=\"wp-block-contact-form-7-contact-form-selector\">\n<div class=\"wpcf7 no-js\" id=\"wpcf7-f6172-o1\" lang=\"es-ES\" dir=\"ltr\" data-wpcf7-id=\"6172\">\n<div class=\"screen-reader-response\"><p role=\"status\" aria-live=\"polite\" aria-atomic=\"true\"><\/p> <ul><\/ul><\/div>\n<form action=\"\/pt-br\/wp-json\/wp\/v2\/pages\/1523#wpcf7-f6172-o1\" method=\"post\" class=\"wpcf7-form init\" aria-label=\"Formulario de contacto\" novalidate=\"novalidate\" data-status=\"init\">\n<fieldset class=\"hidden-fields-container\"><input type=\"hidden\" name=\"_wpcf7\" value=\"6172\" \/><input type=\"hidden\" name=\"_wpcf7_version\" value=\"6.1.5\" \/><input type=\"hidden\" name=\"_wpcf7_locale\" value=\"es_ES\" \/><input type=\"hidden\" name=\"_wpcf7_unit_tag\" value=\"wpcf7-f6172-o1\" \/><input type=\"hidden\" name=\"_wpcf7_container_post\" value=\"0\" \/><input type=\"hidden\" name=\"_wpcf7_posted_data_hash\" value=\"\" \/>\n<\/fieldset>\n<div class=\"wpcf7-turnstile cf-turnstile\" data-sitekey=\"0x4AAAAAACZ2CLxkDaDac8NW\" data-response-field-name=\"_wpcf7_turnstile_response\"><\/div>\n\n<div class=\"formt\">\n    <span class=\"textform\"> Para reservas ou mais informa\u00e7\u00f5es preencha o seguinte formul\u00e1rio de cliente\/convidado:  <\/span>\n    <input class=\"wpcf7-form-control wpcf7-hidden\" value=\"https:\/\/www.ericadventures.com\/pt-br\/wp-json\/wp\/v2\/pages\/1523\" type=\"hidden\" name=\"Url_Tour\" \/>\n    <input class=\"wpcf7-form-control wpcf7-hidden\" value=\"pt-br\" type=\"hidden\" name=\"Idioma\" \/>\n    <input class=\"wpcf7-form-control wpcf7-hidden\" value=\"30\/04\/2026 00:27:31\" type=\"hidden\" name=\"Fecha_Hora\" \/>\n    <input class=\"wpcf7-form-control wpcf7-hidden\" value=\"216.73.216.6\" type=\"hidden\" name=\"Ip\" \/>\n    <input class=\"wpcf7-form-control wpcf7-hidden\" value=\"Honda Xr 190 L\" type=\"hidden\" name=\"Nombre_Tour\" \/>\n    <input class=\"wpcf7-form-control wpcf7-hidden\" value=\"1\" type=\"hidden\" name=\"enviar_excel\" \/>\n\n    <div class=\"g2\">\n        <div>\n            <label>Nome: <\/label>\n            <span class=\"wpcf7-form-control-wrap\" data-name=\"Nombre\"><input size=\"40\" maxlength=\"400\" class=\"wpcf7-form-control wpcf7-text wpcf7-validates-as-required\" aria-required=\"true\" aria-invalid=\"false\" value=\"\" type=\"text\" name=\"Nombre\" \/><\/span>\n        <\/div>\n        <div>\n            <label>E-mail: <\/label>\n            <span class=\"wpcf7-form-control-wrap\" data-name=\"Emails\"><input size=\"40\" maxlength=\"400\" class=\"wpcf7-form-control wpcf7-email wpcf7-validates-as-required wpcf7-text wpcf7-validates-as-email\" aria-required=\"true\" aria-invalid=\"false\" value=\"\" type=\"email\" name=\"Emails\" \/><\/span>\n        <\/div>\n    <\/div>\n    \n    <div class=\"g2\">\n        <div>\n            <label>Pa\u00eds: <\/label>\n            <span class=\"wpcf7-form-control-wrap\" data-name=\"Pais\"><input size=\"40\" maxlength=\"400\" class=\"wpcf7-form-control wpcf7-text\" aria-invalid=\"false\" value=\"\" type=\"text\" name=\"Pais\" \/><\/span>\n        <\/div>\n        <div>\n            <label>Telefone - Whatsapp: <\/label>\n            <span class=\"wpcf7-form-control-wrap\" data-name=\"Whatsapp\"><input size=\"40\" class=\"wpcf7-form-control wpcf7-phonetext wpcf7-text wpcf7-validates-as-phonetext\" aria-invalid=\"false\" value=\"\" type=\"text\" name=\"Whatsapp\" \/><input type=\"hidden\" name=\"Whatsapp-country-code\" class=\"wpcf7-phonetext-country-code\" \/><\/span>\n        <\/div>\n    <\/div>\n    \n    <div class=\"g2\">\n        <div>\n            <label>N\u00famero de adultos: <\/label>\n            <span class=\"wpcf7-form-control-wrap\" data-name=\"Adultos\"><select class=\"wpcf7-form-control wpcf7-select wpcf7-validates-as-required\" aria-required=\"true\" aria-invalid=\"false\" name=\"Adultos\"><option value=\"1\">1<\/option><option value=\"2\">2<\/option><option value=\"3\">3<\/option><option value=\"4\">4<\/option><option value=\"5\">5<\/option><option value=\"6\">6<\/option><option value=\"7\">7<\/option><option value=\"8\">8<\/option><option value=\"9\">9<\/option><option value=\"10\">10<\/option><option value=\"11\">11<\/option><option value=\"12 para mais\">12 para mais<\/option><\/select><\/span>\n        <\/div>\n        <div>\n            <label>N\u00famero de crian\u00e7as: <\/label>\n            <span class=\"wpcf7-form-control-wrap\" data-name=\"Ninos\"><select class=\"wpcf7-form-control wpcf7-select wpcf7-validates-as-required\" aria-required=\"true\" aria-invalid=\"false\" name=\"Ninos\"><option value=\"0\">0<\/option><option value=\"1\">1<\/option><option value=\"2\">2<\/option><option value=\"3\">3<\/option><option value=\"4\">4<\/option><option value=\"5\">5<\/option><option value=\"6\">6<\/option><option value=\"7\">7<\/option><option value=\"8\">8<\/option><option value=\"9\">9<\/option><option value=\"10\">10<\/option><option value=\"11\">11<\/option><option value=\"12 para mais\">12 para mais<\/option><\/select><\/span>\n        <\/div>\n    <\/div>\n    \n    <div class=\"g2\">\n        <div>\n            <label>Data de in\u00edcio do passeio: <\/label>\n            <span class=\"wpcf7-form-control-wrap\" data-name=\"Inicio\"><input class=\"wpcf7-form-control wpcf7-date wpcf7-validates-as-required wpcf7-validates-as-date\" id=\"inicio\" min=\"2026-04-30\" aria-required=\"true\" aria-invalid=\"false\" value=\"\" type=\"date\" name=\"Inicio\" \/><\/span>\n        <\/div>\n        <div>\n            <label>Data de t\u00e9rmino da excurs\u00e3o: <\/label>\n            <span class=\"wpcf7-form-control-wrap\" data-name=\"Final\"><input class=\"wpcf7-form-control wpcf7-date wpcf7-validates-as-required wpcf7-validates-as-date\" id=\"final\" min=\"2026-04-30\" aria-required=\"true\" aria-invalid=\"false\" value=\"\" type=\"date\" name=\"Final\" \/><\/span>\n        <\/div>\n    <\/div>\n    \n    <div>\n        <label>Coment\u00e1rios ou perguntas: <\/label>\n        <span class=\"wpcf7-form-control-wrap\" data-name=\"Mensaje\"><textarea cols=\"40\" rows=\"10\" maxlength=\"2000\" class=\"wpcf7-form-control wpcf7-textarea wpcf7-validates-as-required\" aria-required=\"true\" aria-invalid=\"false\" placeholder=\"Por favor especifique o tipo de SERVI\u00c7O\/TOUR que pretende realizar\" name=\"Mensaje\"><\/textarea><\/span>\n    <\/div>\n    \n    <input class=\"wpcf7-form-control wpcf7-submit has-spinner btnsend\" type=\"submit\" value=\"ENVIAR MENSAGEM\" \/>\n<\/div><div class=\"wpcf7-response-output\" aria-hidden=\"true\"><\/div>\n<\/form>\n<\/div>\n<\/div>\n","protected":false},"excerpt":{"rendered":"<p>Nota: Nossos pre\u00e7os podem variar de acordo com a disponibilidade e a temporada. Detalhes da motocicleta: AS TARIFAS INCLUEM: PRE\u00c7OS [&hellip;]<\/p>\n","protected":false},"author":1,"featured_media":1518,"parent":1489,"menu_order":0,"comment_status":"closed","ping_status":"closed","template":"page-rental-moto.php","meta":{"_acf_changed":false,"advgb_blocks_editor_width":"","advgb_blocks_columns_visual_guide":"","footnotes":""},"class_list":["post-1523","page","type-page","status-publish","has-post-thumbnail","hentry"],"acf":[],"yoast_head":"<!-- This site is optimized with the Yoast SEO Premium plugin v25.4 (Yoast SEO v26.9) - https:\/\/yoast.com\/product\/yoast-seo-premium-wordpress\/ -->\n<title>Aluguer Honda Xr 190 L Peru Cusco<\/title>\n<meta name=\"description\" content=\"Honda XR 190 L: Ideal para explorar o Peru de 1 a 30 dias. Aluguel por US$ 65\/dia. Descubra o seu melhor Peru!\" \/>\n<meta name=\"robots\" content=\"index, follow, max-snippet:-1, max-image-preview:large, max-video-preview:-1\" \/>\n<link rel=\"canonical\" href=\"https:\/\/www.ericadventures.com\/pt-br\/aluguel-motos-cusco\/honda-xr-190l\/\" \/>\n<meta property=\"og:locale\" content=\"pt_BR\" \/>\n<meta property=\"og:type\" content=\"article\" \/>\n<meta property=\"og:title\" content=\"Honda Xr 190 L\" \/>\n<meta property=\"og:description\" content=\"Honda XR 190 L: Ideal para explorar o Peru de 1 a 30 dias. Aluguel por US$ 65\/dia. Descubra o seu melhor Peru!\" \/>\n<meta property=\"og:url\" content=\"https:\/\/www.ericadventures.com\/pt-br\/aluguel-motos-cusco\/honda-xr-190l\/\" \/>\n<meta property=\"og:site_name\" content=\"Eric Adventures\" \/>\n<meta property=\"article:modified_time\" content=\"2026-03-28T16:46:59+00:00\" \/>\n<meta property=\"og:image\" content=\"https:\/\/www.ericadventures.com\/wp-content\/uploads\/honda-xr-190l.jpg\" \/>\n\t<meta property=\"og:image:width\" content=\"584\" \/>\n\t<meta property=\"og:image:height\" content=\"398\" \/>\n\t<meta property=\"og:image:type\" content=\"image\/jpeg\" \/>\n<meta name=\"twitter:card\" content=\"summary_large_image\" \/>\n<meta name=\"twitter:label1\" content=\"Est. tempo de leitura\" \/>\n\t<meta name=\"twitter:data1\" content=\"4 minutos\" \/>\n<script type=\"application\/ld+json\" class=\"yoast-schema-graph\">{\"@context\":\"https:\/\/schema.org\",\"@graph\":[{\"@type\":\"WebPage\",\"@id\":\"https:\/\/www.ericadventures.com\/pt-br\/aluguel-motos-cusco\/honda-xr-190l\/\",\"url\":\"https:\/\/www.ericadventures.com\/pt-br\/aluguel-motos-cusco\/honda-xr-190l\/\",\"name\":\"Aluguer Honda Xr 190 L Peru Cusco\",\"isPartOf\":{\"@id\":\"https:\/\/www.ericadventures.com\/en\/#website\"},\"primaryImageOfPage\":{\"@id\":\"https:\/\/www.ericadventures.com\/pt-br\/aluguel-motos-cusco\/honda-xr-190l\/#primaryimage\"},\"image\":{\"@id\":\"https:\/\/www.ericadventures.com\/pt-br\/aluguel-motos-cusco\/honda-xr-190l\/#primaryimage\"},\"thumbnailUrl\":\"https:\/\/www.ericadventures.com\/wp-content\/uploads\/honda-xr-190l.jpg\",\"datePublished\":\"2023-11-02T04:41:54+00:00\",\"dateModified\":\"2026-03-28T16:46:59+00:00\",\"description\":\"Honda XR 190 L: Ideal para explorar o Peru de 1 a 30 dias. Aluguel por US$ 65\/dia. Descubra o seu melhor Peru!\",\"breadcrumb\":{\"@id\":\"https:\/\/www.ericadventures.com\/pt-br\/aluguel-motos-cusco\/honda-xr-190l\/#breadcrumb\"},\"inLanguage\":\"pt-BR\",\"potentialAction\":[{\"@type\":\"ReadAction\",\"target\":[\"https:\/\/www.ericadventures.com\/pt-br\/aluguel-motos-cusco\/honda-xr-190l\/\"]}]},{\"@type\":\"ImageObject\",\"inLanguage\":\"pt-BR\",\"@id\":\"https:\/\/www.ericadventures.com\/pt-br\/aluguel-motos-cusco\/honda-xr-190l\/#primaryimage\",\"url\":\"https:\/\/www.ericadventures.com\/wp-content\/uploads\/honda-xr-190l.jpg\",\"contentUrl\":\"https:\/\/www.ericadventures.com\/wp-content\/uploads\/honda-xr-190l.jpg\",\"width\":584,\"height\":398,\"caption\":\"honda-xr-190l\"},{\"@type\":\"BreadcrumbList\",\"@id\":\"https:\/\/www.ericadventures.com\/pt-br\/aluguel-motos-cusco\/honda-xr-190l\/#breadcrumb\",\"itemListElement\":[{\"@type\":\"ListItem\",\"position\":1,\"name\":\"Home\",\"item\":\"https:\/\/www.ericadventures.com\/pt-br\/\"},{\"@type\":\"ListItem\",\"position\":2,\"name\":\"Aluguel De Motos Em Cusco\",\"item\":\"https:\/\/www.ericadventures.com\/pt-br\/aluguel-motos-cusco\/\"},{\"@type\":\"ListItem\",\"position\":3,\"name\":\"Honda Xr 190 L\"}]},{\"@type\":\"WebSite\",\"@id\":\"https:\/\/www.ericadventures.com\/en\/#website\",\"url\":\"https:\/\/www.ericadventures.com\/en\/\",\"name\":\"Eric Adventures\",\"description\":\"\",\"publisher\":{\"@id\":\"https:\/\/www.ericadventures.com\/en\/#organization\"},\"alternateName\":\"Eric Adventures\",\"potentialAction\":[{\"@type\":\"SearchAction\",\"target\":{\"@type\":\"EntryPoint\",\"urlTemplate\":\"https:\/\/www.ericadventures.com\/en\/?s={search_term_string}\"},\"query-input\":{\"@type\":\"PropertyValueSpecification\",\"valueRequired\":true,\"valueName\":\"search_term_string\"}}],\"inLanguage\":\"pt-BR\"},{\"@type\":\"Organization\",\"@id\":\"https:\/\/www.ericadventures.com\/en\/#organization\",\"name\":\"Eric Adventures\",\"url\":\"https:\/\/www.ericadventures.com\/en\/\",\"logo\":{\"@type\":\"ImageObject\",\"inLanguage\":\"pt-BR\",\"@id\":\"https:\/\/www.ericadventures.com\/en\/#\/schema\/logo\/image\/\",\"url\":\"https:\/\/www.ericadventures.com\/wp-content\/uploads\/logo-ericadventures.png\",\"contentUrl\":\"https:\/\/www.ericadventures.com\/wp-content\/uploads\/logo-ericadventures.png\",\"width\":500,\"height\":106,\"caption\":\"Eric Adventures\"},\"image\":{\"@id\":\"https:\/\/www.ericadventures.com\/en\/#\/schema\/logo\/image\/\"}}]}<\/script>\n<!-- \/ Yoast SEO Premium plugin. -->","yoast_head_json":{"title":"Aluguer Honda Xr 190 L Peru Cusco","description":"Honda XR 190 L: Ideal para explorar o Peru de 1 a 30 dias. Aluguel por US$ 65\/dia. Descubra o seu melhor Peru!","robots":{"index":"index","follow":"follow","max-snippet":"max-snippet:-1","max-image-preview":"max-image-preview:large","max-video-preview":"max-video-preview:-1"},"canonical":"https:\/\/www.ericadventures.com\/pt-br\/aluguel-motos-cusco\/honda-xr-190l\/","og_locale":"pt_BR","og_type":"article","og_title":"Honda Xr 190 L","og_description":"Honda XR 190 L: Ideal para explorar o Peru de 1 a 30 dias. Aluguel por US$ 65\/dia. Descubra o seu melhor Peru!","og_url":"https:\/\/www.ericadventures.com\/pt-br\/aluguel-motos-cusco\/honda-xr-190l\/","og_site_name":"Eric Adventures","article_modified_time":"2026-03-28T16:46:59+00:00","og_image":[{"width":584,"height":398,"url":"https:\/\/www.ericadventures.com\/wp-content\/uploads\/honda-xr-190l.jpg","type":"image\/jpeg"}],"twitter_card":"summary_large_image","twitter_misc":{"Est. tempo de leitura":"4 minutos"},"schema":{"@context":"https:\/\/schema.org","@graph":[{"@type":"WebPage","@id":"https:\/\/www.ericadventures.com\/pt-br\/aluguel-motos-cusco\/honda-xr-190l\/","url":"https:\/\/www.ericadventures.com\/pt-br\/aluguel-motos-cusco\/honda-xr-190l\/","name":"Aluguer Honda Xr 190 L Peru Cusco","isPartOf":{"@id":"https:\/\/www.ericadventures.com\/en\/#website"},"primaryImageOfPage":{"@id":"https:\/\/www.ericadventures.com\/pt-br\/aluguel-motos-cusco\/honda-xr-190l\/#primaryimage"},"image":{"@id":"https:\/\/www.ericadventures.com\/pt-br\/aluguel-motos-cusco\/honda-xr-190l\/#primaryimage"},"thumbnailUrl":"https:\/\/www.ericadventures.com\/wp-content\/uploads\/honda-xr-190l.jpg","datePublished":"2023-11-02T04:41:54+00:00","dateModified":"2026-03-28T16:46:59+00:00","description":"Honda XR 190 L: Ideal para explorar o Peru de 1 a 30 dias. Aluguel por US$ 65\/dia. Descubra o seu melhor Peru!","breadcrumb":{"@id":"https:\/\/www.ericadventures.com\/pt-br\/aluguel-motos-cusco\/honda-xr-190l\/#breadcrumb"},"inLanguage":"pt-BR","potentialAction":[{"@type":"ReadAction","target":["https:\/\/www.ericadventures.com\/pt-br\/aluguel-motos-cusco\/honda-xr-190l\/"]}]},{"@type":"ImageObject","inLanguage":"pt-BR","@id":"https:\/\/www.ericadventures.com\/pt-br\/aluguel-motos-cusco\/honda-xr-190l\/#primaryimage","url":"https:\/\/www.ericadventures.com\/wp-content\/uploads\/honda-xr-190l.jpg","contentUrl":"https:\/\/www.ericadventures.com\/wp-content\/uploads\/honda-xr-190l.jpg","width":584,"height":398,"caption":"honda-xr-190l"},{"@type":"BreadcrumbList","@id":"https:\/\/www.ericadventures.com\/pt-br\/aluguel-motos-cusco\/honda-xr-190l\/#breadcrumb","itemListElement":[{"@type":"ListItem","position":1,"name":"Home","item":"https:\/\/www.ericadventures.com\/pt-br\/"},{"@type":"ListItem","position":2,"name":"Aluguel De Motos Em Cusco","item":"https:\/\/www.ericadventures.com\/pt-br\/aluguel-motos-cusco\/"},{"@type":"ListItem","position":3,"name":"Honda Xr 190 L"}]},{"@type":"WebSite","@id":"https:\/\/www.ericadventures.com\/en\/#website","url":"https:\/\/www.ericadventures.com\/en\/","name":"Eric Adventures","description":"","publisher":{"@id":"https:\/\/www.ericadventures.com\/en\/#organization"},"alternateName":"Eric Adventures","potentialAction":[{"@type":"SearchAction","target":{"@type":"EntryPoint","urlTemplate":"https:\/\/www.ericadventures.com\/en\/?s={search_term_string}"},"query-input":{"@type":"PropertyValueSpecification","valueRequired":true,"valueName":"search_term_string"}}],"inLanguage":"pt-BR"},{"@type":"Organization","@id":"https:\/\/www.ericadventures.com\/en\/#organization","name":"Eric Adventures","url":"https:\/\/www.ericadventures.com\/en\/","logo":{"@type":"ImageObject","inLanguage":"pt-BR","@id":"https:\/\/www.ericadventures.com\/en\/#\/schema\/logo\/image\/","url":"https:\/\/www.ericadventures.com\/wp-content\/uploads\/logo-ericadventures.png","contentUrl":"https:\/\/www.ericadventures.com\/wp-content\/uploads\/logo-ericadventures.png","width":500,"height":106,"caption":"Eric Adventures"},"image":{"@id":"https:\/\/www.ericadventures.com\/en\/#\/schema\/logo\/image\/"}}]}},"coauthors":[],"author_meta":{"author_link":"https:\/\/www.ericadventures.com\/pt-br\/author\/ericadmin\/","display_name":"Eric"},"relative_dates":{"created":"Publicado 2 anos atr\u00e1s","modified":"Atualizado 1 m\u00eas atr\u00e1s"},"absolute_dates":{"created":"Publicado em novembro 1, 2023","modified":"Atualizado em mar\u00e7o 28, 2026"},"absolute_dates_time":{"created":"Publicado em novembro 1, 2023 11:41 pm","modified":"Atualizado em mar\u00e7o 28, 2026 11:46 am"},"featured_img_caption":"","featured_img":"https:\/\/www.ericadventures.com\/wp-content\/uploads\/honda-xr-190l.jpg","series_order":"","_links":{"self":[{"href":"https:\/\/www.ericadventures.com\/pt-br\/wp-json\/wp\/v2\/pages\/1523","targetHints":{"allow":["GET"]}}],"collection":[{"href":"https:\/\/www.ericadventures.com\/pt-br\/wp-json\/wp\/v2\/pages"}],"about":[{"href":"https:\/\/www.ericadventures.com\/pt-br\/wp-json\/wp\/v2\/types\/page"}],"author":[{"embeddable":true,"href":"https:\/\/www.ericadventures.com\/pt-br\/wp-json\/wp\/v2\/users\/1"}],"replies":[{"embeddable":true,"href":"https:\/\/www.ericadventures.com\/pt-br\/wp-json\/wp\/v2\/comments?post=1523"}],"version-history":[{"count":10,"href":"https:\/\/www.ericadventures.com\/pt-br\/wp-json\/wp\/v2\/pages\/1523\/revisions"}],"predecessor-version":[{"id":46434,"href":"https:\/\/www.ericadventures.com\/pt-br\/wp-json\/wp\/v2\/pages\/1523\/revisions\/46434"}],"up":[{"embeddable":true,"href":"https:\/\/www.ericadventures.com\/pt-br\/wp-json\/wp\/v2\/pages\/1489"}],"wp:featuredmedia":[{"embeddable":true,"href":"https:\/\/www.ericadventures.com\/pt-br\/wp-json\/wp\/v2\/media\/1518"}],"wp:attachment":[{"href":"https:\/\/www.ericadventures.com\/pt-br\/wp-json\/wp\/v2\/media?parent=1523"}],"curies":[{"name":"wp","href":"https:\/\/api.w.org\/{rel}","templated":true}]}}