{"id":18803,"date":"2024-04-27T21:10:31","date_gmt":"2024-04-28T02:10:31","guid":{"rendered":"https:\/\/www.ericadventures.com\/pacotes\/extensoes\/huaraz-rapido\/"},"modified":"2025-11-11T16:29:25","modified_gmt":"2025-11-11T21:29:25","slug":"huaraz-rapido","status":"publish","type":"page","link":"https:\/\/www.ericadventures.com\/pt-br\/pacotes\/huaraz-rapido\/","title":{"rendered":"2D Huaraz R\u00e1pido"},"content":{"rendered":"<div class=\"wp-block-image\">\n<figure class=\"alignleft size-full is-resized\"><img loading=\"lazy\" decoding=\"async\" width=\"400\" height=\"200\" src=\"https:\/\/www.ericadventures.com\/wp-content\/uploads\/huaraz_rapidly.jpg\" alt=\"\" class=\"wp-image-18794\" style=\"aspect-ratio:1.7777777777777777;object-fit:cover;width:416px;height:auto\" srcset=\"https:\/\/www.ericadventures.com\/wp-content\/uploads\/huaraz_rapidly.jpg 400w, https:\/\/www.ericadventures.com\/wp-content\/uploads\/huaraz_rapidly-300x150.jpg 300w\" sizes=\"auto, (max-width: 400px) 100vw, 400px\" \/><\/figure>\n<\/div>\n\n\n<h3 class=\"wp-block-heading\" id=\"h-\"><\/h3>\n\n\n\n<p>Huaraz, no&nbsp;<a href=\"https:\/\/www.ericadventures.com\/portugues\/pacotes-turisticos.html\" target=\"_blank\" rel=\"noreferrer noopener\">Peru<\/a>, \u00e9 um lugar de chegada privilegiado pelos praticantes de esportes de aventura e de alta montanha nos altos nevados da&nbsp;<strong>Cordilheira Branca<\/strong>, e mesmo pelos visitantes do s\u00edtio arqueol\u00f3gico de&nbsp;<strong>Chav\u00edn de Hu\u00e1ntar<\/strong>.&nbsp;<strong>Huaraz<\/strong>&nbsp;\u00e9 um \u00f3timo lugar para o turismo de aventura no&nbsp;<a href=\"https:\/\/www.ericadventures.com\/portugues\/informacoes-uteis-peru.html\" target=\"_blank\" rel=\"noreferrer noopener\">Peru<\/a>.<br><br>2 dias \/ 1 noite<br><br>\u00d4nibus com \u200b\u200bassentos semi-reclin\u00e1veis Lima &#8211; Huaraz (TV, v\u00eddeo, banho, lanche a bordo e anfitri\u00e3).<br><br>Partida da cidade de&nbsp;<strong>Lima<\/strong>&nbsp;(22h30min \/ 8 horas de viagem)<\/p>\n\n\n\n<h2 class=\"wp-block-heading\" id=\"h-itinerario\">Itiner\u00e1rio<\/h2>\n\n\n\n<h3 class=\"wp-block-heading\" id=\"h-dia-1\">Dia 1:<\/h3>\n\n\n\n<p>6 horas: chegada em&nbsp;<strong>Huaraz<\/strong>.<br><br>Recep\u00e7\u00e3o e traslado ao hotel.<br><br>Excurs\u00e3o dum dia no Callej\u00f3n de Huaylas, desfrutando de aldeias pitorescas como&nbsp;<strong>Marcar\u00e1<\/strong>,&nbsp;<strong>Carhuaz<\/strong>, Mancos,<strong>Ranrahirca<\/strong>, Yungay (a vila enterrada em 1970) e da ex\u00f3tica e pitoresca Lagoa Llanganuco no Parque Nacional de<strong>Huascar\u00e1n<\/strong>. E, para terminar, vamos visitar a cidade de Caraz, com a sua f\u00e1brica de alimentos doces e o Centro de Cer\u00e2mica. Eles s\u00e3o todos pontos muito importantes para visitar numa viagem em&nbsp;<strong>Huaraz<\/strong>.<br><br>Retorno \u00e0 cidade.<br><br>Pernoite em&nbsp;<strong>Huaraz<\/strong>.<br><\/p>\n\n\n\n<h3 class=\"wp-block-heading\" id=\"h-dia-2\">Dia 2:<\/h3>\n\n\n\n<p>Visita da cidade + Spa de Monterrey (4 horas) ou&nbsp;<strong>Chav\u00edn de Hu\u00e1ntar<\/strong>&nbsp;(7 horas).<br><br>(A escolher uma das duas visitas)<br><br>Caminho pelas ruas principais da cidade de Huaraz, visitando: o Museu Regional, a Igreja do Senhor da Solid\u00e3o, Jir\u00f3n Jos\u00e9 Olaya, a Fazenda de Trutas, o Belvedere de Huanchac e as Spa de Monterrey.<br><br>Retorno ao hotel.<br><br>Transfer\u00eancia para o terminal de \u00f4nibus.<br><br>Retorno para&nbsp;<strong><a href=\"https:\/\/www.ericadventures.com\/portugues\/programas.html\" target=\"_blank\" rel=\"noreferrer noopener\">Lima<\/a><\/strong>&nbsp;\u00e0s 13:00 horas ou \u00e0s 22:30 horas <\/p>\n\n\n\n<h2 class=\"wp-block-heading\" id=\"h-incluido\">incluido<\/h2>\n\n\n\n<ul class=\"wp-block-list\">\n<li>\u00d4nibus com assentos semi-reclin\u00e1veis&nbsp;<strong>Lima<\/strong>&#8211;<strong>Huaraz<\/strong>&#8211;<strong>Lima<\/strong>.<\/li>\n\n\n\n<li>Uma noite num hotel e dois caf\u00e9s da manh\u00e3 em estilo americano<\/li>\n\n\n\n<li>Visitas detalhadas<\/li>\n\n\n\n<li>Guias em Ingl\u00eas + entradas tur\u00edsticas + transportes.<\/li>\n<\/ul>\n\n\n\n<h2 class=\"wp-block-heading\" id=\"h-precos-por-pessoa-em-dolares-americanos\">PRE\u00c7OS (POR PESSOA EM D\u00d3LARES AMERICANOS)<\/h2>\n\n\n\n<p><strong>SERVI\u00c7O COMPARTILHADO<\/strong><\/p>\n\n\n\n<ul class=\"wp-block-list\">\n<li>Pre\u00e7o por pessoa: US$ 255 (m\u00ednimo de 2 pessoas)<\/li>\n<\/ul>\n\n\n\n<p>*Pre\u00e7os de refer\u00eancia sujeitos \u00e0 disponibilidade e temporada.<\/p>\n\n\n\n<p><\/p>\n\n\n\n<h2 class=\"wp-block-heading\" id=\"h-mapa\">Mapa<\/h2>\n\n\n\n<figure class=\"wp-block-gallery has-nested-images columns-default wp-block-gallery-1 is-layout-flex wp-block-gallery-is-layout-flex\">\n<figure class=\"wp-block-image size-thumbnail\"><a href=\"https:\/\/www.ericadventures.com\/wp-content\/uploads\/huaraz_rapidly44.jpg\"><img loading=\"lazy\" decoding=\"async\" width=\"150\" height=\"150\" data-id=\"18757\" src=\"https:\/\/www.ericadventures.com\/wp-content\/uploads\/huaraz_rapidly44-150x150.jpg\" alt=\"Mapa do passeio de 2 dias em Huaraz\" class=\"wp-image-18757\"\/><\/a><\/figure>\n<\/figure>\n\n\n\n<h2 class=\"wp-block-heading\" id=\"h-fotos\">Fotos<\/h2>\n\n\n\n<figure class=\"wp-block-gallery has-nested-images columns-6 is-cropped wp-block-gallery-2 is-layout-flex wp-block-gallery-is-layout-flex\">\n<figure class=\"wp-block-image size-large\"><a href=\"https:\/\/www.ericadventures.com\/wp-content\/uploads\/peru-huaraz-yungay-ranrahirca-adventure-tours-3.jpg\"><img loading=\"lazy\" decoding=\"async\" width=\"480\" height=\"360\" data-id=\"25308\" src=\"https:\/\/www.ericadventures.com\/wp-content\/uploads\/peru-huaraz-yungay-ranrahirca-adventure-tours-3.jpg\" alt=\"Huaraz, Peru\n\" class=\"wp-image-25308\" srcset=\"https:\/\/www.ericadventures.com\/wp-content\/uploads\/peru-huaraz-yungay-ranrahirca-adventure-tours-3.jpg 480w, https:\/\/www.ericadventures.com\/wp-content\/uploads\/peru-huaraz-yungay-ranrahirca-adventure-tours-3-300x225.jpg 300w\" sizes=\"auto, (max-width: 480px) 100vw, 480px\" \/><\/a><\/figure>\n\n\n\n<figure class=\"wp-block-image size-full\"><img loading=\"lazy\" decoding=\"async\" width=\"480\" height=\"360\" data-id=\"25309\" src=\"https:\/\/www.ericadventures.com\/wp-content\/uploads\/peru-huaraz-monterrey-adventure-tours-3.jpg\" alt=\"Huaraz, Peru 1\n\" class=\"wp-image-25309\" srcset=\"https:\/\/www.ericadventures.com\/wp-content\/uploads\/peru-huaraz-monterrey-adventure-tours-3.jpg 480w, https:\/\/www.ericadventures.com\/wp-content\/uploads\/peru-huaraz-monterrey-adventure-tours-3-300x225.jpg 300w\" sizes=\"auto, (max-width: 480px) 100vw, 480px\" \/><\/figure>\n\n\n\n<figure class=\"wp-block-image size-large\"><a href=\"https:\/\/www.ericadventures.com\/wp-content\/uploads\/Llanganuco-Huaraz-3.jpg\"><img loading=\"lazy\" decoding=\"async\" width=\"484\" height=\"360\" data-id=\"25321\" src=\"https:\/\/www.ericadventures.com\/wp-content\/uploads\/Llanganuco-Huaraz-3.jpg\" alt=\"Huaraz, Laguna Llanganuco, Peru\n\" class=\"wp-image-25321\" srcset=\"https:\/\/www.ericadventures.com\/wp-content\/uploads\/Llanganuco-Huaraz-3.jpg 484w, https:\/\/www.ericadventures.com\/wp-content\/uploads\/Llanganuco-Huaraz-3-300x223.jpg 300w\" sizes=\"auto, (max-width: 484px) 100vw, 484px\" \/><\/a><\/figure>\n\n\n\n<figure class=\"wp-block-image size-large\"><a href=\"https:\/\/www.ericadventures.com\/wp-content\/uploads\/peru-huaraz-huascaran-4x4-tours-3.jpg\"><img loading=\"lazy\" decoding=\"async\" width=\"480\" height=\"360\" data-id=\"25320\" src=\"https:\/\/www.ericadventures.com\/wp-content\/uploads\/peru-huaraz-huascaran-4x4-tours-3.jpg\" alt=\"Huaraz, Peru 2\n\" class=\"wp-image-25320\" srcset=\"https:\/\/www.ericadventures.com\/wp-content\/uploads\/peru-huaraz-huascaran-4x4-tours-3.jpg 480w, https:\/\/www.ericadventures.com\/wp-content\/uploads\/peru-huaraz-huascaran-4x4-tours-3-300x225.jpg 300w\" sizes=\"auto, (max-width: 480px) 100vw, 480px\" \/><\/a><\/figure>\n\n\n\n<figure class=\"wp-block-image size-large\"><a href=\"https:\/\/www.ericadventures.com\/wp-content\/uploads\/peru-huaraz-caral-archaeological-site-3.jpg\"><img loading=\"lazy\" decoding=\"async\" width=\"480\" height=\"360\" data-id=\"25314\" src=\"https:\/\/www.ericadventures.com\/wp-content\/uploads\/peru-huaraz-caral-archaeological-site-3.jpg\" alt=\"Huaraz, Peru 3\n\" class=\"wp-image-25314\" srcset=\"https:\/\/www.ericadventures.com\/wp-content\/uploads\/peru-huaraz-caral-archaeological-site-3.jpg 480w, https:\/\/www.ericadventures.com\/wp-content\/uploads\/peru-huaraz-caral-archaeological-site-3-300x225.jpg 300w\" sizes=\"auto, (max-width: 480px) 100vw, 480px\" \/><\/a><\/figure>\n\n\n\n<figure class=\"wp-block-image size-full\"><img loading=\"lazy\" decoding=\"async\" width=\"480\" height=\"360\" data-id=\"25315\" src=\"https:\/\/www.ericadventures.com\/wp-content\/uploads\/peru-huaraz-4x4-off-road-tours-3.jpg\" alt=\"Huaraz, Peru 5\" class=\"wp-image-25315\" srcset=\"https:\/\/www.ericadventures.com\/wp-content\/uploads\/peru-huaraz-4x4-off-road-tours-3.jpg 480w, https:\/\/www.ericadventures.com\/wp-content\/uploads\/peru-huaraz-4x4-off-road-tours-3-300x225.jpg 300w\" sizes=\"auto, (max-width: 480px) 100vw, 480px\" \/><\/figure>\n<\/figure>\n\n\n\n<h2 class=\"wp-block-heading\" id=\"h-formulario-de-contato\"><strong>formul\u00e1rio de contato<\/strong><\/h2>\n\n\n\n<div class=\"wp-block-contact-form-7-contact-form-selector\">\n<div class=\"wpcf7 no-js\" id=\"wpcf7-f6172-o1\" lang=\"es-ES\" dir=\"ltr\" data-wpcf7-id=\"6172\">\n<div class=\"screen-reader-response\"><p role=\"status\" aria-live=\"polite\" aria-atomic=\"true\"><\/p> <ul><\/ul><\/div>\n<form action=\"\/pt-br\/wp-json\/wp\/v2\/pages\/18803#wpcf7-f6172-o1\" method=\"post\" class=\"wpcf7-form init\" aria-label=\"Formulario de contacto\" novalidate=\"novalidate\" data-status=\"init\">\n<fieldset class=\"hidden-fields-container\"><input type=\"hidden\" name=\"_wpcf7\" value=\"6172\" \/><input type=\"hidden\" name=\"_wpcf7_version\" value=\"6.1.5\" \/><input type=\"hidden\" name=\"_wpcf7_locale\" value=\"es_ES\" \/><input type=\"hidden\" name=\"_wpcf7_unit_tag\" value=\"wpcf7-f6172-o1\" \/><input type=\"hidden\" name=\"_wpcf7_container_post\" value=\"0\" \/><input type=\"hidden\" name=\"_wpcf7_posted_data_hash\" value=\"\" \/>\n<\/fieldset>\n<div class=\"wpcf7-turnstile cf-turnstile\" data-sitekey=\"0x4AAAAAACZ2CLxkDaDac8NW\" data-response-field-name=\"_wpcf7_turnstile_response\"><\/div>\n\n<div class=\"formt\">\n    <span class=\"textform\"> Para reservas ou mais informa\u00e7\u00f5es preencha o seguinte formul\u00e1rio de cliente\/convidado:  <\/span>\n    <input class=\"wpcf7-form-control wpcf7-hidden\" value=\"https:\/\/www.ericadventures.com\/pt-br\/wp-json\/wp\/v2\/pages\/18803\" type=\"hidden\" name=\"Url_Tour\" \/>\n    <input class=\"wpcf7-form-control wpcf7-hidden\" value=\"pt-br\" type=\"hidden\" name=\"Idioma\" \/>\n    <input class=\"wpcf7-form-control wpcf7-hidden\" value=\"01\/05\/2026 22:28:36\" type=\"hidden\" name=\"Fecha_Hora\" \/>\n    <input class=\"wpcf7-form-control wpcf7-hidden\" value=\"216.73.217.30\" type=\"hidden\" name=\"Ip\" \/>\n    <input class=\"wpcf7-form-control wpcf7-hidden\" value=\"2D Huaraz R\u00e1pido\" type=\"hidden\" name=\"Nombre_Tour\" \/>\n    <input class=\"wpcf7-form-control wpcf7-hidden\" value=\"1\" type=\"hidden\" name=\"enviar_excel\" \/>\n\n    <div class=\"g2\">\n        <div>\n            <label>Nome: <\/label>\n            <span class=\"wpcf7-form-control-wrap\" data-name=\"Nombre\"><input size=\"40\" maxlength=\"400\" class=\"wpcf7-form-control wpcf7-text wpcf7-validates-as-required\" aria-required=\"true\" aria-invalid=\"false\" value=\"\" type=\"text\" name=\"Nombre\" \/><\/span>\n        <\/div>\n        <div>\n            <label>E-mail: <\/label>\n            <span class=\"wpcf7-form-control-wrap\" data-name=\"Emails\"><input size=\"40\" maxlength=\"400\" class=\"wpcf7-form-control wpcf7-email wpcf7-validates-as-required wpcf7-text wpcf7-validates-as-email\" aria-required=\"true\" aria-invalid=\"false\" value=\"\" type=\"email\" name=\"Emails\" \/><\/span>\n        <\/div>\n    <\/div>\n    \n    <div class=\"g2\">\n        <div>\n            <label>Pa\u00eds: <\/label>\n            <span class=\"wpcf7-form-control-wrap\" data-name=\"Pais\"><input size=\"40\" maxlength=\"400\" class=\"wpcf7-form-control wpcf7-text\" aria-invalid=\"false\" value=\"\" type=\"text\" name=\"Pais\" \/><\/span>\n        <\/div>\n        <div>\n            <label>Telefone - Whatsapp: <\/label>\n            <span class=\"wpcf7-form-control-wrap\" data-name=\"Whatsapp\"><input size=\"40\" class=\"wpcf7-form-control wpcf7-phonetext wpcf7-text wpcf7-validates-as-phonetext\" aria-invalid=\"false\" value=\"\" type=\"text\" name=\"Whatsapp\" \/><input type=\"hidden\" name=\"Whatsapp-country-code\" class=\"wpcf7-phonetext-country-code\" \/><\/span>\n        <\/div>\n    <\/div>\n    \n    <div class=\"g2\">\n        <div>\n            <label>N\u00famero de adultos: <\/label>\n            <span class=\"wpcf7-form-control-wrap\" data-name=\"Adultos\"><select class=\"wpcf7-form-control wpcf7-select wpcf7-validates-as-required\" aria-required=\"true\" aria-invalid=\"false\" name=\"Adultos\"><option value=\"1\">1<\/option><option value=\"2\">2<\/option><option value=\"3\">3<\/option><option value=\"4\">4<\/option><option value=\"5\">5<\/option><option value=\"6\">6<\/option><option value=\"7\">7<\/option><option value=\"8\">8<\/option><option value=\"9\">9<\/option><option value=\"10\">10<\/option><option value=\"11\">11<\/option><option value=\"12 para mais\">12 para mais<\/option><\/select><\/span>\n        <\/div>\n        <div>\n            <label>N\u00famero de crian\u00e7as: <\/label>\n            <span class=\"wpcf7-form-control-wrap\" data-name=\"Ninos\"><select class=\"wpcf7-form-control wpcf7-select wpcf7-validates-as-required\" aria-required=\"true\" aria-invalid=\"false\" name=\"Ninos\"><option value=\"0\">0<\/option><option value=\"1\">1<\/option><option value=\"2\">2<\/option><option value=\"3\">3<\/option><option value=\"4\">4<\/option><option value=\"5\">5<\/option><option value=\"6\">6<\/option><option value=\"7\">7<\/option><option value=\"8\">8<\/option><option value=\"9\">9<\/option><option value=\"10\">10<\/option><option value=\"11\">11<\/option><option value=\"12 para mais\">12 para mais<\/option><\/select><\/span>\n        <\/div>\n    <\/div>\n    \n    <div class=\"g2\">\n        <div>\n            <label>Data de in\u00edcio do passeio: <\/label>\n            <span class=\"wpcf7-form-control-wrap\" data-name=\"Inicio\"><input class=\"wpcf7-form-control wpcf7-date wpcf7-validates-as-required wpcf7-validates-as-date\" id=\"inicio\" min=\"2026-05-01\" aria-required=\"true\" aria-invalid=\"false\" value=\"\" type=\"date\" name=\"Inicio\" \/><\/span>\n        <\/div>\n        <div>\n            <label>Data de t\u00e9rmino da excurs\u00e3o: <\/label>\n            <span class=\"wpcf7-form-control-wrap\" data-name=\"Final\"><input class=\"wpcf7-form-control wpcf7-date wpcf7-validates-as-required wpcf7-validates-as-date\" id=\"final\" min=\"2026-05-01\" aria-required=\"true\" aria-invalid=\"false\" value=\"\" type=\"date\" name=\"Final\" \/><\/span>\n        <\/div>\n    <\/div>\n    \n    <div>\n        <label>Coment\u00e1rios ou perguntas: <\/label>\n        <span class=\"wpcf7-form-control-wrap\" data-name=\"Mensaje\"><textarea cols=\"40\" rows=\"10\" maxlength=\"2000\" class=\"wpcf7-form-control wpcf7-textarea wpcf7-validates-as-required\" aria-required=\"true\" aria-invalid=\"false\" placeholder=\"Por favor especifique o tipo de SERVI\u00c7O\/TOUR que pretende realizar\" name=\"Mensaje\"><\/textarea><\/span>\n    <\/div>\n    \n    <input class=\"wpcf7-form-control wpcf7-submit has-spinner btnsend\" type=\"submit\" value=\"ENVIAR MENSAGEM\" \/>\n<\/div><div class=\"wpcf7-response-output\" aria-hidden=\"true\"><\/div>\n<\/form>\n<\/div>\n<\/div>\n","protected":false},"excerpt":{"rendered":"<p>Huaraz, no&nbsp;Peru, \u00e9 um lugar de chegada privilegiado pelos praticantes de esportes de aventura e de alta montanha nos altos [&hellip;]<\/p>\n","protected":false},"author":3,"featured_media":18798,"parent":16102,"menu_order":0,"comment_status":"closed","ping_status":"closed","template":"page-tour.php","meta":{"_acf_changed":false,"advgb_blocks_editor_width":"","advgb_blocks_columns_visual_guide":"","footnotes":""},"class_list":["post-18803","page","type-page","status-publish","has-post-thumbnail","hentry"],"acf":[],"yoast_head":"<!-- This site is optimized with the Yoast SEO Premium plugin v25.4 (Yoast SEO v26.9) - https:\/\/yoast.com\/product\/yoast-seo-premium-wordpress\/ -->\n<title>Peru Huaraz em 2 dias - Excurs\u00f5es no Peru<\/title>\n<meta name=\"description\" content=\"Huaraz, Peru! Esportes radicais na Cordilheira Branca e cultura em Chav\u00edn de Hu\u00e1ntar. Aventura e divers\u00e3o garantidas!\" \/>\n<meta name=\"robots\" content=\"index, follow, max-snippet:-1, max-image-preview:large, max-video-preview:-1\" \/>\n<link rel=\"canonical\" href=\"https:\/\/www.ericadventures.com\/pt-br\/pacotes\/huaraz-rapido\/\" \/>\n<meta property=\"og:locale\" content=\"pt_BR\" \/>\n<meta property=\"og:type\" content=\"article\" \/>\n<meta property=\"og:title\" content=\"2D Huaraz R\u00e1pido\" \/>\n<meta property=\"og:description\" content=\"Huaraz, Peru! Esportes radicais na Cordilheira Branca e cultura em Chav\u00edn de Hu\u00e1ntar. Aventura e divers\u00e3o garantidas!\" \/>\n<meta property=\"og:url\" content=\"https:\/\/www.ericadventures.com\/pt-br\/pacotes\/huaraz-rapido\/\" \/>\n<meta property=\"og:site_name\" content=\"Eric Adventures\" \/>\n<meta property=\"article:modified_time\" content=\"2025-11-11T21:29:25+00:00\" \/>\n<meta property=\"og:image\" content=\"https:\/\/www.ericadventures.com\/wp-content\/uploads\/huaraz_rapidly.jpg\" \/>\n\t<meta property=\"og:image:width\" content=\"400\" \/>\n\t<meta property=\"og:image:height\" content=\"200\" \/>\n\t<meta property=\"og:image:type\" content=\"image\/jpeg\" \/>\n<meta name=\"twitter:card\" content=\"summary_large_image\" \/>\n<meta name=\"twitter:label1\" content=\"Est. tempo de leitura\" \/>\n\t<meta name=\"twitter:data1\" content=\"1 minuto\" \/>\n<script type=\"application\/ld+json\" class=\"yoast-schema-graph\">{\"@context\":\"https:\/\/schema.org\",\"@graph\":[{\"@type\":\"WebPage\",\"@id\":\"https:\/\/www.ericadventures.com\/pt-br\/pacotes\/huaraz-rapido\/\",\"url\":\"https:\/\/www.ericadventures.com\/pt-br\/pacotes\/huaraz-rapido\/\",\"name\":\"Peru Huaraz em 2 dias - Excurs\u00f5es no Peru\",\"isPartOf\":{\"@id\":\"https:\/\/www.ericadventures.com\/en\/#website\"},\"primaryImageOfPage\":{\"@id\":\"https:\/\/www.ericadventures.com\/pt-br\/pacotes\/huaraz-rapido\/#primaryimage\"},\"image\":{\"@id\":\"https:\/\/www.ericadventures.com\/pt-br\/pacotes\/huaraz-rapido\/#primaryimage\"},\"thumbnailUrl\":\"https:\/\/www.ericadventures.com\/wp-content\/uploads\/huaraz_rapidly.jpg\",\"datePublished\":\"2024-04-28T02:10:31+00:00\",\"dateModified\":\"2025-11-11T21:29:25+00:00\",\"description\":\"Huaraz, Peru! Esportes radicais na Cordilheira Branca e cultura em Chav\u00edn de Hu\u00e1ntar. Aventura e divers\u00e3o garantidas!\",\"breadcrumb\":{\"@id\":\"https:\/\/www.ericadventures.com\/pt-br\/pacotes\/huaraz-rapido\/#breadcrumb\"},\"inLanguage\":\"pt-BR\",\"potentialAction\":[{\"@type\":\"ReadAction\",\"target\":[\"https:\/\/www.ericadventures.com\/pt-br\/pacotes\/huaraz-rapido\/\"]}]},{\"@type\":\"ImageObject\",\"inLanguage\":\"pt-BR\",\"@id\":\"https:\/\/www.ericadventures.com\/pt-br\/pacotes\/huaraz-rapido\/#primaryimage\",\"url\":\"https:\/\/www.ericadventures.com\/wp-content\/uploads\/huaraz_rapidly.jpg\",\"contentUrl\":\"https:\/\/www.ericadventures.com\/wp-content\/uploads\/huaraz_rapidly.jpg\",\"width\":400,\"height\":200,\"caption\":\"Huaraz Rapidly\"},{\"@type\":\"BreadcrumbList\",\"@id\":\"https:\/\/www.ericadventures.com\/pt-br\/pacotes\/huaraz-rapido\/#breadcrumb\",\"itemListElement\":[{\"@type\":\"ListItem\",\"position\":1,\"name\":\"Home\",\"item\":\"https:\/\/www.ericadventures.com\/pt-br\/\"},{\"@type\":\"ListItem\",\"position\":2,\"name\":\"Pacotes\",\"item\":\"https:\/\/www.ericadventures.com\/pt-br\/pacotes\/\"},{\"@type\":\"ListItem\",\"position\":3,\"name\":\"2D Huaraz R\u00e1pido\"}]},{\"@type\":\"WebSite\",\"@id\":\"https:\/\/www.ericadventures.com\/en\/#website\",\"url\":\"https:\/\/www.ericadventures.com\/en\/\",\"name\":\"Eric Adventures\",\"description\":\"\",\"publisher\":{\"@id\":\"https:\/\/www.ericadventures.com\/en\/#organization\"},\"alternateName\":\"Eric Adventures\",\"potentialAction\":[{\"@type\":\"SearchAction\",\"target\":{\"@type\":\"EntryPoint\",\"urlTemplate\":\"https:\/\/www.ericadventures.com\/en\/?s={search_term_string}\"},\"query-input\":{\"@type\":\"PropertyValueSpecification\",\"valueRequired\":true,\"valueName\":\"search_term_string\"}}],\"inLanguage\":\"pt-BR\"},{\"@type\":\"Organization\",\"@id\":\"https:\/\/www.ericadventures.com\/en\/#organization\",\"name\":\"Eric Adventures\",\"url\":\"https:\/\/www.ericadventures.com\/en\/\",\"logo\":{\"@type\":\"ImageObject\",\"inLanguage\":\"pt-BR\",\"@id\":\"https:\/\/www.ericadventures.com\/en\/#\/schema\/logo\/image\/\",\"url\":\"https:\/\/www.ericadventures.com\/wp-content\/uploads\/logo-ericadventures.png\",\"contentUrl\":\"https:\/\/www.ericadventures.com\/wp-content\/uploads\/logo-ericadventures.png\",\"width\":500,\"height\":106,\"caption\":\"Eric Adventures\"},\"image\":{\"@id\":\"https:\/\/www.ericadventures.com\/en\/#\/schema\/logo\/image\/\"}}]}<\/script>\n<!-- \/ Yoast SEO Premium plugin. -->","yoast_head_json":{"title":"Peru Huaraz em 2 dias - Excurs\u00f5es no Peru","description":"Huaraz, Peru! Esportes radicais na Cordilheira Branca e cultura em Chav\u00edn de Hu\u00e1ntar. Aventura e divers\u00e3o garantidas!","robots":{"index":"index","follow":"follow","max-snippet":"max-snippet:-1","max-image-preview":"max-image-preview:large","max-video-preview":"max-video-preview:-1"},"canonical":"https:\/\/www.ericadventures.com\/pt-br\/pacotes\/huaraz-rapido\/","og_locale":"pt_BR","og_type":"article","og_title":"2D Huaraz R\u00e1pido","og_description":"Huaraz, Peru! Esportes radicais na Cordilheira Branca e cultura em Chav\u00edn de Hu\u00e1ntar. Aventura e divers\u00e3o garantidas!","og_url":"https:\/\/www.ericadventures.com\/pt-br\/pacotes\/huaraz-rapido\/","og_site_name":"Eric Adventures","article_modified_time":"2025-11-11T21:29:25+00:00","og_image":[{"width":400,"height":200,"url":"https:\/\/www.ericadventures.com\/wp-content\/uploads\/huaraz_rapidly.jpg","type":"image\/jpeg"}],"twitter_card":"summary_large_image","twitter_misc":{"Est. tempo de leitura":"1 minuto"},"schema":{"@context":"https:\/\/schema.org","@graph":[{"@type":"WebPage","@id":"https:\/\/www.ericadventures.com\/pt-br\/pacotes\/huaraz-rapido\/","url":"https:\/\/www.ericadventures.com\/pt-br\/pacotes\/huaraz-rapido\/","name":"Peru Huaraz em 2 dias - Excurs\u00f5es no Peru","isPartOf":{"@id":"https:\/\/www.ericadventures.com\/en\/#website"},"primaryImageOfPage":{"@id":"https:\/\/www.ericadventures.com\/pt-br\/pacotes\/huaraz-rapido\/#primaryimage"},"image":{"@id":"https:\/\/www.ericadventures.com\/pt-br\/pacotes\/huaraz-rapido\/#primaryimage"},"thumbnailUrl":"https:\/\/www.ericadventures.com\/wp-content\/uploads\/huaraz_rapidly.jpg","datePublished":"2024-04-28T02:10:31+00:00","dateModified":"2025-11-11T21:29:25+00:00","description":"Huaraz, Peru! Esportes radicais na Cordilheira Branca e cultura em Chav\u00edn de Hu\u00e1ntar. Aventura e divers\u00e3o garantidas!","breadcrumb":{"@id":"https:\/\/www.ericadventures.com\/pt-br\/pacotes\/huaraz-rapido\/#breadcrumb"},"inLanguage":"pt-BR","potentialAction":[{"@type":"ReadAction","target":["https:\/\/www.ericadventures.com\/pt-br\/pacotes\/huaraz-rapido\/"]}]},{"@type":"ImageObject","inLanguage":"pt-BR","@id":"https:\/\/www.ericadventures.com\/pt-br\/pacotes\/huaraz-rapido\/#primaryimage","url":"https:\/\/www.ericadventures.com\/wp-content\/uploads\/huaraz_rapidly.jpg","contentUrl":"https:\/\/www.ericadventures.com\/wp-content\/uploads\/huaraz_rapidly.jpg","width":400,"height":200,"caption":"Huaraz Rapidly"},{"@type":"BreadcrumbList","@id":"https:\/\/www.ericadventures.com\/pt-br\/pacotes\/huaraz-rapido\/#breadcrumb","itemListElement":[{"@type":"ListItem","position":1,"name":"Home","item":"https:\/\/www.ericadventures.com\/pt-br\/"},{"@type":"ListItem","position":2,"name":"Pacotes","item":"https:\/\/www.ericadventures.com\/pt-br\/pacotes\/"},{"@type":"ListItem","position":3,"name":"2D Huaraz R\u00e1pido"}]},{"@type":"WebSite","@id":"https:\/\/www.ericadventures.com\/en\/#website","url":"https:\/\/www.ericadventures.com\/en\/","name":"Eric Adventures","description":"","publisher":{"@id":"https:\/\/www.ericadventures.com\/en\/#organization"},"alternateName":"Eric Adventures","potentialAction":[{"@type":"SearchAction","target":{"@type":"EntryPoint","urlTemplate":"https:\/\/www.ericadventures.com\/en\/?s={search_term_string}"},"query-input":{"@type":"PropertyValueSpecification","valueRequired":true,"valueName":"search_term_string"}}],"inLanguage":"pt-BR"},{"@type":"Organization","@id":"https:\/\/www.ericadventures.com\/en\/#organization","name":"Eric Adventures","url":"https:\/\/www.ericadventures.com\/en\/","logo":{"@type":"ImageObject","inLanguage":"pt-BR","@id":"https:\/\/www.ericadventures.com\/en\/#\/schema\/logo\/image\/","url":"https:\/\/www.ericadventures.com\/wp-content\/uploads\/logo-ericadventures.png","contentUrl":"https:\/\/www.ericadventures.com\/wp-content\/uploads\/logo-ericadventures.png","width":500,"height":106,"caption":"Eric Adventures"},"image":{"@id":"https:\/\/www.ericadventures.com\/en\/#\/schema\/logo\/image\/"}}]}},"coauthors":[],"author_meta":{"author_link":"https:\/\/www.ericadventures.com\/pt-br\/author\/joaco\/","display_name":"Joaqu\u00edn Arenas Hermoza"},"relative_dates":{"created":"Publicado 2 anos atr\u00e1s","modified":"Atualizado 6 meses atr\u00e1s"},"absolute_dates":{"created":"Publicado em abril 27, 2024","modified":"Atualizado em novembro 11, 2025"},"absolute_dates_time":{"created":"Publicado em abril 27, 2024 9:10 pm","modified":"Atualizado em novembro 11, 2025 4:29 pm"},"featured_img_caption":"","featured_img":"https:\/\/www.ericadventures.com\/wp-content\/uploads\/huaraz_rapidly.jpg","series_order":"","_links":{"self":[{"href":"https:\/\/www.ericadventures.com\/pt-br\/wp-json\/wp\/v2\/pages\/18803","targetHints":{"allow":["GET"]}}],"collection":[{"href":"https:\/\/www.ericadventures.com\/pt-br\/wp-json\/wp\/v2\/pages"}],"about":[{"href":"https:\/\/www.ericadventures.com\/pt-br\/wp-json\/wp\/v2\/types\/page"}],"author":[{"embeddable":true,"href":"https:\/\/www.ericadventures.com\/pt-br\/wp-json\/wp\/v2\/users\/3"}],"replies":[{"embeddable":true,"href":"https:\/\/www.ericadventures.com\/pt-br\/wp-json\/wp\/v2\/comments?post=18803"}],"version-history":[{"count":5,"href":"https:\/\/www.ericadventures.com\/pt-br\/wp-json\/wp\/v2\/pages\/18803\/revisions"}],"predecessor-version":[{"id":43262,"href":"https:\/\/www.ericadventures.com\/pt-br\/wp-json\/wp\/v2\/pages\/18803\/revisions\/43262"}],"up":[{"embeddable":true,"href":"https:\/\/www.ericadventures.com\/pt-br\/wp-json\/wp\/v2\/pages\/16102"}],"wp:featuredmedia":[{"embeddable":true,"href":"https:\/\/www.ericadventures.com\/pt-br\/wp-json\/wp\/v2\/media\/18798"}],"wp:attachment":[{"href":"https:\/\/www.ericadventures.com\/pt-br\/wp-json\/wp\/v2\/media?parent=18803"}],"curies":[{"name":"wp","href":"https:\/\/api.w.org\/{rel}","templated":true}]}}