{"id":19028,"date":"2024-04-27T22:18:01","date_gmt":"2024-04-28T03:18:01","guid":{"rendered":"https:\/\/www.ericadventures.com\/pacotes\/pacotes-completos-2\/passeios-em-chachapoyas\/sarcofago-de-karajia-chachapoyas-dia-inteiro\/"},"modified":"2025-10-23T10:25:10","modified_gmt":"2025-10-23T15:25:10","slug":"sarcofago-karajia-dia-inteiro-de-chachapoyas","status":"publish","type":"page","link":"https:\/\/www.ericadventures.com\/pt-br\/pacotes\/sarcofago-karajia-dia-inteiro-de-chachapoyas\/","title":{"rendered":"Sarc\u00f3fago Karajia &#8211; Dia Inteiro de Chachapoyas"},"content":{"rendered":"<div class=\"wp-block-image\">\n<figure class=\"alignleft size-full is-resized\"><img loading=\"lazy\" decoding=\"async\" width=\"400\" height=\"200\" src=\"https:\/\/www.ericadventures.com\/wp-content\/uploads\/amazonas-chachapoyas-sarcophagi-karajia-full-day.jpg\" alt=\"\" class=\"wp-image-18973\" style=\"aspect-ratio:1.7777777777777777;object-fit:cover;width:416px;height:auto\" srcset=\"https:\/\/www.ericadventures.com\/wp-content\/uploads\/amazonas-chachapoyas-sarcophagi-karajia-full-day.jpg 400w, https:\/\/www.ericadventures.com\/wp-content\/uploads\/amazonas-chachapoyas-sarcophagi-karajia-full-day-300x150.jpg 300w\" sizes=\"auto, (max-width: 400px) 100vw, 400px\" \/><\/figure>\n<\/div>\n\n\n<h3 class=\"wp-block-heading\" id=\"h-sitios-arqueologicos-chachapoyas\">S\u00edtios Arqueol\u00f3gicos &#8211; Chachapoyas<\/h3>\n\n\n\n<p>O departamento do Amazonas \u00e9 famoso por suas florestas nubladas, \u00e1reas com microclimas deslumbrantes e cuja umidade intensa favorece o crescimento exuberante de plantas como orqu\u00eddeas e brom\u00e9lias e de animais como o urso e o galo-da-rocha andino.<\/p>\n\n\n\n<h2 class=\"wp-block-heading\" id=\"h-itinerario\">ITINER\u00c1RIO<\/h2>\n\n\n\n<h3 class=\"wp-block-heading\" id=\"h-dia-1\">Dia 1<\/h3>\n\n\n\n<p>Sa\u00edda 8h30 m.; Retorno \u00e0s 17h30<br>Sa\u00edda para Pueblo de los Muertos (aprox. 1 hora e 30 minutos) 2km de caminhada at\u00e9 o local, ao longo do caminho \u00e9 poss\u00edvel avistar a cachoeira Gocta e uma paisagem impressionante. \u00c0 tarde, ap\u00f3s o almo\u00e7o, visita ao Sarc\u00f3fago Karaj\u00eda.<\/p>\n\n\n\n<p>Retorno \u00e0 cidade de Chachapoyas.<\/p>\n\n\n\n<h2 class=\"wp-block-heading\" id=\"h-inclui\">inclui<\/h2>\n\n\n\n<ul class=\"wp-block-list\">\n<li>Transporte<\/li>\n\n\n\n<li>Todas as transfer\u00eancias<\/li>\n\n\n\n<li>Guia profissional, assist\u00eancia permanente.<\/li>\n<\/ul>\n\n\n\n<p><strong>N\u00e3o inclui<\/strong><\/p>\n\n\n\n<ul class=\"wp-block-list\">\n<li>Refei\u00e7\u00e3o.<\/li>\n<\/ul>\n\n\n\n<p><br><strong>Recomenda\u00e7\u00f5es<\/strong><\/p>\n\n\n\n<ul class=\"wp-block-list\">\n<li>Roupas leves e quentes<\/li>\n\n\n\n<li>\u00c0 prova d&#8217;\u00e1gua<\/li>\n\n\n\n<li>protetor solar<\/li>\n\n\n\n<li>Repelente<\/li>\n<\/ul>\n\n\n\n<h2 class=\"wp-block-heading\" id=\"h-precos-por-pessoa-em-dolares-americanos\">PRE\u00c7OS (POR PESSOA EM D\u00d3LARES AMERICANOS)<\/h2>\n\n\n\n<p><strong>SERVI\u00c7O COMPARTILHADO<\/strong><\/p>\n\n\n\n<ul class=\"wp-block-list\">\n<li>Pre\u00e7o por pessoa: US$ 60 (m\u00ednimo de 2 pessoas)<\/li>\n<\/ul>\n\n\n\n<p>*Pre\u00e7os de refer\u00eancia sujeitos \u00e0 disponibilidade e temporada.<\/p>\n\n\n\n<h2 class=\"wp-block-heading\" id=\"h-mapa\">Mapa<\/h2>\n\n\n\n<figure class=\"wp-block-gallery has-nested-images columns-default wp-block-gallery-1 is-layout-flex wp-block-gallery-is-layout-flex\">\n<figure class=\"wp-block-image size-thumbnail\"><a href=\"https:\/\/www.ericadventures.com\/wp-content\/uploads\/map-chachapoyas-sarcophagus-karajia-full-day.jpg\"><img loading=\"lazy\" decoding=\"async\" width=\"150\" height=\"150\" data-id=\"19018\" src=\"https:\/\/www.ericadventures.com\/wp-content\/uploads\/map-chachapoyas-sarcophagus-karajia-full-day-150x150.jpg\" alt=\"\" class=\"wp-image-19018\"\/><\/a><\/figure>\n<\/figure>\n\n\n\n<h2 class=\"wp-block-heading\" id=\"h-fotos\"><strong> FOTOS<\/strong><\/h2>\n\n\n\n<figure class=\"wp-block-gallery has-nested-images columns-8 is-cropped wp-block-gallery-2 is-layout-flex wp-block-gallery-is-layout-flex\">\n<figure class=\"wp-block-image size-thumbnail\"><a href=\"https:\/\/www.ericadventures.com\/wp-content\/uploads\/WATERFALL-GOCTA-2.jpg\"><img loading=\"lazy\" decoding=\"async\" width=\"150\" height=\"150\" data-id=\"18978\" src=\"https:\/\/www.ericadventures.com\/wp-content\/uploads\/WATERFALL-GOCTA-2-150x150.jpg\" alt=\"\" class=\"wp-image-18978\"\/><\/a><\/figure>\n\n\n\n<figure class=\"wp-block-image size-thumbnail\"><a href=\"https:\/\/www.ericadventures.com\/wp-content\/uploads\/WATERFALL-GOCTA-FUL-1.jpg\"><img loading=\"lazy\" decoding=\"async\" width=\"150\" height=\"150\" data-id=\"18983\" src=\"https:\/\/www.ericadventures.com\/wp-content\/uploads\/WATERFALL-GOCTA-FUL-1-150x150.jpg\" alt=\"\" class=\"wp-image-18983\"\/><\/a><\/figure>\n\n\n\n<figure class=\"wp-block-image size-thumbnail\"><a href=\"https:\/\/www.ericadventures.com\/wp-content\/uploads\/amazonas-chachapoyas-city-of-the-dead-tours.jpg\"><img loading=\"lazy\" decoding=\"async\" width=\"150\" height=\"150\" data-id=\"18989\" src=\"https:\/\/www.ericadventures.com\/wp-content\/uploads\/amazonas-chachapoyas-city-of-the-dead-tours-150x150.jpg\" alt=\"\" class=\"wp-image-18989\"\/><\/a><\/figure>\n\n\n\n<figure class=\"wp-block-image size-thumbnail\"><a href=\"https:\/\/www.ericadventures.com\/wp-content\/uploads\/amazonas-chachapoyas-city-of-the-dead.jpg\"><img loading=\"lazy\" decoding=\"async\" width=\"150\" height=\"150\" data-id=\"19008\" src=\"https:\/\/www.ericadventures.com\/wp-content\/uploads\/amazonas-chachapoyas-city-of-the-dead-150x150.jpg\" alt=\"\" class=\"wp-image-19008\"\/><\/a><\/figure>\n\n\n\n<figure class=\"wp-block-image size-thumbnail\"><a href=\"https:\/\/www.ericadventures.com\/wp-content\/uploads\/SARCOPHAGUS-KARAJIA-1-1.jpg\"><img loading=\"lazy\" decoding=\"async\" width=\"150\" height=\"150\" data-id=\"19000\" src=\"https:\/\/www.ericadventures.com\/wp-content\/uploads\/SARCOPHAGUS-KARAJIA-1-1-150x150.jpg\" alt=\"\" class=\"wp-image-19000\"\/><\/a><\/figure>\n\n\n\n<figure class=\"wp-block-image size-thumbnail\"><a href=\"https:\/\/www.ericadventures.com\/wp-content\/uploads\/SARCOPHAGUS-KARAJIA-3-1.jpg\"><img loading=\"lazy\" decoding=\"async\" width=\"150\" height=\"150\" data-id=\"19006\" src=\"https:\/\/www.ericadventures.com\/wp-content\/uploads\/SARCOPHAGUS-KARAJIA-3-1-150x150.jpg\" alt=\"\" class=\"wp-image-19006\"\/><\/a><\/figure>\n\n\n\n<figure class=\"wp-block-image size-thumbnail\"><a href=\"https:\/\/www.ericadventures.com\/wp-content\/uploads\/Chachapoyas_City_2-1.jpg\"><img loading=\"lazy\" decoding=\"async\" width=\"150\" height=\"150\" data-id=\"18998\" src=\"https:\/\/www.ericadventures.com\/wp-content\/uploads\/Chachapoyas_City_2-1-150x150.jpg\" alt=\"\" class=\"wp-image-18998\"\/><\/a><\/figure>\n<\/figure>\n\n\n\n<h2 class=\"wp-block-heading\" id=\"h-formulario-de-contato\"><strong>formul\u00e1rio de contato<\/strong><\/h2>\n\n\n\n<div class=\"wp-block-contact-form-7-contact-form-selector\">\n<div class=\"wpcf7 no-js\" id=\"wpcf7-f6172-o1\" lang=\"es-ES\" dir=\"ltr\" data-wpcf7-id=\"6172\">\n<div class=\"screen-reader-response\"><p role=\"status\" aria-live=\"polite\" aria-atomic=\"true\"><\/p> <ul><\/ul><\/div>\n<form action=\"\/pt-br\/wp-json\/wp\/v2\/pages\/19028#wpcf7-f6172-o1\" method=\"post\" class=\"wpcf7-form init\" aria-label=\"Formulario de contacto\" novalidate=\"novalidate\" data-status=\"init\">\n<fieldset class=\"hidden-fields-container\"><input type=\"hidden\" name=\"_wpcf7\" value=\"6172\" \/><input type=\"hidden\" name=\"_wpcf7_version\" value=\"6.1.5\" \/><input type=\"hidden\" name=\"_wpcf7_locale\" value=\"es_ES\" \/><input type=\"hidden\" name=\"_wpcf7_unit_tag\" value=\"wpcf7-f6172-o1\" \/><input type=\"hidden\" name=\"_wpcf7_container_post\" value=\"0\" \/><input type=\"hidden\" name=\"_wpcf7_posted_data_hash\" value=\"\" \/>\n<\/fieldset>\n<div class=\"wpcf7-turnstile cf-turnstile\" data-sitekey=\"0x4AAAAAACZ2CLxkDaDac8NW\" data-response-field-name=\"_wpcf7_turnstile_response\"><\/div>\n\n<div class=\"formt\">\n    <span class=\"textform\"> Para reservas ou mais informa\u00e7\u00f5es preencha o seguinte formul\u00e1rio de cliente\/convidado:  <\/span>\n    <input class=\"wpcf7-form-control wpcf7-hidden\" value=\"https:\/\/www.ericadventures.com\/pt-br\/wp-json\/wp\/v2\/pages\/19028\" type=\"hidden\" name=\"Url_Tour\" \/>\n    <input class=\"wpcf7-form-control wpcf7-hidden\" value=\"pt-br\" type=\"hidden\" name=\"Idioma\" \/>\n    <input class=\"wpcf7-form-control wpcf7-hidden\" value=\"04\/05\/2026 03:46:54\" type=\"hidden\" name=\"Fecha_Hora\" \/>\n    <input class=\"wpcf7-form-control wpcf7-hidden\" value=\"216.73.216.166\" type=\"hidden\" name=\"Ip\" \/>\n    <input class=\"wpcf7-form-control wpcf7-hidden\" value=\"Sarc\u00f3fago Karajia &#8211; Dia Inteiro de Chachapoyas\" type=\"hidden\" name=\"Nombre_Tour\" \/>\n    <input class=\"wpcf7-form-control wpcf7-hidden\" value=\"1\" type=\"hidden\" name=\"enviar_excel\" \/>\n\n    <div class=\"g2\">\n        <div>\n            <label>Nome: <\/label>\n            <span class=\"wpcf7-form-control-wrap\" data-name=\"Nombre\"><input size=\"40\" maxlength=\"400\" class=\"wpcf7-form-control wpcf7-text wpcf7-validates-as-required\" aria-required=\"true\" aria-invalid=\"false\" value=\"\" type=\"text\" name=\"Nombre\" \/><\/span>\n        <\/div>\n        <div>\n            <label>E-mail: <\/label>\n            <span class=\"wpcf7-form-control-wrap\" data-name=\"Emails\"><input size=\"40\" maxlength=\"400\" class=\"wpcf7-form-control wpcf7-email wpcf7-validates-as-required wpcf7-text wpcf7-validates-as-email\" aria-required=\"true\" aria-invalid=\"false\" value=\"\" type=\"email\" name=\"Emails\" \/><\/span>\n        <\/div>\n    <\/div>\n    \n    <div class=\"g2\">\n        <div>\n            <label>Pa\u00eds: <\/label>\n            <span class=\"wpcf7-form-control-wrap\" data-name=\"Pais\"><input size=\"40\" maxlength=\"400\" class=\"wpcf7-form-control wpcf7-text\" aria-invalid=\"false\" value=\"\" type=\"text\" name=\"Pais\" \/><\/span>\n        <\/div>\n        <div>\n            <label>Telefone - Whatsapp: <\/label>\n            <span class=\"wpcf7-form-control-wrap\" data-name=\"Whatsapp\"><input size=\"40\" class=\"wpcf7-form-control wpcf7-phonetext wpcf7-text wpcf7-validates-as-phonetext\" aria-invalid=\"false\" value=\"\" type=\"text\" name=\"Whatsapp\" \/><input type=\"hidden\" name=\"Whatsapp-country-code\" class=\"wpcf7-phonetext-country-code\" \/><\/span>\n        <\/div>\n    <\/div>\n    \n    <div class=\"g2\">\n        <div>\n            <label>N\u00famero de adultos: <\/label>\n            <span class=\"wpcf7-form-control-wrap\" data-name=\"Adultos\"><select class=\"wpcf7-form-control wpcf7-select wpcf7-validates-as-required\" aria-required=\"true\" aria-invalid=\"false\" name=\"Adultos\"><option value=\"1\">1<\/option><option value=\"2\">2<\/option><option value=\"3\">3<\/option><option value=\"4\">4<\/option><option value=\"5\">5<\/option><option value=\"6\">6<\/option><option value=\"7\">7<\/option><option value=\"8\">8<\/option><option value=\"9\">9<\/option><option value=\"10\">10<\/option><option value=\"11\">11<\/option><option value=\"12 para mais\">12 para mais<\/option><\/select><\/span>\n        <\/div>\n        <div>\n            <label>N\u00famero de crian\u00e7as: <\/label>\n            <span class=\"wpcf7-form-control-wrap\" data-name=\"Ninos\"><select class=\"wpcf7-form-control wpcf7-select wpcf7-validates-as-required\" aria-required=\"true\" aria-invalid=\"false\" name=\"Ninos\"><option value=\"0\">0<\/option><option value=\"1\">1<\/option><option value=\"2\">2<\/option><option value=\"3\">3<\/option><option value=\"4\">4<\/option><option value=\"5\">5<\/option><option value=\"6\">6<\/option><option value=\"7\">7<\/option><option value=\"8\">8<\/option><option value=\"9\">9<\/option><option value=\"10\">10<\/option><option value=\"11\">11<\/option><option value=\"12 para mais\">12 para mais<\/option><\/select><\/span>\n        <\/div>\n    <\/div>\n    \n    <div class=\"g2\">\n        <div>\n            <label>Data de in\u00edcio do passeio: <\/label>\n            <span class=\"wpcf7-form-control-wrap\" data-name=\"Inicio\"><input class=\"wpcf7-form-control wpcf7-date wpcf7-validates-as-required wpcf7-validates-as-date\" id=\"inicio\" min=\"2026-05-04\" aria-required=\"true\" aria-invalid=\"false\" value=\"\" type=\"date\" name=\"Inicio\" \/><\/span>\n        <\/div>\n        <div>\n            <label>Data de t\u00e9rmino da excurs\u00e3o: <\/label>\n            <span class=\"wpcf7-form-control-wrap\" data-name=\"Final\"><input class=\"wpcf7-form-control wpcf7-date wpcf7-validates-as-required wpcf7-validates-as-date\" id=\"final\" min=\"2026-05-04\" aria-required=\"true\" aria-invalid=\"false\" value=\"\" type=\"date\" name=\"Final\" \/><\/span>\n        <\/div>\n    <\/div>\n    \n    <div>\n        <label>Coment\u00e1rios ou perguntas: <\/label>\n        <span class=\"wpcf7-form-control-wrap\" data-name=\"Mensaje\"><textarea cols=\"40\" rows=\"10\" maxlength=\"2000\" class=\"wpcf7-form-control wpcf7-textarea wpcf7-validates-as-required\" aria-required=\"true\" aria-invalid=\"false\" placeholder=\"Por favor especifique o tipo de SERVI\u00c7O\/TOUR que pretende realizar\" name=\"Mensaje\"><\/textarea><\/span>\n    <\/div>\n    \n    <input class=\"wpcf7-form-control wpcf7-submit has-spinner btnsend\" type=\"submit\" value=\"ENVIAR MENSAGEM\" \/>\n<\/div><div class=\"wpcf7-response-output\" aria-hidden=\"true\"><\/div>\n<\/form>\n<\/div>\n<\/div>\n","protected":false},"excerpt":{"rendered":"<p>S\u00edtios Arqueol\u00f3gicos &#8211; Chachapoyas O departamento do Amazonas \u00e9 famoso por suas florestas nubladas, \u00e1reas com microclimas deslumbrantes e cuja [&hellip;]<\/p>\n","protected":false},"author":3,"featured_media":18977,"parent":16102,"menu_order":0,"comment_status":"closed","ping_status":"closed","template":"page-tour.php","meta":{"_acf_changed":false,"advgb_blocks_editor_width":"","advgb_blocks_columns_visual_guide":"","footnotes":""},"class_list":["post-19028","page","type-page","status-publish","has-post-thumbnail","hentry"],"acf":[],"yoast_head":"<!-- This site is optimized with the Yoast SEO Premium plugin v25.4 (Yoast SEO v26.9) - https:\/\/yoast.com\/product\/yoast-seo-premium-wordpress\/ -->\n<title>Dia Inteiro em Chachapoyas - Sarc\u00f3fago Karaj\u00eda<\/title>\n<meta name=\"description\" content=\"Descubra Chachapoyas: mans\u00f5es, varandas, cachoeira Gocta e Sarc\u00f3fago Karaj\u00eda. Experi\u00eancia incr\u00edvel!\" \/>\n<meta name=\"robots\" content=\"index, follow, max-snippet:-1, max-image-preview:large, max-video-preview:-1\" \/>\n<link rel=\"canonical\" href=\"https:\/\/www.ericadventures.com\/pt-br\/pacotes\/sarcofago-karajia-dia-inteiro-de-chachapoyas\/\" \/>\n<meta property=\"og:locale\" content=\"pt_BR\" \/>\n<meta property=\"og:type\" content=\"article\" \/>\n<meta property=\"og:title\" content=\"Sarc\u00f3fago Karajia - Dia Inteiro de Chachapoyas\" \/>\n<meta property=\"og:description\" content=\"Descubra Chachapoyas: mans\u00f5es, varandas, cachoeira Gocta e Sarc\u00f3fago Karaj\u00eda. Experi\u00eancia incr\u00edvel!\" \/>\n<meta property=\"og:url\" content=\"https:\/\/www.ericadventures.com\/pt-br\/pacotes\/sarcofago-karajia-dia-inteiro-de-chachapoyas\/\" \/>\n<meta property=\"og:site_name\" content=\"Eric Adventures\" \/>\n<meta property=\"article:modified_time\" content=\"2025-10-23T15:25:10+00:00\" \/>\n<meta property=\"og:image\" content=\"https:\/\/www.ericadventures.com\/wp-content\/uploads\/amazonas-chachapoyas-sarcophagi-karajia-full-day.jpg\" \/>\n\t<meta property=\"og:image:width\" content=\"400\" \/>\n\t<meta property=\"og:image:height\" content=\"200\" \/>\n\t<meta property=\"og:image:type\" content=\"image\/jpeg\" \/>\n<meta name=\"twitter:card\" content=\"summary_large_image\" \/>\n<meta name=\"twitter:label1\" content=\"Est. tempo de leitura\" \/>\n\t<meta name=\"twitter:data1\" content=\"3 minutos\" \/>\n<script type=\"application\/ld+json\" class=\"yoast-schema-graph\">{\"@context\":\"https:\/\/schema.org\",\"@graph\":[{\"@type\":\"WebPage\",\"@id\":\"https:\/\/www.ericadventures.com\/pt-br\/pacotes\/sarcofago-karajia-dia-inteiro-de-chachapoyas\/\",\"url\":\"https:\/\/www.ericadventures.com\/pt-br\/pacotes\/sarcofago-karajia-dia-inteiro-de-chachapoyas\/\",\"name\":\"Dia Inteiro em Chachapoyas - Sarc\u00f3fago Karaj\u00eda\",\"isPartOf\":{\"@id\":\"https:\/\/www.ericadventures.com\/en\/#website\"},\"primaryImageOfPage\":{\"@id\":\"https:\/\/www.ericadventures.com\/pt-br\/pacotes\/sarcofago-karajia-dia-inteiro-de-chachapoyas\/#primaryimage\"},\"image\":{\"@id\":\"https:\/\/www.ericadventures.com\/pt-br\/pacotes\/sarcofago-karajia-dia-inteiro-de-chachapoyas\/#primaryimage\"},\"thumbnailUrl\":\"https:\/\/www.ericadventures.com\/wp-content\/uploads\/amazonas-chachapoyas-sarcophagi-karajia-full-day.jpg\",\"datePublished\":\"2024-04-28T03:18:01+00:00\",\"dateModified\":\"2025-10-23T15:25:10+00:00\",\"description\":\"Descubra Chachapoyas: mans\u00f5es, varandas, cachoeira Gocta e Sarc\u00f3fago Karaj\u00eda. Experi\u00eancia incr\u00edvel!\",\"breadcrumb\":{\"@id\":\"https:\/\/www.ericadventures.com\/pt-br\/pacotes\/sarcofago-karajia-dia-inteiro-de-chachapoyas\/#breadcrumb\"},\"inLanguage\":\"pt-BR\",\"potentialAction\":[{\"@type\":\"ReadAction\",\"target\":[\"https:\/\/www.ericadventures.com\/pt-br\/pacotes\/sarcofago-karajia-dia-inteiro-de-chachapoyas\/\"]}]},{\"@type\":\"ImageObject\",\"inLanguage\":\"pt-BR\",\"@id\":\"https:\/\/www.ericadventures.com\/pt-br\/pacotes\/sarcofago-karajia-dia-inteiro-de-chachapoyas\/#primaryimage\",\"url\":\"https:\/\/www.ericadventures.com\/wp-content\/uploads\/amazonas-chachapoyas-sarcophagi-karajia-full-day.jpg\",\"contentUrl\":\"https:\/\/www.ericadventures.com\/wp-content\/uploads\/amazonas-chachapoyas-sarcophagi-karajia-full-day.jpg\",\"width\":400,\"height\":200,\"caption\":\"Sarcophagus Of Karajia - Chachapoyas Full Day\"},{\"@type\":\"BreadcrumbList\",\"@id\":\"https:\/\/www.ericadventures.com\/pt-br\/pacotes\/sarcofago-karajia-dia-inteiro-de-chachapoyas\/#breadcrumb\",\"itemListElement\":[{\"@type\":\"ListItem\",\"position\":1,\"name\":\"Home\",\"item\":\"https:\/\/www.ericadventures.com\/pt-br\/\"},{\"@type\":\"ListItem\",\"position\":2,\"name\":\"Pacotes\",\"item\":\"https:\/\/www.ericadventures.com\/pt-br\/pacotes\/\"},{\"@type\":\"ListItem\",\"position\":3,\"name\":\"Sarc\u00f3fago Karajia &#8211; Dia Inteiro de Chachapoyas\"}]},{\"@type\":\"WebSite\",\"@id\":\"https:\/\/www.ericadventures.com\/en\/#website\",\"url\":\"https:\/\/www.ericadventures.com\/en\/\",\"name\":\"Eric Adventures\",\"description\":\"\",\"publisher\":{\"@id\":\"https:\/\/www.ericadventures.com\/en\/#organization\"},\"alternateName\":\"Eric Adventures\",\"potentialAction\":[{\"@type\":\"SearchAction\",\"target\":{\"@type\":\"EntryPoint\",\"urlTemplate\":\"https:\/\/www.ericadventures.com\/en\/?s={search_term_string}\"},\"query-input\":{\"@type\":\"PropertyValueSpecification\",\"valueRequired\":true,\"valueName\":\"search_term_string\"}}],\"inLanguage\":\"pt-BR\"},{\"@type\":\"Organization\",\"@id\":\"https:\/\/www.ericadventures.com\/en\/#organization\",\"name\":\"Eric Adventures\",\"url\":\"https:\/\/www.ericadventures.com\/en\/\",\"logo\":{\"@type\":\"ImageObject\",\"inLanguage\":\"pt-BR\",\"@id\":\"https:\/\/www.ericadventures.com\/en\/#\/schema\/logo\/image\/\",\"url\":\"https:\/\/www.ericadventures.com\/wp-content\/uploads\/logo-ericadventures.png\",\"contentUrl\":\"https:\/\/www.ericadventures.com\/wp-content\/uploads\/logo-ericadventures.png\",\"width\":500,\"height\":106,\"caption\":\"Eric Adventures\"},\"image\":{\"@id\":\"https:\/\/www.ericadventures.com\/en\/#\/schema\/logo\/image\/\"}}]}<\/script>\n<!-- \/ Yoast SEO Premium plugin. -->","yoast_head_json":{"title":"Dia Inteiro em Chachapoyas - Sarc\u00f3fago Karaj\u00eda","description":"Descubra Chachapoyas: mans\u00f5es, varandas, cachoeira Gocta e Sarc\u00f3fago Karaj\u00eda. Experi\u00eancia incr\u00edvel!","robots":{"index":"index","follow":"follow","max-snippet":"max-snippet:-1","max-image-preview":"max-image-preview:large","max-video-preview":"max-video-preview:-1"},"canonical":"https:\/\/www.ericadventures.com\/pt-br\/pacotes\/sarcofago-karajia-dia-inteiro-de-chachapoyas\/","og_locale":"pt_BR","og_type":"article","og_title":"Sarc\u00f3fago Karajia - Dia Inteiro de Chachapoyas","og_description":"Descubra Chachapoyas: mans\u00f5es, varandas, cachoeira Gocta e Sarc\u00f3fago Karaj\u00eda. Experi\u00eancia incr\u00edvel!","og_url":"https:\/\/www.ericadventures.com\/pt-br\/pacotes\/sarcofago-karajia-dia-inteiro-de-chachapoyas\/","og_site_name":"Eric Adventures","article_modified_time":"2025-10-23T15:25:10+00:00","og_image":[{"width":400,"height":200,"url":"https:\/\/www.ericadventures.com\/wp-content\/uploads\/amazonas-chachapoyas-sarcophagi-karajia-full-day.jpg","type":"image\/jpeg"}],"twitter_card":"summary_large_image","twitter_misc":{"Est. tempo de leitura":"3 minutos"},"schema":{"@context":"https:\/\/schema.org","@graph":[{"@type":"WebPage","@id":"https:\/\/www.ericadventures.com\/pt-br\/pacotes\/sarcofago-karajia-dia-inteiro-de-chachapoyas\/","url":"https:\/\/www.ericadventures.com\/pt-br\/pacotes\/sarcofago-karajia-dia-inteiro-de-chachapoyas\/","name":"Dia Inteiro em Chachapoyas - Sarc\u00f3fago Karaj\u00eda","isPartOf":{"@id":"https:\/\/www.ericadventures.com\/en\/#website"},"primaryImageOfPage":{"@id":"https:\/\/www.ericadventures.com\/pt-br\/pacotes\/sarcofago-karajia-dia-inteiro-de-chachapoyas\/#primaryimage"},"image":{"@id":"https:\/\/www.ericadventures.com\/pt-br\/pacotes\/sarcofago-karajia-dia-inteiro-de-chachapoyas\/#primaryimage"},"thumbnailUrl":"https:\/\/www.ericadventures.com\/wp-content\/uploads\/amazonas-chachapoyas-sarcophagi-karajia-full-day.jpg","datePublished":"2024-04-28T03:18:01+00:00","dateModified":"2025-10-23T15:25:10+00:00","description":"Descubra Chachapoyas: mans\u00f5es, varandas, cachoeira Gocta e Sarc\u00f3fago Karaj\u00eda. Experi\u00eancia incr\u00edvel!","breadcrumb":{"@id":"https:\/\/www.ericadventures.com\/pt-br\/pacotes\/sarcofago-karajia-dia-inteiro-de-chachapoyas\/#breadcrumb"},"inLanguage":"pt-BR","potentialAction":[{"@type":"ReadAction","target":["https:\/\/www.ericadventures.com\/pt-br\/pacotes\/sarcofago-karajia-dia-inteiro-de-chachapoyas\/"]}]},{"@type":"ImageObject","inLanguage":"pt-BR","@id":"https:\/\/www.ericadventures.com\/pt-br\/pacotes\/sarcofago-karajia-dia-inteiro-de-chachapoyas\/#primaryimage","url":"https:\/\/www.ericadventures.com\/wp-content\/uploads\/amazonas-chachapoyas-sarcophagi-karajia-full-day.jpg","contentUrl":"https:\/\/www.ericadventures.com\/wp-content\/uploads\/amazonas-chachapoyas-sarcophagi-karajia-full-day.jpg","width":400,"height":200,"caption":"Sarcophagus Of Karajia - Chachapoyas Full Day"},{"@type":"BreadcrumbList","@id":"https:\/\/www.ericadventures.com\/pt-br\/pacotes\/sarcofago-karajia-dia-inteiro-de-chachapoyas\/#breadcrumb","itemListElement":[{"@type":"ListItem","position":1,"name":"Home","item":"https:\/\/www.ericadventures.com\/pt-br\/"},{"@type":"ListItem","position":2,"name":"Pacotes","item":"https:\/\/www.ericadventures.com\/pt-br\/pacotes\/"},{"@type":"ListItem","position":3,"name":"Sarc\u00f3fago Karajia &#8211; Dia Inteiro de Chachapoyas"}]},{"@type":"WebSite","@id":"https:\/\/www.ericadventures.com\/en\/#website","url":"https:\/\/www.ericadventures.com\/en\/","name":"Eric Adventures","description":"","publisher":{"@id":"https:\/\/www.ericadventures.com\/en\/#organization"},"alternateName":"Eric Adventures","potentialAction":[{"@type":"SearchAction","target":{"@type":"EntryPoint","urlTemplate":"https:\/\/www.ericadventures.com\/en\/?s={search_term_string}"},"query-input":{"@type":"PropertyValueSpecification","valueRequired":true,"valueName":"search_term_string"}}],"inLanguage":"pt-BR"},{"@type":"Organization","@id":"https:\/\/www.ericadventures.com\/en\/#organization","name":"Eric Adventures","url":"https:\/\/www.ericadventures.com\/en\/","logo":{"@type":"ImageObject","inLanguage":"pt-BR","@id":"https:\/\/www.ericadventures.com\/en\/#\/schema\/logo\/image\/","url":"https:\/\/www.ericadventures.com\/wp-content\/uploads\/logo-ericadventures.png","contentUrl":"https:\/\/www.ericadventures.com\/wp-content\/uploads\/logo-ericadventures.png","width":500,"height":106,"caption":"Eric Adventures"},"image":{"@id":"https:\/\/www.ericadventures.com\/en\/#\/schema\/logo\/image\/"}}]}},"coauthors":[],"author_meta":{"author_link":"https:\/\/www.ericadventures.com\/pt-br\/author\/joaco\/","display_name":"Joaqu\u00edn Arenas Hermoza"},"relative_dates":{"created":"Publicado 2 anos atr\u00e1s","modified":"Atualizado 6 meses atr\u00e1s"},"absolute_dates":{"created":"Publicado em abril 27, 2024","modified":"Atualizado em outubro 23, 2025"},"absolute_dates_time":{"created":"Publicado em abril 27, 2024 10:18 pm","modified":"Atualizado em outubro 23, 2025 10:25 am"},"featured_img_caption":"","featured_img":"https:\/\/www.ericadventures.com\/wp-content\/uploads\/amazonas-chachapoyas-sarcophagi-karajia-full-day.jpg","series_order":"","_links":{"self":[{"href":"https:\/\/www.ericadventures.com\/pt-br\/wp-json\/wp\/v2\/pages\/19028","targetHints":{"allow":["GET"]}}],"collection":[{"href":"https:\/\/www.ericadventures.com\/pt-br\/wp-json\/wp\/v2\/pages"}],"about":[{"href":"https:\/\/www.ericadventures.com\/pt-br\/wp-json\/wp\/v2\/types\/page"}],"author":[{"embeddable":true,"href":"https:\/\/www.ericadventures.com\/pt-br\/wp-json\/wp\/v2\/users\/3"}],"replies":[{"embeddable":true,"href":"https:\/\/www.ericadventures.com\/pt-br\/wp-json\/wp\/v2\/comments?post=19028"}],"version-history":[{"count":6,"href":"https:\/\/www.ericadventures.com\/pt-br\/wp-json\/wp\/v2\/pages\/19028\/revisions"}],"predecessor-version":[{"id":41910,"href":"https:\/\/www.ericadventures.com\/pt-br\/wp-json\/wp\/v2\/pages\/19028\/revisions\/41910"}],"up":[{"embeddable":true,"href":"https:\/\/www.ericadventures.com\/pt-br\/wp-json\/wp\/v2\/pages\/16102"}],"wp:featuredmedia":[{"embeddable":true,"href":"https:\/\/www.ericadventures.com\/pt-br\/wp-json\/wp\/v2\/media\/18977"}],"wp:attachment":[{"href":"https:\/\/www.ericadventures.com\/pt-br\/wp-json\/wp\/v2\/media?parent=19028"}],"curies":[{"name":"wp","href":"https:\/\/api.w.org\/{rel}","templated":true}]}}