{"id":19346,"date":"2024-04-28T19:42:31","date_gmt":"2024-04-29T00:42:31","guid":{"rendered":"https:\/\/www.ericadventures.com\/tours-en-argentina\/"},"modified":"2024-09-15T14:49:55","modified_gmt":"2024-09-15T19:49:55","slug":"passeios-na-argentina","status":"publish","type":"page","link":"https:\/\/www.ericadventures.com\/pt-br\/passeios-na-argentina\/","title":{"rendered":"Passeios Na Argentina"},"content":{"rendered":"<div class=\"grid grid-cols-1 sm:grid-cols-2 md:grid-cols-3 xl:grid-cols-4 gap-5\">\n\t\t\t\t\t\t\t<div>\n                                <div class=\"border bg-white shadow rounded-md p-1\">\n                                    <a href=\"https:\/\/www.ericadventures.com\/pt-br\/passeios-na-argentina\/buenos-aires-ushuaia-calafate-iguacu-em-18-dias\/\">\n                                        <div class=\"overflow-hidden\"><img decoding=\"async\" width=\"400\" height=\"200\" src=\"https:\/\/www.ericadventures.com\/wp-content\/uploads\/argentina-buenos-aires-iguazu-waterfalls-1.jpg\" class=\"w-full transform duration-200 hover:scale-110 z-10 rounded-t-md wp-post-image\" alt=\"Buenos Aires - Ushuaia - El calafate - Iguazu In 18 Days\" loading=\"lazy\" srcset=\"https:\/\/www.ericadventures.com\/wp-content\/uploads\/argentina-buenos-aires-iguazu-waterfalls-1.jpg 400w, https:\/\/www.ericadventures.com\/wp-content\/uploads\/argentina-buenos-aires-iguazu-waterfalls-1-300x150.jpg 300w\" sizes=\"auto, (max-width: 400px) 100vw, 400px\" \/><\/div>\n                                    <\/a>\n                                     <a href=\"https:\/\/www.ericadventures.com\/pt-br\/passeios-na-argentina\/buenos-aires-ushuaia-calafate-iguacu-em-18-dias\/\" class=\"hover:text-eric text-gray-800 hover:no-underline transition-all\" ><h2 class=\"text-center font-nunito uppercase text-sm font-bold my-2 \">18D Buenos Aires &#8211; Ushuaia &#8211; El Calafate &#8211; Igua\u00e7u<\/h2><\/a>\n                                     <hr class=\"mb-1 -mt-1 border-dotted border-b-1 border-gray-600\">\n                                     <div class=\"px-2\"><p>Am\u00e9rica do Sul \u00e9 um dos belos continentes tamb\u00e9m muito rica em atrac\u00e7\u00f5es culturais e naturais, onde voc\u00ea pode encontrar [&hellip;]<\/p>\n                                       \n                                     <\/div>\n                                <\/div>\n\n                            <\/div>\n\t\t\t\t\t\n\t\t\t\t\t\t\t<div>\n                                <div class=\"border bg-white shadow rounded-md p-1\">\n                                    <a href=\"https:\/\/www.ericadventures.com\/pt-br\/passeios-na-argentina\/tour-brasilia-buenos-aires-8-dias\/\">\n                                        <div class=\"overflow-hidden\"><img decoding=\"async\" width=\"205\" height=\"103\" src=\"https:\/\/www.ericadventures.com\/wp-content\/uploads\/Captura-50.jpg\" class=\"w-full transform duration-200 hover:scale-110 z-10 rounded-t-md wp-post-image\" alt=\"Tour Brasilia - Buenos Aires\" loading=\"lazy\" \/><\/div>\n                                    <\/a>\n                                     <a href=\"https:\/\/www.ericadventures.com\/pt-br\/passeios-na-argentina\/tour-brasilia-buenos-aires-8-dias\/\" class=\"hover:text-eric text-gray-800 hover:no-underline transition-all\" ><h2 class=\"text-center font-nunito uppercase text-sm font-bold my-2 \">8D Tour Bras\u00edlia &#8211; Buenos Aires Em 8 Dias<\/h2><\/a>\n                                     <hr class=\"mb-1 -mt-1 border-dotted border-b-1 border-gray-600\">\n                                     <div class=\"px-2\"><p>Am\u00e9rica do Sul \u00e9 um dos belos continentes tamb\u00e9m muito rica em atrac\u00e7\u00f5es culturais e naturais, e l\u00e1 est\u00e1 Bras\u00edlia, [&hellip;]<\/p>\n                                       \n                                     <\/div>\n                                <\/div>\n\n                            <\/div>\n\t\t\t\t\t\n\t\t\t\t\t\t\t<div>\n                                <div class=\"border bg-white shadow rounded-md p-1\">\n                                    <a href=\"https:\/\/www.ericadventures.com\/pt-br\/passeios-na-argentina\/argentina-aventura-glaciar-fitzroy-perito-moreno-8dia\/\">\n                                        <div class=\"overflow-hidden\"><img decoding=\"async\" width=\"204\" height=\"104\" src=\"https:\/\/www.ericadventures.com\/wp-content\/uploads\/Captura-51.jpg\" class=\"w-full transform duration-200 hover:scale-110 z-10 rounded-t-md wp-post-image\" alt=\"Aventura Fitz Roy Glaciar Perito Moreno\" loading=\"lazy\" \/><\/div>\n                                    <\/a>\n                                     <a href=\"https:\/\/www.ericadventures.com\/pt-br\/passeios-na-argentina\/argentina-aventura-glaciar-fitzroy-perito-moreno-8dia\/\" class=\"hover:text-eric text-gray-800 hover:no-underline transition-all\" ><h2 class=\"text-center font-nunito uppercase text-sm font-bold my-2 \">8D A-frgm Aventura Glaciar Fitzroy &#8211; Perito Moreno<\/h2><\/a>\n                                     <hr class=\"mb-1 -mt-1 border-dotted border-b-1 border-gray-600\">\n                                     <div class=\"px-2\"><p>Um trekking inesquec\u00edvel no Parque nacional Los Glaciares, a visitar aquela rocha de granito gigante que \u00e9 o Monte Fitzroy [&hellip;]<\/p>\n                                       \n                                     <\/div>\n                                <\/div>\n\n                            <\/div>\n\t\t\t\t\t\n\t\t\t\t\t\t\t<div>\n                                <div class=\"border bg-white shadow rounded-md p-1\">\n                                    <a href=\"https:\/\/www.ericadventures.com\/pt-br\/passeios-na-argentina\/ilhas-galapagos-machu-picchu-lago-salar-de-uyuni-cataratas-do-iguacu-31-dias\/\">\n                                        <div class=\"overflow-hidden\"><img decoding=\"async\" width=\"400\" height=\"200\" src=\"https:\/\/www.ericadventures.com\/wp-content\/uploads\/ecuador-peru-bolivia-argentina-31-days.jpg\" class=\"w-full transform duration-200 hover:scale-110 z-10 rounded-t-md wp-post-image\" alt=\"Islas Gal\u00e1pagos, Machu Picchu, Salar de Uyuni lago, las Cataratas del Iguaz\u00fa\" loading=\"lazy\" srcset=\"https:\/\/www.ericadventures.com\/wp-content\/uploads\/ecuador-peru-bolivia-argentina-31-days.jpg 400w, https:\/\/www.ericadventures.com\/wp-content\/uploads\/ecuador-peru-bolivia-argentina-31-days-300x150.jpg 300w\" sizes=\"auto, (max-width: 400px) 100vw, 400px\" \/><\/div>\n                                    <\/a>\n                                     <a href=\"https:\/\/www.ericadventures.com\/pt-br\/passeios-na-argentina\/ilhas-galapagos-machu-picchu-lago-salar-de-uyuni-cataratas-do-iguacu-31-dias\/\" class=\"hover:text-eric text-gray-800 hover:no-underline transition-all\" ><h2 class=\"text-center font-nunito uppercase text-sm font-bold my-2 \">31D Ilhas Gal\u00e1pagos, Machu Picchu, Lago Salar De Uyuni, Cataratas Do Igua\u00e7u<\/h2><\/a>\n                                     <hr class=\"mb-1 -mt-1 border-dotted border-b-1 border-gray-600\">\n                                     <div class=\"px-2\"><p>Aproveite este pacote de 31 dias, Viaje pelos principais destinos da Am\u00e9rica do Sul. H\u00e1 cerca de cinco milh\u00f5es de [&hellip;]<\/p>\n                                       \n                                     <\/div>\n                                <\/div>\n\n                            <\/div>\n\t\t\t\t\t<\/div>\n","protected":false},"excerpt":{"rendered":"","protected":false},"author":3,"featured_media":19361,"parent":0,"menu_order":0,"comment_status":"closed","ping_status":"closed","template":"page-city.php","meta":{"_acf_changed":false,"advgb_blocks_editor_width":"","advgb_blocks_columns_visual_guide":"","footnotes":""},"class_list":["post-19346","page","type-page","status-publish","has-post-thumbnail","hentry"],"acf":[],"yoast_head":"<!-- This site is optimized with the Yoast SEO Premium plugin v25.4 (Yoast SEO v26.9) - https:\/\/yoast.com\/product\/yoast-seo-premium-wordpress\/ -->\n<title>Pacotes Na Argentina<\/title>\n<meta name=\"description\" content=\"Descubra a Argentina com nossos passeios! Desfrute de um tango vibrante em Buenos Aires e explore as paisagens deslumbrantes da Patag\u00f4nia.\" \/>\n<meta name=\"robots\" content=\"index, follow, max-snippet:-1, max-image-preview:large, max-video-preview:-1\" \/>\n<link rel=\"canonical\" href=\"https:\/\/www.ericadventures.com\/pt-br\/passeios-na-argentina\/\" \/>\n<meta property=\"og:locale\" content=\"pt_BR\" \/>\n<meta property=\"og:type\" content=\"article\" \/>\n<meta property=\"og:title\" content=\"Passeios Na Argentina\" \/>\n<meta property=\"og:description\" content=\"Descubra a Argentina com nossos passeios! Desfrute de um tango vibrante em Buenos Aires e explore as paisagens deslumbrantes da Patag\u00f4nia.\" \/>\n<meta property=\"og:url\" content=\"https:\/\/www.ericadventures.com\/pt-br\/passeios-na-argentina\/\" \/>\n<meta property=\"og:site_name\" content=\"Eric Adventures\" \/>\n<meta property=\"article:modified_time\" content=\"2024-09-15T19:49:55+00:00\" \/>\n<meta property=\"og:image\" content=\"https:\/\/www.ericadventures.com\/wp-content\/uploads\/Sin-titulo-2.jpg\" \/>\n\t<meta property=\"og:image:width\" content=\"275\" \/>\n\t<meta property=\"og:image:height\" content=\"183\" \/>\n\t<meta property=\"og:image:type\" content=\"image\/jpeg\" \/>\n<meta name=\"twitter:card\" content=\"summary_large_image\" \/>\n<meta name=\"twitter:label1\" content=\"Est. tempo de leitura\" \/>\n\t<meta name=\"twitter:data1\" content=\"1 minuto\" \/>\n<script type=\"application\/ld+json\" class=\"yoast-schema-graph\">{\"@context\":\"https:\/\/schema.org\",\"@graph\":[{\"@type\":\"WebPage\",\"@id\":\"https:\/\/www.ericadventures.com\/pt-br\/passeios-na-argentina\/\",\"url\":\"https:\/\/www.ericadventures.com\/pt-br\/passeios-na-argentina\/\",\"name\":\"Pacotes Na Argentina\",\"isPartOf\":{\"@id\":\"https:\/\/www.ericadventures.com\/en\/#website\"},\"primaryImageOfPage\":{\"@id\":\"https:\/\/www.ericadventures.com\/pt-br\/passeios-na-argentina\/#primaryimage\"},\"image\":{\"@id\":\"https:\/\/www.ericadventures.com\/pt-br\/passeios-na-argentina\/#primaryimage\"},\"thumbnailUrl\":\"https:\/\/www.ericadventures.com\/wp-content\/uploads\/Sin-titulo-2.jpg\",\"datePublished\":\"2024-04-29T00:42:31+00:00\",\"dateModified\":\"2024-09-15T19:49:55+00:00\",\"description\":\"Descubra a Argentina com nossos passeios! Desfrute de um tango vibrante em Buenos Aires e explore as paisagens deslumbrantes da Patag\u00f4nia.\",\"breadcrumb\":{\"@id\":\"https:\/\/www.ericadventures.com\/pt-br\/passeios-na-argentina\/#breadcrumb\"},\"inLanguage\":\"pt-BR\",\"potentialAction\":[{\"@type\":\"ReadAction\",\"target\":[\"https:\/\/www.ericadventures.com\/pt-br\/passeios-na-argentina\/\"]}]},{\"@type\":\"ImageObject\",\"inLanguage\":\"pt-BR\",\"@id\":\"https:\/\/www.ericadventures.com\/pt-br\/passeios-na-argentina\/#primaryimage\",\"url\":\"https:\/\/www.ericadventures.com\/wp-content\/uploads\/Sin-titulo-2.jpg\",\"contentUrl\":\"https:\/\/www.ericadventures.com\/wp-content\/uploads\/Sin-titulo-2.jpg\",\"width\":275,\"height\":183,\"caption\":\"Tours in Argentina\"},{\"@type\":\"BreadcrumbList\",\"@id\":\"https:\/\/www.ericadventures.com\/pt-br\/passeios-na-argentina\/#breadcrumb\",\"itemListElement\":[{\"@type\":\"ListItem\",\"position\":1,\"name\":\"Home\",\"item\":\"https:\/\/www.ericadventures.com\/pt-br\/\"},{\"@type\":\"ListItem\",\"position\":2,\"name\":\"Passeios Na Argentina\"}]},{\"@type\":\"WebSite\",\"@id\":\"https:\/\/www.ericadventures.com\/en\/#website\",\"url\":\"https:\/\/www.ericadventures.com\/en\/\",\"name\":\"Eric Adventures\",\"description\":\"\",\"publisher\":{\"@id\":\"https:\/\/www.ericadventures.com\/en\/#organization\"},\"alternateName\":\"Eric Adventures\",\"potentialAction\":[{\"@type\":\"SearchAction\",\"target\":{\"@type\":\"EntryPoint\",\"urlTemplate\":\"https:\/\/www.ericadventures.com\/en\/?s={search_term_string}\"},\"query-input\":{\"@type\":\"PropertyValueSpecification\",\"valueRequired\":true,\"valueName\":\"search_term_string\"}}],\"inLanguage\":\"pt-BR\"},{\"@type\":\"Organization\",\"@id\":\"https:\/\/www.ericadventures.com\/en\/#organization\",\"name\":\"Eric Adventures\",\"url\":\"https:\/\/www.ericadventures.com\/en\/\",\"logo\":{\"@type\":\"ImageObject\",\"inLanguage\":\"pt-BR\",\"@id\":\"https:\/\/www.ericadventures.com\/en\/#\/schema\/logo\/image\/\",\"url\":\"https:\/\/www.ericadventures.com\/wp-content\/uploads\/logo-ericadventures.png\",\"contentUrl\":\"https:\/\/www.ericadventures.com\/wp-content\/uploads\/logo-ericadventures.png\",\"width\":500,\"height\":106,\"caption\":\"Eric Adventures\"},\"image\":{\"@id\":\"https:\/\/www.ericadventures.com\/en\/#\/schema\/logo\/image\/\"}}]}<\/script>\n<!-- \/ Yoast SEO Premium plugin. -->","yoast_head_json":{"title":"Pacotes Na Argentina","description":"Descubra a Argentina com nossos passeios! Desfrute de um tango vibrante em Buenos Aires e explore as paisagens deslumbrantes da Patag\u00f4nia.","robots":{"index":"index","follow":"follow","max-snippet":"max-snippet:-1","max-image-preview":"max-image-preview:large","max-video-preview":"max-video-preview:-1"},"canonical":"https:\/\/www.ericadventures.com\/pt-br\/passeios-na-argentina\/","og_locale":"pt_BR","og_type":"article","og_title":"Passeios Na Argentina","og_description":"Descubra a Argentina com nossos passeios! Desfrute de um tango vibrante em Buenos Aires e explore as paisagens deslumbrantes da Patag\u00f4nia.","og_url":"https:\/\/www.ericadventures.com\/pt-br\/passeios-na-argentina\/","og_site_name":"Eric Adventures","article_modified_time":"2024-09-15T19:49:55+00:00","og_image":[{"width":275,"height":183,"url":"https:\/\/www.ericadventures.com\/wp-content\/uploads\/Sin-titulo-2.jpg","type":"image\/jpeg"}],"twitter_card":"summary_large_image","twitter_misc":{"Est. tempo de leitura":"1 minuto"},"schema":{"@context":"https:\/\/schema.org","@graph":[{"@type":"WebPage","@id":"https:\/\/www.ericadventures.com\/pt-br\/passeios-na-argentina\/","url":"https:\/\/www.ericadventures.com\/pt-br\/passeios-na-argentina\/","name":"Pacotes Na Argentina","isPartOf":{"@id":"https:\/\/www.ericadventures.com\/en\/#website"},"primaryImageOfPage":{"@id":"https:\/\/www.ericadventures.com\/pt-br\/passeios-na-argentina\/#primaryimage"},"image":{"@id":"https:\/\/www.ericadventures.com\/pt-br\/passeios-na-argentina\/#primaryimage"},"thumbnailUrl":"https:\/\/www.ericadventures.com\/wp-content\/uploads\/Sin-titulo-2.jpg","datePublished":"2024-04-29T00:42:31+00:00","dateModified":"2024-09-15T19:49:55+00:00","description":"Descubra a Argentina com nossos passeios! Desfrute de um tango vibrante em Buenos Aires e explore as paisagens deslumbrantes da Patag\u00f4nia.","breadcrumb":{"@id":"https:\/\/www.ericadventures.com\/pt-br\/passeios-na-argentina\/#breadcrumb"},"inLanguage":"pt-BR","potentialAction":[{"@type":"ReadAction","target":["https:\/\/www.ericadventures.com\/pt-br\/passeios-na-argentina\/"]}]},{"@type":"ImageObject","inLanguage":"pt-BR","@id":"https:\/\/www.ericadventures.com\/pt-br\/passeios-na-argentina\/#primaryimage","url":"https:\/\/www.ericadventures.com\/wp-content\/uploads\/Sin-titulo-2.jpg","contentUrl":"https:\/\/www.ericadventures.com\/wp-content\/uploads\/Sin-titulo-2.jpg","width":275,"height":183,"caption":"Tours in Argentina"},{"@type":"BreadcrumbList","@id":"https:\/\/www.ericadventures.com\/pt-br\/passeios-na-argentina\/#breadcrumb","itemListElement":[{"@type":"ListItem","position":1,"name":"Home","item":"https:\/\/www.ericadventures.com\/pt-br\/"},{"@type":"ListItem","position":2,"name":"Passeios Na Argentina"}]},{"@type":"WebSite","@id":"https:\/\/www.ericadventures.com\/en\/#website","url":"https:\/\/www.ericadventures.com\/en\/","name":"Eric Adventures","description":"","publisher":{"@id":"https:\/\/www.ericadventures.com\/en\/#organization"},"alternateName":"Eric Adventures","potentialAction":[{"@type":"SearchAction","target":{"@type":"EntryPoint","urlTemplate":"https:\/\/www.ericadventures.com\/en\/?s={search_term_string}"},"query-input":{"@type":"PropertyValueSpecification","valueRequired":true,"valueName":"search_term_string"}}],"inLanguage":"pt-BR"},{"@type":"Organization","@id":"https:\/\/www.ericadventures.com\/en\/#organization","name":"Eric Adventures","url":"https:\/\/www.ericadventures.com\/en\/","logo":{"@type":"ImageObject","inLanguage":"pt-BR","@id":"https:\/\/www.ericadventures.com\/en\/#\/schema\/logo\/image\/","url":"https:\/\/www.ericadventures.com\/wp-content\/uploads\/logo-ericadventures.png","contentUrl":"https:\/\/www.ericadventures.com\/wp-content\/uploads\/logo-ericadventures.png","width":500,"height":106,"caption":"Eric Adventures"},"image":{"@id":"https:\/\/www.ericadventures.com\/en\/#\/schema\/logo\/image\/"}}]}},"coauthors":[],"author_meta":{"author_link":"https:\/\/www.ericadventures.com\/pt-br\/author\/joaco\/","display_name":"Joaqu\u00edn Arenas Hermoza"},"relative_dates":{"created":"Publicado 2 anos atr\u00e1s","modified":"Atualizado 2 anos atr\u00e1s"},"absolute_dates":{"created":"Publicado em abril 28, 2024","modified":"Atualizado em setembro 15, 2024"},"absolute_dates_time":{"created":"Publicado em abril 28, 2024 7:42 pm","modified":"Atualizado em setembro 15, 2024 2:49 pm"},"featured_img_caption":"","featured_img":"https:\/\/www.ericadventures.com\/wp-content\/uploads\/Sin-titulo-2.jpg","series_order":"","_links":{"self":[{"href":"https:\/\/www.ericadventures.com\/pt-br\/wp-json\/wp\/v2\/pages\/19346","targetHints":{"allow":["GET"]}}],"collection":[{"href":"https:\/\/www.ericadventures.com\/pt-br\/wp-json\/wp\/v2\/pages"}],"about":[{"href":"https:\/\/www.ericadventures.com\/pt-br\/wp-json\/wp\/v2\/types\/page"}],"author":[{"embeddable":true,"href":"https:\/\/www.ericadventures.com\/pt-br\/wp-json\/wp\/v2\/users\/3"}],"replies":[{"embeddable":true,"href":"https:\/\/www.ericadventures.com\/pt-br\/wp-json\/wp\/v2\/comments?post=19346"}],"version-history":[{"count":2,"href":"https:\/\/www.ericadventures.com\/pt-br\/wp-json\/wp\/v2\/pages\/19346\/revisions"}],"predecessor-version":[{"id":19365,"href":"https:\/\/www.ericadventures.com\/pt-br\/wp-json\/wp\/v2\/pages\/19346\/revisions\/19365"}],"wp:featuredmedia":[{"embeddable":true,"href":"https:\/\/www.ericadventures.com\/pt-br\/wp-json\/wp\/v2\/media\/19361"}],"wp:attachment":[{"href":"https:\/\/www.ericadventures.com\/pt-br\/wp-json\/wp\/v2\/media?parent=19346"}],"curies":[{"name":"wp","href":"https:\/\/api.w.org\/{rel}","templated":true}]}}