{"id":19557,"date":"2024-04-30T12:27:59","date_gmt":"2024-04-30T17:27:59","guid":{"rendered":"https:\/\/www.ericadventures.com\/pacotes\/pacotes-completos-2\/tours-aventura-copy\/"},"modified":"2024-04-30T12:36:48","modified_gmt":"2024-04-30T17:36:48","slug":"passeios-de-aventura","status":"publish","type":"page","link":"https:\/\/www.ericadventures.com\/pt-br\/pacotes\/passeios-de-aventura\/","title":{"rendered":"Passeios De Aventura"},"content":{"rendered":"\n","protected":false},"excerpt":{"rendered":"","protected":false},"author":3,"featured_media":19521,"parent":16102,"menu_order":0,"comment_status":"closed","ping_status":"closed","template":"page-city.php","meta":{"_acf_changed":false,"advgb_blocks_editor_width":"","advgb_blocks_columns_visual_guide":"","footnotes":""},"class_list":["post-19557","page","type-page","status-publish","has-post-thumbnail","hentry"],"acf":[],"yoast_head":"<!-- This site is optimized with the Yoast SEO Premium plugin v25.4 (Yoast SEO v26.9) - https:\/\/yoast.com\/product\/yoast-seo-premium-wordpress\/ -->\n<title>Passeios de aventura em Cusco<\/title>\n<meta name=\"description\" content=\"Experimente a adrenalina da explora\u00e7\u00e3o ao se aventurar em territ\u00f3rios desconhecidos, seguindo o chamado da natureza.\" \/>\n<meta name=\"robots\" content=\"index, follow, max-snippet:-1, max-image-preview:large, max-video-preview:-1\" \/>\n<link rel=\"canonical\" href=\"https:\/\/www.ericadventures.com\/en\/tour-packages\/adventure-tours\/\" \/>\n<meta property=\"og:locale\" content=\"pt_BR\" \/>\n<meta property=\"og:type\" content=\"article\" \/>\n<meta property=\"og:title\" content=\"Passeios De Aventura\" \/>\n<meta property=\"og:description\" content=\"Experimente a adrenalina da explora\u00e7\u00e3o ao se aventurar em territ\u00f3rios desconhecidos, seguindo o chamado da natureza.\" \/>\n<meta property=\"og:url\" content=\"https:\/\/www.ericadventures.com\/en\/tour-packages\/adventure-tours\/\" \/>\n<meta property=\"og:site_name\" content=\"Eric Adventures\" \/>\n<meta property=\"article:modified_time\" content=\"2024-04-30T17:36:48+00:00\" \/>\n<meta property=\"og:image\" content=\"https:\/\/www.ericadventures.com\/wp-content\/uploads\/1c711ad271d23dc0586c2f6d1a3e7606.jpg\" \/>\n\t<meta property=\"og:image:width\" content=\"600\" \/>\n\t<meta property=\"og:image:height\" content=\"350\" \/>\n\t<meta property=\"og:image:type\" content=\"image\/jpeg\" \/>\n<meta name=\"twitter:card\" content=\"summary_large_image\" \/>\n<meta name=\"twitter:label1\" content=\"Est. tempo de leitura\" \/>\n\t<meta name=\"twitter:data1\" content=\"1 minuto\" \/>\n<script type=\"application\/ld+json\" class=\"yoast-schema-graph\">{\"@context\":\"https:\/\/schema.org\",\"@graph\":[{\"@type\":\"WebPage\",\"@id\":\"https:\/\/www.ericadventures.com\/en\/tour-packages\/adventure-tours\/\",\"url\":\"https:\/\/www.ericadventures.com\/en\/tour-packages\/adventure-tours\/\",\"name\":\"Passeios de aventura em Cusco\",\"isPartOf\":{\"@id\":\"https:\/\/www.ericadventures.com\/en\/#website\"},\"primaryImageOfPage\":{\"@id\":\"https:\/\/www.ericadventures.com\/en\/tour-packages\/adventure-tours\/#primaryimage\"},\"image\":{\"@id\":\"https:\/\/www.ericadventures.com\/en\/tour-packages\/adventure-tours\/#primaryimage\"},\"thumbnailUrl\":\"https:\/\/www.ericadventures.com\/wp-content\/uploads\/1c711ad271d23dc0586c2f6d1a3e7606.jpg\",\"datePublished\":\"2024-04-30T17:27:59+00:00\",\"dateModified\":\"2024-04-30T17:36:48+00:00\",\"description\":\"Experimente a adrenalina da explora\u00e7\u00e3o ao se aventurar em territ\u00f3rios desconhecidos, seguindo o chamado da natureza.\",\"breadcrumb\":{\"@id\":\"https:\/\/www.ericadventures.com\/en\/tour-packages\/adventure-tours\/#breadcrumb\"},\"inLanguage\":\"pt-BR\",\"potentialAction\":[{\"@type\":\"ReadAction\",\"target\":[\"https:\/\/www.ericadventures.com\/en\/tour-packages\/adventure-tours\/\"]}]},{\"@type\":\"ImageObject\",\"inLanguage\":\"pt-BR\",\"@id\":\"https:\/\/www.ericadventures.com\/en\/tour-packages\/adventure-tours\/#primaryimage\",\"url\":\"https:\/\/www.ericadventures.com\/wp-content\/uploads\/1c711ad271d23dc0586c2f6d1a3e7606.jpg\",\"contentUrl\":\"https:\/\/www.ericadventures.com\/wp-content\/uploads\/1c711ad271d23dc0586c2f6d1a3e7606.jpg\",\"width\":600,\"height\":350,\"caption\":\"Complete Packages\"},{\"@type\":\"BreadcrumbList\",\"@id\":\"https:\/\/www.ericadventures.com\/en\/tour-packages\/adventure-tours\/#breadcrumb\",\"itemListElement\":[{\"@type\":\"ListItem\",\"position\":1,\"name\":\"Home\",\"item\":\"https:\/\/www.ericadventures.com\/pt-br\/\"},{\"@type\":\"ListItem\",\"position\":2,\"name\":\"Pacotes\",\"item\":\"https:\/\/www.ericadventures.com\/pt-br\/pacotes\/\"},{\"@type\":\"ListItem\",\"position\":3,\"name\":\"Passeios De Aventura\"}]},{\"@type\":\"WebSite\",\"@id\":\"https:\/\/www.ericadventures.com\/en\/#website\",\"url\":\"https:\/\/www.ericadventures.com\/en\/\",\"name\":\"Eric Adventures\",\"description\":\"\",\"publisher\":{\"@id\":\"https:\/\/www.ericadventures.com\/en\/#organization\"},\"alternateName\":\"Eric Adventures\",\"potentialAction\":[{\"@type\":\"SearchAction\",\"target\":{\"@type\":\"EntryPoint\",\"urlTemplate\":\"https:\/\/www.ericadventures.com\/en\/?s={search_term_string}\"},\"query-input\":{\"@type\":\"PropertyValueSpecification\",\"valueRequired\":true,\"valueName\":\"search_term_string\"}}],\"inLanguage\":\"pt-BR\"},{\"@type\":\"Organization\",\"@id\":\"https:\/\/www.ericadventures.com\/en\/#organization\",\"name\":\"Eric Adventures\",\"url\":\"https:\/\/www.ericadventures.com\/en\/\",\"logo\":{\"@type\":\"ImageObject\",\"inLanguage\":\"pt-BR\",\"@id\":\"https:\/\/www.ericadventures.com\/en\/#\/schema\/logo\/image\/\",\"url\":\"https:\/\/www.ericadventures.com\/wp-content\/uploads\/logo-ericadventures.png\",\"contentUrl\":\"https:\/\/www.ericadventures.com\/wp-content\/uploads\/logo-ericadventures.png\",\"width\":500,\"height\":106,\"caption\":\"Eric Adventures\"},\"image\":{\"@id\":\"https:\/\/www.ericadventures.com\/en\/#\/schema\/logo\/image\/\"}}]}<\/script>\n<!-- \/ Yoast SEO Premium plugin. -->","yoast_head_json":{"title":"Passeios de aventura em Cusco","description":"Experimente a adrenalina da explora\u00e7\u00e3o ao se aventurar em territ\u00f3rios desconhecidos, seguindo o chamado da natureza.","robots":{"index":"index","follow":"follow","max-snippet":"max-snippet:-1","max-image-preview":"max-image-preview:large","max-video-preview":"max-video-preview:-1"},"canonical":"https:\/\/www.ericadventures.com\/en\/tour-packages\/adventure-tours\/","og_locale":"pt_BR","og_type":"article","og_title":"Passeios De Aventura","og_description":"Experimente a adrenalina da explora\u00e7\u00e3o ao se aventurar em territ\u00f3rios desconhecidos, seguindo o chamado da natureza.","og_url":"https:\/\/www.ericadventures.com\/en\/tour-packages\/adventure-tours\/","og_site_name":"Eric Adventures","article_modified_time":"2024-04-30T17:36:48+00:00","og_image":[{"width":600,"height":350,"url":"https:\/\/www.ericadventures.com\/wp-content\/uploads\/1c711ad271d23dc0586c2f6d1a3e7606.jpg","type":"image\/jpeg"}],"twitter_card":"summary_large_image","twitter_misc":{"Est. tempo de leitura":"1 minuto"},"schema":{"@context":"https:\/\/schema.org","@graph":[{"@type":"WebPage","@id":"https:\/\/www.ericadventures.com\/en\/tour-packages\/adventure-tours\/","url":"https:\/\/www.ericadventures.com\/en\/tour-packages\/adventure-tours\/","name":"Passeios de aventura em Cusco","isPartOf":{"@id":"https:\/\/www.ericadventures.com\/en\/#website"},"primaryImageOfPage":{"@id":"https:\/\/www.ericadventures.com\/en\/tour-packages\/adventure-tours\/#primaryimage"},"image":{"@id":"https:\/\/www.ericadventures.com\/en\/tour-packages\/adventure-tours\/#primaryimage"},"thumbnailUrl":"https:\/\/www.ericadventures.com\/wp-content\/uploads\/1c711ad271d23dc0586c2f6d1a3e7606.jpg","datePublished":"2024-04-30T17:27:59+00:00","dateModified":"2024-04-30T17:36:48+00:00","description":"Experimente a adrenalina da explora\u00e7\u00e3o ao se aventurar em territ\u00f3rios desconhecidos, seguindo o chamado da natureza.","breadcrumb":{"@id":"https:\/\/www.ericadventures.com\/en\/tour-packages\/adventure-tours\/#breadcrumb"},"inLanguage":"pt-BR","potentialAction":[{"@type":"ReadAction","target":["https:\/\/www.ericadventures.com\/en\/tour-packages\/adventure-tours\/"]}]},{"@type":"ImageObject","inLanguage":"pt-BR","@id":"https:\/\/www.ericadventures.com\/en\/tour-packages\/adventure-tours\/#primaryimage","url":"https:\/\/www.ericadventures.com\/wp-content\/uploads\/1c711ad271d23dc0586c2f6d1a3e7606.jpg","contentUrl":"https:\/\/www.ericadventures.com\/wp-content\/uploads\/1c711ad271d23dc0586c2f6d1a3e7606.jpg","width":600,"height":350,"caption":"Complete Packages"},{"@type":"BreadcrumbList","@id":"https:\/\/www.ericadventures.com\/en\/tour-packages\/adventure-tours\/#breadcrumb","itemListElement":[{"@type":"ListItem","position":1,"name":"Home","item":"https:\/\/www.ericadventures.com\/pt-br\/"},{"@type":"ListItem","position":2,"name":"Pacotes","item":"https:\/\/www.ericadventures.com\/pt-br\/pacotes\/"},{"@type":"ListItem","position":3,"name":"Passeios De Aventura"}]},{"@type":"WebSite","@id":"https:\/\/www.ericadventures.com\/en\/#website","url":"https:\/\/www.ericadventures.com\/en\/","name":"Eric Adventures","description":"","publisher":{"@id":"https:\/\/www.ericadventures.com\/en\/#organization"},"alternateName":"Eric Adventures","potentialAction":[{"@type":"SearchAction","target":{"@type":"EntryPoint","urlTemplate":"https:\/\/www.ericadventures.com\/en\/?s={search_term_string}"},"query-input":{"@type":"PropertyValueSpecification","valueRequired":true,"valueName":"search_term_string"}}],"inLanguage":"pt-BR"},{"@type":"Organization","@id":"https:\/\/www.ericadventures.com\/en\/#organization","name":"Eric Adventures","url":"https:\/\/www.ericadventures.com\/en\/","logo":{"@type":"ImageObject","inLanguage":"pt-BR","@id":"https:\/\/www.ericadventures.com\/en\/#\/schema\/logo\/image\/","url":"https:\/\/www.ericadventures.com\/wp-content\/uploads\/logo-ericadventures.png","contentUrl":"https:\/\/www.ericadventures.com\/wp-content\/uploads\/logo-ericadventures.png","width":500,"height":106,"caption":"Eric Adventures"},"image":{"@id":"https:\/\/www.ericadventures.com\/en\/#\/schema\/logo\/image\/"}}]}},"coauthors":[],"author_meta":{"author_link":"https:\/\/www.ericadventures.com\/pt-br\/author\/joaco\/","display_name":"Joaqu\u00edn Arenas Hermoza"},"relative_dates":{"created":"Publicado 2 anos atr\u00e1s","modified":"Atualizado 2 anos atr\u00e1s"},"absolute_dates":{"created":"Publicado em abril 30, 2024","modified":"Atualizado em abril 30, 2024"},"absolute_dates_time":{"created":"Publicado em abril 30, 2024 12:27 pm","modified":"Atualizado em abril 30, 2024 12:36 pm"},"featured_img_caption":"","featured_img":"https:\/\/www.ericadventures.com\/wp-content\/uploads\/1c711ad271d23dc0586c2f6d1a3e7606.jpg","series_order":"","_links":{"self":[{"href":"https:\/\/www.ericadventures.com\/pt-br\/wp-json\/wp\/v2\/pages\/19557","targetHints":{"allow":["GET"]}}],"collection":[{"href":"https:\/\/www.ericadventures.com\/pt-br\/wp-json\/wp\/v2\/pages"}],"about":[{"href":"https:\/\/www.ericadventures.com\/pt-br\/wp-json\/wp\/v2\/types\/page"}],"author":[{"embeddable":true,"href":"https:\/\/www.ericadventures.com\/pt-br\/wp-json\/wp\/v2\/users\/3"}],"replies":[{"embeddable":true,"href":"https:\/\/www.ericadventures.com\/pt-br\/wp-json\/wp\/v2\/comments?post=19557"}],"version-history":[{"count":2,"href":"https:\/\/www.ericadventures.com\/pt-br\/wp-json\/wp\/v2\/pages\/19557\/revisions"}],"predecessor-version":[{"id":19565,"href":"https:\/\/www.ericadventures.com\/pt-br\/wp-json\/wp\/v2\/pages\/19557\/revisions\/19565"}],"up":[{"embeddable":true,"href":"https:\/\/www.ericadventures.com\/pt-br\/wp-json\/wp\/v2\/pages\/16102"}],"wp:featuredmedia":[{"embeddable":true,"href":"https:\/\/www.ericadventures.com\/pt-br\/wp-json\/wp\/v2\/media\/19521"}],"wp:attachment":[{"href":"https:\/\/www.ericadventures.com\/pt-br\/wp-json\/wp\/v2\/media?parent=19557"}],"curies":[{"name":"wp","href":"https:\/\/api.w.org\/{rel}","templated":true}]}}