{"id":22647,"date":"2024-05-26T18:50:30","date_gmt":"2024-05-26T23:50:30","guid":{"rendered":"https:\/\/www.ericadventures.com\/ofertas-especiales\/"},"modified":"2024-05-26T18:59:19","modified_gmt":"2024-05-26T23:59:19","slug":"ofertas-especiales","status":"publish","type":"page","link":"https:\/\/www.ericadventures.com\/pt-br\/ofertas-especiales\/","title":{"rendered":"Nossas Ofertas Speciales"},"content":{"rendered":"<div class=\"grid grid-cols-1 sm:grid-cols-2 md:grid-cols-3 xl:grid-cols-4 gap-5\">\n\t\t\t\t\t\t\t<div>\n                                <div class=\"border bg-white shadow rounded-md p-1\">\n                                    <a href=\"https:\/\/www.ericadventures.com\/pt-br\/ofertas-especiales\/programas-sazonais\/\">\n                                        <div class=\"overflow-hidden\"><img decoding=\"async\" width=\"400\" height=\"310\" src=\"https:\/\/www.ericadventures.com\/wp-content\/uploads\/1431021285-400x310.png\" class=\"w-full transform duration-200 hover:scale-110 z-10 rounded-t-md wp-post-image\" alt=\"Programas De Temporada\" loading=\"lazy\" \/><\/div>\n                                    <\/a>\n                                     <a href=\"https:\/\/www.ericadventures.com\/pt-br\/ofertas-especiales\/programas-sazonais\/\" class=\"hover:text-eric text-gray-800 hover:no-underline transition-all\" ><h2 class=\"text-center font-nunito uppercase text-sm font-bold my-2 \">Programas Sazonais<\/h2><\/a>\n                                     <hr class=\"mb-1 -mt-1 border-dotted border-b-1 border-gray-600\">\n                                     <div class=\"px-2\"><p><\/p>\n                                       \n                                     <\/div>\n                                <\/div>\n\n                            <\/div>\n\t\t\t\t\t\n\t\t\t\t\t\t\t<div>\n                                <div class=\"border bg-white shadow rounded-md p-1\">\n                                    <a href=\"https:\/\/www.ericadventures.com\/pt-br\/ofertas-especiales\/saidas-fixas\/\">\n                                        <div class=\"overflow-hidden\"><img decoding=\"async\" width=\"400\" height=\"310\" src=\"https:\/\/www.ericadventures.com\/wp-content\/uploads\/VL3K2U22MVGHHKY35LAYCD7UXM-400x310.jpg\" class=\"w-full transform duration-200 hover:scale-110 z-10 rounded-t-md wp-post-image\" alt=\"Salidas Fijas\" loading=\"lazy\" \/><\/div>\n                                    <\/a>\n                                     <a href=\"https:\/\/www.ericadventures.com\/pt-br\/ofertas-especiales\/saidas-fixas\/\" class=\"hover:text-eric text-gray-800 hover:no-underline transition-all\" ><h2 class=\"text-center font-nunito uppercase text-sm font-bold my-2 \">Sa\u00eddas Fixas<\/h2><\/a>\n                                     <hr class=\"mb-1 -mt-1 border-dotted border-b-1 border-gray-600\">\n                                     <div class=\"px-2\"><p><\/p>\n                                       \n                                     <\/div>\n                                <\/div>\n\n                            <\/div>\n\t\t\t\t\t<\/div>\n","protected":false},"excerpt":{"rendered":"","protected":false},"author":3,"featured_media":22642,"parent":0,"menu_order":0,"comment_status":"closed","ping_status":"closed","template":"page-city.php","meta":{"_acf_changed":false,"advgb_blocks_editor_width":"","advgb_blocks_columns_visual_guide":"","footnotes":""},"class_list":["post-22647","page","type-page","status-publish","has-post-thumbnail","hentry"],"acf":[],"yoast_head":"<!-- This site is optimized with the Yoast SEO Premium plugin v25.4 (Yoast SEO v26.9) - https:\/\/yoast.com\/product\/yoast-seo-premium-wordpress\/ -->\n<title>Ofertas Especiais Peru<\/title>\n<meta name=\"description\" content=\"O Peru espera por voc\u00ea com suas paisagens deslumbrantes, rica hist\u00f3ria e cultura vibrante. Aproveite nossas ofertas exclusivas.\" \/>\n<meta name=\"robots\" content=\"index, follow, max-snippet:-1, max-image-preview:large, max-video-preview:-1\" \/>\n<link rel=\"canonical\" href=\"https:\/\/www.ericadventures.com\/pt-br\/ofertas-especiales\/\" \/>\n<meta property=\"og:locale\" content=\"pt_BR\" \/>\n<meta property=\"og:type\" content=\"article\" \/>\n<meta property=\"og:title\" content=\"Nossas Ofertas Speciales\" \/>\n<meta property=\"og:description\" content=\"O Peru espera por voc\u00ea com suas paisagens deslumbrantes, rica hist\u00f3ria e cultura vibrante. Aproveite nossas ofertas exclusivas.\" \/>\n<meta property=\"og:url\" content=\"https:\/\/www.ericadventures.com\/pt-br\/ofertas-especiales\/\" \/>\n<meta property=\"og:site_name\" content=\"Eric Adventures\" \/>\n<meta property=\"article:modified_time\" content=\"2024-05-26T23:59:19+00:00\" \/>\n<meta property=\"og:image\" content=\"https:\/\/www.ericadventures.com\/wp-content\/uploads\/Tren-a-Machupicchu-1080x675-1.jpg\" \/>\n\t<meta property=\"og:image:width\" content=\"1080\" \/>\n\t<meta property=\"og:image:height\" content=\"675\" \/>\n\t<meta property=\"og:image:type\" content=\"image\/jpeg\" \/>\n<meta name=\"twitter:card\" content=\"summary_large_image\" \/>\n<meta name=\"twitter:label1\" content=\"Est. tempo de leitura\" \/>\n\t<meta name=\"twitter:data1\" content=\"1 minuto\" \/>\n<script type=\"application\/ld+json\" class=\"yoast-schema-graph\">{\"@context\":\"https:\/\/schema.org\",\"@graph\":[{\"@type\":\"WebPage\",\"@id\":\"https:\/\/www.ericadventures.com\/pt-br\/ofertas-especiales\/\",\"url\":\"https:\/\/www.ericadventures.com\/pt-br\/ofertas-especiales\/\",\"name\":\"Ofertas Especiais Peru\",\"isPartOf\":{\"@id\":\"https:\/\/www.ericadventures.com\/en\/#website\"},\"primaryImageOfPage\":{\"@id\":\"https:\/\/www.ericadventures.com\/pt-br\/ofertas-especiales\/#primaryimage\"},\"image\":{\"@id\":\"https:\/\/www.ericadventures.com\/pt-br\/ofertas-especiales\/#primaryimage\"},\"thumbnailUrl\":\"https:\/\/www.ericadventures.com\/wp-content\/uploads\/Tren-a-Machupicchu-1080x675-1.jpg\",\"datePublished\":\"2024-05-26T23:50:30+00:00\",\"dateModified\":\"2024-05-26T23:59:19+00:00\",\"description\":\"O Peru espera por voc\u00ea com suas paisagens deslumbrantes, rica hist\u00f3ria e cultura vibrante. Aproveite nossas ofertas exclusivas.\",\"breadcrumb\":{\"@id\":\"https:\/\/www.ericadventures.com\/pt-br\/ofertas-especiales\/#breadcrumb\"},\"inLanguage\":\"pt-BR\",\"potentialAction\":[{\"@type\":\"ReadAction\",\"target\":[\"https:\/\/www.ericadventures.com\/pt-br\/ofertas-especiales\/\"]}]},{\"@type\":\"ImageObject\",\"inLanguage\":\"pt-BR\",\"@id\":\"https:\/\/www.ericadventures.com\/pt-br\/ofertas-especiales\/#primaryimage\",\"url\":\"https:\/\/www.ericadventures.com\/wp-content\/uploads\/Tren-a-Machupicchu-1080x675-1.jpg\",\"contentUrl\":\"https:\/\/www.ericadventures.com\/wp-content\/uploads\/Tren-a-Machupicchu-1080x675-1.jpg\",\"width\":1080,\"height\":675,\"caption\":\"Ofertas Especiales\"},{\"@type\":\"BreadcrumbList\",\"@id\":\"https:\/\/www.ericadventures.com\/pt-br\/ofertas-especiales\/#breadcrumb\",\"itemListElement\":[{\"@type\":\"ListItem\",\"position\":1,\"name\":\"Home\",\"item\":\"https:\/\/www.ericadventures.com\/pt-br\/\"},{\"@type\":\"ListItem\",\"position\":2,\"name\":\"Nossas Ofertas Speciales\"}]},{\"@type\":\"WebSite\",\"@id\":\"https:\/\/www.ericadventures.com\/en\/#website\",\"url\":\"https:\/\/www.ericadventures.com\/en\/\",\"name\":\"Eric Adventures\",\"description\":\"\",\"publisher\":{\"@id\":\"https:\/\/www.ericadventures.com\/en\/#organization\"},\"alternateName\":\"Eric Adventures\",\"potentialAction\":[{\"@type\":\"SearchAction\",\"target\":{\"@type\":\"EntryPoint\",\"urlTemplate\":\"https:\/\/www.ericadventures.com\/en\/?s={search_term_string}\"},\"query-input\":{\"@type\":\"PropertyValueSpecification\",\"valueRequired\":true,\"valueName\":\"search_term_string\"}}],\"inLanguage\":\"pt-BR\"},{\"@type\":\"Organization\",\"@id\":\"https:\/\/www.ericadventures.com\/en\/#organization\",\"name\":\"Eric Adventures\",\"url\":\"https:\/\/www.ericadventures.com\/en\/\",\"logo\":{\"@type\":\"ImageObject\",\"inLanguage\":\"pt-BR\",\"@id\":\"https:\/\/www.ericadventures.com\/en\/#\/schema\/logo\/image\/\",\"url\":\"https:\/\/www.ericadventures.com\/wp-content\/uploads\/logo-ericadventures.png\",\"contentUrl\":\"https:\/\/www.ericadventures.com\/wp-content\/uploads\/logo-ericadventures.png\",\"width\":500,\"height\":106,\"caption\":\"Eric Adventures\"},\"image\":{\"@id\":\"https:\/\/www.ericadventures.com\/en\/#\/schema\/logo\/image\/\"}}]}<\/script>\n<!-- \/ Yoast SEO Premium plugin. -->","yoast_head_json":{"title":"Ofertas Especiais Peru","description":"O Peru espera por voc\u00ea com suas paisagens deslumbrantes, rica hist\u00f3ria e cultura vibrante. Aproveite nossas ofertas exclusivas.","robots":{"index":"index","follow":"follow","max-snippet":"max-snippet:-1","max-image-preview":"max-image-preview:large","max-video-preview":"max-video-preview:-1"},"canonical":"https:\/\/www.ericadventures.com\/pt-br\/ofertas-especiales\/","og_locale":"pt_BR","og_type":"article","og_title":"Nossas Ofertas Speciales","og_description":"O Peru espera por voc\u00ea com suas paisagens deslumbrantes, rica hist\u00f3ria e cultura vibrante. Aproveite nossas ofertas exclusivas.","og_url":"https:\/\/www.ericadventures.com\/pt-br\/ofertas-especiales\/","og_site_name":"Eric Adventures","article_modified_time":"2024-05-26T23:59:19+00:00","og_image":[{"width":1080,"height":675,"url":"https:\/\/www.ericadventures.com\/wp-content\/uploads\/Tren-a-Machupicchu-1080x675-1.jpg","type":"image\/jpeg"}],"twitter_card":"summary_large_image","twitter_misc":{"Est. tempo de leitura":"1 minuto"},"schema":{"@context":"https:\/\/schema.org","@graph":[{"@type":"WebPage","@id":"https:\/\/www.ericadventures.com\/pt-br\/ofertas-especiales\/","url":"https:\/\/www.ericadventures.com\/pt-br\/ofertas-especiales\/","name":"Ofertas Especiais Peru","isPartOf":{"@id":"https:\/\/www.ericadventures.com\/en\/#website"},"primaryImageOfPage":{"@id":"https:\/\/www.ericadventures.com\/pt-br\/ofertas-especiales\/#primaryimage"},"image":{"@id":"https:\/\/www.ericadventures.com\/pt-br\/ofertas-especiales\/#primaryimage"},"thumbnailUrl":"https:\/\/www.ericadventures.com\/wp-content\/uploads\/Tren-a-Machupicchu-1080x675-1.jpg","datePublished":"2024-05-26T23:50:30+00:00","dateModified":"2024-05-26T23:59:19+00:00","description":"O Peru espera por voc\u00ea com suas paisagens deslumbrantes, rica hist\u00f3ria e cultura vibrante. Aproveite nossas ofertas exclusivas.","breadcrumb":{"@id":"https:\/\/www.ericadventures.com\/pt-br\/ofertas-especiales\/#breadcrumb"},"inLanguage":"pt-BR","potentialAction":[{"@type":"ReadAction","target":["https:\/\/www.ericadventures.com\/pt-br\/ofertas-especiales\/"]}]},{"@type":"ImageObject","inLanguage":"pt-BR","@id":"https:\/\/www.ericadventures.com\/pt-br\/ofertas-especiales\/#primaryimage","url":"https:\/\/www.ericadventures.com\/wp-content\/uploads\/Tren-a-Machupicchu-1080x675-1.jpg","contentUrl":"https:\/\/www.ericadventures.com\/wp-content\/uploads\/Tren-a-Machupicchu-1080x675-1.jpg","width":1080,"height":675,"caption":"Ofertas Especiales"},{"@type":"BreadcrumbList","@id":"https:\/\/www.ericadventures.com\/pt-br\/ofertas-especiales\/#breadcrumb","itemListElement":[{"@type":"ListItem","position":1,"name":"Home","item":"https:\/\/www.ericadventures.com\/pt-br\/"},{"@type":"ListItem","position":2,"name":"Nossas Ofertas Speciales"}]},{"@type":"WebSite","@id":"https:\/\/www.ericadventures.com\/en\/#website","url":"https:\/\/www.ericadventures.com\/en\/","name":"Eric Adventures","description":"","publisher":{"@id":"https:\/\/www.ericadventures.com\/en\/#organization"},"alternateName":"Eric Adventures","potentialAction":[{"@type":"SearchAction","target":{"@type":"EntryPoint","urlTemplate":"https:\/\/www.ericadventures.com\/en\/?s={search_term_string}"},"query-input":{"@type":"PropertyValueSpecification","valueRequired":true,"valueName":"search_term_string"}}],"inLanguage":"pt-BR"},{"@type":"Organization","@id":"https:\/\/www.ericadventures.com\/en\/#organization","name":"Eric Adventures","url":"https:\/\/www.ericadventures.com\/en\/","logo":{"@type":"ImageObject","inLanguage":"pt-BR","@id":"https:\/\/www.ericadventures.com\/en\/#\/schema\/logo\/image\/","url":"https:\/\/www.ericadventures.com\/wp-content\/uploads\/logo-ericadventures.png","contentUrl":"https:\/\/www.ericadventures.com\/wp-content\/uploads\/logo-ericadventures.png","width":500,"height":106,"caption":"Eric Adventures"},"image":{"@id":"https:\/\/www.ericadventures.com\/en\/#\/schema\/logo\/image\/"}}]}},"coauthors":[],"author_meta":{"author_link":"https:\/\/www.ericadventures.com\/pt-br\/author\/joaco\/","display_name":"Joaqu\u00edn Arenas Hermoza"},"relative_dates":{"created":"Publicado 2 anos atr\u00e1s","modified":"Atualizado 2 anos atr\u00e1s"},"absolute_dates":{"created":"Publicado em maio 26, 2024","modified":"Atualizado em maio 26, 2024"},"absolute_dates_time":{"created":"Publicado em maio 26, 2024 6:50 pm","modified":"Atualizado em maio 26, 2024 6:59 pm"},"featured_img_caption":"","featured_img":"https:\/\/www.ericadventures.com\/wp-content\/uploads\/Tren-a-Machupicchu-1080x675-1.jpg","series_order":"","_links":{"self":[{"href":"https:\/\/www.ericadventures.com\/pt-br\/wp-json\/wp\/v2\/pages\/22647","targetHints":{"allow":["GET"]}}],"collection":[{"href":"https:\/\/www.ericadventures.com\/pt-br\/wp-json\/wp\/v2\/pages"}],"about":[{"href":"https:\/\/www.ericadventures.com\/pt-br\/wp-json\/wp\/v2\/types\/page"}],"author":[{"embeddable":true,"href":"https:\/\/www.ericadventures.com\/pt-br\/wp-json\/wp\/v2\/users\/3"}],"replies":[{"embeddable":true,"href":"https:\/\/www.ericadventures.com\/pt-br\/wp-json\/wp\/v2\/comments?post=22647"}],"version-history":[{"count":2,"href":"https:\/\/www.ericadventures.com\/pt-br\/wp-json\/wp\/v2\/pages\/22647\/revisions"}],"predecessor-version":[{"id":22656,"href":"https:\/\/www.ericadventures.com\/pt-br\/wp-json\/wp\/v2\/pages\/22647\/revisions\/22656"}],"wp:featuredmedia":[{"embeddable":true,"href":"https:\/\/www.ericadventures.com\/pt-br\/wp-json\/wp\/v2\/media\/22642"}],"wp:attachment":[{"href":"https:\/\/www.ericadventures.com\/pt-br\/wp-json\/wp\/v2\/media?parent=22647"}],"curies":[{"name":"wp","href":"https:\/\/api.w.org\/{rel}","templated":true}]}}