{"id":23855,"date":"2024-06-29T20:27:06","date_gmt":"2024-06-30T01:27:06","guid":{"rendered":"https:\/\/www.ericadventures.com\/aluguel-motos-cusco\/honda-xr-190l-copy\/"},"modified":"2024-06-29T20:46:39","modified_gmt":"2024-06-30T01:46:39","slug":"honda-tornado250cc","status":"publish","type":"page","link":"https:\/\/www.ericadventures.com\/pt-br\/aluguel-motos-cusco\/honda-tornado250cc\/","title":{"rendered":"Peru Honda Tornado 250 Cc"},"content":{"rendered":"<div class=\"wp-block-image\">\n<figure class=\"aligncenter size-full is-resized\"><img loading=\"lazy\" decoding=\"async\" width=\"300\" height=\"214\" src=\"https:\/\/www.ericadventures.com\/wp-content\/uploads\/004-2.jpg\" alt=\"\" class=\"wp-image-23842\" style=\"width:400px;height:auto\"\/><\/figure>\n<\/div>\n\n\n<!--Markup for citys-->\n\n<div id=\"item-block_6cddaee88e1ccecb3b50ef83a11c7865\" class=\"item\">\n\n    \n        <table class=\"table-moto\">\n            <tbody>\n                <tr>\n                    <td colspan=\"2\"><strong> Pre\u00e7o em d\u00f3lares americanos por dia por motocicleta <\/strong><\/td>\n                <\/tr>\n                \n                            <tr>\n                                <td><strong>1 &#8211; 7 Dias<\/strong><\/td><td>US$55<\/td>\n                            <\/tr>\n                \n                        \n                            <tr>\n                                <td><strong>8 &#8211; 14 Dias<\/strong><\/td><td>US$50<\/td>\n                            <\/tr>\n                \n                        \n                            <tr>\n                                <td><strong>15 + Dias<\/strong><\/td><td>US$45<\/td>\n                            <\/tr>\n                \n                        \n            <\/tbody>\n        <\/table>\n\n<\/div>\n\n\n<p><strong>Nota:<\/strong> Nossos pre\u00e7os podem variar de acordo com a disponibilidade e a temporada.<\/p>\n\n\n\n<h3 class=\"wp-block-heading\"><strong>Detalhes da motocicleta:<\/strong><\/h3>\n\n\n\n<ul class=\"wp-block-list\">\n<li><strong>Tipo de motor:<\/strong> 249cc (ar-refrigerado, c\u00e1rter seco, cilindro \u00fanico , quatro tempos)<\/li>\n\n\n\n<li><strong>Tipo de igni\u00e7\u00e3o:<\/strong> El\u00e9trico<\/li>\n\n\n\n<li><strong>Transmiss\u00e3o:<\/strong> 6 velocidades<\/li>\n\n\n\n<li><strong>Capacidade de combust\u00edvel:<\/strong> 11,5 litros<\/li>\n\n\n\n<li><strong>Altura do assento:<\/strong> 34,65 polegadas<\/li>\n<\/ul>\n\n\n\n<h3 class=\"wp-block-heading\"><strong>OS PRE\u00c7OS INCLUEM:<\/strong><\/h3>\n\n\n\n<ul class=\"wp-block-list\">\n<li>Capacete<\/li>\n\n\n\n<li>Luvas<\/li>\n\n\n\n<li>Ferramentas<\/li>\n\n\n\n<li>300 KM por dia gr\u00e1tis. US $ 0,5 por km adicional<\/li>\n\n\n\n<li>Seguro obrigat\u00f3rio contra acidentes de tr\u00e2nsito (SOAT) Este seguro cobre os ferimentos do motociclista, passageiro e terceiros<\/li>\n\n\n\n<li>Seguro contra acidentes(pedestres)<\/li>\n<\/ul>\n\n\n\n<h3 class=\"wp-block-heading\">OS PRE\u00c7OS \u00d1AO INCLUEM:<\/h3>\n\n\n\n<ul class=\"wp-block-list\">\n<li>Combust\u00edvel<\/li>\n\n\n\n<li>Ped\u00e1gios<\/li>\n<\/ul>\n\n\n\n<h3 class=\"wp-block-heading\"><strong>GARANTIA:<\/strong><\/h3>\n\n\n\n<p>Para alugar a moto, \u00e9 obrigat\u00f3rio deixar um dep\u00f3sito de <strong>US$ 500<\/strong> como garantia (n\u00e3o pagamento).<br>* A garantia pode ser depositado em dinheiro ou por VISA.<\/p>\n\n\n\n<p>A garantia ser\u00e1 dado de volta para voc\u00ea, uma vez que a moto vai ser entregue nos nas mesmas condi\u00e7\u00f5es que voc\u00ea recebeu. Se a moto pode ter alguns danos, vamos usar o montante da garantia de acordo com os custos de repara\u00e7\u00e3o ou de assist\u00eancia mec\u00e2nica, se as despesas passar por cima o valor da garantia, vamos usar todo o seu valor de garantia eo seguro vai cobrir o restante. N\u00f3s vamos seguir o mesmo procedimento se a moto foi roubada.<br>*El importe de garant\u00eda puede variar en base a la zona donde la moto ser\u00e1 alquilada, por ejemplo, Lima es una ciudad m\u00e1s peligrosa que Cusco, por ende la garant\u00eda que nuestros clientes tienen que dejar, podr\u00eda ser mayor en Lima que en Cusco, esto ser\u00e1 considerado tambi\u00e9n para todos los lugares en los que estar\u00e1 la motocicleta.<\/p>\n\n\n\n<h3 class=\"wp-block-heading\"><strong>ADICIONAL:<\/strong><\/h3>\n\n\n\n<ul class=\"wp-block-list\">\n<li>Passageiro adicional = US $ 20 por dia<\/li>\n\n\n\n<li>C\u00e2mara de v\u00eddeo &#8220;GoPro&#8221; = US $ 20 por dia<\/li>\n\n\n\n<li>Aluguer de GPS = US $ 20 por dia<\/li>\n\n\n\n<li>Traje de chuva = US $ 10 por dia<\/li>\n\n\n\n<li>Saco seco = US $ 5 por dia<\/li>\n\n\n\n<li>Saco de tanque = US $ 10 por dia<\/li>\n\n\n\n<li>Transportador de bagagem em metal = US $ 20 por dia<\/li>\n<\/ul>\n\n\n\n<h3 class=\"wp-block-heading\">SEGURO PARA A MOTOCICLETA:<\/h3>\n\n\n\n<ul class=\"wp-block-list\">\n<li>Seguro para danos parciais ou totais ao ve\u00edculo $ 450<\/li>\n<\/ul>\n\n\n\n<p>Neste caso, 70% do custo de danos \u00e0 motocicleta \u00e9 coberto pelo seguro e 30% \u00e9 para sua pr\u00f3pria conta. Caso o dano seja inferior a 300 USD, todos os custos s\u00e3o por conta pr\u00f3pria. O dano a terceiros n\u00e3o \u00e9 coberto.<\/p>\n\n\n\n<h3 class=\"wp-block-heading\"><strong>CONDI\u00c7\u00d5ES DE ALUGUER<\/strong><\/h3>\n\n\n\n<p>Voc\u00ea precisa ter:<br>1) Carteira de habilita\u00e7\u00e3o internacional<br>2) Cart\u00e3o de cr\u00e9dito (Para pagamentos e Garantia)<br>3) Passaporte<br>4) Ter mais de 18 anos de idade<br><\/p>\n\n\n\n<p><strong>Seguro<\/strong> de que as nossas motos t\u00eam: Danos a terceiros (pedestres) em caso de acidente.<br>* O seguro \u00e9 v\u00e1lido apenas em territ\u00f3rio peruano<\/p>\n\n\n\n<p><strong>SA\u00cdDA DO MOTOCICLETA DO PERU<\/strong><\/p>\n\n\n\n<p>Para as sa\u00eddas do motocicleta do pa\u00eds, pela disposi\u00e7\u00e3o nova dos costumes, j\u00e1 n\u00e3o \u00e9 permitido que os estrangeiros saem dirigindo uma motocicleta peruano fora de Peru, raz\u00e3o pela qual se os clientes desejarem deixar Peru, com uma motocicleta peruano, este tem que ser conduzido obrigatoriamente por um cidad\u00e3o ou residente peruano.<\/p>\n\n\n\n<p><strong>Nota:<\/strong> Normalmente as formalidades que realizamos para a sa\u00edda de motocicleta do pa\u00eds, s\u00e3o realizadas normalmente, por\u00e9m n\u00e3o seremos respons\u00e1veis se por fatores externos este objetivo n\u00e3o puder ser realizado, como por exemplo:<\/p>\n\n\n\n<ul class=\"wp-block-list\">\n<li>Crise pol\u00edtica, greves, paragens, etc.<\/li>\n\n\n\n<li>Emerg\u00eancia<\/li>\n\n\n\n<li>Cat\u00e1strofes naturais<\/li>\n\n\n\n<li>Altera\u00e7\u00f5es \u00e0 regulamenta\u00e7\u00e3o aduaneira<\/li>\n\n\n\n<li>Situa\u00e7\u00f5es externas \u00e0 nossa gest\u00e3o<\/li>\n<\/ul>\n\n\n\n<p>Caso voc\u00ea saia do Peru:<\/p>\n\n\n\n<p>1) Para a Bol\u00edvia: Peru e Bol\u00edvia n\u00e3o possuem acordo para estes casos, ent\u00e3o ter\u00edamos que fazer o seguinte procedimento:<\/p>\n\n\n\n<ul class=\"wp-block-list\">\n<li><\/li>\n<\/ul>\n\n\n\n<p>2) Para Chile, Equador e Brasil, voc\u00ea ter\u00e1 que pagar apenas US$ 1.250 pela licen\u00e7a notarial, levar\u00e1 apenas uma hora para cruzar a fronteira.<\/p>\n\n\n\n<p>3) Se voc\u00ea quiser sair do Peru para outros pa\u00edses com a motocicleta alugada, dever\u00e1 pagar um adicional de 50% do pre\u00e7o normal do aluguel da motocicleta.<\/p>\n\n\n\n<p>4) O valor que o cliente dever\u00e1 deixar como garantia da moto dever\u00e1 ser o valor total da moto.<\/p>\n\n\n\n<p><strong>SEGURO FORA DO PERU<\/strong><\/p>\n\n\n\n<p>Caso voc\u00ea saia do Peru, inclu\u00edmos o seguinte seguro:<\/p>\n\n\n\n<ul class=\"wp-block-list\">\n<li><strong>Chile: <\/strong>O seguro \u00e9 o SOAPEX que tem um custo de US$ 50<\/li>\n\n\n\n<li><strong>Bol\u00edvia:<\/strong> O seguro \u00e9 o SOAT que tem um custo de US$ 50<\/li>\n<\/ul>\n\n\n\n<p><strong>As despesas para deixar a Moto do lado de fora do ponto de origem:<\/strong><\/p>\n\n\n\n<p>Se voc\u00ea vai deixar o veiculo no outro lugar, tem que pagar o pre\u00e7o pela distancia, al\u00e9m disso, todas as necessidades que te nha a pessoa que vai trazer o ve\u00edculo<\/p>\n\n\n\n<h3 class=\"wp-block-heading\">IMPORTANTE<\/h3>\n\n\n\n<p>No momento de efetuar o pagamento, reservamos o modelo de motocicleta desejado pelo cliente, no entanto, se houvesse algum motivo fora de nossa administra\u00e7\u00e3o, onde a motocicleta desejada n\u00e3o pudesse ser dada, continuaremos a dar uma semelhante. Por exemplo: acidente indesejado, roubo, etc. Se houver diferen\u00e7as no pre\u00e7o, o respectivo reembolso ser\u00e1 feito.<\/p>\n\n\n\n<p>Nosso hor\u00e1rio de funcionamento \u00e9 de segunda a sexta das 8h30 \u00e0s 13h e das 15h \u00e0s 17h30, todos os ve\u00edculos dever\u00e3o ser entregues em hor\u00e1rio comercial.<\/p>\n\n\n\n<h2 class=\"wp-block-heading\"><a href=\"https:\/\/www.ericadventures.com\/peru\/cusco-peru-alquileres\/faqs-alquiler-motocicletas.html\">FAQS &#8211; PERGUNTAS FRECUENTES<\/a><\/h2>\n\n\n\n<h2 class=\"wp-block-heading\">Formulario de Contacto<\/h2>\n\n\n\n<div class=\"wp-block-contact-form-7-contact-form-selector\">\n<div class=\"wpcf7 no-js\" id=\"wpcf7-f6172-o1\" lang=\"es-ES\" dir=\"ltr\" data-wpcf7-id=\"6172\">\n<div class=\"screen-reader-response\"><p role=\"status\" aria-live=\"polite\" aria-atomic=\"true\"><\/p> <ul><\/ul><\/div>\n<form action=\"\/pt-br\/wp-json\/wp\/v2\/pages\/23855#wpcf7-f6172-o1\" method=\"post\" class=\"wpcf7-form init\" aria-label=\"Formulario de contacto\" novalidate=\"novalidate\" data-status=\"init\">\n<fieldset class=\"hidden-fields-container\"><input type=\"hidden\" name=\"_wpcf7\" value=\"6172\" \/><input type=\"hidden\" name=\"_wpcf7_version\" value=\"6.1.5\" \/><input type=\"hidden\" name=\"_wpcf7_locale\" value=\"es_ES\" \/><input type=\"hidden\" name=\"_wpcf7_unit_tag\" value=\"wpcf7-f6172-o1\" \/><input type=\"hidden\" name=\"_wpcf7_container_post\" value=\"0\" \/><input type=\"hidden\" name=\"_wpcf7_posted_data_hash\" value=\"\" \/>\n<\/fieldset>\n<div class=\"wpcf7-turnstile cf-turnstile\" data-sitekey=\"0x4AAAAAACZ2CLxkDaDac8NW\" data-response-field-name=\"_wpcf7_turnstile_response\"><\/div>\n\n<div class=\"formt\">\n    <span class=\"textform\"> Para reservas ou mais informa\u00e7\u00f5es preencha o seguinte formul\u00e1rio de cliente\/convidado:  <\/span>\n    <input class=\"wpcf7-form-control wpcf7-hidden\" value=\"https:\/\/www.ericadventures.com\/pt-br\/wp-json\/wp\/v2\/pages\/23855\" type=\"hidden\" name=\"Url_Tour\" \/>\n    <input class=\"wpcf7-form-control wpcf7-hidden\" value=\"pt-br\" type=\"hidden\" name=\"Idioma\" \/>\n    <input class=\"wpcf7-form-control wpcf7-hidden\" value=\"04\/05\/2026 10:55:43\" type=\"hidden\" name=\"Fecha_Hora\" \/>\n    <input class=\"wpcf7-form-control wpcf7-hidden\" value=\"216.73.216.166\" type=\"hidden\" name=\"Ip\" \/>\n    <input class=\"wpcf7-form-control wpcf7-hidden\" value=\"Peru Honda Tornado 250 Cc\" type=\"hidden\" name=\"Nombre_Tour\" \/>\n    <input class=\"wpcf7-form-control wpcf7-hidden\" value=\"1\" type=\"hidden\" name=\"enviar_excel\" \/>\n\n    <div class=\"g2\">\n        <div>\n            <label>Nome: <\/label>\n            <span class=\"wpcf7-form-control-wrap\" data-name=\"Nombre\"><input size=\"40\" maxlength=\"400\" class=\"wpcf7-form-control wpcf7-text wpcf7-validates-as-required\" aria-required=\"true\" aria-invalid=\"false\" value=\"\" type=\"text\" name=\"Nombre\" \/><\/span>\n        <\/div>\n        <div>\n            <label>E-mail: <\/label>\n            <span class=\"wpcf7-form-control-wrap\" data-name=\"Emails\"><input size=\"40\" maxlength=\"400\" class=\"wpcf7-form-control wpcf7-email wpcf7-validates-as-required wpcf7-text wpcf7-validates-as-email\" aria-required=\"true\" aria-invalid=\"false\" value=\"\" type=\"email\" name=\"Emails\" \/><\/span>\n        <\/div>\n    <\/div>\n    \n    <div class=\"g2\">\n        <div>\n            <label>Pa\u00eds: <\/label>\n            <span class=\"wpcf7-form-control-wrap\" data-name=\"Pais\"><input size=\"40\" maxlength=\"400\" class=\"wpcf7-form-control wpcf7-text\" aria-invalid=\"false\" value=\"\" type=\"text\" name=\"Pais\" \/><\/span>\n        <\/div>\n        <div>\n            <label>Telefone - Whatsapp: <\/label>\n            <span class=\"wpcf7-form-control-wrap\" data-name=\"Whatsapp\"><input size=\"40\" class=\"wpcf7-form-control wpcf7-phonetext wpcf7-text wpcf7-validates-as-phonetext\" aria-invalid=\"false\" value=\"\" type=\"text\" name=\"Whatsapp\" \/><input type=\"hidden\" name=\"Whatsapp-country-code\" class=\"wpcf7-phonetext-country-code\" \/><\/span>\n        <\/div>\n    <\/div>\n    \n    <div class=\"g2\">\n        <div>\n            <label>N\u00famero de adultos: <\/label>\n            <span class=\"wpcf7-form-control-wrap\" data-name=\"Adultos\"><select class=\"wpcf7-form-control wpcf7-select wpcf7-validates-as-required\" aria-required=\"true\" aria-invalid=\"false\" name=\"Adultos\"><option value=\"1\">1<\/option><option value=\"2\">2<\/option><option value=\"3\">3<\/option><option value=\"4\">4<\/option><option value=\"5\">5<\/option><option value=\"6\">6<\/option><option value=\"7\">7<\/option><option value=\"8\">8<\/option><option value=\"9\">9<\/option><option value=\"10\">10<\/option><option value=\"11\">11<\/option><option value=\"12 para mais\">12 para mais<\/option><\/select><\/span>\n        <\/div>\n        <div>\n            <label>N\u00famero de crian\u00e7as: <\/label>\n            <span class=\"wpcf7-form-control-wrap\" data-name=\"Ninos\"><select class=\"wpcf7-form-control wpcf7-select wpcf7-validates-as-required\" aria-required=\"true\" aria-invalid=\"false\" name=\"Ninos\"><option value=\"0\">0<\/option><option value=\"1\">1<\/option><option value=\"2\">2<\/option><option value=\"3\">3<\/option><option value=\"4\">4<\/option><option value=\"5\">5<\/option><option value=\"6\">6<\/option><option value=\"7\">7<\/option><option value=\"8\">8<\/option><option value=\"9\">9<\/option><option value=\"10\">10<\/option><option value=\"11\">11<\/option><option value=\"12 para mais\">12 para mais<\/option><\/select><\/span>\n        <\/div>\n    <\/div>\n    \n    <div class=\"g2\">\n        <div>\n            <label>Data de in\u00edcio do passeio: <\/label>\n            <span class=\"wpcf7-form-control-wrap\" data-name=\"Inicio\"><input class=\"wpcf7-form-control wpcf7-date wpcf7-validates-as-required wpcf7-validates-as-date\" id=\"inicio\" min=\"2026-05-04\" aria-required=\"true\" aria-invalid=\"false\" value=\"\" type=\"date\" name=\"Inicio\" \/><\/span>\n        <\/div>\n        <div>\n            <label>Data de t\u00e9rmino da excurs\u00e3o: <\/label>\n            <span class=\"wpcf7-form-control-wrap\" data-name=\"Final\"><input class=\"wpcf7-form-control wpcf7-date wpcf7-validates-as-required wpcf7-validates-as-date\" id=\"final\" min=\"2026-05-04\" aria-required=\"true\" aria-invalid=\"false\" value=\"\" type=\"date\" name=\"Final\" \/><\/span>\n        <\/div>\n    <\/div>\n    \n    <div>\n        <label>Coment\u00e1rios ou perguntas: <\/label>\n        <span class=\"wpcf7-form-control-wrap\" data-name=\"Mensaje\"><textarea cols=\"40\" rows=\"10\" maxlength=\"2000\" class=\"wpcf7-form-control wpcf7-textarea wpcf7-validates-as-required\" aria-required=\"true\" aria-invalid=\"false\" placeholder=\"Por favor especifique o tipo de SERVI\u00c7O\/TOUR que pretende realizar\" name=\"Mensaje\"><\/textarea><\/span>\n    <\/div>\n    \n    <input class=\"wpcf7-form-control wpcf7-submit has-spinner btnsend\" type=\"submit\" value=\"ENVIAR MENSAGEM\" \/>\n<\/div><div class=\"wpcf7-response-output\" aria-hidden=\"true\"><\/div>\n<\/form>\n<\/div>\n<\/div>\n","protected":false},"excerpt":{"rendered":"<p>Nota: Nossos pre\u00e7os podem variar de acordo com a disponibilidade e a temporada. Detalhes da motocicleta: OS PRE\u00c7OS INCLUEM: OS [&hellip;]<\/p>\n","protected":false},"author":3,"featured_media":23851,"parent":1489,"menu_order":0,"comment_status":"closed","ping_status":"closed","template":"page-rental-moto.php","meta":{"_acf_changed":false,"advgb_blocks_editor_width":"","advgb_blocks_columns_visual_guide":"","footnotes":""},"class_list":["post-23855","page","type-page","status-publish","has-post-thumbnail","hentry"],"acf":[],"yoast_head":"<!-- This site is optimized with the Yoast SEO Premium plugin v25.4 (Yoast SEO v26.9) - https:\/\/yoast.com\/product\/yoast-seo-premium-wordpress\/ -->\n<title>Cusco Peru Alquiler Honda Xr 190 L<\/title>\n<meta name=\"description\" content=\"Honda XR 190 L: Explora Per\u00fa 1-30 d\u00edas, alquiler $65\/d\u00eda. Vers\u00e1til y todo terreno, te brinda libertad para descubrir la diversidad del pa\u00eds.\" \/>\n<meta name=\"robots\" content=\"index, follow, max-snippet:-1, max-image-preview:large, max-video-preview:-1\" \/>\n<link rel=\"canonical\" href=\"https:\/\/www.ericadventures.com\/en\/motorcycle-rental-peru\/honda-tornado250cc\/\" \/>\n<meta property=\"og:locale\" content=\"pt_BR\" \/>\n<meta property=\"og:type\" content=\"article\" \/>\n<meta property=\"og:title\" content=\"Peru Honda Tornado 250 Cc\" \/>\n<meta property=\"og:description\" content=\"Honda XR 190 L: Explora Per\u00fa 1-30 d\u00edas, alquiler $65\/d\u00eda. Vers\u00e1til y todo terreno, te brinda libertad para descubrir la diversidad del pa\u00eds.\" \/>\n<meta property=\"og:url\" content=\"https:\/\/www.ericadventures.com\/en\/motorcycle-rental-peru\/honda-tornado250cc\/\" \/>\n<meta property=\"og:site_name\" content=\"Eric Adventures\" \/>\n<meta property=\"article:modified_time\" content=\"2024-06-30T01:46:39+00:00\" \/>\n<meta property=\"og:image\" content=\"https:\/\/www.ericadventures.com\/wp-content\/uploads\/004-3.jpg\" \/>\n\t<meta property=\"og:image:width\" content=\"300\" \/>\n\t<meta property=\"og:image:height\" content=\"214\" \/>\n\t<meta property=\"og:image:type\" content=\"image\/jpeg\" \/>\n<meta name=\"twitter:card\" content=\"summary_large_image\" \/>\n<meta name=\"twitter:label1\" content=\"Est. tempo de leitura\" \/>\n\t<meta name=\"twitter:data1\" content=\"5 minutos\" \/>\n<script type=\"application\/ld+json\" class=\"yoast-schema-graph\">{\"@context\":\"https:\/\/schema.org\",\"@graph\":[{\"@type\":\"WebPage\",\"@id\":\"https:\/\/www.ericadventures.com\/en\/motorcycle-rental-peru\/honda-tornado250cc\/\",\"url\":\"https:\/\/www.ericadventures.com\/en\/motorcycle-rental-peru\/honda-tornado250cc\/\",\"name\":\"Cusco Peru Alquiler Honda Xr 190 L\",\"isPartOf\":{\"@id\":\"https:\/\/www.ericadventures.com\/en\/#website\"},\"primaryImageOfPage\":{\"@id\":\"https:\/\/www.ericadventures.com\/en\/motorcycle-rental-peru\/honda-tornado250cc\/#primaryimage\"},\"image\":{\"@id\":\"https:\/\/www.ericadventures.com\/en\/motorcycle-rental-peru\/honda-tornado250cc\/#primaryimage\"},\"thumbnailUrl\":\"https:\/\/www.ericadventures.com\/wp-content\/uploads\/004-3.jpg\",\"datePublished\":\"2024-06-30T01:27:06+00:00\",\"dateModified\":\"2024-06-30T01:46:39+00:00\",\"description\":\"Honda XR 190 L: Explora Per\u00fa 1-30 d\u00edas, alquiler $65\/d\u00eda. Vers\u00e1til y todo terreno, te brinda libertad para descubrir la diversidad del pa\u00eds.\",\"breadcrumb\":{\"@id\":\"https:\/\/www.ericadventures.com\/en\/motorcycle-rental-peru\/honda-tornado250cc\/#breadcrumb\"},\"inLanguage\":\"pt-BR\",\"potentialAction\":[{\"@type\":\"ReadAction\",\"target\":[\"https:\/\/www.ericadventures.com\/en\/motorcycle-rental-peru\/honda-tornado250cc\/\"]}]},{\"@type\":\"ImageObject\",\"inLanguage\":\"pt-BR\",\"@id\":\"https:\/\/www.ericadventures.com\/en\/motorcycle-rental-peru\/honda-tornado250cc\/#primaryimage\",\"url\":\"https:\/\/www.ericadventures.com\/wp-content\/uploads\/004-3.jpg\",\"contentUrl\":\"https:\/\/www.ericadventures.com\/wp-content\/uploads\/004-3.jpg\",\"width\":300,\"height\":214,\"caption\":\"Peru Honda Tornado\"},{\"@type\":\"BreadcrumbList\",\"@id\":\"https:\/\/www.ericadventures.com\/en\/motorcycle-rental-peru\/honda-tornado250cc\/#breadcrumb\",\"itemListElement\":[{\"@type\":\"ListItem\",\"position\":1,\"name\":\"Home\",\"item\":\"https:\/\/www.ericadventures.com\/pt-br\/\"},{\"@type\":\"ListItem\",\"position\":2,\"name\":\"Aluguel De Motos Em Cusco\",\"item\":\"https:\/\/www.ericadventures.com\/pt-br\/aluguel-motos-cusco\/\"},{\"@type\":\"ListItem\",\"position\":3,\"name\":\"Peru Honda Tornado 250 Cc\"}]},{\"@type\":\"WebSite\",\"@id\":\"https:\/\/www.ericadventures.com\/en\/#website\",\"url\":\"https:\/\/www.ericadventures.com\/en\/\",\"name\":\"Eric Adventures\",\"description\":\"\",\"publisher\":{\"@id\":\"https:\/\/www.ericadventures.com\/en\/#organization\"},\"alternateName\":\"Eric Adventures\",\"potentialAction\":[{\"@type\":\"SearchAction\",\"target\":{\"@type\":\"EntryPoint\",\"urlTemplate\":\"https:\/\/www.ericadventures.com\/en\/?s={search_term_string}\"},\"query-input\":{\"@type\":\"PropertyValueSpecification\",\"valueRequired\":true,\"valueName\":\"search_term_string\"}}],\"inLanguage\":\"pt-BR\"},{\"@type\":\"Organization\",\"@id\":\"https:\/\/www.ericadventures.com\/en\/#organization\",\"name\":\"Eric Adventures\",\"url\":\"https:\/\/www.ericadventures.com\/en\/\",\"logo\":{\"@type\":\"ImageObject\",\"inLanguage\":\"pt-BR\",\"@id\":\"https:\/\/www.ericadventures.com\/en\/#\/schema\/logo\/image\/\",\"url\":\"https:\/\/www.ericadventures.com\/wp-content\/uploads\/logo-ericadventures.png\",\"contentUrl\":\"https:\/\/www.ericadventures.com\/wp-content\/uploads\/logo-ericadventures.png\",\"width\":500,\"height\":106,\"caption\":\"Eric Adventures\"},\"image\":{\"@id\":\"https:\/\/www.ericadventures.com\/en\/#\/schema\/logo\/image\/\"}}]}<\/script>\n<!-- \/ Yoast SEO Premium plugin. -->","yoast_head_json":{"title":"Cusco Peru Alquiler Honda Xr 190 L","description":"Honda XR 190 L: Explora Per\u00fa 1-30 d\u00edas, alquiler $65\/d\u00eda. Vers\u00e1til y todo terreno, te brinda libertad para descubrir la diversidad del pa\u00eds.","robots":{"index":"index","follow":"follow","max-snippet":"max-snippet:-1","max-image-preview":"max-image-preview:large","max-video-preview":"max-video-preview:-1"},"canonical":"https:\/\/www.ericadventures.com\/en\/motorcycle-rental-peru\/honda-tornado250cc\/","og_locale":"pt_BR","og_type":"article","og_title":"Peru Honda Tornado 250 Cc","og_description":"Honda XR 190 L: Explora Per\u00fa 1-30 d\u00edas, alquiler $65\/d\u00eda. Vers\u00e1til y todo terreno, te brinda libertad para descubrir la diversidad del pa\u00eds.","og_url":"https:\/\/www.ericadventures.com\/en\/motorcycle-rental-peru\/honda-tornado250cc\/","og_site_name":"Eric Adventures","article_modified_time":"2024-06-30T01:46:39+00:00","og_image":[{"width":300,"height":214,"url":"https:\/\/www.ericadventures.com\/wp-content\/uploads\/004-3.jpg","type":"image\/jpeg"}],"twitter_card":"summary_large_image","twitter_misc":{"Est. tempo de leitura":"5 minutos"},"schema":{"@context":"https:\/\/schema.org","@graph":[{"@type":"WebPage","@id":"https:\/\/www.ericadventures.com\/en\/motorcycle-rental-peru\/honda-tornado250cc\/","url":"https:\/\/www.ericadventures.com\/en\/motorcycle-rental-peru\/honda-tornado250cc\/","name":"Cusco Peru Alquiler Honda Xr 190 L","isPartOf":{"@id":"https:\/\/www.ericadventures.com\/en\/#website"},"primaryImageOfPage":{"@id":"https:\/\/www.ericadventures.com\/en\/motorcycle-rental-peru\/honda-tornado250cc\/#primaryimage"},"image":{"@id":"https:\/\/www.ericadventures.com\/en\/motorcycle-rental-peru\/honda-tornado250cc\/#primaryimage"},"thumbnailUrl":"https:\/\/www.ericadventures.com\/wp-content\/uploads\/004-3.jpg","datePublished":"2024-06-30T01:27:06+00:00","dateModified":"2024-06-30T01:46:39+00:00","description":"Honda XR 190 L: Explora Per\u00fa 1-30 d\u00edas, alquiler $65\/d\u00eda. Vers\u00e1til y todo terreno, te brinda libertad para descubrir la diversidad del pa\u00eds.","breadcrumb":{"@id":"https:\/\/www.ericadventures.com\/en\/motorcycle-rental-peru\/honda-tornado250cc\/#breadcrumb"},"inLanguage":"pt-BR","potentialAction":[{"@type":"ReadAction","target":["https:\/\/www.ericadventures.com\/en\/motorcycle-rental-peru\/honda-tornado250cc\/"]}]},{"@type":"ImageObject","inLanguage":"pt-BR","@id":"https:\/\/www.ericadventures.com\/en\/motorcycle-rental-peru\/honda-tornado250cc\/#primaryimage","url":"https:\/\/www.ericadventures.com\/wp-content\/uploads\/004-3.jpg","contentUrl":"https:\/\/www.ericadventures.com\/wp-content\/uploads\/004-3.jpg","width":300,"height":214,"caption":"Peru Honda Tornado"},{"@type":"BreadcrumbList","@id":"https:\/\/www.ericadventures.com\/en\/motorcycle-rental-peru\/honda-tornado250cc\/#breadcrumb","itemListElement":[{"@type":"ListItem","position":1,"name":"Home","item":"https:\/\/www.ericadventures.com\/pt-br\/"},{"@type":"ListItem","position":2,"name":"Aluguel De Motos Em Cusco","item":"https:\/\/www.ericadventures.com\/pt-br\/aluguel-motos-cusco\/"},{"@type":"ListItem","position":3,"name":"Peru Honda Tornado 250 Cc"}]},{"@type":"WebSite","@id":"https:\/\/www.ericadventures.com\/en\/#website","url":"https:\/\/www.ericadventures.com\/en\/","name":"Eric Adventures","description":"","publisher":{"@id":"https:\/\/www.ericadventures.com\/en\/#organization"},"alternateName":"Eric Adventures","potentialAction":[{"@type":"SearchAction","target":{"@type":"EntryPoint","urlTemplate":"https:\/\/www.ericadventures.com\/en\/?s={search_term_string}"},"query-input":{"@type":"PropertyValueSpecification","valueRequired":true,"valueName":"search_term_string"}}],"inLanguage":"pt-BR"},{"@type":"Organization","@id":"https:\/\/www.ericadventures.com\/en\/#organization","name":"Eric Adventures","url":"https:\/\/www.ericadventures.com\/en\/","logo":{"@type":"ImageObject","inLanguage":"pt-BR","@id":"https:\/\/www.ericadventures.com\/en\/#\/schema\/logo\/image\/","url":"https:\/\/www.ericadventures.com\/wp-content\/uploads\/logo-ericadventures.png","contentUrl":"https:\/\/www.ericadventures.com\/wp-content\/uploads\/logo-ericadventures.png","width":500,"height":106,"caption":"Eric Adventures"},"image":{"@id":"https:\/\/www.ericadventures.com\/en\/#\/schema\/logo\/image\/"}}]}},"coauthors":[],"author_meta":{"author_link":"https:\/\/www.ericadventures.com\/pt-br\/author\/joaco\/","display_name":"Joaqu\u00edn Arenas Hermoza"},"relative_dates":{"created":"Publicado 2 anos atr\u00e1s","modified":"Atualizado 2 anos atr\u00e1s"},"absolute_dates":{"created":"Publicado em junho 29, 2024","modified":"Atualizado em junho 29, 2024"},"absolute_dates_time":{"created":"Publicado em junho 29, 2024 8:27 pm","modified":"Atualizado em junho 29, 2024 8:46 pm"},"featured_img_caption":"","featured_img":"https:\/\/www.ericadventures.com\/wp-content\/uploads\/004-3.jpg","series_order":"","_links":{"self":[{"href":"https:\/\/www.ericadventures.com\/pt-br\/wp-json\/wp\/v2\/pages\/23855","targetHints":{"allow":["GET"]}}],"collection":[{"href":"https:\/\/www.ericadventures.com\/pt-br\/wp-json\/wp\/v2\/pages"}],"about":[{"href":"https:\/\/www.ericadventures.com\/pt-br\/wp-json\/wp\/v2\/types\/page"}],"author":[{"embeddable":true,"href":"https:\/\/www.ericadventures.com\/pt-br\/wp-json\/wp\/v2\/users\/3"}],"replies":[{"embeddable":true,"href":"https:\/\/www.ericadventures.com\/pt-br\/wp-json\/wp\/v2\/comments?post=23855"}],"version-history":[{"count":2,"href":"https:\/\/www.ericadventures.com\/pt-br\/wp-json\/wp\/v2\/pages\/23855\/revisions"}],"predecessor-version":[{"id":23868,"href":"https:\/\/www.ericadventures.com\/pt-br\/wp-json\/wp\/v2\/pages\/23855\/revisions\/23868"}],"up":[{"embeddable":true,"href":"https:\/\/www.ericadventures.com\/pt-br\/wp-json\/wp\/v2\/pages\/1489"}],"wp:featuredmedia":[{"embeddable":true,"href":"https:\/\/www.ericadventures.com\/pt-br\/wp-json\/wp\/v2\/media\/23851"}],"wp:attachment":[{"href":"https:\/\/www.ericadventures.com\/pt-br\/wp-json\/wp\/v2\/media?parent=23855"}],"curies":[{"name":"wp","href":"https:\/\/api.w.org\/{rel}","templated":true}]}}