{"id":23931,"date":"2024-07-06T12:17:02","date_gmt":"2024-07-06T17:17:02","guid":{"rendered":"https:\/\/www.ericadventures.com\/aluguel-motos-cusco\/ktm-390cc\/"},"modified":"2026-03-27T13:22:33","modified_gmt":"2026-03-27T18:22:33","slug":"ktm-390cc","status":"publish","type":"page","link":"https:\/\/www.ericadventures.com\/pt-br\/aluguel-motos-cusco\/ktm-390cc\/","title":{"rendered":"Ktm 390 Adventure"},"content":{"rendered":"<div class=\"wp-block-image\">\n<figure class=\"aligncenter size-full is-resized\"><img loading=\"lazy\" decoding=\"async\" width=\"608\" height=\"405\" src=\"https:\/\/www.ericadventures.com\/wp-content\/uploads\/ktm-390cc.jpg\" alt=\"\" class=\"wp-image-23922\" style=\"width:435px;height:auto\" srcset=\"https:\/\/www.ericadventures.com\/wp-content\/uploads\/ktm-390cc.jpg 608w, https:\/\/www.ericadventures.com\/wp-content\/uploads\/ktm-390cc-300x200.jpg 300w\" sizes=\"auto, (max-width: 608px) 100vw, 608px\" \/><\/figure>\n<\/div>\n\n\n<!--Markup for citys-->\n\n<div id=\"item-block_ab730e7bc03a4f5d4a90bc2cb8951771\" class=\"item\">\n\n    \n        <table class=\"table-moto\">\n            <tbody>\n                <tr>\n                    <td colspan=\"2\"><strong> Pre\u00e7o em d\u00f3lares americanos por dia por motocicleta <\/strong><\/td>\n                <\/tr>\n                \n                            <tr>\n                                <td><strong>1 &#8211; 3 Di\u00e1s<\/strong><\/td><td>US$85<\/td>\n                            <\/tr>\n                \n                        \n                            <tr>\n                                <td><strong>4 &#8211; 6 Di\u00e1s<\/strong><\/td><td>US$80<\/td>\n                            <\/tr>\n                \n                        \n                            <tr>\n                                <td><strong>7 &#8211; 13 Di\u00e1s<\/strong><\/td><td>US$75<\/td>\n                            <\/tr>\n                \n                        \n                            <tr>\n                                <td><strong>14 + Di\u00e1s<\/strong><\/td><td>US$70<\/td>\n                            <\/tr>\n                \n                        \n            <\/tbody>\n        <\/table>\n\n<\/div>\n\n\n<p><strong>Nota:<\/strong> Nossos pre\u00e7os podem variar de acordo com a disponibilidade e a temporada.<\/p>\n\n\n\n<h3 class=\"wp-block-heading\" id=\"h-detalhes-da-motocicleta\"><strong>Detalhes da motocicleta:<\/strong><\/h3>\n\n\n\n<ul class=\"wp-block-list\">\n<li>Tipo de motor: 373 cm\u00b3<\/li>\n\n\n\n<li>Freios: freio dianteiro: disco de pist\u00e3o duplo \/ freio traseiro: disco simples.<\/li>\n\n\n\n<li>igni\u00e7\u00e3o: el\u00e9trica<\/li>\n\n\n\n<li>Transmiss\u00e3o: seis velocidades<\/li>\n\n\n\n<li>Capacidade de combust\u00edvel: 14,5 litros<\/li>\n\n\n\n<li>Altura do assento: 855mm<\/li>\n\n\n\n<li>Peso: 158 quilos<\/li>\n<\/ul>\n\n\n\n<h3 class=\"wp-block-heading\" id=\"h-os-precos-incluem\"><strong>OS PRE\u00c7OS INCLUEM:<\/strong><\/h3>\n\n\n\n<ul class=\"wp-block-list\">\n<li>300km\/dia. Quilometragem adicional = US$ 0,50 USD\/km<\/li>\n\n\n\n<li>Seguro b\u00e1sico no Peru (\u201cSOAT\u201d cobre apenas danos pessoais)<\/li>\n\n\n\n<li>Capacete, luvas e jaqueta<\/li>\n\n\n\n<li>Dispon\u00edvel: c\u00e2maras de ar sobressalentes ($ 20 cada, se usado), bomba de ar do pneu, alavancas de troca de pneus, ferramentas b\u00e1sicas \/\/ opcional: trava do disco de freio<\/li>\n\n\n\n<li>Recomenda\u00e7\u00f5es para assist\u00eancia t\u00e9cnica ou mec\u00e2nica em: Lima, Arequipa, Tacna, Puno, Puerto Maldonado (n\u00e3o inclui honor\u00e1rios mec\u00e2nicos)<\/li>\n\n\n\n<li>Equipado com: porta-bagagens traseiro (Para bagagem de 15 kg. M\u00e1ximo)<\/li>\n\n\n\n<li>Planejamento de rota\/viagem<\/li>\n\n\n\n<li>armazenamento de bagagem adicional<\/li>\n\n\n\n<li>Mapa<\/li>\n<\/ul>\n\n\n\n<h3 class=\"wp-block-heading\" id=\"h-os-precos-nao-incluem\">OS PRE\u00c7OS N\u00c3O INCLUEM:<\/h3>\n\n\n\n<ul class=\"wp-block-list\">\n<li>Gasolina<\/li>\n\n\n\n<li>Ped\u00e1gios<\/li>\n\n\n\n<li>Seguro contra danos parciais ou totais ao ve\u00edculo US$ 650<\/li>\n<\/ul>\n\n\n\n<p><strong>OPCIONAL<\/strong><\/p>\n\n\n\n<ul class=\"wp-block-list\">\n<li>Seguro de danos de motocicleta = US$ 15,00\/dia<\/li>\n\n\n\n<li>&nbsp;&nbsp;Botas, cal\u00e7as e outros equipamentos dispon\u00edveis para aluguel.<\/li>\n\n\n\n<li>&nbsp;&nbsp;Panniers: Giant Loop Coyote 90L \/ Mosko Reckless 80L = $10USD\/dia<\/li>\n<\/ul>\n\n\n\n<p><strong>GARANTIA<\/strong><\/p>\n\n\n\n<p>Para o aluguel \u00e9 obrigat\u00f3rio deixar um dep\u00f3sito de US$ 1500 como garantia (n\u00e3o pagamento), em nome da pessoa que conduzir\u00e1 a moto, essa garantia pode ser em dinheiro ou cart\u00e3o de cr\u00e9dito VISA.<\/p>\n\n\n\n<p>A garantia ser\u00e1 devolvida assim que a motocicleta nos for entregue nas mesmas condi\u00e7\u00f5es em que foi recebida.Se a mesma apresentar algum dano, utilizaremos parte da garantia de acordo com o valor dos custos de reparo.<br>*El importe de garant\u00eda puede variar en base a la zona donde la moto ser\u00e1 alquilada, por ejemplo, Lima es una ciudad m\u00e1s peligrosa que Cusco, por ende la garant\u00eda que nuestros clientes tienen que dejar, podr\u00eda ser mayor en Lima que en Cusco, esto ser\u00e1 considerado tambi\u00e9n para todos los lugares en los que estar\u00e1 la motocicleta.<\/p>\n\n\n\n<p><strong>POL\u00cdTICAS DE ALUGUEL:<\/strong><\/p>\n\n\n\n<p>Voc\u00ea precisa ter:<\/p>\n\n\n\n<p>1) Carteira de motorista internacional<\/p>\n\n\n\n<p>2) Cart\u00e3o de Cr\u00e9dito (Para pagamento e garantia)<\/p>\n\n\n\n<p>3) Passaporte<\/p>\n\n\n\n<p>4) Ser maior de 18 anos<\/p>\n\n\n\n<h3 class=\"wp-block-heading\" id=\"h-horario-de-funcionamento\"><strong>HOR\u00c1RIO DE FUNCIONAMENTO<\/strong><\/h3>\n\n\n\n<p><br>Nosso hor\u00e1rio de funcionamento \u00e9:<\/p>\n\n\n\n<ul class=\"wp-block-list\">\n<li>De segunda a s\u00e1bado, das 8h30 \u00e0s 13h e das 15h \u00e0s 17h30.<\/li>\n\n\n\n<li>Todos os ve\u00edculos devem ser entregues e devolvidos durante o hor\u00e1rio comercial, caso contr\u00e1rio, ser\u00e3o aplicadas taxas adicionais (US$ 25 por motocicleta, aproximadamente).<\/li>\n<\/ul>\n\n\n\n<p><strong>DESPESAS DE DEVOLU\u00c7\u00c3O DA MOTOCICLETA PARA UM DESTINO DIFERENTE DO DESTINO INICIAL (Drop-off)<\/strong><\/p>\n\n\n\n<p>Se voc\u00ea deixar a motocicleta em uma cidade diferente de onde iniciou seu passeio, dever\u00e1 pagar o custo de devolu\u00e7\u00e3o de acordo com a dist\u00e2ncia e as despesas que isso implica<\/p>\n\n\n\n<p><strong>SA\u00cdDA DO MOTOCICLETA DO PERU<\/strong><\/p>\n\n\n\n<p>Para concluir a documenta\u00e7\u00e3o necess\u00e1ria, o cliente deve estar em Cusco com uma semana de anteced\u00eancia.<\/p>\n\n\n\n<p>O pre\u00e7o para dar uma autoriza\u00e7\u00e3o notarial para levar a motocicleta para fora do Peru \u00e9 de US$ 1250, o pre\u00e7o do aluguel di\u00e1rio aumentar\u00e1 em 50% e a garantia da motocicleta \u00e9 o valor total da mesma (por cart\u00e3o de cr\u00e9dito ou dinheiro)\u2026 Normalmente esses procedimentos s\u00e3o realizados normalmente, por\u00e9m n\u00e3o seremos respons\u00e1veis se devido a fatores externos, tal objetivo n\u00e3o puder ser alcan\u00e7ado, como:<\/p>\n\n\n\n<ul class=\"wp-block-list\">\n<li>Crise pol\u00edtica, greves, paragens, etc.<\/li>\n\n\n\n<li>Emerg\u00eancia<\/li>\n\n\n\n<li>Cat\u00e1strofes naturais<\/li>\n\n\n\n<li>Altera\u00e7\u00f5es \u00e0 regulamenta\u00e7\u00e3o aduaneira<\/li>\n\n\n\n<li>Situa\u00e7\u00f5es externas \u00e0 nossa gest\u00e3o<\/li>\n<\/ul>\n\n\n\n<p>Caso voc\u00ea saia do Peru:<\/p>\n\n\n\n<p>1) Para a Bol\u00edvia: Peru e Bol\u00edvia n\u00e3o possuem acordo para estes casos, ent\u00e3o ter\u00edamos que fazer o seguinte procedimento<\/p>\n\n\n\n<p>2) Para Chile, Equador e Brasil, voc\u00ea ter\u00e1 que pagar apenas US$ 1.250 pela licen\u00e7a notarial, levar\u00e1 apenas uma hora para cruzar a fronteira.<\/p>\n\n\n\n<p>3) Se voc\u00ea quiser sair do Peru para outros pa\u00edses com a motocicleta alugada, dever\u00e1 pagar um adicional de 50% do pre\u00e7o normal do aluguel da motocicleta.<\/p>\n\n\n\n<p>4) O valor que o cliente dever\u00e1 deixar como garantia da moto dever\u00e1 ser o valor total da moto.<\/p>\n\n\n\n<p><strong>IMPORTANTE<\/strong><\/p>\n\n\n\n<p>No momento de efetuar o pagamento, reservamos o modelo de moto desejado pelo cliente, por\u00e9m, caso haja algum motivo alheio a nossa gest\u00e3o em que a moto desejada n\u00e3o possa ser fornecida, procederemos ao fornecimento de um modelo similar. Havendo diverg\u00eancias de pre\u00e7o, proceder-se-\u00e1 ao respetivo reembolso ou cobran\u00e7a.<\/p>\n\n\n\n<p>Nosso hor\u00e1rio de funcionamento \u00e9 de segunda a sexta das 8h30 \u00e0s 13h e das 15h \u00e0s 17h30, todos os ve\u00edculos dever\u00e3o ser entregues em hor\u00e1rio comercial.<\/p>\n\n\n\n<h2 class=\"wp-block-heading\" id=\"h-faqs-peguntas-frequentes\"><a href=\"https:\/\/www.ericadventures.com\/cusco-peru-rentals\/faqs-motorcycle-rental.html\">Faqs &#8211; Peguntas Frequentes<\/a><\/h2>\n\n\n\n<h2 class=\"wp-block-heading\" id=\"h-formulario-de-contato\">formul\u00e1rio de contato<\/h2>\n\n\n\n<div class=\"wp-block-contact-form-7-contact-form-selector\">\n<div class=\"wpcf7 no-js\" id=\"wpcf7-f6172-o1\" lang=\"es-ES\" dir=\"ltr\" data-wpcf7-id=\"6172\">\n<div class=\"screen-reader-response\"><p role=\"status\" aria-live=\"polite\" aria-atomic=\"true\"><\/p> <ul><\/ul><\/div>\n<form action=\"\/pt-br\/wp-json\/wp\/v2\/pages\/23931#wpcf7-f6172-o1\" method=\"post\" class=\"wpcf7-form init\" aria-label=\"Formulario de contacto\" novalidate=\"novalidate\" data-status=\"init\">\n<fieldset class=\"hidden-fields-container\"><input type=\"hidden\" name=\"_wpcf7\" value=\"6172\" \/><input type=\"hidden\" name=\"_wpcf7_version\" value=\"6.1.5\" \/><input type=\"hidden\" name=\"_wpcf7_locale\" value=\"es_ES\" \/><input type=\"hidden\" name=\"_wpcf7_unit_tag\" value=\"wpcf7-f6172-o1\" \/><input type=\"hidden\" name=\"_wpcf7_container_post\" value=\"0\" \/><input type=\"hidden\" name=\"_wpcf7_posted_data_hash\" value=\"\" \/>\n<\/fieldset>\n<div class=\"wpcf7-turnstile cf-turnstile\" data-sitekey=\"0x4AAAAAACZ2CLxkDaDac8NW\" data-response-field-name=\"_wpcf7_turnstile_response\"><\/div>\n\n<div class=\"formt\">\n    <span class=\"textform\"> Para reservas ou mais informa\u00e7\u00f5es preencha o seguinte formul\u00e1rio de cliente\/convidado:  <\/span>\n    <input class=\"wpcf7-form-control wpcf7-hidden\" value=\"https:\/\/www.ericadventures.com\/pt-br\/wp-json\/wp\/v2\/pages\/23931\" type=\"hidden\" name=\"Url_Tour\" \/>\n    <input class=\"wpcf7-form-control wpcf7-hidden\" value=\"pt-br\" type=\"hidden\" name=\"Idioma\" \/>\n    <input class=\"wpcf7-form-control wpcf7-hidden\" value=\"30\/04\/2026 22:21:26\" type=\"hidden\" name=\"Fecha_Hora\" \/>\n    <input class=\"wpcf7-form-control wpcf7-hidden\" value=\"216.73.216.6\" type=\"hidden\" name=\"Ip\" \/>\n    <input class=\"wpcf7-form-control wpcf7-hidden\" value=\"Ktm 390 Adventure\" type=\"hidden\" name=\"Nombre_Tour\" \/>\n    <input class=\"wpcf7-form-control wpcf7-hidden\" value=\"1\" type=\"hidden\" name=\"enviar_excel\" \/>\n\n    <div class=\"g2\">\n        <div>\n            <label>Nome: <\/label>\n            <span class=\"wpcf7-form-control-wrap\" data-name=\"Nombre\"><input size=\"40\" maxlength=\"400\" class=\"wpcf7-form-control wpcf7-text wpcf7-validates-as-required\" aria-required=\"true\" aria-invalid=\"false\" value=\"\" type=\"text\" name=\"Nombre\" \/><\/span>\n        <\/div>\n        <div>\n            <label>E-mail: <\/label>\n            <span class=\"wpcf7-form-control-wrap\" data-name=\"Emails\"><input size=\"40\" maxlength=\"400\" class=\"wpcf7-form-control wpcf7-email wpcf7-validates-as-required wpcf7-text wpcf7-validates-as-email\" aria-required=\"true\" aria-invalid=\"false\" value=\"\" type=\"email\" name=\"Emails\" \/><\/span>\n        <\/div>\n    <\/div>\n    \n    <div class=\"g2\">\n        <div>\n            <label>Pa\u00eds: <\/label>\n            <span class=\"wpcf7-form-control-wrap\" data-name=\"Pais\"><input size=\"40\" maxlength=\"400\" class=\"wpcf7-form-control wpcf7-text\" aria-invalid=\"false\" value=\"\" type=\"text\" name=\"Pais\" \/><\/span>\n        <\/div>\n        <div>\n            <label>Telefone - Whatsapp: <\/label>\n            <span class=\"wpcf7-form-control-wrap\" data-name=\"Whatsapp\"><input size=\"40\" class=\"wpcf7-form-control wpcf7-phonetext wpcf7-text wpcf7-validates-as-phonetext\" aria-invalid=\"false\" value=\"\" type=\"text\" name=\"Whatsapp\" \/><input type=\"hidden\" name=\"Whatsapp-country-code\" class=\"wpcf7-phonetext-country-code\" \/><\/span>\n        <\/div>\n    <\/div>\n    \n    <div class=\"g2\">\n        <div>\n            <label>N\u00famero de adultos: <\/label>\n            <span class=\"wpcf7-form-control-wrap\" data-name=\"Adultos\"><select class=\"wpcf7-form-control wpcf7-select wpcf7-validates-as-required\" aria-required=\"true\" aria-invalid=\"false\" name=\"Adultos\"><option value=\"1\">1<\/option><option value=\"2\">2<\/option><option value=\"3\">3<\/option><option value=\"4\">4<\/option><option value=\"5\">5<\/option><option value=\"6\">6<\/option><option value=\"7\">7<\/option><option value=\"8\">8<\/option><option value=\"9\">9<\/option><option value=\"10\">10<\/option><option value=\"11\">11<\/option><option value=\"12 para mais\">12 para mais<\/option><\/select><\/span>\n        <\/div>\n        <div>\n            <label>N\u00famero de crian\u00e7as: <\/label>\n            <span class=\"wpcf7-form-control-wrap\" data-name=\"Ninos\"><select class=\"wpcf7-form-control wpcf7-select wpcf7-validates-as-required\" aria-required=\"true\" aria-invalid=\"false\" name=\"Ninos\"><option value=\"0\">0<\/option><option value=\"1\">1<\/option><option value=\"2\">2<\/option><option value=\"3\">3<\/option><option value=\"4\">4<\/option><option value=\"5\">5<\/option><option value=\"6\">6<\/option><option value=\"7\">7<\/option><option value=\"8\">8<\/option><option value=\"9\">9<\/option><option value=\"10\">10<\/option><option value=\"11\">11<\/option><option value=\"12 para mais\">12 para mais<\/option><\/select><\/span>\n        <\/div>\n    <\/div>\n    \n    <div class=\"g2\">\n        <div>\n            <label>Data de in\u00edcio do passeio: <\/label>\n            <span class=\"wpcf7-form-control-wrap\" data-name=\"Inicio\"><input class=\"wpcf7-form-control wpcf7-date wpcf7-validates-as-required wpcf7-validates-as-date\" id=\"inicio\" min=\"2026-04-30\" aria-required=\"true\" aria-invalid=\"false\" value=\"\" type=\"date\" name=\"Inicio\" \/><\/span>\n        <\/div>\n        <div>\n            <label>Data de t\u00e9rmino da excurs\u00e3o: <\/label>\n            <span class=\"wpcf7-form-control-wrap\" data-name=\"Final\"><input class=\"wpcf7-form-control wpcf7-date wpcf7-validates-as-required wpcf7-validates-as-date\" id=\"final\" min=\"2026-04-30\" aria-required=\"true\" aria-invalid=\"false\" value=\"\" type=\"date\" name=\"Final\" \/><\/span>\n        <\/div>\n    <\/div>\n    \n    <div>\n        <label>Coment\u00e1rios ou perguntas: <\/label>\n        <span class=\"wpcf7-form-control-wrap\" data-name=\"Mensaje\"><textarea cols=\"40\" rows=\"10\" maxlength=\"2000\" class=\"wpcf7-form-control wpcf7-textarea wpcf7-validates-as-required\" aria-required=\"true\" aria-invalid=\"false\" placeholder=\"Por favor especifique o tipo de SERVI\u00c7O\/TOUR que pretende realizar\" name=\"Mensaje\"><\/textarea><\/span>\n    <\/div>\n    \n    <input class=\"wpcf7-form-control wpcf7-submit has-spinner btnsend\" type=\"submit\" value=\"ENVIAR MENSAGEM\" \/>\n<\/div><div class=\"wpcf7-response-output\" aria-hidden=\"true\"><\/div>\n<\/form>\n<\/div>\n<\/div>\n","protected":false},"excerpt":{"rendered":"<p>Nota: Nossos pre\u00e7os podem variar de acordo com a disponibilidade e a temporada. Detalhes da motocicleta: OS PRE\u00c7OS INCLUEM: OS [&hellip;]<\/p>\n","protected":false},"author":3,"featured_media":23926,"parent":1489,"menu_order":0,"comment_status":"closed","ping_status":"closed","template":"page-rental-moto.php","meta":{"_acf_changed":false,"advgb_blocks_editor_width":"","advgb_blocks_columns_visual_guide":"","footnotes":""},"class_list":["post-23931","page","type-page","status-publish","has-post-thumbnail","hentry"],"acf":[],"yoast_head":"<!-- This site is optimized with the Yoast SEO Premium plugin v25.4 (Yoast SEO v26.9) - https:\/\/yoast.com\/product\/yoast-seo-premium-wordpress\/ -->\n<title>aluguel Honda Ktm 390 Aluguel Cusco Peru<\/title>\n<meta name=\"description\" content=\"Ktm 390 Adventure, uma motocicleta todo-o-terreno. Voc\u00ea pode viajar de 1 dia a 1 m\u00eas e conhecer todo o Peru...\" \/>\n<meta name=\"robots\" content=\"index, follow, max-snippet:-1, max-image-preview:large, max-video-preview:-1\" \/>\n<link rel=\"canonical\" href=\"https:\/\/www.ericadventures.com\/pt-br\/aluguel-motos-cusco\/ktm-390cc\/\" \/>\n<meta property=\"og:locale\" content=\"pt_BR\" \/>\n<meta property=\"og:type\" content=\"article\" \/>\n<meta property=\"og:title\" content=\"Ktm 390 Adventure\" \/>\n<meta property=\"og:description\" content=\"Ktm 390 Adventure, uma motocicleta todo-o-terreno. Voc\u00ea pode viajar de 1 dia a 1 m\u00eas e conhecer todo o Peru...\" \/>\n<meta property=\"og:url\" content=\"https:\/\/www.ericadventures.com\/pt-br\/aluguel-motos-cusco\/ktm-390cc\/\" \/>\n<meta property=\"og:site_name\" content=\"Eric Adventures\" \/>\n<meta property=\"article:modified_time\" content=\"2026-03-27T18:22:33+00:00\" \/>\n<meta property=\"og:image\" content=\"https:\/\/www.ericadventures.com\/wp-content\/uploads\/ktm-390cc.jpg\" \/>\n\t<meta property=\"og:image:width\" content=\"608\" \/>\n\t<meta property=\"og:image:height\" content=\"405\" \/>\n\t<meta property=\"og:image:type\" content=\"image\/jpeg\" \/>\n<meta name=\"twitter:card\" content=\"summary_large_image\" \/>\n<meta name=\"twitter:label1\" content=\"Est. tempo de leitura\" \/>\n\t<meta name=\"twitter:data1\" content=\"4 minutos\" \/>\n<script type=\"application\/ld+json\" class=\"yoast-schema-graph\">{\"@context\":\"https:\/\/schema.org\",\"@graph\":[{\"@type\":\"WebPage\",\"@id\":\"https:\/\/www.ericadventures.com\/pt-br\/aluguel-motos-cusco\/ktm-390cc\/\",\"url\":\"https:\/\/www.ericadventures.com\/pt-br\/aluguel-motos-cusco\/ktm-390cc\/\",\"name\":\"aluguel Honda Ktm 390 Aluguel Cusco Peru\",\"isPartOf\":{\"@id\":\"https:\/\/www.ericadventures.com\/en\/#website\"},\"primaryImageOfPage\":{\"@id\":\"https:\/\/www.ericadventures.com\/pt-br\/aluguel-motos-cusco\/ktm-390cc\/#primaryimage\"},\"image\":{\"@id\":\"https:\/\/www.ericadventures.com\/pt-br\/aluguel-motos-cusco\/ktm-390cc\/#primaryimage\"},\"thumbnailUrl\":\"https:\/\/www.ericadventures.com\/wp-content\/uploads\/ktm-390cc.jpg\",\"datePublished\":\"2024-07-06T17:17:02+00:00\",\"dateModified\":\"2026-03-27T18:22:33+00:00\",\"description\":\"Ktm 390 Adventure, uma motocicleta todo-o-terreno. Voc\u00ea pode viajar de 1 dia a 1 m\u00eas e conhecer todo o Peru...\",\"breadcrumb\":{\"@id\":\"https:\/\/www.ericadventures.com\/pt-br\/aluguel-motos-cusco\/ktm-390cc\/#breadcrumb\"},\"inLanguage\":\"pt-BR\",\"potentialAction\":[{\"@type\":\"ReadAction\",\"target\":[\"https:\/\/www.ericadventures.com\/pt-br\/aluguel-motos-cusco\/ktm-390cc\/\"]}]},{\"@type\":\"ImageObject\",\"inLanguage\":\"pt-BR\",\"@id\":\"https:\/\/www.ericadventures.com\/pt-br\/aluguel-motos-cusco\/ktm-390cc\/#primaryimage\",\"url\":\"https:\/\/www.ericadventures.com\/wp-content\/uploads\/ktm-390cc.jpg\",\"contentUrl\":\"https:\/\/www.ericadventures.com\/wp-content\/uploads\/ktm-390cc.jpg\",\"width\":608,\"height\":405,\"caption\":\"Ktm 390 Adventure\"},{\"@type\":\"BreadcrumbList\",\"@id\":\"https:\/\/www.ericadventures.com\/pt-br\/aluguel-motos-cusco\/ktm-390cc\/#breadcrumb\",\"itemListElement\":[{\"@type\":\"ListItem\",\"position\":1,\"name\":\"Home\",\"item\":\"https:\/\/www.ericadventures.com\/pt-br\/\"},{\"@type\":\"ListItem\",\"position\":2,\"name\":\"Aluguel De Motos Em Cusco\",\"item\":\"https:\/\/www.ericadventures.com\/pt-br\/aluguel-motos-cusco\/\"},{\"@type\":\"ListItem\",\"position\":3,\"name\":\"Ktm 390 Adventure\"}]},{\"@type\":\"WebSite\",\"@id\":\"https:\/\/www.ericadventures.com\/en\/#website\",\"url\":\"https:\/\/www.ericadventures.com\/en\/\",\"name\":\"Eric Adventures\",\"description\":\"\",\"publisher\":{\"@id\":\"https:\/\/www.ericadventures.com\/en\/#organization\"},\"alternateName\":\"Eric Adventures\",\"potentialAction\":[{\"@type\":\"SearchAction\",\"target\":{\"@type\":\"EntryPoint\",\"urlTemplate\":\"https:\/\/www.ericadventures.com\/en\/?s={search_term_string}\"},\"query-input\":{\"@type\":\"PropertyValueSpecification\",\"valueRequired\":true,\"valueName\":\"search_term_string\"}}],\"inLanguage\":\"pt-BR\"},{\"@type\":\"Organization\",\"@id\":\"https:\/\/www.ericadventures.com\/en\/#organization\",\"name\":\"Eric Adventures\",\"url\":\"https:\/\/www.ericadventures.com\/en\/\",\"logo\":{\"@type\":\"ImageObject\",\"inLanguage\":\"pt-BR\",\"@id\":\"https:\/\/www.ericadventures.com\/en\/#\/schema\/logo\/image\/\",\"url\":\"https:\/\/www.ericadventures.com\/wp-content\/uploads\/logo-ericadventures.png\",\"contentUrl\":\"https:\/\/www.ericadventures.com\/wp-content\/uploads\/logo-ericadventures.png\",\"width\":500,\"height\":106,\"caption\":\"Eric Adventures\"},\"image\":{\"@id\":\"https:\/\/www.ericadventures.com\/en\/#\/schema\/logo\/image\/\"}}]}<\/script>\n<!-- \/ Yoast SEO Premium plugin. -->","yoast_head_json":{"title":"aluguel Honda Ktm 390 Aluguel Cusco Peru","description":"Ktm 390 Adventure, uma motocicleta todo-o-terreno. Voc\u00ea pode viajar de 1 dia a 1 m\u00eas e conhecer todo o Peru...","robots":{"index":"index","follow":"follow","max-snippet":"max-snippet:-1","max-image-preview":"max-image-preview:large","max-video-preview":"max-video-preview:-1"},"canonical":"https:\/\/www.ericadventures.com\/pt-br\/aluguel-motos-cusco\/ktm-390cc\/","og_locale":"pt_BR","og_type":"article","og_title":"Ktm 390 Adventure","og_description":"Ktm 390 Adventure, uma motocicleta todo-o-terreno. Voc\u00ea pode viajar de 1 dia a 1 m\u00eas e conhecer todo o Peru...","og_url":"https:\/\/www.ericadventures.com\/pt-br\/aluguel-motos-cusco\/ktm-390cc\/","og_site_name":"Eric Adventures","article_modified_time":"2026-03-27T18:22:33+00:00","og_image":[{"width":608,"height":405,"url":"https:\/\/www.ericadventures.com\/wp-content\/uploads\/ktm-390cc.jpg","type":"image\/jpeg"}],"twitter_card":"summary_large_image","twitter_misc":{"Est. tempo de leitura":"4 minutos"},"schema":{"@context":"https:\/\/schema.org","@graph":[{"@type":"WebPage","@id":"https:\/\/www.ericadventures.com\/pt-br\/aluguel-motos-cusco\/ktm-390cc\/","url":"https:\/\/www.ericadventures.com\/pt-br\/aluguel-motos-cusco\/ktm-390cc\/","name":"aluguel Honda Ktm 390 Aluguel Cusco Peru","isPartOf":{"@id":"https:\/\/www.ericadventures.com\/en\/#website"},"primaryImageOfPage":{"@id":"https:\/\/www.ericadventures.com\/pt-br\/aluguel-motos-cusco\/ktm-390cc\/#primaryimage"},"image":{"@id":"https:\/\/www.ericadventures.com\/pt-br\/aluguel-motos-cusco\/ktm-390cc\/#primaryimage"},"thumbnailUrl":"https:\/\/www.ericadventures.com\/wp-content\/uploads\/ktm-390cc.jpg","datePublished":"2024-07-06T17:17:02+00:00","dateModified":"2026-03-27T18:22:33+00:00","description":"Ktm 390 Adventure, uma motocicleta todo-o-terreno. Voc\u00ea pode viajar de 1 dia a 1 m\u00eas e conhecer todo o Peru...","breadcrumb":{"@id":"https:\/\/www.ericadventures.com\/pt-br\/aluguel-motos-cusco\/ktm-390cc\/#breadcrumb"},"inLanguage":"pt-BR","potentialAction":[{"@type":"ReadAction","target":["https:\/\/www.ericadventures.com\/pt-br\/aluguel-motos-cusco\/ktm-390cc\/"]}]},{"@type":"ImageObject","inLanguage":"pt-BR","@id":"https:\/\/www.ericadventures.com\/pt-br\/aluguel-motos-cusco\/ktm-390cc\/#primaryimage","url":"https:\/\/www.ericadventures.com\/wp-content\/uploads\/ktm-390cc.jpg","contentUrl":"https:\/\/www.ericadventures.com\/wp-content\/uploads\/ktm-390cc.jpg","width":608,"height":405,"caption":"Ktm 390 Adventure"},{"@type":"BreadcrumbList","@id":"https:\/\/www.ericadventures.com\/pt-br\/aluguel-motos-cusco\/ktm-390cc\/#breadcrumb","itemListElement":[{"@type":"ListItem","position":1,"name":"Home","item":"https:\/\/www.ericadventures.com\/pt-br\/"},{"@type":"ListItem","position":2,"name":"Aluguel De Motos Em Cusco","item":"https:\/\/www.ericadventures.com\/pt-br\/aluguel-motos-cusco\/"},{"@type":"ListItem","position":3,"name":"Ktm 390 Adventure"}]},{"@type":"WebSite","@id":"https:\/\/www.ericadventures.com\/en\/#website","url":"https:\/\/www.ericadventures.com\/en\/","name":"Eric Adventures","description":"","publisher":{"@id":"https:\/\/www.ericadventures.com\/en\/#organization"},"alternateName":"Eric Adventures","potentialAction":[{"@type":"SearchAction","target":{"@type":"EntryPoint","urlTemplate":"https:\/\/www.ericadventures.com\/en\/?s={search_term_string}"},"query-input":{"@type":"PropertyValueSpecification","valueRequired":true,"valueName":"search_term_string"}}],"inLanguage":"pt-BR"},{"@type":"Organization","@id":"https:\/\/www.ericadventures.com\/en\/#organization","name":"Eric Adventures","url":"https:\/\/www.ericadventures.com\/en\/","logo":{"@type":"ImageObject","inLanguage":"pt-BR","@id":"https:\/\/www.ericadventures.com\/en\/#\/schema\/logo\/image\/","url":"https:\/\/www.ericadventures.com\/wp-content\/uploads\/logo-ericadventures.png","contentUrl":"https:\/\/www.ericadventures.com\/wp-content\/uploads\/logo-ericadventures.png","width":500,"height":106,"caption":"Eric Adventures"},"image":{"@id":"https:\/\/www.ericadventures.com\/en\/#\/schema\/logo\/image\/"}}]}},"coauthors":[],"author_meta":{"author_link":"https:\/\/www.ericadventures.com\/pt-br\/author\/joaco\/","display_name":"Joaqu\u00edn Arenas Hermoza"},"relative_dates":{"created":"Publicado 2 anos atr\u00e1s","modified":"Atualizado 1 m\u00eas atr\u00e1s"},"absolute_dates":{"created":"Publicado em julho 6, 2024","modified":"Atualizado em mar\u00e7o 27, 2026"},"absolute_dates_time":{"created":"Publicado em julho 6, 2024 12:17 pm","modified":"Atualizado em mar\u00e7o 27, 2026 1:22 pm"},"featured_img_caption":"","featured_img":"https:\/\/www.ericadventures.com\/wp-content\/uploads\/ktm-390cc.jpg","series_order":"","_links":{"self":[{"href":"https:\/\/www.ericadventures.com\/pt-br\/wp-json\/wp\/v2\/pages\/23931","targetHints":{"allow":["GET"]}}],"collection":[{"href":"https:\/\/www.ericadventures.com\/pt-br\/wp-json\/wp\/v2\/pages"}],"about":[{"href":"https:\/\/www.ericadventures.com\/pt-br\/wp-json\/wp\/v2\/types\/page"}],"author":[{"embeddable":true,"href":"https:\/\/www.ericadventures.com\/pt-br\/wp-json\/wp\/v2\/users\/3"}],"replies":[{"embeddable":true,"href":"https:\/\/www.ericadventures.com\/pt-br\/wp-json\/wp\/v2\/comments?post=23931"}],"version-history":[{"count":7,"href":"https:\/\/www.ericadventures.com\/pt-br\/wp-json\/wp\/v2\/pages\/23931\/revisions"}],"predecessor-version":[{"id":46383,"href":"https:\/\/www.ericadventures.com\/pt-br\/wp-json\/wp\/v2\/pages\/23931\/revisions\/46383"}],"up":[{"embeddable":true,"href":"https:\/\/www.ericadventures.com\/pt-br\/wp-json\/wp\/v2\/pages\/1489"}],"wp:featuredmedia":[{"embeddable":true,"href":"https:\/\/www.ericadventures.com\/pt-br\/wp-json\/wp\/v2\/media\/23926"}],"wp:attachment":[{"href":"https:\/\/www.ericadventures.com\/pt-br\/wp-json\/wp\/v2\/media?parent=23931"}],"curies":[{"name":"wp","href":"https:\/\/api.w.org\/{rel}","templated":true}]}}