{"id":35790,"date":"2025-04-21T13:21:25","date_gmt":"2025-04-21T18:21:25","guid":{"rendered":"https:\/\/www.ericadventures.com\/eric-awards\/"},"modified":"2025-04-21T13:51:25","modified_gmt":"2025-04-21T18:51:25","slug":"eric-awards","status":"publish","type":"page","link":"https:\/\/www.ericadventures.com\/pt-br\/eric-awards\/","title":{"rendered":"PR\u00caMIOS ERIC"},"content":{"rendered":"\n<p>ERIC ARENAS (NUESTRO DIRETOR) EM UM DOCUMENT\u00c1RIO DA NATIONAL GEOGRAPHIC<\/p>\n\n\n\n<figure class=\"wp-block-embed is-type-video is-provider-youtube wp-block-embed-youtube wp-embed-aspect-16-9 wp-has-aspect-ratio\"><div class=\"wp-block-embed__wrapper\">\n<iframe loading=\"lazy\" title=\"The Search For The City Of Gold\" width=\"640\" height=\"360\" src=\"https:\/\/www.youtube.com\/embed\/SltyHO3bYQc?feature=oembed\" frameborder=\"0\" allow=\"accelerometer; autoplay; clipboard-write; encrypted-media; gyroscope; picture-in-picture; web-share\" referrerpolicy=\"strict-origin-when-cross-origin\" allowfullscreen><\/iframe>\n<\/div><\/figure>\n\n\n\n<p><\/p>\n\n\n\n<figure class=\"wp-block-embed is-type-video is-provider-youtube wp-block-embed-youtube wp-embed-aspect-4-3 wp-has-aspect-ratio\"><div class=\"wp-block-embed__wrapper\">\n<iframe loading=\"lazy\" title=\"Cusque\u00f1a Beer Advertizing\" width=\"640\" height=\"480\" src=\"https:\/\/www.youtube.com\/embed\/0J_-y1-U3Y8?feature=oembed\" frameborder=\"0\" allow=\"accelerometer; autoplay; clipboard-write; encrypted-media; gyroscope; picture-in-picture; web-share\" referrerpolicy=\"strict-origin-when-cross-origin\" allowfullscreen><\/iframe>\n<\/div><\/figure>\n\n\n\n<p><\/p>\n\n\n\n<figure class=\"wp-block-embed is-type-video is-provider-youtube wp-block-embed-youtube wp-embed-aspect-4-3 wp-has-aspect-ratio\"><div class=\"wp-block-embed__wrapper\">\n<iframe loading=\"lazy\" title=\"Eric Arenas \/ Eric Adventures Cusco\" width=\"640\" height=\"480\" src=\"https:\/\/www.youtube.com\/embed\/5Dc6aHc9ihs?feature=oembed\" frameborder=\"0\" allow=\"accelerometer; autoplay; clipboard-write; encrypted-media; gyroscope; picture-in-picture; web-share\" referrerpolicy=\"strict-origin-when-cross-origin\" allowfullscreen><\/iframe>\n<\/div><\/figure>\n\n\n\n<p><\/p>\n\n\n\n<p><\/p>\n\n\n\n<figure class=\"wp-block-gallery has-nested-images columns-default is-cropped wp-block-gallery-1 is-layout-flex wp-block-gallery-is-layout-flex\">\n<figure class=\"wp-block-image size-large\"><img loading=\"lazy\" decoding=\"async\" width=\"496\" height=\"1024\" data-id=\"35782\" src=\"https:\/\/www.ericadventures.com\/wp-content\/uploads\/olimpiadas-barcelona-92-496x1024.jpg\" alt=\"\" class=\"wp-image-35782\" srcset=\"https:\/\/www.ericadventures.com\/wp-content\/uploads\/olimpiadas-barcelona-92-496x1024.jpg 496w, https:\/\/www.ericadventures.com\/wp-content\/uploads\/olimpiadas-barcelona-92-145x300.jpg 145w, https:\/\/www.ericadventures.com\/wp-content\/uploads\/olimpiadas-barcelona-92-768x1587.jpg 768w, https:\/\/www.ericadventures.com\/wp-content\/uploads\/olimpiadas-barcelona-92-743x1536.jpg 743w, https:\/\/www.ericadventures.com\/wp-content\/uploads\/olimpiadas-barcelona-92-991x2048.jpg 991w, https:\/\/www.ericadventures.com\/wp-content\/uploads\/olimpiadas-barcelona-92.jpg 1152w\" sizes=\"auto, (max-width: 496px) 100vw, 496px\" \/><\/figure>\n<\/figure>\n\n\n\n<p><\/p>\n","protected":false},"excerpt":{"rendered":"<p>ERIC ARENAS (NUESTRO DIRETOR) EM UM DOCUMENT\u00c1RIO DA NATIONAL GEOGRAPHIC<\/p>\n","protected":false},"author":4,"featured_media":0,"parent":0,"menu_order":0,"comment_status":"closed","ping_status":"closed","template":"","meta":{"_acf_changed":false,"advgb_blocks_editor_width":"","advgb_blocks_columns_visual_guide":"","footnotes":""},"class_list":["post-35790","page","type-page","status-publish","hentry"],"acf":[],"yoast_head":"<!-- This site is optimized with the Yoast SEO Premium plugin v25.4 (Yoast SEO v26.9) - https:\/\/yoast.com\/product\/yoast-seo-premium-wordpress\/ -->\n<title>PR\u00caMIOS ERIC<\/title>\n<meta name=\"description\" content=\"Atribu\u00edmos nosso sucesso e a satisfa\u00e7\u00e3o dos clientes aos altos padr\u00f5es de desempenho e confiabilidade da equipe. Passeios de Aventura em Cusco e Passeios em Cusco, Peru, s\u00e3o nossa especialidade.\" \/>\n<meta name=\"robots\" content=\"index, follow, max-snippet:-1, max-image-preview:large, max-video-preview:-1\" \/>\n<link rel=\"canonical\" href=\"https:\/\/www.ericadventures.com\/en\/eric-awards\/\" \/>\n<meta property=\"og:locale\" content=\"pt_BR\" \/>\n<meta property=\"og:type\" content=\"article\" \/>\n<meta property=\"og:title\" content=\"PR\u00caMIOS ERIC\" \/>\n<meta property=\"og:description\" content=\"Atribu\u00edmos nosso sucesso e a satisfa\u00e7\u00e3o dos clientes aos altos padr\u00f5es de desempenho e confiabilidade da equipe. Passeios de Aventura em Cusco e Passeios em Cusco, Peru, s\u00e3o nossa especialidade.\" \/>\n<meta property=\"og:url\" content=\"https:\/\/www.ericadventures.com\/en\/eric-awards\/\" \/>\n<meta property=\"og:site_name\" content=\"Eric Adventures\" \/>\n<meta property=\"article:modified_time\" content=\"2025-04-21T18:51:25+00:00\" \/>\n<meta property=\"og:image\" content=\"https:\/\/www.ericadventures.com\/wp-content\/uploads\/olimpiadas-barcelona-92-496x1024.jpg\" \/>\n<meta name=\"twitter:card\" content=\"summary_large_image\" \/>\n<meta name=\"twitter:label1\" content=\"Est. tempo de leitura\" \/>\n\t<meta name=\"twitter:data1\" content=\"1 minuto\" \/>\n<script type=\"application\/ld+json\" class=\"yoast-schema-graph\">{\"@context\":\"https:\/\/schema.org\",\"@graph\":[{\"@type\":\"WebPage\",\"@id\":\"https:\/\/www.ericadventures.com\/en\/eric-awards\/\",\"url\":\"https:\/\/www.ericadventures.com\/en\/eric-awards\/\",\"name\":\"PR\u00caMIOS ERIC\",\"isPartOf\":{\"@id\":\"https:\/\/www.ericadventures.com\/en\/#website\"},\"primaryImageOfPage\":{\"@id\":\"https:\/\/www.ericadventures.com\/en\/eric-awards\/#primaryimage\"},\"image\":{\"@id\":\"https:\/\/www.ericadventures.com\/en\/eric-awards\/#primaryimage\"},\"thumbnailUrl\":\"https:\/\/www.ericadventures.com\/wp-content\/uploads\/olimpiadas-barcelona-92-496x1024.jpg\",\"datePublished\":\"2025-04-21T18:21:25+00:00\",\"dateModified\":\"2025-04-21T18:51:25+00:00\",\"description\":\"Atribu\u00edmos nosso sucesso e a satisfa\u00e7\u00e3o dos clientes aos altos padr\u00f5es de desempenho e confiabilidade da equipe. Passeios de Aventura em Cusco e Passeios em Cusco, Peru, s\u00e3o nossa especialidade.\",\"breadcrumb\":{\"@id\":\"https:\/\/www.ericadventures.com\/en\/eric-awards\/#breadcrumb\"},\"inLanguage\":\"pt-BR\",\"potentialAction\":[{\"@type\":\"ReadAction\",\"target\":[\"https:\/\/www.ericadventures.com\/en\/eric-awards\/\"]}]},{\"@type\":\"ImageObject\",\"inLanguage\":\"pt-BR\",\"@id\":\"https:\/\/www.ericadventures.com\/en\/eric-awards\/#primaryimage\",\"url\":\"https:\/\/www.ericadventures.com\/wp-content\/uploads\/olimpiadas-barcelona-92-496x1024.jpg\",\"contentUrl\":\"https:\/\/www.ericadventures.com\/wp-content\/uploads\/olimpiadas-barcelona-92-496x1024.jpg\"},{\"@type\":\"BreadcrumbList\",\"@id\":\"https:\/\/www.ericadventures.com\/en\/eric-awards\/#breadcrumb\",\"itemListElement\":[{\"@type\":\"ListItem\",\"position\":1,\"name\":\"Home\",\"item\":\"https:\/\/www.ericadventures.com\/pt-br\/\"},{\"@type\":\"ListItem\",\"position\":2,\"name\":\"PR\u00caMIOS ERIC\"}]},{\"@type\":\"WebSite\",\"@id\":\"https:\/\/www.ericadventures.com\/en\/#website\",\"url\":\"https:\/\/www.ericadventures.com\/en\/\",\"name\":\"Eric Adventures\",\"description\":\"\",\"publisher\":{\"@id\":\"https:\/\/www.ericadventures.com\/en\/#organization\"},\"alternateName\":\"Eric Adventures\",\"potentialAction\":[{\"@type\":\"SearchAction\",\"target\":{\"@type\":\"EntryPoint\",\"urlTemplate\":\"https:\/\/www.ericadventures.com\/en\/?s={search_term_string}\"},\"query-input\":{\"@type\":\"PropertyValueSpecification\",\"valueRequired\":true,\"valueName\":\"search_term_string\"}}],\"inLanguage\":\"pt-BR\"},{\"@type\":\"Organization\",\"@id\":\"https:\/\/www.ericadventures.com\/en\/#organization\",\"name\":\"Eric Adventures\",\"url\":\"https:\/\/www.ericadventures.com\/en\/\",\"logo\":{\"@type\":\"ImageObject\",\"inLanguage\":\"pt-BR\",\"@id\":\"https:\/\/www.ericadventures.com\/en\/#\/schema\/logo\/image\/\",\"url\":\"https:\/\/www.ericadventures.com\/wp-content\/uploads\/logo-ericadventures.png\",\"contentUrl\":\"https:\/\/www.ericadventures.com\/wp-content\/uploads\/logo-ericadventures.png\",\"width\":500,\"height\":106,\"caption\":\"Eric Adventures\"},\"image\":{\"@id\":\"https:\/\/www.ericadventures.com\/en\/#\/schema\/logo\/image\/\"}}]}<\/script>\n<!-- \/ Yoast SEO Premium plugin. -->","yoast_head_json":{"title":"PR\u00caMIOS ERIC","description":"Atribu\u00edmos nosso sucesso e a satisfa\u00e7\u00e3o dos clientes aos altos padr\u00f5es de desempenho e confiabilidade da equipe. Passeios de Aventura em Cusco e Passeios em Cusco, Peru, s\u00e3o nossa especialidade.","robots":{"index":"index","follow":"follow","max-snippet":"max-snippet:-1","max-image-preview":"max-image-preview:large","max-video-preview":"max-video-preview:-1"},"canonical":"https:\/\/www.ericadventures.com\/en\/eric-awards\/","og_locale":"pt_BR","og_type":"article","og_title":"PR\u00caMIOS ERIC","og_description":"Atribu\u00edmos nosso sucesso e a satisfa\u00e7\u00e3o dos clientes aos altos padr\u00f5es de desempenho e confiabilidade da equipe. Passeios de Aventura em Cusco e Passeios em Cusco, Peru, s\u00e3o nossa especialidade.","og_url":"https:\/\/www.ericadventures.com\/en\/eric-awards\/","og_site_name":"Eric Adventures","article_modified_time":"2025-04-21T18:51:25+00:00","og_image":[{"url":"https:\/\/www.ericadventures.com\/wp-content\/uploads\/olimpiadas-barcelona-92-496x1024.jpg","type":"","width":"","height":""}],"twitter_card":"summary_large_image","twitter_misc":{"Est. tempo de leitura":"1 minuto"},"schema":{"@context":"https:\/\/schema.org","@graph":[{"@type":"WebPage","@id":"https:\/\/www.ericadventures.com\/en\/eric-awards\/","url":"https:\/\/www.ericadventures.com\/en\/eric-awards\/","name":"PR\u00caMIOS ERIC","isPartOf":{"@id":"https:\/\/www.ericadventures.com\/en\/#website"},"primaryImageOfPage":{"@id":"https:\/\/www.ericadventures.com\/en\/eric-awards\/#primaryimage"},"image":{"@id":"https:\/\/www.ericadventures.com\/en\/eric-awards\/#primaryimage"},"thumbnailUrl":"https:\/\/www.ericadventures.com\/wp-content\/uploads\/olimpiadas-barcelona-92-496x1024.jpg","datePublished":"2025-04-21T18:21:25+00:00","dateModified":"2025-04-21T18:51:25+00:00","description":"Atribu\u00edmos nosso sucesso e a satisfa\u00e7\u00e3o dos clientes aos altos padr\u00f5es de desempenho e confiabilidade da equipe. Passeios de Aventura em Cusco e Passeios em Cusco, Peru, s\u00e3o nossa especialidade.","breadcrumb":{"@id":"https:\/\/www.ericadventures.com\/en\/eric-awards\/#breadcrumb"},"inLanguage":"pt-BR","potentialAction":[{"@type":"ReadAction","target":["https:\/\/www.ericadventures.com\/en\/eric-awards\/"]}]},{"@type":"ImageObject","inLanguage":"pt-BR","@id":"https:\/\/www.ericadventures.com\/en\/eric-awards\/#primaryimage","url":"https:\/\/www.ericadventures.com\/wp-content\/uploads\/olimpiadas-barcelona-92-496x1024.jpg","contentUrl":"https:\/\/www.ericadventures.com\/wp-content\/uploads\/olimpiadas-barcelona-92-496x1024.jpg"},{"@type":"BreadcrumbList","@id":"https:\/\/www.ericadventures.com\/en\/eric-awards\/#breadcrumb","itemListElement":[{"@type":"ListItem","position":1,"name":"Home","item":"https:\/\/www.ericadventures.com\/pt-br\/"},{"@type":"ListItem","position":2,"name":"PR\u00caMIOS ERIC"}]},{"@type":"WebSite","@id":"https:\/\/www.ericadventures.com\/en\/#website","url":"https:\/\/www.ericadventures.com\/en\/","name":"Eric Adventures","description":"","publisher":{"@id":"https:\/\/www.ericadventures.com\/en\/#organization"},"alternateName":"Eric Adventures","potentialAction":[{"@type":"SearchAction","target":{"@type":"EntryPoint","urlTemplate":"https:\/\/www.ericadventures.com\/en\/?s={search_term_string}"},"query-input":{"@type":"PropertyValueSpecification","valueRequired":true,"valueName":"search_term_string"}}],"inLanguage":"pt-BR"},{"@type":"Organization","@id":"https:\/\/www.ericadventures.com\/en\/#organization","name":"Eric Adventures","url":"https:\/\/www.ericadventures.com\/en\/","logo":{"@type":"ImageObject","inLanguage":"pt-BR","@id":"https:\/\/www.ericadventures.com\/en\/#\/schema\/logo\/image\/","url":"https:\/\/www.ericadventures.com\/wp-content\/uploads\/logo-ericadventures.png","contentUrl":"https:\/\/www.ericadventures.com\/wp-content\/uploads\/logo-ericadventures.png","width":500,"height":106,"caption":"Eric Adventures"},"image":{"@id":"https:\/\/www.ericadventures.com\/en\/#\/schema\/logo\/image\/"}}]}},"coauthors":[],"author_meta":{"author_link":"https:\/\/www.ericadventures.com\/pt-br\/author\/marilyn\/","display_name":"Marilyn Ayma Gomez"},"relative_dates":{"created":"Publicado 1 ano atr\u00e1s","modified":"Atualizado 1 ano atr\u00e1s"},"absolute_dates":{"created":"Publicado em abril 21, 2025","modified":"Atualizado em abril 21, 2025"},"absolute_dates_time":{"created":"Publicado em abril 21, 2025 1:21 pm","modified":"Atualizado em abril 21, 2025 1:51 pm"},"featured_img_caption":"","featured_img":false,"series_order":"","_links":{"self":[{"href":"https:\/\/www.ericadventures.com\/pt-br\/wp-json\/wp\/v2\/pages\/35790","targetHints":{"allow":["GET"]}}],"collection":[{"href":"https:\/\/www.ericadventures.com\/pt-br\/wp-json\/wp\/v2\/pages"}],"about":[{"href":"https:\/\/www.ericadventures.com\/pt-br\/wp-json\/wp\/v2\/types\/page"}],"author":[{"embeddable":true,"href":"https:\/\/www.ericadventures.com\/pt-br\/wp-json\/wp\/v2\/users\/4"}],"replies":[{"embeddable":true,"href":"https:\/\/www.ericadventures.com\/pt-br\/wp-json\/wp\/v2\/comments?post=35790"}],"version-history":[{"count":2,"href":"https:\/\/www.ericadventures.com\/pt-br\/wp-json\/wp\/v2\/pages\/35790\/revisions"}],"predecessor-version":[{"id":35804,"href":"https:\/\/www.ericadventures.com\/pt-br\/wp-json\/wp\/v2\/pages\/35790\/revisions\/35804"}],"wp:attachment":[{"href":"https:\/\/www.ericadventures.com\/pt-br\/wp-json\/wp\/v2\/media?parent=35790"}],"curies":[{"name":"wp","href":"https:\/\/api.w.org\/{rel}","templated":true}]}}