{"id":3591,"date":"2023-11-16T07:05:59","date_gmt":"2023-11-16T12:05:59","guid":{"rendered":"https:\/\/www.ericadventures.com\/bolivia\/tour-la-paz-night-folk-show\/"},"modified":"2025-11-20T10:48:20","modified_gmt":"2025-11-20T15:48:20","slug":"tour-bolivia-a-paz-noite","status":"publish","type":"page","link":"https:\/\/www.ericadventures.com\/pt-br\/bolivia\/tour-bolivia-a-paz-noite\/","title":{"rendered":"A Paz De Noite Com Dancas Folcloricas (4 Horas)"},"content":{"rendered":"<div class=\"wp-block-image\">\n<figure class=\"alignleft size-full is-resized\"><img loading=\"lazy\" decoding=\"async\" width=\"400\" height=\"176\" src=\"https:\/\/www.ericadventures.com\/wp-content\/uploads\/bolivia_tours_la_paz_night-1.jpg\" alt=\"\" class=\"wp-image-3772\" style=\"aspect-ratio:1.7777777777777777;object-fit:cover;width:416px;height:auto\" srcset=\"https:\/\/www.ericadventures.com\/wp-content\/uploads\/bolivia_tours_la_paz_night-1.jpg 400w, https:\/\/www.ericadventures.com\/wp-content\/uploads\/bolivia_tours_la_paz_night-1-300x132.jpg 300w\" sizes=\"auto, (max-width: 400px) 100vw, 400px\" \/><\/figure>\n<\/div>\n\n\n<p>A&nbsp;<strong>Bol\u00edvia<\/strong>&nbsp;\u00e9 um pa\u00eds localizado entre os Andes e a floresta, que nos d\u00e1 muitas possibilidades a explorar.<\/p>\n\n\n\n<p><\/p>\n\n\n\n<p><\/p>\n\n\n\n<p><\/p>\n\n\n\n<p><\/p>\n\n\n\n<h2 class=\"wp-block-heading\" id=\"h-itinerario\">Itiner\u00e1rio<\/h2>\n\n\n\n<p>Come\u00e7amos esta viagem em&nbsp;<strong>La Paz<\/strong>, 8., Para come\u00e7ar, n\u00f3s der\u012bga o espectador &#8220;a Montculo&#8221;, onde a aus\u00eancia de luz aproveitar a cidade para ver o fugases estrelas, ent\u00e3o vamos para as dan\u00e7as do Regin Andina uma variedade de ritmos e cores deslumbrantes, tamb\u00e9m podemos ver os artistas bolivianos tocando seus instrumentos nativos e para testar os pratos. Nosso guia estar\u00e1 explicando a hist\u00f3ria das dan\u00e7as e pratos tradicionais. <\/p>\n\n\n\n<h2 class=\"wp-block-heading\" id=\"h-incluido\">incluido<\/h2>\n\n\n\n<ul class=\"wp-block-list\">\n<li>Guia Profissional (Ingl\u00eas \/ Espanhol).<\/li>\n\n\n\n<li>Bilhetes de entrada.<\/li>\n\n\n\n<li>transportes.<\/li>\n\n\n\n<li>Jantar no restaurante de um resort<\/li>\n<\/ul>\n\n\n\n<h3 class=\"wp-block-heading\" id=\"h-no-incluido\">No incluido<\/h3>\n\n\n\n<ul class=\"wp-block-list\">\n<li>Gorjetas<\/li>\n\n\n\n<li>Bebidas<\/li>\n<\/ul>\n\n\n\n<h2 class=\"wp-block-heading\" id=\"h-precos-por-pessoa-em-dolares-americanos\">Pre\u00e7os(POR PESSOA EM D\u00d3LARES AMERICANOS)<\/h2>\n\n\n\n<p><strong>SERVI\u00c7O COMPARTILHADO<\/strong><\/p>\n\n\n\n<ul class=\"wp-block-list\">\n<li>Pre\u00e7o por pessoa: US$ 75<\/li>\n<\/ul>\n\n\n\n<p>*Pre\u00e7os de refer\u00eancia sujeitos \u00e0 disponibilidade e temporada.<\/p>\n\n\n\n<p><\/p>\n\n\n\n<h2 class=\"wp-block-heading\" id=\"h-mapa\">Mapa<\/h2>\n\n\n\n<figure class=\"wp-block-gallery has-nested-images columns-default wp-block-gallery-1 is-layout-flex wp-block-gallery-is-layout-flex\">\n<figure class=\"wp-block-image size-thumbnail\"><a href=\"https:\/\/www.ericadventures.com\/wp-content\/uploads\/mapa-folk-show.jpg\"><img loading=\"lazy\" decoding=\"async\" width=\"150\" height=\"150\" data-id=\"38585\" src=\"https:\/\/www.ericadventures.com\/wp-content\/uploads\/mapa-folk-show-150x150.jpg\" alt=\"Mapa do show folcl\u00f3rico, La Paz, Bol\u00edvia\" class=\"wp-image-38585\"\/><\/a><\/figure>\n<\/figure>\n\n\n\n<h2 class=\"wp-block-heading\" id=\"h-fotos\">Fotos<\/h2>\n\n\n\n<figure class=\"wp-block-gallery has-nested-images columns-5 is-cropped wp-block-gallery-2 is-layout-flex wp-block-gallery-is-layout-flex\">\n<figure class=\"wp-block-image size-large\"><a href=\"https:\/\/www.ericadventures.com\/wp-content\/uploads\/bolivia011.jpg\"><img loading=\"lazy\" decoding=\"async\" width=\"480\" height=\"345\" data-id=\"3779\" src=\"https:\/\/www.ericadventures.com\/wp-content\/uploads\/bolivia011.jpg\" alt=\"Show Folcl\u00f3rico Noturno, La Paz, Bol\u00edvia\" class=\"wp-image-3779\" srcset=\"https:\/\/www.ericadventures.com\/wp-content\/uploads\/bolivia011.jpg 480w, https:\/\/www.ericadventures.com\/wp-content\/uploads\/bolivia011-300x216.jpg 300w\" sizes=\"auto, (max-width: 480px) 100vw, 480px\" \/><\/a><\/figure>\n\n\n\n<figure class=\"wp-block-image size-large\"><a href=\"https:\/\/www.ericadventures.com\/wp-content\/uploads\/bolivia012.jpg\"><img loading=\"lazy\" decoding=\"async\" width=\"480\" height=\"346\" data-id=\"3784\" src=\"https:\/\/www.ericadventures.com\/wp-content\/uploads\/bolivia012.jpg\" alt=\"Show Folcl\u00f3rico Noturno, La Paz\" class=\"wp-image-3784\" srcset=\"https:\/\/www.ericadventures.com\/wp-content\/uploads\/bolivia012.jpg 480w, https:\/\/www.ericadventures.com\/wp-content\/uploads\/bolivia012-300x216.jpg 300w\" sizes=\"auto, (max-width: 480px) 100vw, 480px\" \/><\/a><\/figure>\n\n\n\n<figure class=\"wp-block-image size-large\"><a href=\"https:\/\/www.ericadventures.com\/wp-content\/uploads\/bolivia013.jpg\"><img loading=\"lazy\" decoding=\"async\" width=\"480\" height=\"314\" data-id=\"3795\" src=\"https:\/\/www.ericadventures.com\/wp-content\/uploads\/bolivia013.jpg\" alt=\"Show Folcl\u00f3rico Noturno, Bol\u00edvia\" class=\"wp-image-3795\" srcset=\"https:\/\/www.ericadventures.com\/wp-content\/uploads\/bolivia013.jpg 480w, https:\/\/www.ericadventures.com\/wp-content\/uploads\/bolivia013-300x196.jpg 300w\" sizes=\"auto, (max-width: 480px) 100vw, 480px\" \/><\/a><\/figure>\n\n\n\n<figure class=\"wp-block-image size-large\"><a href=\"https:\/\/www.ericadventures.com\/wp-content\/uploads\/bolivia014.jpg\"><img loading=\"lazy\" decoding=\"async\" width=\"480\" height=\"316\" data-id=\"3785\" src=\"https:\/\/www.ericadventures.com\/wp-content\/uploads\/bolivia014.jpg\" alt=\"Show Folcl\u00f3rico, La Paz, Bol\u00edvia\" class=\"wp-image-3785\" srcset=\"https:\/\/www.ericadventures.com\/wp-content\/uploads\/bolivia014.jpg 480w, https:\/\/www.ericadventures.com\/wp-content\/uploads\/bolivia014-300x198.jpg 300w\" sizes=\"auto, (max-width: 480px) 100vw, 480px\" \/><\/a><\/figure>\n\n\n\n<figure class=\"wp-block-image size-large\"><a href=\"https:\/\/www.ericadventures.com\/wp-content\/uploads\/bolivia015.jpg\"><img loading=\"lazy\" decoding=\"async\" width=\"480\" height=\"349\" data-id=\"3794\" src=\"https:\/\/www.ericadventures.com\/wp-content\/uploads\/bolivia015.jpg\" alt=\"La Paz - Bolivia\" class=\"wp-image-3794\" srcset=\"https:\/\/www.ericadventures.com\/wp-content\/uploads\/bolivia015.jpg 480w, https:\/\/www.ericadventures.com\/wp-content\/uploads\/bolivia015-300x218.jpg 300w\" sizes=\"auto, (max-width: 480px) 100vw, 480px\" \/><\/a><\/figure>\n<\/figure>\n\n\n\n<h2 class=\"wp-block-heading\" id=\"h-formulario-de-contato\">formul\u00e1rio de contato<\/h2>\n\n\n\n<div class=\"wp-block-contact-form-7-contact-form-selector\">\n<div class=\"wpcf7 no-js\" id=\"wpcf7-f6172-o1\" lang=\"es-ES\" dir=\"ltr\" data-wpcf7-id=\"6172\">\n<div class=\"screen-reader-response\"><p role=\"status\" aria-live=\"polite\" aria-atomic=\"true\"><\/p> <ul><\/ul><\/div>\n<form action=\"\/pt-br\/wp-json\/wp\/v2\/pages\/3591#wpcf7-f6172-o1\" method=\"post\" class=\"wpcf7-form init\" aria-label=\"Formulario de contacto\" novalidate=\"novalidate\" data-status=\"init\">\n<fieldset class=\"hidden-fields-container\"><input type=\"hidden\" name=\"_wpcf7\" value=\"6172\" \/><input type=\"hidden\" name=\"_wpcf7_version\" value=\"6.1.5\" \/><input type=\"hidden\" name=\"_wpcf7_locale\" value=\"es_ES\" \/><input type=\"hidden\" name=\"_wpcf7_unit_tag\" value=\"wpcf7-f6172-o1\" \/><input type=\"hidden\" name=\"_wpcf7_container_post\" value=\"0\" \/><input type=\"hidden\" name=\"_wpcf7_posted_data_hash\" value=\"\" \/>\n<\/fieldset>\n<div class=\"wpcf7-turnstile cf-turnstile\" data-sitekey=\"0x4AAAAAACZ2CLxkDaDac8NW\" data-response-field-name=\"_wpcf7_turnstile_response\"><\/div>\n\n<div class=\"formt\">\n    <span class=\"textform\"> Para reservas ou mais informa\u00e7\u00f5es preencha o seguinte formul\u00e1rio de cliente\/convidado:  <\/span>\n    <input class=\"wpcf7-form-control wpcf7-hidden\" value=\"https:\/\/www.ericadventures.com\/pt-br\/wp-json\/wp\/v2\/pages\/3591\" type=\"hidden\" name=\"Url_Tour\" \/>\n    <input class=\"wpcf7-form-control wpcf7-hidden\" value=\"pt-br\" type=\"hidden\" name=\"Idioma\" \/>\n    <input class=\"wpcf7-form-control wpcf7-hidden\" value=\"20\/04\/2026 11:04:13\" type=\"hidden\" name=\"Fecha_Hora\" \/>\n    <input class=\"wpcf7-form-control wpcf7-hidden\" value=\"216.73.216.61\" type=\"hidden\" name=\"Ip\" \/>\n    <input class=\"wpcf7-form-control wpcf7-hidden\" value=\"A Paz De Noite Com Dancas Folcloricas (4 Horas)\" type=\"hidden\" name=\"Nombre_Tour\" \/>\n    <input class=\"wpcf7-form-control wpcf7-hidden\" value=\"1\" type=\"hidden\" name=\"enviar_excel\" \/>\n\n    <div class=\"g2\">\n        <div>\n            <label>Nome: <\/label>\n            <span class=\"wpcf7-form-control-wrap\" data-name=\"Nombre\"><input size=\"40\" maxlength=\"400\" class=\"wpcf7-form-control wpcf7-text wpcf7-validates-as-required\" aria-required=\"true\" aria-invalid=\"false\" value=\"\" type=\"text\" name=\"Nombre\" \/><\/span>\n        <\/div>\n        <div>\n            <label>E-mail: <\/label>\n            <span class=\"wpcf7-form-control-wrap\" data-name=\"Emails\"><input size=\"40\" maxlength=\"400\" class=\"wpcf7-form-control wpcf7-email wpcf7-validates-as-required wpcf7-text wpcf7-validates-as-email\" aria-required=\"true\" aria-invalid=\"false\" value=\"\" type=\"email\" name=\"Emails\" \/><\/span>\n        <\/div>\n    <\/div>\n    \n    <div class=\"g2\">\n        <div>\n            <label>Pa\u00eds: <\/label>\n            <span class=\"wpcf7-form-control-wrap\" data-name=\"Pais\"><input size=\"40\" maxlength=\"400\" class=\"wpcf7-form-control wpcf7-text\" aria-invalid=\"false\" value=\"\" type=\"text\" name=\"Pais\" \/><\/span>\n        <\/div>\n        <div>\n            <label>Telefone - Whatsapp: <\/label>\n            <span class=\"wpcf7-form-control-wrap\" data-name=\"Whatsapp\"><input size=\"40\" class=\"wpcf7-form-control wpcf7-phonetext wpcf7-text wpcf7-validates-as-phonetext\" aria-invalid=\"false\" value=\"\" type=\"text\" name=\"Whatsapp\" \/><input type=\"hidden\" name=\"Whatsapp-country-code\" class=\"wpcf7-phonetext-country-code\" \/><\/span>\n        <\/div>\n    <\/div>\n    \n    <div class=\"g2\">\n        <div>\n            <label>N\u00famero de adultos: <\/label>\n            <span class=\"wpcf7-form-control-wrap\" data-name=\"Adultos\"><select class=\"wpcf7-form-control wpcf7-select wpcf7-validates-as-required\" aria-required=\"true\" aria-invalid=\"false\" name=\"Adultos\"><option value=\"1\">1<\/option><option value=\"2\">2<\/option><option value=\"3\">3<\/option><option value=\"4\">4<\/option><option value=\"5\">5<\/option><option value=\"6\">6<\/option><option value=\"7\">7<\/option><option value=\"8\">8<\/option><option value=\"9\">9<\/option><option value=\"10\">10<\/option><option value=\"11\">11<\/option><option value=\"12 para mais\">12 para mais<\/option><\/select><\/span>\n        <\/div>\n        <div>\n            <label>N\u00famero de crian\u00e7as: <\/label>\n            <span class=\"wpcf7-form-control-wrap\" data-name=\"Ninos\"><select class=\"wpcf7-form-control wpcf7-select wpcf7-validates-as-required\" aria-required=\"true\" aria-invalid=\"false\" name=\"Ninos\"><option value=\"0\">0<\/option><option value=\"1\">1<\/option><option value=\"2\">2<\/option><option value=\"3\">3<\/option><option value=\"4\">4<\/option><option value=\"5\">5<\/option><option value=\"6\">6<\/option><option value=\"7\">7<\/option><option value=\"8\">8<\/option><option value=\"9\">9<\/option><option value=\"10\">10<\/option><option value=\"11\">11<\/option><option value=\"12 para mais\">12 para mais<\/option><\/select><\/span>\n        <\/div>\n    <\/div>\n    \n    <div class=\"g2\">\n        <div>\n            <label>Data de in\u00edcio do passeio: <\/label>\n            <span class=\"wpcf7-form-control-wrap\" data-name=\"Inicio\"><input class=\"wpcf7-form-control wpcf7-date wpcf7-validates-as-required wpcf7-validates-as-date\" id=\"inicio\" min=\"2026-04-20\" aria-required=\"true\" aria-invalid=\"false\" value=\"\" type=\"date\" name=\"Inicio\" \/><\/span>\n        <\/div>\n        <div>\n            <label>Data de t\u00e9rmino da excurs\u00e3o: <\/label>\n            <span class=\"wpcf7-form-control-wrap\" data-name=\"Final\"><input class=\"wpcf7-form-control wpcf7-date wpcf7-validates-as-required wpcf7-validates-as-date\" id=\"final\" min=\"2026-04-20\" aria-required=\"true\" aria-invalid=\"false\" value=\"\" type=\"date\" name=\"Final\" \/><\/span>\n        <\/div>\n    <\/div>\n    \n    <div>\n        <label>Coment\u00e1rios ou perguntas: <\/label>\n        <span class=\"wpcf7-form-control-wrap\" data-name=\"Mensaje\"><textarea cols=\"40\" rows=\"10\" maxlength=\"2000\" class=\"wpcf7-form-control wpcf7-textarea wpcf7-validates-as-required\" aria-required=\"true\" aria-invalid=\"false\" placeholder=\"Por favor especifique o tipo de SERVI\u00c7O\/TOUR que pretende realizar\" name=\"Mensaje\"><\/textarea><\/span>\n    <\/div>\n    \n    <input class=\"wpcf7-form-control wpcf7-submit has-spinner btnsend\" type=\"submit\" value=\"ENVIAR MENSAGEM\" \/>\n<\/div><div class=\"wpcf7-response-output\" aria-hidden=\"true\"><\/div>\n<\/form>\n<\/div>\n<\/div>\n","protected":false},"excerpt":{"rendered":"<p>A&nbsp;Bol\u00edvia&nbsp;\u00e9 um pa\u00eds localizado entre os Andes e a floresta, que nos d\u00e1 muitas possibilidades a explorar. Itiner\u00e1rio Come\u00e7amos esta [&hellip;]<\/p>\n","protected":false},"author":1,"featured_media":3801,"parent":211,"menu_order":0,"comment_status":"closed","ping_status":"closed","template":"page-tour.php","meta":{"_acf_changed":false,"advgb_blocks_editor_width":"","advgb_blocks_columns_visual_guide":"","footnotes":""},"class_list":["post-3591","page","type-page","status-publish","has-post-thumbnail","hentry"],"acf":[],"yoast_head":"<!-- This site is optimized with the Yoast SEO Premium plugin v25.4 (Yoast SEO v26.9) - https:\/\/yoast.com\/product\/yoast-seo-premium-wordpress\/ -->\n<title>La Paz At Night Folk Show And Dinner 4 Hours<\/title>\n<meta name=\"description\" content=\"Nossas extens\u00f5es para a Bol\u00edvia oferecem a op\u00e7\u00e3o de visitar La Paz \u00e0 noite, desfrutar de um show folcl\u00f3rico e saborear uma deliciosa comida.\" \/>\n<meta name=\"robots\" content=\"index, follow, max-snippet:-1, max-image-preview:large, max-video-preview:-1\" \/>\n<link rel=\"canonical\" href=\"https:\/\/www.ericadventures.com\/pt-br\/bolivia\/tour-bolivia-a-paz-noite\/\" \/>\n<meta property=\"og:locale\" content=\"pt_BR\" \/>\n<meta property=\"og:type\" content=\"article\" \/>\n<meta property=\"og:title\" content=\"A Paz De Noite Com Dancas Folcloricas (4 Horas)\" \/>\n<meta property=\"og:description\" content=\"Nossas extens\u00f5es para a Bol\u00edvia oferecem a op\u00e7\u00e3o de visitar La Paz \u00e0 noite, desfrutar de um show folcl\u00f3rico e saborear uma deliciosa comida.\" \/>\n<meta property=\"og:url\" content=\"https:\/\/www.ericadventures.com\/pt-br\/bolivia\/tour-bolivia-a-paz-noite\/\" \/>\n<meta property=\"og:site_name\" content=\"Eric Adventures\" \/>\n<meta property=\"article:modified_time\" content=\"2025-11-20T15:48:20+00:00\" \/>\n<meta property=\"og:image\" content=\"https:\/\/www.ericadventures.com\/wp-content\/uploads\/bolivia015.jpg\" \/>\n\t<meta property=\"og:image:width\" content=\"480\" \/>\n\t<meta property=\"og:image:height\" content=\"349\" \/>\n\t<meta property=\"og:image:type\" content=\"image\/jpeg\" \/>\n<meta name=\"twitter:card\" content=\"summary_large_image\" \/>\n<meta name=\"twitter:label1\" content=\"Est. tempo de leitura\" \/>\n\t<meta name=\"twitter:data1\" content=\"3 minutos\" \/>\n<script type=\"application\/ld+json\" class=\"yoast-schema-graph\">{\"@context\":\"https:\/\/schema.org\",\"@graph\":[{\"@type\":\"WebPage\",\"@id\":\"https:\/\/www.ericadventures.com\/pt-br\/bolivia\/tour-bolivia-a-paz-noite\/\",\"url\":\"https:\/\/www.ericadventures.com\/pt-br\/bolivia\/tour-bolivia-a-paz-noite\/\",\"name\":\"La Paz At Night Folk Show And Dinner 4 Hours\",\"isPartOf\":{\"@id\":\"https:\/\/www.ericadventures.com\/en\/#website\"},\"primaryImageOfPage\":{\"@id\":\"https:\/\/www.ericadventures.com\/pt-br\/bolivia\/tour-bolivia-a-paz-noite\/#primaryimage\"},\"image\":{\"@id\":\"https:\/\/www.ericadventures.com\/pt-br\/bolivia\/tour-bolivia-a-paz-noite\/#primaryimage\"},\"thumbnailUrl\":\"https:\/\/www.ericadventures.com\/wp-content\/uploads\/bolivia015.jpg\",\"datePublished\":\"2023-11-16T12:05:59+00:00\",\"dateModified\":\"2025-11-20T15:48:20+00:00\",\"description\":\"Nossas extens\u00f5es para a Bol\u00edvia oferecem a op\u00e7\u00e3o de visitar La Paz \u00e0 noite, desfrutar de um show folcl\u00f3rico e saborear uma deliciosa comida.\",\"breadcrumb\":{\"@id\":\"https:\/\/www.ericadventures.com\/pt-br\/bolivia\/tour-bolivia-a-paz-noite\/#breadcrumb\"},\"inLanguage\":\"pt-BR\",\"potentialAction\":[{\"@type\":\"ReadAction\",\"target\":[\"https:\/\/www.ericadventures.com\/pt-br\/bolivia\/tour-bolivia-a-paz-noite\/\"]}]},{\"@type\":\"ImageObject\",\"inLanguage\":\"pt-BR\",\"@id\":\"https:\/\/www.ericadventures.com\/pt-br\/bolivia\/tour-bolivia-a-paz-noite\/#primaryimage\",\"url\":\"https:\/\/www.ericadventures.com\/wp-content\/uploads\/bolivia015.jpg\",\"contentUrl\":\"https:\/\/www.ericadventures.com\/wp-content\/uploads\/bolivia015.jpg\",\"width\":480,\"height\":349,\"caption\":\"bolivia015\"},{\"@type\":\"BreadcrumbList\",\"@id\":\"https:\/\/www.ericadventures.com\/pt-br\/bolivia\/tour-bolivia-a-paz-noite\/#breadcrumb\",\"itemListElement\":[{\"@type\":\"ListItem\",\"position\":1,\"name\":\"Home\",\"item\":\"https:\/\/www.ericadventures.com\/pt-br\/\"},{\"@type\":\"ListItem\",\"position\":2,\"name\":\"Passeios Na Bol\u00edvia\",\"item\":\"https:\/\/www.ericadventures.com\/pt-br\/bolivia\/\"},{\"@type\":\"ListItem\",\"position\":3,\"name\":\"A Paz De Noite Com Dancas Folcloricas (4 Horas)\"}]},{\"@type\":\"WebSite\",\"@id\":\"https:\/\/www.ericadventures.com\/en\/#website\",\"url\":\"https:\/\/www.ericadventures.com\/en\/\",\"name\":\"Eric Adventures\",\"description\":\"\",\"publisher\":{\"@id\":\"https:\/\/www.ericadventures.com\/en\/#organization\"},\"alternateName\":\"Eric Adventures\",\"potentialAction\":[{\"@type\":\"SearchAction\",\"target\":{\"@type\":\"EntryPoint\",\"urlTemplate\":\"https:\/\/www.ericadventures.com\/en\/?s={search_term_string}\"},\"query-input\":{\"@type\":\"PropertyValueSpecification\",\"valueRequired\":true,\"valueName\":\"search_term_string\"}}],\"inLanguage\":\"pt-BR\"},{\"@type\":\"Organization\",\"@id\":\"https:\/\/www.ericadventures.com\/en\/#organization\",\"name\":\"Eric Adventures\",\"url\":\"https:\/\/www.ericadventures.com\/en\/\",\"logo\":{\"@type\":\"ImageObject\",\"inLanguage\":\"pt-BR\",\"@id\":\"https:\/\/www.ericadventures.com\/en\/#\/schema\/logo\/image\/\",\"url\":\"https:\/\/www.ericadventures.com\/wp-content\/uploads\/logo-ericadventures.png\",\"contentUrl\":\"https:\/\/www.ericadventures.com\/wp-content\/uploads\/logo-ericadventures.png\",\"width\":500,\"height\":106,\"caption\":\"Eric Adventures\"},\"image\":{\"@id\":\"https:\/\/www.ericadventures.com\/en\/#\/schema\/logo\/image\/\"}}]}<\/script>\n<!-- \/ Yoast SEO Premium plugin. -->","yoast_head_json":{"title":"La Paz At Night Folk Show And Dinner 4 Hours","description":"Nossas extens\u00f5es para a Bol\u00edvia oferecem a op\u00e7\u00e3o de visitar La Paz \u00e0 noite, desfrutar de um show folcl\u00f3rico e saborear uma deliciosa comida.","robots":{"index":"index","follow":"follow","max-snippet":"max-snippet:-1","max-image-preview":"max-image-preview:large","max-video-preview":"max-video-preview:-1"},"canonical":"https:\/\/www.ericadventures.com\/pt-br\/bolivia\/tour-bolivia-a-paz-noite\/","og_locale":"pt_BR","og_type":"article","og_title":"A Paz De Noite Com Dancas Folcloricas (4 Horas)","og_description":"Nossas extens\u00f5es para a Bol\u00edvia oferecem a op\u00e7\u00e3o de visitar La Paz \u00e0 noite, desfrutar de um show folcl\u00f3rico e saborear uma deliciosa comida.","og_url":"https:\/\/www.ericadventures.com\/pt-br\/bolivia\/tour-bolivia-a-paz-noite\/","og_site_name":"Eric Adventures","article_modified_time":"2025-11-20T15:48:20+00:00","og_image":[{"width":480,"height":349,"url":"https:\/\/www.ericadventures.com\/wp-content\/uploads\/bolivia015.jpg","type":"image\/jpeg"}],"twitter_card":"summary_large_image","twitter_misc":{"Est. tempo de leitura":"3 minutos"},"schema":{"@context":"https:\/\/schema.org","@graph":[{"@type":"WebPage","@id":"https:\/\/www.ericadventures.com\/pt-br\/bolivia\/tour-bolivia-a-paz-noite\/","url":"https:\/\/www.ericadventures.com\/pt-br\/bolivia\/tour-bolivia-a-paz-noite\/","name":"La Paz At Night Folk Show And Dinner 4 Hours","isPartOf":{"@id":"https:\/\/www.ericadventures.com\/en\/#website"},"primaryImageOfPage":{"@id":"https:\/\/www.ericadventures.com\/pt-br\/bolivia\/tour-bolivia-a-paz-noite\/#primaryimage"},"image":{"@id":"https:\/\/www.ericadventures.com\/pt-br\/bolivia\/tour-bolivia-a-paz-noite\/#primaryimage"},"thumbnailUrl":"https:\/\/www.ericadventures.com\/wp-content\/uploads\/bolivia015.jpg","datePublished":"2023-11-16T12:05:59+00:00","dateModified":"2025-11-20T15:48:20+00:00","description":"Nossas extens\u00f5es para a Bol\u00edvia oferecem a op\u00e7\u00e3o de visitar La Paz \u00e0 noite, desfrutar de um show folcl\u00f3rico e saborear uma deliciosa comida.","breadcrumb":{"@id":"https:\/\/www.ericadventures.com\/pt-br\/bolivia\/tour-bolivia-a-paz-noite\/#breadcrumb"},"inLanguage":"pt-BR","potentialAction":[{"@type":"ReadAction","target":["https:\/\/www.ericadventures.com\/pt-br\/bolivia\/tour-bolivia-a-paz-noite\/"]}]},{"@type":"ImageObject","inLanguage":"pt-BR","@id":"https:\/\/www.ericadventures.com\/pt-br\/bolivia\/tour-bolivia-a-paz-noite\/#primaryimage","url":"https:\/\/www.ericadventures.com\/wp-content\/uploads\/bolivia015.jpg","contentUrl":"https:\/\/www.ericadventures.com\/wp-content\/uploads\/bolivia015.jpg","width":480,"height":349,"caption":"bolivia015"},{"@type":"BreadcrumbList","@id":"https:\/\/www.ericadventures.com\/pt-br\/bolivia\/tour-bolivia-a-paz-noite\/#breadcrumb","itemListElement":[{"@type":"ListItem","position":1,"name":"Home","item":"https:\/\/www.ericadventures.com\/pt-br\/"},{"@type":"ListItem","position":2,"name":"Passeios Na Bol\u00edvia","item":"https:\/\/www.ericadventures.com\/pt-br\/bolivia\/"},{"@type":"ListItem","position":3,"name":"A Paz De Noite Com Dancas Folcloricas (4 Horas)"}]},{"@type":"WebSite","@id":"https:\/\/www.ericadventures.com\/en\/#website","url":"https:\/\/www.ericadventures.com\/en\/","name":"Eric Adventures","description":"","publisher":{"@id":"https:\/\/www.ericadventures.com\/en\/#organization"},"alternateName":"Eric Adventures","potentialAction":[{"@type":"SearchAction","target":{"@type":"EntryPoint","urlTemplate":"https:\/\/www.ericadventures.com\/en\/?s={search_term_string}"},"query-input":{"@type":"PropertyValueSpecification","valueRequired":true,"valueName":"search_term_string"}}],"inLanguage":"pt-BR"},{"@type":"Organization","@id":"https:\/\/www.ericadventures.com\/en\/#organization","name":"Eric Adventures","url":"https:\/\/www.ericadventures.com\/en\/","logo":{"@type":"ImageObject","inLanguage":"pt-BR","@id":"https:\/\/www.ericadventures.com\/en\/#\/schema\/logo\/image\/","url":"https:\/\/www.ericadventures.com\/wp-content\/uploads\/logo-ericadventures.png","contentUrl":"https:\/\/www.ericadventures.com\/wp-content\/uploads\/logo-ericadventures.png","width":500,"height":106,"caption":"Eric Adventures"},"image":{"@id":"https:\/\/www.ericadventures.com\/en\/#\/schema\/logo\/image\/"}}]}},"coauthors":[],"author_meta":{"author_link":"https:\/\/www.ericadventures.com\/pt-br\/author\/ericadmin\/","display_name":"Eric"},"relative_dates":{"created":"Publicado 2 anos atr\u00e1s","modified":"Atualizado 5 meses atr\u00e1s"},"absolute_dates":{"created":"Publicado em novembro 16, 2023","modified":"Atualizado em novembro 20, 2025"},"absolute_dates_time":{"created":"Publicado em novembro 16, 2023 7:05 am","modified":"Atualizado em novembro 20, 2025 10:48 am"},"featured_img_caption":"","featured_img":"https:\/\/www.ericadventures.com\/wp-content\/uploads\/bolivia015.jpg","series_order":"","_links":{"self":[{"href":"https:\/\/www.ericadventures.com\/pt-br\/wp-json\/wp\/v2\/pages\/3591","targetHints":{"allow":["GET"]}}],"collection":[{"href":"https:\/\/www.ericadventures.com\/pt-br\/wp-json\/wp\/v2\/pages"}],"about":[{"href":"https:\/\/www.ericadventures.com\/pt-br\/wp-json\/wp\/v2\/types\/page"}],"author":[{"embeddable":true,"href":"https:\/\/www.ericadventures.com\/pt-br\/wp-json\/wp\/v2\/users\/1"}],"replies":[{"embeddable":true,"href":"https:\/\/www.ericadventures.com\/pt-br\/wp-json\/wp\/v2\/comments?post=3591"}],"version-history":[{"count":6,"href":"https:\/\/www.ericadventures.com\/pt-br\/wp-json\/wp\/v2\/pages\/3591\/revisions"}],"predecessor-version":[{"id":38591,"href":"https:\/\/www.ericadventures.com\/pt-br\/wp-json\/wp\/v2\/pages\/3591\/revisions\/38591"}],"up":[{"embeddable":true,"href":"https:\/\/www.ericadventures.com\/pt-br\/wp-json\/wp\/v2\/pages\/211"}],"wp:featuredmedia":[{"embeddable":true,"href":"https:\/\/www.ericadventures.com\/pt-br\/wp-json\/wp\/v2\/media\/3801"}],"wp:attachment":[{"href":"https:\/\/www.ericadventures.com\/pt-br\/wp-json\/wp\/v2\/media?parent=3591"}],"curies":[{"name":"wp","href":"https:\/\/api.w.org\/{rel}","templated":true}]}}