{"id":3611,"date":"2023-11-16T07:08:00","date_gmt":"2023-11-16T12:08:00","guid":{"rendered":"https:\/\/www.ericadventures.com\/bolivia\/cultural-tour-tiahuanaco\/"},"modified":"2025-08-12T19:18:46","modified_gmt":"2025-08-13T00:18:46","slug":"tour-bolivia-tiawanaku","status":"publish","type":"page","link":"https:\/\/www.ericadventures.com\/pt-br\/bolivia\/tour-bolivia-tiawanaku\/","title":{"rendered":"Ru\u00ednas Pr\u00e9 Incas Tiawanaku (6 Horas)"},"content":{"rendered":"<div class=\"wp-block-image\">\n<figure class=\"alignleft size-full is-resized\"><img loading=\"lazy\" decoding=\"async\" width=\"400\" height=\"176\" src=\"https:\/\/www.ericadventures.com\/wp-content\/uploads\/bolivia_tours_tiawanaku.jpg\" alt=\"\" class=\"wp-image-3895\" style=\"aspect-ratio:1.7777777777777777;object-fit:cover;width:416px;height:auto\" srcset=\"https:\/\/www.ericadventures.com\/wp-content\/uploads\/bolivia_tours_tiawanaku.jpg 400w, https:\/\/www.ericadventures.com\/wp-content\/uploads\/bolivia_tours_tiawanaku-300x132.jpg 300w\" sizes=\"auto, (max-width: 400px) 100vw, 400px\" \/><\/figure>\n<\/div>\n\n\n<p>A&nbsp;<strong>Bol\u00edvia<\/strong>&nbsp;\u00e9 um pa\u00eds localizado entre os Andes e a floresta, que nos d\u00e1 muitas possibilidades a explorar.<\/p>\n\n\n\n<p><\/p>\n\n\n\n<p><\/p>\n\n\n\n<p><\/p>\n\n\n\n<p><\/p>\n\n\n\n<h2 class=\"wp-block-heading\" id=\"h-itinerario\">Itiner\u00e1rio<\/h2>\n\n\n\n<p>Come\u00e7amos esta viagem para o nordeste atrav\u00e9s da passagem de El Alto, Porel planalto depois de viajar por 45 minutos, chegar a Laja (local original onde a cidade foi fundada em 1548) com o nome da cidade de Nossa Senhora de&nbsp;<a href=\"https:\/\/www.ericadventures.com\/portugues\/bolivia\/tour-bolivia-a-paz-noite.html\" target=\"_blank\" rel=\"noreferrer noopener\">La Paz<\/a>, ent\u00e3o vamos ver a igreja e nosso guia ir\u00e1 explicar por que esta cidade est\u00e1 mudando lugar, vamos continuar a subir at\u00e9 chegar lloco lloco com 4,028 m de altitude de 12,800 p\u00e9s neste lugar ter\u00e1 um imponente viata o Altiplan, continue por mais 10 minutos para o&nbsp;<strong>Tiawanaku<\/strong>&nbsp;completa para um lugar cheio de energia, magn\u00edfica civiliza\u00e7\u00e3o antiga, com uma tecnologia, os moradores foram: Farmer, arquitetos e astr\u00f4nomos, agradecemos o excelente trabalho em granito, um exemplo claro \u00e9 a porta do sol e os mon\u00f3litos, em seguida, retornar a&nbsp;<a href=\"https:\/\/www.ericadventures.com\/portugues\/bolivia\/tour-bolivia-a-paz-noite.html\" target=\"_blank\" rel=\"noreferrer noopener\">La Paz.<\/a> * Se voc\u00ea quiser, podemos fazer a extens\u00e3o, depois de visitar Tiahuanaco, nosso transporte vai te deixar em Copacabana, pe\u00e7a pre\u00e7os em nosso escrit\u00f3rio. <\/p>\n\n\n\n<h2 class=\"wp-block-heading\" id=\"h-incluido\">incluido<\/h2>\n\n\n\n<ul class=\"wp-block-list\">\n<li>Guias profissionais.<\/li>\n\n\n\n<li>Bilhetes de entrada.<\/li>\n\n\n\n<li>Transfer\u00eancias<\/li>\n<\/ul>\n\n\n\n<h2 class=\"wp-block-heading\" id=\"h-precos-por-pessoa-em-dolares-americanos\">PRE\u00c7OS (POR PESSOA EM D\u00d3LARES AMERICANOS)<\/h2>\n\n\n\n<p><strong>SERVI\u00c7O COMPARTILHADO<\/strong><\/p>\n\n\n\n<ul class=\"wp-block-list\">\n<li>Pre\u00e7o por pessoa: US$ 58<\/li>\n<\/ul>\n\n\n\n<p>*Pre\u00e7os de refer\u00eancia sujeitos \u00e0 disponibilidade e temporada.<\/p>\n\n\n\n<h2 class=\"wp-block-heading\" id=\"h-mapa\">Mapa<\/h2>\n\n\n\n<figure class=\"wp-block-gallery has-nested-images columns-default wp-block-gallery-1 is-layout-flex wp-block-gallery-is-layout-flex\">\n<figure class=\"wp-block-image size-thumbnail\"><a href=\"https:\/\/www.ericadventures.com\/wp-content\/uploads\/Mapa-tiahuanaku.jpg\"><img loading=\"lazy\" decoding=\"async\" width=\"150\" height=\"150\" data-id=\"38561\" src=\"https:\/\/www.ericadventures.com\/wp-content\/uploads\/Mapa-tiahuanaku-150x150.jpg\" alt=\"Mapa tur\u00edstico de Tiahuanaco\" class=\"wp-image-38561\"\/><\/a><\/figure>\n<\/figure>\n\n\n\n<h2 class=\"wp-block-heading\" id=\"h-fotos\">Fotos<\/h2>\n\n\n\n<figure class=\"wp-block-gallery has-nested-images columns-8 is-cropped wp-block-gallery-2 is-layout-flex wp-block-gallery-is-layout-flex\">\n<figure class=\"wp-block-image size-large\"><a href=\"https:\/\/www.ericadventures.com\/wp-content\/uploads\/tiawana01-5.jpg\"><img loading=\"lazy\" decoding=\"async\" width=\"1024\" height=\"538\" data-id=\"32590\" src=\"https:\/\/www.ericadventures.com\/wp-content\/uploads\/tiawana01-5-1024x538.jpg\" alt=\"Tiawanaku, Bol\u00edvia\n\n\" class=\"wp-image-32590\" srcset=\"https:\/\/www.ericadventures.com\/wp-content\/uploads\/tiawana01-5-1024x538.jpg 1024w, https:\/\/www.ericadventures.com\/wp-content\/uploads\/tiawana01-5-300x158.jpg 300w, https:\/\/www.ericadventures.com\/wp-content\/uploads\/tiawana01-5-768x403.jpg 768w, https:\/\/www.ericadventures.com\/wp-content\/uploads\/tiawana01-5.jpg 1200w\" sizes=\"auto, (max-width: 1024px) 100vw, 1024px\" \/><\/a><\/figure>\n\n\n\n<figure class=\"wp-block-image size-large\"><a href=\"https:\/\/www.ericadventures.com\/wp-content\/uploads\/tiawana02-5.jpg\"><img loading=\"lazy\" decoding=\"async\" width=\"286\" height=\"176\" data-id=\"32585\" src=\"https:\/\/www.ericadventures.com\/wp-content\/uploads\/tiawana02-5.jpg\" alt=\"El Templete, La Paz, Bol\u00edvia\n\" class=\"wp-image-32585\"\/><\/a><\/figure>\n\n\n\n<figure class=\"wp-block-image size-large\"><a href=\"https:\/\/www.ericadventures.com\/wp-content\/uploads\/laja01-5.jpg\"><img loading=\"lazy\" decoding=\"async\" width=\"640\" height=\"480\" data-id=\"32595\" src=\"https:\/\/www.ericadventures.com\/wp-content\/uploads\/laja01-5.jpg\" alt=\"Igreja, Bol\u00edvia\n\" class=\"wp-image-32595\" srcset=\"https:\/\/www.ericadventures.com\/wp-content\/uploads\/laja01-5.jpg 640w, https:\/\/www.ericadventures.com\/wp-content\/uploads\/laja01-5-300x225.jpg 300w, https:\/\/www.ericadventures.com\/wp-content\/uploads\/laja01-5-600x450.jpg 600w\" sizes=\"auto, (max-width: 640px) 100vw, 640px\" \/><\/a><\/figure>\n\n\n\n<figure class=\"wp-block-image size-large\"><a href=\"https:\/\/www.ericadventures.com\/wp-content\/uploads\/laja02-5.jpg\"><img loading=\"lazy\" decoding=\"async\" width=\"686\" height=\"386\" data-id=\"32600\" src=\"https:\/\/www.ericadventures.com\/wp-content\/uploads\/laja02-5.jpg\" alt=\"Laja, Bol\u00edvia\n\" class=\"wp-image-32600\" srcset=\"https:\/\/www.ericadventures.com\/wp-content\/uploads\/laja02-5.jpg 686w, https:\/\/www.ericadventures.com\/wp-content\/uploads\/laja02-5-300x169.jpg 300w\" sizes=\"auto, (max-width: 686px) 100vw, 686px\" \/><\/a><\/figure>\n\n\n\n<figure class=\"wp-block-image size-large\"><a href=\"https:\/\/www.ericadventures.com\/wp-content\/uploads\/altolapaz01-5.jpg\"><img loading=\"lazy\" decoding=\"async\" width=\"700\" height=\"500\" data-id=\"32606\" src=\"https:\/\/www.ericadventures.com\/wp-content\/uploads\/altolapaz01-5.jpg\" alt=\"La Paz, Bol\u00edvia\n\" class=\"wp-image-32606\" srcset=\"https:\/\/www.ericadventures.com\/wp-content\/uploads\/altolapaz01-5.jpg 700w, https:\/\/www.ericadventures.com\/wp-content\/uploads\/altolapaz01-5-300x214.jpg 300w\" sizes=\"auto, (max-width: 700px) 100vw, 700px\" \/><\/a><\/figure>\n\n\n\n<figure class=\"wp-block-image size-large\"><a href=\"https:\/\/www.ericadventures.com\/wp-content\/uploads\/altiplano01-6.jpg\"><img loading=\"lazy\" decoding=\"async\" width=\"960\" height=\"640\" data-id=\"32605\" src=\"https:\/\/www.ericadventures.com\/wp-content\/uploads\/altiplano01-6.jpg\" alt=\"Lagoas das Terras Altas de Uyuni, Bol\u00edvia\n\" class=\"wp-image-32605\" srcset=\"https:\/\/www.ericadventures.com\/wp-content\/uploads\/altiplano01-6.jpg 960w, https:\/\/www.ericadventures.com\/wp-content\/uploads\/altiplano01-6-300x200.jpg 300w, https:\/\/www.ericadventures.com\/wp-content\/uploads\/altiplano01-6-768x512.jpg 768w\" sizes=\"auto, (max-width: 960px) 100vw, 960px\" \/><\/a><\/figure>\n\n\n\n<figure class=\"wp-block-image size-large\"><a href=\"https:\/\/www.ericadventures.com\/wp-content\/uploads\/altiplano02-5.jpg\"><img loading=\"lazy\" decoding=\"async\" width=\"275\" height=\"183\" data-id=\"32615\" src=\"https:\/\/www.ericadventures.com\/wp-content\/uploads\/altiplano02-5.jpg\" alt=\"Lagoas de Uyuni, Bol\u00edvia\" class=\"wp-image-32615\"\/><\/a><\/figure>\n\n\n\n<figure class=\"wp-block-image size-large\"><a href=\"https:\/\/www.ericadventures.com\/wp-content\/uploads\/bolivia-uyuni-6-9.jpg\"><img loading=\"lazy\" decoding=\"async\" width=\"480\" height=\"360\" data-id=\"32619\" src=\"https:\/\/www.ericadventures.com\/wp-content\/uploads\/bolivia-uyuni-6-9.jpg\" alt=\"Vida Selvagem de Uyuni, Bol\u00edvia\" class=\"wp-image-32619\" srcset=\"https:\/\/www.ericadventures.com\/wp-content\/uploads\/bolivia-uyuni-6-9.jpg 480w, https:\/\/www.ericadventures.com\/wp-content\/uploads\/bolivia-uyuni-6-9-300x225.jpg 300w\" sizes=\"auto, (max-width: 480px) 100vw, 480px\" \/><\/a><\/figure>\n<\/figure>\n\n\n\n<h2 class=\"wp-block-heading\" id=\"h-formulario-de-contato\">formul\u00e1rio de contato<\/h2>\n\n\n\n<div class=\"wp-block-contact-form-7-contact-form-selector\">\n<div class=\"wpcf7 no-js\" id=\"wpcf7-f6172-o1\" lang=\"es-ES\" dir=\"ltr\" data-wpcf7-id=\"6172\">\n<div class=\"screen-reader-response\"><p role=\"status\" aria-live=\"polite\" aria-atomic=\"true\"><\/p> <ul><\/ul><\/div>\n<form action=\"\/pt-br\/wp-json\/wp\/v2\/pages\/3611#wpcf7-f6172-o1\" method=\"post\" class=\"wpcf7-form init\" aria-label=\"Formulario de contacto\" novalidate=\"novalidate\" data-status=\"init\">\n<fieldset class=\"hidden-fields-container\"><input type=\"hidden\" name=\"_wpcf7\" value=\"6172\" \/><input type=\"hidden\" name=\"_wpcf7_version\" value=\"6.1.5\" \/><input type=\"hidden\" name=\"_wpcf7_locale\" value=\"es_ES\" \/><input type=\"hidden\" name=\"_wpcf7_unit_tag\" value=\"wpcf7-f6172-o1\" \/><input type=\"hidden\" name=\"_wpcf7_container_post\" value=\"0\" \/><input type=\"hidden\" name=\"_wpcf7_posted_data_hash\" value=\"\" \/>\n<\/fieldset>\n<div class=\"wpcf7-turnstile cf-turnstile\" data-sitekey=\"0x4AAAAAACZ2CLxkDaDac8NW\" data-response-field-name=\"_wpcf7_turnstile_response\"><\/div>\n\n<div class=\"formt\">\n    <span class=\"textform\"> Para reservas ou mais informa\u00e7\u00f5es preencha o seguinte formul\u00e1rio de cliente\/convidado:  <\/span>\n    <input class=\"wpcf7-form-control wpcf7-hidden\" value=\"https:\/\/www.ericadventures.com\/pt-br\/wp-json\/wp\/v2\/pages\/3611\" type=\"hidden\" name=\"Url_Tour\" \/>\n    <input class=\"wpcf7-form-control wpcf7-hidden\" value=\"pt-br\" type=\"hidden\" name=\"Idioma\" \/>\n    <input class=\"wpcf7-form-control wpcf7-hidden\" value=\"20\/04\/2026 09:10:29\" type=\"hidden\" name=\"Fecha_Hora\" \/>\n    <input class=\"wpcf7-form-control wpcf7-hidden\" value=\"216.73.216.61\" type=\"hidden\" name=\"Ip\" \/>\n    <input class=\"wpcf7-form-control wpcf7-hidden\" value=\"Ru\u00ednas Pr\u00e9 Incas Tiawanaku (6 Horas)\" type=\"hidden\" name=\"Nombre_Tour\" \/>\n    <input class=\"wpcf7-form-control wpcf7-hidden\" value=\"1\" type=\"hidden\" name=\"enviar_excel\" \/>\n\n    <div class=\"g2\">\n        <div>\n            <label>Nome: <\/label>\n            <span class=\"wpcf7-form-control-wrap\" data-name=\"Nombre\"><input size=\"40\" maxlength=\"400\" class=\"wpcf7-form-control wpcf7-text wpcf7-validates-as-required\" aria-required=\"true\" aria-invalid=\"false\" value=\"\" type=\"text\" name=\"Nombre\" \/><\/span>\n        <\/div>\n        <div>\n            <label>E-mail: <\/label>\n            <span class=\"wpcf7-form-control-wrap\" data-name=\"Emails\"><input size=\"40\" maxlength=\"400\" class=\"wpcf7-form-control wpcf7-email wpcf7-validates-as-required wpcf7-text wpcf7-validates-as-email\" aria-required=\"true\" aria-invalid=\"false\" value=\"\" type=\"email\" name=\"Emails\" \/><\/span>\n        <\/div>\n    <\/div>\n    \n    <div class=\"g2\">\n        <div>\n            <label>Pa\u00eds: <\/label>\n            <span class=\"wpcf7-form-control-wrap\" data-name=\"Pais\"><input size=\"40\" maxlength=\"400\" class=\"wpcf7-form-control wpcf7-text\" aria-invalid=\"false\" value=\"\" type=\"text\" name=\"Pais\" \/><\/span>\n        <\/div>\n        <div>\n            <label>Telefone - Whatsapp: <\/label>\n            <span class=\"wpcf7-form-control-wrap\" data-name=\"Whatsapp\"><input size=\"40\" class=\"wpcf7-form-control wpcf7-phonetext wpcf7-text wpcf7-validates-as-phonetext\" aria-invalid=\"false\" value=\"\" type=\"text\" name=\"Whatsapp\" \/><input type=\"hidden\" name=\"Whatsapp-country-code\" class=\"wpcf7-phonetext-country-code\" \/><\/span>\n        <\/div>\n    <\/div>\n    \n    <div class=\"g2\">\n        <div>\n            <label>N\u00famero de adultos: <\/label>\n            <span class=\"wpcf7-form-control-wrap\" data-name=\"Adultos\"><select class=\"wpcf7-form-control wpcf7-select wpcf7-validates-as-required\" aria-required=\"true\" aria-invalid=\"false\" name=\"Adultos\"><option value=\"1\">1<\/option><option value=\"2\">2<\/option><option value=\"3\">3<\/option><option value=\"4\">4<\/option><option value=\"5\">5<\/option><option value=\"6\">6<\/option><option value=\"7\">7<\/option><option value=\"8\">8<\/option><option value=\"9\">9<\/option><option value=\"10\">10<\/option><option value=\"11\">11<\/option><option value=\"12 para mais\">12 para mais<\/option><\/select><\/span>\n        <\/div>\n        <div>\n            <label>N\u00famero de crian\u00e7as: <\/label>\n            <span class=\"wpcf7-form-control-wrap\" data-name=\"Ninos\"><select class=\"wpcf7-form-control wpcf7-select wpcf7-validates-as-required\" aria-required=\"true\" aria-invalid=\"false\" name=\"Ninos\"><option value=\"0\">0<\/option><option value=\"1\">1<\/option><option value=\"2\">2<\/option><option value=\"3\">3<\/option><option value=\"4\">4<\/option><option value=\"5\">5<\/option><option value=\"6\">6<\/option><option value=\"7\">7<\/option><option value=\"8\">8<\/option><option value=\"9\">9<\/option><option value=\"10\">10<\/option><option value=\"11\">11<\/option><option value=\"12 para mais\">12 para mais<\/option><\/select><\/span>\n        <\/div>\n    <\/div>\n    \n    <div class=\"g2\">\n        <div>\n            <label>Data de in\u00edcio do passeio: <\/label>\n            <span class=\"wpcf7-form-control-wrap\" data-name=\"Inicio\"><input class=\"wpcf7-form-control wpcf7-date wpcf7-validates-as-required wpcf7-validates-as-date\" id=\"inicio\" min=\"2026-04-20\" aria-required=\"true\" aria-invalid=\"false\" value=\"\" type=\"date\" name=\"Inicio\" \/><\/span>\n        <\/div>\n        <div>\n            <label>Data de t\u00e9rmino da excurs\u00e3o: <\/label>\n            <span class=\"wpcf7-form-control-wrap\" data-name=\"Final\"><input class=\"wpcf7-form-control wpcf7-date wpcf7-validates-as-required wpcf7-validates-as-date\" id=\"final\" min=\"2026-04-20\" aria-required=\"true\" aria-invalid=\"false\" value=\"\" type=\"date\" name=\"Final\" \/><\/span>\n        <\/div>\n    <\/div>\n    \n    <div>\n        <label>Coment\u00e1rios ou perguntas: <\/label>\n        <span class=\"wpcf7-form-control-wrap\" data-name=\"Mensaje\"><textarea cols=\"40\" rows=\"10\" maxlength=\"2000\" class=\"wpcf7-form-control wpcf7-textarea wpcf7-validates-as-required\" aria-required=\"true\" aria-invalid=\"false\" placeholder=\"Por favor especifique o tipo de SERVI\u00c7O\/TOUR que pretende realizar\" name=\"Mensaje\"><\/textarea><\/span>\n    <\/div>\n    \n    <input class=\"wpcf7-form-control wpcf7-submit has-spinner btnsend\" type=\"submit\" value=\"ENVIAR MENSAGEM\" \/>\n<\/div><div class=\"wpcf7-response-output\" aria-hidden=\"true\"><\/div>\n<\/form>\n<\/div>\n<\/div>\n","protected":false},"excerpt":{"rendered":"<p>A&nbsp;Bol\u00edvia&nbsp;\u00e9 um pa\u00eds localizado entre os Andes e a floresta, que nos d\u00e1 muitas possibilidades a explorar. Itiner\u00e1rio Come\u00e7amos esta [&hellip;]<\/p>\n","protected":false},"author":1,"featured_media":3919,"parent":211,"menu_order":0,"comment_status":"closed","ping_status":"closed","template":"page-tour.php","meta":{"_acf_changed":false,"advgb_blocks_editor_width":"","advgb_blocks_columns_visual_guide":"","footnotes":""},"class_list":["post-3611","page","type-page","status-publish","has-post-thumbnail","hentry"],"acf":[],"yoast_head":"<!-- This site is optimized with the Yoast SEO Premium plugin v25.4 (Yoast SEO v26.9) - https:\/\/yoast.com\/product\/yoast-seo-premium-wordpress\/ -->\n<title>Tour Tiwanaku As Ru\u00ednas Pr\u00e9 Incas<\/title>\n<meta name=\"description\" content=\"O passeio come\u00e7a com uma viagem de 45 minutos a Laja, cidade hist\u00f3rica fundada em 1548 com o nome de \u201cNossa Virgem da Paz\u201d.\" \/>\n<meta name=\"robots\" content=\"index, follow, max-snippet:-1, max-image-preview:large, max-video-preview:-1\" \/>\n<link rel=\"canonical\" href=\"https:\/\/www.ericadventures.com\/pt-br\/bolivia\/tour-bolivia-tiawanaku\/\" \/>\n<meta property=\"og:locale\" content=\"pt_BR\" \/>\n<meta property=\"og:type\" content=\"article\" \/>\n<meta property=\"og:title\" content=\"Ru\u00ednas Pr\u00e9 Incas Tiawanaku (6 Horas)\" \/>\n<meta property=\"og:description\" content=\"O passeio come\u00e7a com uma viagem de 45 minutos a Laja, cidade hist\u00f3rica fundada em 1548 com o nome de \u201cNossa Virgem da Paz\u201d.\" \/>\n<meta property=\"og:url\" content=\"https:\/\/www.ericadventures.com\/pt-br\/bolivia\/tour-bolivia-tiawanaku\/\" \/>\n<meta property=\"og:site_name\" content=\"Eric Adventures\" \/>\n<meta property=\"article:modified_time\" content=\"2025-08-13T00:18:46+00:00\" \/>\n<meta property=\"og:image\" content=\"https:\/\/www.ericadventures.com\/wp-content\/uploads\/altiplano01-1.jpg\" \/>\n\t<meta property=\"og:image:width\" content=\"960\" \/>\n\t<meta property=\"og:image:height\" content=\"640\" \/>\n\t<meta property=\"og:image:type\" content=\"image\/jpeg\" \/>\n<meta name=\"twitter:card\" content=\"summary_large_image\" \/>\n<meta name=\"twitter:label1\" content=\"Est. tempo de leitura\" \/>\n\t<meta name=\"twitter:data1\" content=\"4 minutos\" \/>\n<script type=\"application\/ld+json\" class=\"yoast-schema-graph\">{\"@context\":\"https:\/\/schema.org\",\"@graph\":[{\"@type\":\"WebPage\",\"@id\":\"https:\/\/www.ericadventures.com\/pt-br\/bolivia\/tour-bolivia-tiawanaku\/\",\"url\":\"https:\/\/www.ericadventures.com\/pt-br\/bolivia\/tour-bolivia-tiawanaku\/\",\"name\":\"Tour Tiwanaku As Ru\u00ednas Pr\u00e9 Incas\",\"isPartOf\":{\"@id\":\"https:\/\/www.ericadventures.com\/en\/#website\"},\"primaryImageOfPage\":{\"@id\":\"https:\/\/www.ericadventures.com\/pt-br\/bolivia\/tour-bolivia-tiawanaku\/#primaryimage\"},\"image\":{\"@id\":\"https:\/\/www.ericadventures.com\/pt-br\/bolivia\/tour-bolivia-tiawanaku\/#primaryimage\"},\"thumbnailUrl\":\"https:\/\/www.ericadventures.com\/wp-content\/uploads\/altiplano01-1.jpg\",\"datePublished\":\"2023-11-16T12:08:00+00:00\",\"dateModified\":\"2025-08-13T00:18:46+00:00\",\"description\":\"O passeio come\u00e7a com uma viagem de 45 minutos a Laja, cidade hist\u00f3rica fundada em 1548 com o nome de \u201cNossa Virgem da Paz\u201d.\",\"breadcrumb\":{\"@id\":\"https:\/\/www.ericadventures.com\/pt-br\/bolivia\/tour-bolivia-tiawanaku\/#breadcrumb\"},\"inLanguage\":\"pt-BR\",\"potentialAction\":[{\"@type\":\"ReadAction\",\"target\":[\"https:\/\/www.ericadventures.com\/pt-br\/bolivia\/tour-bolivia-tiawanaku\/\"]}]},{\"@type\":\"ImageObject\",\"inLanguage\":\"pt-BR\",\"@id\":\"https:\/\/www.ericadventures.com\/pt-br\/bolivia\/tour-bolivia-tiawanaku\/#primaryimage\",\"url\":\"https:\/\/www.ericadventures.com\/wp-content\/uploads\/altiplano01-1.jpg\",\"contentUrl\":\"https:\/\/www.ericadventures.com\/wp-content\/uploads\/altiplano01-1.jpg\",\"width\":960,\"height\":640,\"caption\":\"altiplano01-1\"},{\"@type\":\"BreadcrumbList\",\"@id\":\"https:\/\/www.ericadventures.com\/pt-br\/bolivia\/tour-bolivia-tiawanaku\/#breadcrumb\",\"itemListElement\":[{\"@type\":\"ListItem\",\"position\":1,\"name\":\"Home\",\"item\":\"https:\/\/www.ericadventures.com\/pt-br\/\"},{\"@type\":\"ListItem\",\"position\":2,\"name\":\"Passeios Na Bol\u00edvia\",\"item\":\"https:\/\/www.ericadventures.com\/pt-br\/bolivia\/\"},{\"@type\":\"ListItem\",\"position\":3,\"name\":\"Ru\u00ednas Pr\u00e9 Incas Tiawanaku (6 Horas)\"}]},{\"@type\":\"WebSite\",\"@id\":\"https:\/\/www.ericadventures.com\/en\/#website\",\"url\":\"https:\/\/www.ericadventures.com\/en\/\",\"name\":\"Eric Adventures\",\"description\":\"\",\"publisher\":{\"@id\":\"https:\/\/www.ericadventures.com\/en\/#organization\"},\"alternateName\":\"Eric Adventures\",\"potentialAction\":[{\"@type\":\"SearchAction\",\"target\":{\"@type\":\"EntryPoint\",\"urlTemplate\":\"https:\/\/www.ericadventures.com\/en\/?s={search_term_string}\"},\"query-input\":{\"@type\":\"PropertyValueSpecification\",\"valueRequired\":true,\"valueName\":\"search_term_string\"}}],\"inLanguage\":\"pt-BR\"},{\"@type\":\"Organization\",\"@id\":\"https:\/\/www.ericadventures.com\/en\/#organization\",\"name\":\"Eric Adventures\",\"url\":\"https:\/\/www.ericadventures.com\/en\/\",\"logo\":{\"@type\":\"ImageObject\",\"inLanguage\":\"pt-BR\",\"@id\":\"https:\/\/www.ericadventures.com\/en\/#\/schema\/logo\/image\/\",\"url\":\"https:\/\/www.ericadventures.com\/wp-content\/uploads\/logo-ericadventures.png\",\"contentUrl\":\"https:\/\/www.ericadventures.com\/wp-content\/uploads\/logo-ericadventures.png\",\"width\":500,\"height\":106,\"caption\":\"Eric Adventures\"},\"image\":{\"@id\":\"https:\/\/www.ericadventures.com\/en\/#\/schema\/logo\/image\/\"}}]}<\/script>\n<!-- \/ Yoast SEO Premium plugin. -->","yoast_head_json":{"title":"Tour Tiwanaku As Ru\u00ednas Pr\u00e9 Incas","description":"O passeio come\u00e7a com uma viagem de 45 minutos a Laja, cidade hist\u00f3rica fundada em 1548 com o nome de \u201cNossa Virgem da Paz\u201d.","robots":{"index":"index","follow":"follow","max-snippet":"max-snippet:-1","max-image-preview":"max-image-preview:large","max-video-preview":"max-video-preview:-1"},"canonical":"https:\/\/www.ericadventures.com\/pt-br\/bolivia\/tour-bolivia-tiawanaku\/","og_locale":"pt_BR","og_type":"article","og_title":"Ru\u00ednas Pr\u00e9 Incas Tiawanaku (6 Horas)","og_description":"O passeio come\u00e7a com uma viagem de 45 minutos a Laja, cidade hist\u00f3rica fundada em 1548 com o nome de \u201cNossa Virgem da Paz\u201d.","og_url":"https:\/\/www.ericadventures.com\/pt-br\/bolivia\/tour-bolivia-tiawanaku\/","og_site_name":"Eric Adventures","article_modified_time":"2025-08-13T00:18:46+00:00","og_image":[{"width":960,"height":640,"url":"https:\/\/www.ericadventures.com\/wp-content\/uploads\/altiplano01-1.jpg","type":"image\/jpeg"}],"twitter_card":"summary_large_image","twitter_misc":{"Est. tempo de leitura":"4 minutos"},"schema":{"@context":"https:\/\/schema.org","@graph":[{"@type":"WebPage","@id":"https:\/\/www.ericadventures.com\/pt-br\/bolivia\/tour-bolivia-tiawanaku\/","url":"https:\/\/www.ericadventures.com\/pt-br\/bolivia\/tour-bolivia-tiawanaku\/","name":"Tour Tiwanaku As Ru\u00ednas Pr\u00e9 Incas","isPartOf":{"@id":"https:\/\/www.ericadventures.com\/en\/#website"},"primaryImageOfPage":{"@id":"https:\/\/www.ericadventures.com\/pt-br\/bolivia\/tour-bolivia-tiawanaku\/#primaryimage"},"image":{"@id":"https:\/\/www.ericadventures.com\/pt-br\/bolivia\/tour-bolivia-tiawanaku\/#primaryimage"},"thumbnailUrl":"https:\/\/www.ericadventures.com\/wp-content\/uploads\/altiplano01-1.jpg","datePublished":"2023-11-16T12:08:00+00:00","dateModified":"2025-08-13T00:18:46+00:00","description":"O passeio come\u00e7a com uma viagem de 45 minutos a Laja, cidade hist\u00f3rica fundada em 1548 com o nome de \u201cNossa Virgem da Paz\u201d.","breadcrumb":{"@id":"https:\/\/www.ericadventures.com\/pt-br\/bolivia\/tour-bolivia-tiawanaku\/#breadcrumb"},"inLanguage":"pt-BR","potentialAction":[{"@type":"ReadAction","target":["https:\/\/www.ericadventures.com\/pt-br\/bolivia\/tour-bolivia-tiawanaku\/"]}]},{"@type":"ImageObject","inLanguage":"pt-BR","@id":"https:\/\/www.ericadventures.com\/pt-br\/bolivia\/tour-bolivia-tiawanaku\/#primaryimage","url":"https:\/\/www.ericadventures.com\/wp-content\/uploads\/altiplano01-1.jpg","contentUrl":"https:\/\/www.ericadventures.com\/wp-content\/uploads\/altiplano01-1.jpg","width":960,"height":640,"caption":"altiplano01-1"},{"@type":"BreadcrumbList","@id":"https:\/\/www.ericadventures.com\/pt-br\/bolivia\/tour-bolivia-tiawanaku\/#breadcrumb","itemListElement":[{"@type":"ListItem","position":1,"name":"Home","item":"https:\/\/www.ericadventures.com\/pt-br\/"},{"@type":"ListItem","position":2,"name":"Passeios Na Bol\u00edvia","item":"https:\/\/www.ericadventures.com\/pt-br\/bolivia\/"},{"@type":"ListItem","position":3,"name":"Ru\u00ednas Pr\u00e9 Incas Tiawanaku (6 Horas)"}]},{"@type":"WebSite","@id":"https:\/\/www.ericadventures.com\/en\/#website","url":"https:\/\/www.ericadventures.com\/en\/","name":"Eric Adventures","description":"","publisher":{"@id":"https:\/\/www.ericadventures.com\/en\/#organization"},"alternateName":"Eric Adventures","potentialAction":[{"@type":"SearchAction","target":{"@type":"EntryPoint","urlTemplate":"https:\/\/www.ericadventures.com\/en\/?s={search_term_string}"},"query-input":{"@type":"PropertyValueSpecification","valueRequired":true,"valueName":"search_term_string"}}],"inLanguage":"pt-BR"},{"@type":"Organization","@id":"https:\/\/www.ericadventures.com\/en\/#organization","name":"Eric Adventures","url":"https:\/\/www.ericadventures.com\/en\/","logo":{"@type":"ImageObject","inLanguage":"pt-BR","@id":"https:\/\/www.ericadventures.com\/en\/#\/schema\/logo\/image\/","url":"https:\/\/www.ericadventures.com\/wp-content\/uploads\/logo-ericadventures.png","contentUrl":"https:\/\/www.ericadventures.com\/wp-content\/uploads\/logo-ericadventures.png","width":500,"height":106,"caption":"Eric Adventures"},"image":{"@id":"https:\/\/www.ericadventures.com\/en\/#\/schema\/logo\/image\/"}}]}},"coauthors":[],"author_meta":{"author_link":"https:\/\/www.ericadventures.com\/pt-br\/author\/ericadmin\/","display_name":"Eric"},"relative_dates":{"created":"Publicado 2 anos atr\u00e1s","modified":"Atualizado 8 meses atr\u00e1s"},"absolute_dates":{"created":"Publicado em novembro 16, 2023","modified":"Atualizado em agosto 12, 2025"},"absolute_dates_time":{"created":"Publicado em novembro 16, 2023 7:08 am","modified":"Atualizado em agosto 12, 2025 7:18 pm"},"featured_img_caption":"","featured_img":"https:\/\/www.ericadventures.com\/wp-content\/uploads\/altiplano01-1.jpg","series_order":"","_links":{"self":[{"href":"https:\/\/www.ericadventures.com\/pt-br\/wp-json\/wp\/v2\/pages\/3611","targetHints":{"allow":["GET"]}}],"collection":[{"href":"https:\/\/www.ericadventures.com\/pt-br\/wp-json\/wp\/v2\/pages"}],"about":[{"href":"https:\/\/www.ericadventures.com\/pt-br\/wp-json\/wp\/v2\/types\/page"}],"author":[{"embeddable":true,"href":"https:\/\/www.ericadventures.com\/pt-br\/wp-json\/wp\/v2\/users\/1"}],"replies":[{"embeddable":true,"href":"https:\/\/www.ericadventures.com\/pt-br\/wp-json\/wp\/v2\/comments?post=3611"}],"version-history":[{"count":10,"href":"https:\/\/www.ericadventures.com\/pt-br\/wp-json\/wp\/v2\/pages\/3611\/revisions"}],"predecessor-version":[{"id":38569,"href":"https:\/\/www.ericadventures.com\/pt-br\/wp-json\/wp\/v2\/pages\/3611\/revisions\/38569"}],"up":[{"embeddable":true,"href":"https:\/\/www.ericadventures.com\/pt-br\/wp-json\/wp\/v2\/pages\/211"}],"wp:featuredmedia":[{"embeddable":true,"href":"https:\/\/www.ericadventures.com\/pt-br\/wp-json\/wp\/v2\/media\/3919"}],"wp:attachment":[{"href":"https:\/\/www.ericadventures.com\/pt-br\/wp-json\/wp\/v2\/media?parent=3611"}],"curies":[{"name":"wp","href":"https:\/\/api.w.org\/{rel}","templated":true}]}}