{"id":36217,"date":"2025-04-28T12:05:16","date_gmt":"2025-04-28T17:05:16","guid":{"rendered":"https:\/\/www.ericadventures.com\/?page_id=36217"},"modified":"2025-06-30T20:43:15","modified_gmt":"2025-07-01T01:43:15","slug":"caluguel-de-equipamentos-de-camping","status":"publish","type":"page","link":"https:\/\/www.ericadventures.com\/pt-br\/caluguel-de-equipamentos-de-camping\/","title":{"rendered":"Caluguel De Equipamentos De Camping"},"content":{"rendered":"\n<h3 class=\"wp-block-heading\">VEJA NOSSA VARIEDADE DE EQUIPAMENTOS DE CAMPING<\/h3>\n\n\n\n<h2 class=\"wp-block-heading\">SACO DE DORMIR<\/h2>\n\n\n\n<div class=\"wp-block-columns is-layout-flex wp-container-core-columns-is-layout-9d6595d7 wp-block-columns-is-layout-flex\">\n<div class=\"wp-block-column is-layout-flow wp-block-column-is-layout-flow\">\n<p><\/p>\n\n\n\n<p>SACOLA DE PENAS<br>ACOMPANHA DE -15\u00b0C A 5\u00b0C<br><strong>US$ 7,50 POR DIA<\/strong><\/p>\n<\/div>\n\n\n\n<div class=\"wp-block-column is-layout-flow wp-block-column-is-layout-flow\">\n<figure class=\"wp-block-image size-full\"><img loading=\"lazy\" decoding=\"async\" width=\"365\" height=\"186\" src=\"https:\/\/www.ericadventures.com\/wp-content\/uploads\/rojo.jpg\" alt=\"\" class=\"wp-image-36161\" srcset=\"https:\/\/www.ericadventures.com\/wp-content\/uploads\/rojo.jpg 365w, https:\/\/www.ericadventures.com\/wp-content\/uploads\/rojo-300x153.jpg 300w\" sizes=\"auto, (max-width: 365px) 100vw, 365px\" \/><\/figure>\n<\/div>\n<\/div>\n\n\n\n<h2 class=\"wp-block-heading\">COLCH\u00c3O DE CAMPING<\/h2>\n\n\n\n<div class=\"wp-block-columns is-layout-flex wp-container-core-columns-is-layout-9d6595d7 wp-block-columns-is-layout-flex\">\n<div class=\"wp-block-column is-layout-flow wp-block-column-is-layout-flow\">\n<p><\/p>\n\n\n\n<p>M\u00c9DIO (5 CM DE ESPESSURA)<br>Colch\u00e3o Infl\u00e1vel<br><strong>US$ 7,00 POR DIA<\/strong><\/p>\n<\/div>\n\n\n\n<div class=\"wp-block-column is-layout-flow wp-block-column-is-layout-flow\">\n<figure class=\"wp-block-image size-full\"><img loading=\"lazy\" decoding=\"async\" width=\"368\" height=\"221\" src=\"https:\/\/www.ericadventures.com\/wp-content\/uploads\/mat.jpg\" alt=\"\" class=\"wp-image-36171\" srcset=\"https:\/\/www.ericadventures.com\/wp-content\/uploads\/mat.jpg 368w, https:\/\/www.ericadventures.com\/wp-content\/uploads\/mat-300x180.jpg 300w\" sizes=\"auto, (max-width: 368px) 100vw, 368px\" \/><\/figure>\n<\/div>\n<\/div>\n\n\n\n<h2 class=\"wp-block-heading\">TENDAS DE CAMPING PARA 4 PESSOAS<\/h2>\n\n\n\n<div class=\"wp-block-columns is-layout-flex wp-container-core-columns-is-layout-9d6595d7 wp-block-columns-is-layout-flex\">\n<div class=\"wp-block-column is-layout-flow wp-block-column-is-layout-flow\">\n<p><\/p>\n\n\n\n<p>Eureka Timberline 4<br>U<strong>S$ 10 por dia<\/strong><\/p>\n<\/div>\n\n\n\n<div class=\"wp-block-column is-layout-flow wp-block-column-is-layout-flow\">\n<figure class=\"wp-block-image size-full is-resized\"><img loading=\"lazy\" decoding=\"async\" width=\"346\" height=\"242\" src=\"https:\/\/www.ericadventures.com\/wp-content\/uploads\/1-2.jpg\" alt=\"\" class=\"wp-image-36176\" style=\"width:381px;height:auto\" srcset=\"https:\/\/www.ericadventures.com\/wp-content\/uploads\/1-2.jpg 346w, https:\/\/www.ericadventures.com\/wp-content\/uploads\/1-2-300x210.jpg 300w\" sizes=\"auto, (max-width: 346px) 100vw, 346px\" \/><\/figure>\n<\/div>\n<\/div>\n\n\n\n<div class=\"wp-block-columns is-layout-flex wp-container-core-columns-is-layout-9d6595d7 wp-block-columns-is-layout-flex\">\n<div class=\"wp-block-column is-layout-flow wp-block-column-is-layout-flow\">\n<p><\/p>\n\n\n\n<p>Eureka Timberline 4<br><strong>US$ 60 por semana<\/strong><\/p>\n<\/div>\n\n\n\n<div class=\"wp-block-column is-layout-flow wp-block-column-is-layout-flow\">\n<figure class=\"wp-block-image size-full\"><img loading=\"lazy\" decoding=\"async\" width=\"303\" height=\"198\" src=\"https:\/\/www.ericadventures.com\/wp-content\/uploads\/2-1.jpg\" alt=\"\" class=\"wp-image-36181\" srcset=\"https:\/\/www.ericadventures.com\/wp-content\/uploads\/2-1.jpg 303w, https:\/\/www.ericadventures.com\/wp-content\/uploads\/2-1-300x196.jpg 300w\" sizes=\"auto, (max-width: 303px) 100vw, 303px\" \/><\/figure>\n<\/div>\n<\/div>\n\n\n\n<div class=\"wp-block-columns is-layout-flex wp-container-core-columns-is-layout-9d6595d7 wp-block-columns-is-layout-flex\">\n<div class=\"wp-block-column is-layout-flow wp-block-column-is-layout-flow\">\n<h2 class=\"wp-block-heading\">BAST\u00d5ES DE TRILHA<\/h2>\n\n\n\n<p><\/p>\n\n\n\n<p>US$ 5 o par por dia<\/p>\n<\/div>\n\n\n\n<div class=\"wp-block-column is-layout-flow wp-block-column-is-layout-flow\">\n<figure class=\"wp-block-image size-full\"><img loading=\"lazy\" decoding=\"async\" width=\"243\" height=\"323\" src=\"https:\/\/www.ericadventures.com\/wp-content\/uploads\/poles.jpg\" alt=\"\" class=\"wp-image-36186\" srcset=\"https:\/\/www.ericadventures.com\/wp-content\/uploads\/poles.jpg 243w, https:\/\/www.ericadventures.com\/wp-content\/uploads\/poles-226x300.jpg 226w\" sizes=\"auto, (max-width: 243px) 100vw, 243px\" \/><\/figure>\n<\/div>\n<\/div>\n\n\n\n<h2 class=\"wp-block-heading\">MARCA DA MOCHILA: VOUDE &#8211; PARA BEB\u00caS<\/h2>\n\n\n\n<div class=\"wp-block-columns is-layout-flex wp-container-core-columns-is-layout-9d6595d7 wp-block-columns-is-layout-flex\">\n<div class=\"wp-block-column is-layout-flow wp-block-column-is-layout-flow\">\n<h4 class=\"wp-block-heading\"><\/h4>\n\n\n\n<p><\/p>\n\n\n\n<p>US$ 25 por dia<\/p>\n<\/div>\n\n\n\n<div class=\"wp-block-column is-layout-flow wp-block-column-is-layout-flow\">\n<figure class=\"wp-block-image size-full\"><img loading=\"lazy\" decoding=\"async\" width=\"465\" height=\"314\" src=\"https:\/\/www.ericadventures.com\/wp-content\/uploads\/mochila.jpg\" alt=\"\" class=\"wp-image-36191\" srcset=\"https:\/\/www.ericadventures.com\/wp-content\/uploads\/mochila.jpg 465w, https:\/\/www.ericadventures.com\/wp-content\/uploads\/mochila-300x203.jpg 300w\" sizes=\"auto, (max-width: 465px) 100vw, 465px\" \/><\/figure>\n<\/div>\n<\/div>\n\n\n\n<h2 class=\"wp-block-heading\"><\/h2>\n\n\n\n<p><\/p>\n","protected":false},"excerpt":{"rendered":"<p>VEJA NOSSA VARIEDADE DE EQUIPAMENTOS DE CAMPING SACO DE DORMIR SACOLA DE PENASACOMPANHA DE -15\u00b0C A 5\u00b0CUS$ 7,50 POR DIA [&hellip;]<\/p>\n","protected":false},"author":4,"featured_media":0,"parent":0,"menu_order":0,"comment_status":"closed","ping_status":"closed","template":"page-city.php","meta":{"_acf_changed":false,"advgb_blocks_editor_width":"","advgb_blocks_columns_visual_guide":"","footnotes":""},"class_list":["post-36217","page","type-page","status-publish","hentry"],"acf":[],"yoast_head":"<!-- This site is optimized with the Yoast SEO Premium plugin v25.4 (Yoast SEO v26.9) - https:\/\/yoast.com\/product\/yoast-seo-premium-wordpress\/ -->\n<title>Caluguel De Equipamentos De Camping<\/title>\n<meta name=\"robots\" content=\"index, follow, max-snippet:-1, max-image-preview:large, max-video-preview:-1\" \/>\n<link rel=\"canonical\" href=\"https:\/\/www.ericadventures.com\/en\/camping-equipment-rental\/\" \/>\n<meta property=\"og:locale\" content=\"pt_BR\" \/>\n<meta property=\"og:type\" content=\"article\" \/>\n<meta property=\"og:title\" content=\"Caluguel De Equipamentos De Camping\" \/>\n<meta property=\"og:description\" content=\"VEJA NOSSA VARIEDADE DE EQUIPAMENTOS DE CAMPING SACO DE DORMIR SACOLA DE PENASACOMPANHA DE -15\u00b0C A 5\u00b0CUS$ 7,50 POR DIA [&hellip;]\" \/>\n<meta property=\"og:url\" content=\"https:\/\/www.ericadventures.com\/en\/camping-equipment-rental\/\" \/>\n<meta property=\"og:site_name\" content=\"Eric Adventures\" \/>\n<meta property=\"article:modified_time\" content=\"2025-07-01T01:43:15+00:00\" \/>\n<meta property=\"og:image\" content=\"https:\/\/www.ericadventures.com\/wp-content\/uploads\/rojo.jpg\" \/>\n<meta name=\"twitter:card\" content=\"summary_large_image\" \/>\n<meta name=\"twitter:label1\" content=\"Est. tempo de leitura\" \/>\n\t<meta name=\"twitter:data1\" content=\"2 minutos\" \/>\n<script type=\"application\/ld+json\" class=\"yoast-schema-graph\">{\"@context\":\"https:\/\/schema.org\",\"@graph\":[{\"@type\":\"WebPage\",\"@id\":\"https:\/\/www.ericadventures.com\/en\/camping-equipment-rental\/\",\"url\":\"https:\/\/www.ericadventures.com\/en\/camping-equipment-rental\/\",\"name\":\"Caluguel De Equipamentos De Camping\",\"isPartOf\":{\"@id\":\"https:\/\/www.ericadventures.com\/en\/#website\"},\"primaryImageOfPage\":{\"@id\":\"https:\/\/www.ericadventures.com\/en\/camping-equipment-rental\/#primaryimage\"},\"image\":{\"@id\":\"https:\/\/www.ericadventures.com\/en\/camping-equipment-rental\/#primaryimage\"},\"thumbnailUrl\":\"https:\/\/www.ericadventures.com\/wp-content\/uploads\/rojo.jpg\",\"datePublished\":\"2025-04-28T17:05:16+00:00\",\"dateModified\":\"2025-07-01T01:43:15+00:00\",\"breadcrumb\":{\"@id\":\"https:\/\/www.ericadventures.com\/en\/camping-equipment-rental\/#breadcrumb\"},\"inLanguage\":\"pt-BR\",\"potentialAction\":[{\"@type\":\"ReadAction\",\"target\":[\"https:\/\/www.ericadventures.com\/en\/camping-equipment-rental\/\"]}]},{\"@type\":\"ImageObject\",\"inLanguage\":\"pt-BR\",\"@id\":\"https:\/\/www.ericadventures.com\/en\/camping-equipment-rental\/#primaryimage\",\"url\":\"https:\/\/www.ericadventures.com\/wp-content\/uploads\/rojo.jpg\",\"contentUrl\":\"https:\/\/www.ericadventures.com\/wp-content\/uploads\/rojo.jpg\"},{\"@type\":\"BreadcrumbList\",\"@id\":\"https:\/\/www.ericadventures.com\/en\/camping-equipment-rental\/#breadcrumb\",\"itemListElement\":[{\"@type\":\"ListItem\",\"position\":1,\"name\":\"Home\",\"item\":\"https:\/\/www.ericadventures.com\/pt-br\/\"},{\"@type\":\"ListItem\",\"position\":2,\"name\":\"Caluguel De Equipamentos De Camping\"}]},{\"@type\":\"WebSite\",\"@id\":\"https:\/\/www.ericadventures.com\/en\/#website\",\"url\":\"https:\/\/www.ericadventures.com\/en\/\",\"name\":\"Eric Adventures\",\"description\":\"\",\"publisher\":{\"@id\":\"https:\/\/www.ericadventures.com\/en\/#organization\"},\"alternateName\":\"Eric Adventures\",\"potentialAction\":[{\"@type\":\"SearchAction\",\"target\":{\"@type\":\"EntryPoint\",\"urlTemplate\":\"https:\/\/www.ericadventures.com\/en\/?s={search_term_string}\"},\"query-input\":{\"@type\":\"PropertyValueSpecification\",\"valueRequired\":true,\"valueName\":\"search_term_string\"}}],\"inLanguage\":\"pt-BR\"},{\"@type\":\"Organization\",\"@id\":\"https:\/\/www.ericadventures.com\/en\/#organization\",\"name\":\"Eric Adventures\",\"url\":\"https:\/\/www.ericadventures.com\/en\/\",\"logo\":{\"@type\":\"ImageObject\",\"inLanguage\":\"pt-BR\",\"@id\":\"https:\/\/www.ericadventures.com\/en\/#\/schema\/logo\/image\/\",\"url\":\"https:\/\/www.ericadventures.com\/wp-content\/uploads\/logo-ericadventures.png\",\"contentUrl\":\"https:\/\/www.ericadventures.com\/wp-content\/uploads\/logo-ericadventures.png\",\"width\":500,\"height\":106,\"caption\":\"Eric Adventures\"},\"image\":{\"@id\":\"https:\/\/www.ericadventures.com\/en\/#\/schema\/logo\/image\/\"}}]}<\/script>\n<!-- \/ Yoast SEO Premium plugin. -->","yoast_head_json":{"title":"Caluguel De Equipamentos De Camping","robots":{"index":"index","follow":"follow","max-snippet":"max-snippet:-1","max-image-preview":"max-image-preview:large","max-video-preview":"max-video-preview:-1"},"canonical":"https:\/\/www.ericadventures.com\/en\/camping-equipment-rental\/","og_locale":"pt_BR","og_type":"article","og_title":"Caluguel De Equipamentos De Camping","og_description":"VEJA NOSSA VARIEDADE DE EQUIPAMENTOS DE CAMPING SACO DE DORMIR SACOLA DE PENASACOMPANHA DE -15\u00b0C A 5\u00b0CUS$ 7,50 POR DIA [&hellip;]","og_url":"https:\/\/www.ericadventures.com\/en\/camping-equipment-rental\/","og_site_name":"Eric Adventures","article_modified_time":"2025-07-01T01:43:15+00:00","og_image":[{"url":"https:\/\/www.ericadventures.com\/wp-content\/uploads\/rojo.jpg","type":"","width":"","height":""}],"twitter_card":"summary_large_image","twitter_misc":{"Est. tempo de leitura":"2 minutos"},"schema":{"@context":"https:\/\/schema.org","@graph":[{"@type":"WebPage","@id":"https:\/\/www.ericadventures.com\/en\/camping-equipment-rental\/","url":"https:\/\/www.ericadventures.com\/en\/camping-equipment-rental\/","name":"Caluguel De Equipamentos De Camping","isPartOf":{"@id":"https:\/\/www.ericadventures.com\/en\/#website"},"primaryImageOfPage":{"@id":"https:\/\/www.ericadventures.com\/en\/camping-equipment-rental\/#primaryimage"},"image":{"@id":"https:\/\/www.ericadventures.com\/en\/camping-equipment-rental\/#primaryimage"},"thumbnailUrl":"https:\/\/www.ericadventures.com\/wp-content\/uploads\/rojo.jpg","datePublished":"2025-04-28T17:05:16+00:00","dateModified":"2025-07-01T01:43:15+00:00","breadcrumb":{"@id":"https:\/\/www.ericadventures.com\/en\/camping-equipment-rental\/#breadcrumb"},"inLanguage":"pt-BR","potentialAction":[{"@type":"ReadAction","target":["https:\/\/www.ericadventures.com\/en\/camping-equipment-rental\/"]}]},{"@type":"ImageObject","inLanguage":"pt-BR","@id":"https:\/\/www.ericadventures.com\/en\/camping-equipment-rental\/#primaryimage","url":"https:\/\/www.ericadventures.com\/wp-content\/uploads\/rojo.jpg","contentUrl":"https:\/\/www.ericadventures.com\/wp-content\/uploads\/rojo.jpg"},{"@type":"BreadcrumbList","@id":"https:\/\/www.ericadventures.com\/en\/camping-equipment-rental\/#breadcrumb","itemListElement":[{"@type":"ListItem","position":1,"name":"Home","item":"https:\/\/www.ericadventures.com\/pt-br\/"},{"@type":"ListItem","position":2,"name":"Caluguel De Equipamentos De Camping"}]},{"@type":"WebSite","@id":"https:\/\/www.ericadventures.com\/en\/#website","url":"https:\/\/www.ericadventures.com\/en\/","name":"Eric Adventures","description":"","publisher":{"@id":"https:\/\/www.ericadventures.com\/en\/#organization"},"alternateName":"Eric Adventures","potentialAction":[{"@type":"SearchAction","target":{"@type":"EntryPoint","urlTemplate":"https:\/\/www.ericadventures.com\/en\/?s={search_term_string}"},"query-input":{"@type":"PropertyValueSpecification","valueRequired":true,"valueName":"search_term_string"}}],"inLanguage":"pt-BR"},{"@type":"Organization","@id":"https:\/\/www.ericadventures.com\/en\/#organization","name":"Eric Adventures","url":"https:\/\/www.ericadventures.com\/en\/","logo":{"@type":"ImageObject","inLanguage":"pt-BR","@id":"https:\/\/www.ericadventures.com\/en\/#\/schema\/logo\/image\/","url":"https:\/\/www.ericadventures.com\/wp-content\/uploads\/logo-ericadventures.png","contentUrl":"https:\/\/www.ericadventures.com\/wp-content\/uploads\/logo-ericadventures.png","width":500,"height":106,"caption":"Eric Adventures"},"image":{"@id":"https:\/\/www.ericadventures.com\/en\/#\/schema\/logo\/image\/"}}]}},"coauthors":[],"author_meta":{"author_link":"https:\/\/www.ericadventures.com\/pt-br\/author\/marilyn\/","display_name":"Marilyn Ayma Gomez"},"relative_dates":{"created":"Publicado 1 ano atr\u00e1s","modified":"Atualizado 10 meses atr\u00e1s"},"absolute_dates":{"created":"Publicado em abril 28, 2025","modified":"Atualizado em junho 30, 2025"},"absolute_dates_time":{"created":"Publicado em abril 28, 2025 12:05 pm","modified":"Atualizado em junho 30, 2025 8:43 pm"},"featured_img_caption":"","featured_img":false,"series_order":"","_links":{"self":[{"href":"https:\/\/www.ericadventures.com\/pt-br\/wp-json\/wp\/v2\/pages\/36217","targetHints":{"allow":["GET"]}}],"collection":[{"href":"https:\/\/www.ericadventures.com\/pt-br\/wp-json\/wp\/v2\/pages"}],"about":[{"href":"https:\/\/www.ericadventures.com\/pt-br\/wp-json\/wp\/v2\/types\/page"}],"author":[{"embeddable":true,"href":"https:\/\/www.ericadventures.com\/pt-br\/wp-json\/wp\/v2\/users\/4"}],"replies":[{"embeddable":true,"href":"https:\/\/www.ericadventures.com\/pt-br\/wp-json\/wp\/v2\/comments?post=36217"}],"version-history":[{"count":4,"href":"https:\/\/www.ericadventures.com\/pt-br\/wp-json\/wp\/v2\/pages\/36217\/revisions"}],"predecessor-version":[{"id":36239,"href":"https:\/\/www.ericadventures.com\/pt-br\/wp-json\/wp\/v2\/pages\/36217\/revisions\/36239"}],"wp:attachment":[{"href":"https:\/\/www.ericadventures.com\/pt-br\/wp-json\/wp\/v2\/media?parent=36217"}],"curies":[{"name":"wp","href":"https:\/\/api.w.org\/{rel}","templated":true}]}}