{"id":37454,"date":"2025-06-14T17:56:31","date_gmt":"2025-06-14T22:56:31","guid":{"rendered":"https:\/\/www.ericadventures.com\/?page_id=37454"},"modified":"2026-04-23T13:05:58","modified_gmt":"2026-04-23T18:05:58","slug":"tatio-geysers-tour","status":"publish","type":"page","link":"https:\/\/www.ericadventures.com\/pt-br\/chile\/tatio-geysers-tour\/","title":{"rendered":"HD Passeio ao G\u00eaiser do Tatio"},"content":{"rendered":"<div class=\"wp-block-image\">\n<figure class=\"alignleft size-full is-resized\"><img loading=\"lazy\" decoding=\"async\" width=\"621\" height=\"396\" src=\"https:\/\/www.ericadventures.com\/wp-content\/uploads\/Geisers1.jpg\" alt=\"Tatio Geisers, San pedro de Atacama Chile\" class=\"wp-image-37442\" style=\"aspect-ratio:1.7777777777777777;object-fit:cover;width:416px;height:auto\" srcset=\"https:\/\/www.ericadventures.com\/wp-content\/uploads\/Geisers1.jpg 621w, https:\/\/www.ericadventures.com\/wp-content\/uploads\/Geisers1-300x191.jpg 300w\" sizes=\"auto, (max-width: 621px) 100vw, 621px\" \/><figcaption class=\"wp-element-caption\">Tatio G\u00e9isers, San pedro de Atacama, Chile<\/figcaption><\/figure>\n<\/div>\n\n\n<p>Se voc\u00ea estiver passando por San Pedro de Atacama, este passeio \u00e9 imperd\u00edvel, pois voc\u00ea descobrir\u00e1 o maior conjunto de g\u00eaiseres do Hemisf\u00e9rio Sul e o terceiro maior do mundo.<\/p>\n\n\n\n<p><\/p>\n\n\n\n<p><\/p>\n\n\n\n<p><\/p>\n\n\n\n<h2 class=\"wp-block-heading\" id=\"day-1-uyuni-salt-flats-inka-wasi-colchani-town-16819c68-3c6c-4ef7-a662-bf2b03ded85b\"><strong>ITINER\u00c1RIO<\/strong><\/h2>\n\n\n\n<p>4h30 &#8211; Buscamos em seu hotel em San Pedro de Atacama. O passeio tem dura\u00e7\u00e3o aproximada de 7 horas e 30 minutos. Durante o passeio, observaremos mais de 80 g\u00eaiseres ativos e uma grande variedade de fumarolas e piscinas de lama fervente, vivenciando um ambiente geot\u00e9rmico \u00fanico e fascinante. Essas fumarolas atingem seu pico entre 6h e 7h, aproximadamente, com temperaturas que chegam a 85\u00b0C.<br>No retorno, observaremos a flora e a fauna locais. Do mirante, observaremos a pequena e ancestral vila de Machuca. Seus poucos habitantes se dedicam principalmente \u00e0 cria\u00e7\u00e3o de gado e \u00e0 produ\u00e7\u00e3o de queijo. Bem perto fica a Laguna Salada, lar de fam\u00edlias de flamingos, patos e gaivotas, cercada por uma paisagem de tirar o f\u00f4lego.<br>Retorno a San Pedro aproximadamente \u00e0s 12h30.<\/p>\n\n\n\n<h3 class=\"wp-block-heading\" id=\"h-\"><\/h3>\n\n\n\n<h2 class=\"wp-block-heading\" id=\"included-6bb1f495-60dc-4e45-aadf-aff1daeeb945\">INCLU\u00cdDO<\/h2>\n\n\n\n<ul class=\"wp-block-list\">\n<li>Sa\u00edda do seu hotel<\/li>\n\n\n\n<li>Visita guiada em espanhol\/ingl\u00eas (motorista-guia).<\/li>\n\n\n\n<li>Caf\u00e9 da manh\u00e3<\/li>\n\n\n\n<li>Retorno \u00e0 cidade<\/li>\n<\/ul>\n\n\n\n<h3 class=\"wp-block-heading\" id=\"h-nao-incluido\">N\u00e3o inclu\u00eddo<\/h3>\n\n\n\n<ul class=\"wp-block-list\">\n<li>Ingresso para o G\u00eaiser del Tatio (aproximadamente US$ 16 ou CLP $ 15.000 por pessoa). *Por favor, traga dinheiro em esp\u00e9cie (pesos chilenos). \u00c0s vezes, a conex\u00e3o de internet para pagamentos com cart\u00e3o pode n\u00e3o estar dispon\u00edvel.<\/li>\n<\/ul>\n\n\n\n<h3 class=\"wp-block-heading\" id=\"h-recomendamos-trazer\">Recomendamos trazer:<\/h3>\n\n\n\n<ul class=\"wp-block-list\">\n<li>Roupas quentes (temperaturas entre -5\u00b0C e -20\u00b0C)<\/li>\n\n\n\n<li>Cal\u00e7ados fechados ou de caminhada<\/li>\n\n\n\n<li>Chap\u00e9u<\/li>\n\n\n\n<li>Luvas<\/li>\n\n\n\n<li>\u00d3culos de sol<\/li>\n\n\n\n<li>Protetor solar<\/li>\n\n\n\n<li>Banheiro<\/li>\n<\/ul>\n\n\n\n<p><\/p>\n\n\n\n<h2 class=\"wp-block-heading\" id=\"h-precos-por-pessoa\">PRE\u00c7OS (POR PESSOA)<\/h2>\n\n\n\n<p><strong>SERVI\u00c7O COMPARTILHADO<\/strong><\/p>\n\n\n\n<ul class=\"wp-block-list\">\n<li>Pre\u00e7o por pessoa: US$ 47 (m\u00ednimo de 2 pessoas)<\/li>\n<\/ul>\n\n\n\n<p><strong>SERVI\u00c7O PRIVADO<\/strong><\/p>\n\n\n\n<ul class=\"wp-block-list\">\n<li>2 pessoas: US$ 215<\/li>\n\n\n\n<li>4 pessoas: US$ 135<\/li>\n\n\n\n<li>6 ou mais pessoas: US$ 97<\/li>\n<\/ul>\n\n\n\n<p>*Pre\u00e7os de refer\u00eancia sujeitos \u00e0 disponibilidade e temporada.<\/p>\n\n\n\n<p><strong>Observa\u00e7\u00e3o: <\/strong>Para o passeio aos g\u00eaiseres de Tatio, que sai cedo, o ponto de encontro \u00e9 no seu hotel, desde que esteja localizado no centro da cidade. Caso contr\u00e1rio, o ponto de encontro ser\u00e1 no estacionamento municipal.<\/p>\n\n\n\n<h2 class=\"wp-block-heading\" id=\"map-a4747216-f4c2-4e5e-b4a9-01e58d708b51\">Mapa<\/h2>\n\n\n\n<figure class=\"wp-block-image\"><img decoding=\"async\" src=\"https:\/\/www.ericadventures.com\/wp-content\/plugins\/sitepress-multilingual-cms\/res\/flags\/es.svg\" alt=\"\"\/><\/figure>\n\n\n\n<p>&nbsp;Spanish<\/p>\n\n\n\n<figure class=\"wp-block-gallery has-nested-images columns-default wp-block-gallery-1 is-layout-flex wp-block-gallery-is-layout-flex\">\n<figure class=\"wp-block-image size-thumbnail\"><a href=\"https:\/\/www.ericadventures.com\/wp-content\/uploads\/Mapa-Geisers.jpg\"><img loading=\"lazy\" decoding=\"async\" width=\"150\" height=\"150\" data-id=\"37427\" src=\"https:\/\/www.ericadventures.com\/wp-content\/uploads\/Mapa-Geisers-150x150.jpg\" alt=\"\" class=\"wp-image-37427\"\/><\/a><figcaption class=\"wp-element-caption\">Tatio Geisers, Chile<\/figcaption><\/figure>\n<\/figure>\n\n\n\n<h2 class=\"wp-block-heading\" id=\"photo-gallery-aa562bbc-3acd-4676-b221-0088e4d17123\">Galeria de Fotos<\/h2>\n\n\n\n<figure class=\"wp-block-gallery has-nested-images columns-8 is-cropped wp-block-gallery-2 is-layout-flex wp-block-gallery-is-layout-flex\">\n<figure class=\"wp-block-image size-thumbnail\"><a href=\"https:\/\/www.ericadventures.com\/wp-content\/uploads\/Geisers1.jpg\"><img loading=\"lazy\" decoding=\"async\" width=\"150\" height=\"150\" data-id=\"37442\" src=\"https:\/\/www.ericadventures.com\/wp-content\/uploads\/Geisers1-150x150.jpg\" alt=\"Tatio G\u00e9isers, San Pedro de Atacama\" class=\"wp-image-37442\"\/><\/a><figcaption class=\"wp-element-caption\">San pedro de Atacama Chile<\/figcaption><\/figure>\n\n\n\n<figure class=\"wp-block-image size-large\"><a href=\"https:\/\/www.ericadventures.com\/wp-content\/uploads\/spa-1.jpg\"><img loading=\"lazy\" decoding=\"async\" width=\"692\" height=\"524\" data-id=\"5765\" src=\"https:\/\/www.ericadventures.com\/wp-content\/uploads\/spa-1.jpg\" alt=\"San Pedro de Atacama\" class=\"wp-image-5765\" srcset=\"https:\/\/www.ericadventures.com\/wp-content\/uploads\/spa-1.jpg 692w, https:\/\/www.ericadventures.com\/wp-content\/uploads\/spa-1-300x227.jpg 300w\" sizes=\"auto, (max-width: 692px) 100vw, 692px\" \/><\/a><\/figure>\n\n\n\n<figure class=\"wp-block-image size-thumbnail\"><a href=\"https:\/\/www.ericadventures.com\/wp-content\/uploads\/Geisers.jpg\"><img loading=\"lazy\" decoding=\"async\" width=\"150\" height=\"150\" data-id=\"37437\" src=\"https:\/\/www.ericadventures.com\/wp-content\/uploads\/Geisers-150x150.jpg\" alt=\"Tatio G\u00e9isers,Chile\" class=\"wp-image-37437\"\/><\/a><\/figure>\n\n\n\n<figure class=\"wp-block-image size-large\"><a href=\"https:\/\/www.ericadventures.com\/wp-content\/uploads\/spa91.jpg\"><img loading=\"lazy\" decoding=\"async\" width=\"786\" height=\"526\" data-id=\"5800\" src=\"https:\/\/www.ericadventures.com\/wp-content\/uploads\/spa91.jpg\" alt=\"San Pedro de Atacama, Chile\" class=\"wp-image-5800\" srcset=\"https:\/\/www.ericadventures.com\/wp-content\/uploads\/spa91.jpg 786w, https:\/\/www.ericadventures.com\/wp-content\/uploads\/spa91-300x201.jpg 300w, https:\/\/www.ericadventures.com\/wp-content\/uploads\/spa91-768x514.jpg 768w\" sizes=\"auto, (max-width: 786px) 100vw, 786px\" \/><\/a><\/figure>\n\n\n\n<figure class=\"wp-block-image size-thumbnail\"><a href=\"https:\/\/www.ericadventures.com\/wp-content\/uploads\/gei-t.jpg\"><img loading=\"lazy\" decoding=\"async\" width=\"150\" height=\"150\" data-id=\"37432\" src=\"https:\/\/www.ericadventures.com\/wp-content\/uploads\/gei-t-150x150.jpg\" alt=\"Tatio g\u00e9isers 2, Chile\" class=\"wp-image-37432\"\/><\/a><\/figure>\n\n\n\n<figure class=\"wp-block-image size-thumbnail\"><a href=\"https:\/\/www.ericadventures.com\/wp-content\/uploads\/tati.jpg\"><img loading=\"lazy\" decoding=\"async\" width=\"150\" height=\"150\" data-id=\"37447\" src=\"https:\/\/www.ericadventures.com\/wp-content\/uploads\/tati-150x150.jpg\" alt=\"Tattio Geisers 1, Chile\" class=\"wp-image-37447\"\/><\/a><\/figure>\n<\/figure>\n\n\n\n<h2 class=\"wp-block-heading\" id=\"contact-form-d731b6af-da5f-46d6-b868-126f7214540c\">Formul\u00e1rio de Contato<\/h2>\n\n\n\n<div class=\"wp-block-contact-form-7-contact-form-selector\">\n<div class=\"wpcf7 no-js\" id=\"wpcf7-f6172-o1\" lang=\"es-ES\" dir=\"ltr\" data-wpcf7-id=\"6172\">\n<div class=\"screen-reader-response\"><p role=\"status\" aria-live=\"polite\" aria-atomic=\"true\"><\/p> <ul><\/ul><\/div>\n<form action=\"\/pt-br\/wp-json\/wp\/v2\/pages\/37454#wpcf7-f6172-o1\" method=\"post\" class=\"wpcf7-form init\" aria-label=\"Formulario de contacto\" novalidate=\"novalidate\" data-status=\"init\">\n<fieldset class=\"hidden-fields-container\"><input type=\"hidden\" name=\"_wpcf7\" value=\"6172\" \/><input type=\"hidden\" name=\"_wpcf7_version\" value=\"6.1.5\" \/><input type=\"hidden\" name=\"_wpcf7_locale\" value=\"es_ES\" \/><input type=\"hidden\" name=\"_wpcf7_unit_tag\" value=\"wpcf7-f6172-o1\" \/><input type=\"hidden\" name=\"_wpcf7_container_post\" value=\"0\" \/><input type=\"hidden\" name=\"_wpcf7_posted_data_hash\" value=\"\" \/>\n<\/fieldset>\n<div class=\"wpcf7-turnstile cf-turnstile\" data-sitekey=\"0x4AAAAAACZ2CLxkDaDac8NW\" data-response-field-name=\"_wpcf7_turnstile_response\"><\/div>\n\n<div class=\"formt\">\n    <span class=\"textform\"> Para reservas ou mais informa\u00e7\u00f5es preencha o seguinte formul\u00e1rio de cliente\/convidado:  <\/span>\n    <input class=\"wpcf7-form-control wpcf7-hidden\" value=\"https:\/\/www.ericadventures.com\/pt-br\/wp-json\/wp\/v2\/pages\/37454\" type=\"hidden\" name=\"Url_Tour\" \/>\n    <input class=\"wpcf7-form-control wpcf7-hidden\" value=\"pt-br\" type=\"hidden\" name=\"Idioma\" \/>\n    <input class=\"wpcf7-form-control wpcf7-hidden\" value=\"30\/04\/2026 05:35:33\" type=\"hidden\" name=\"Fecha_Hora\" \/>\n    <input class=\"wpcf7-form-control wpcf7-hidden\" value=\"216.73.216.6\" type=\"hidden\" name=\"Ip\" \/>\n    <input class=\"wpcf7-form-control wpcf7-hidden\" value=\"HD Passeio ao G\u00eaiser do Tatio\" type=\"hidden\" name=\"Nombre_Tour\" \/>\n    <input class=\"wpcf7-form-control wpcf7-hidden\" value=\"1\" type=\"hidden\" name=\"enviar_excel\" \/>\n\n    <div class=\"g2\">\n        <div>\n            <label>Nome: <\/label>\n            <span class=\"wpcf7-form-control-wrap\" data-name=\"Nombre\"><input size=\"40\" maxlength=\"400\" class=\"wpcf7-form-control wpcf7-text wpcf7-validates-as-required\" aria-required=\"true\" aria-invalid=\"false\" value=\"\" type=\"text\" name=\"Nombre\" \/><\/span>\n        <\/div>\n        <div>\n            <label>E-mail: <\/label>\n            <span class=\"wpcf7-form-control-wrap\" data-name=\"Emails\"><input size=\"40\" maxlength=\"400\" class=\"wpcf7-form-control wpcf7-email wpcf7-validates-as-required wpcf7-text wpcf7-validates-as-email\" aria-required=\"true\" aria-invalid=\"false\" value=\"\" type=\"email\" name=\"Emails\" \/><\/span>\n        <\/div>\n    <\/div>\n    \n    <div class=\"g2\">\n        <div>\n            <label>Pa\u00eds: <\/label>\n            <span class=\"wpcf7-form-control-wrap\" data-name=\"Pais\"><input size=\"40\" maxlength=\"400\" class=\"wpcf7-form-control wpcf7-text\" aria-invalid=\"false\" value=\"\" type=\"text\" name=\"Pais\" \/><\/span>\n        <\/div>\n        <div>\n            <label>Telefone - Whatsapp: <\/label>\n            <span class=\"wpcf7-form-control-wrap\" data-name=\"Whatsapp\"><input size=\"40\" class=\"wpcf7-form-control wpcf7-phonetext wpcf7-text wpcf7-validates-as-phonetext\" aria-invalid=\"false\" value=\"\" type=\"text\" name=\"Whatsapp\" \/><input type=\"hidden\" name=\"Whatsapp-country-code\" class=\"wpcf7-phonetext-country-code\" \/><\/span>\n        <\/div>\n    <\/div>\n    \n    <div class=\"g2\">\n        <div>\n            <label>N\u00famero de adultos: <\/label>\n            <span class=\"wpcf7-form-control-wrap\" data-name=\"Adultos\"><select class=\"wpcf7-form-control wpcf7-select wpcf7-validates-as-required\" aria-required=\"true\" aria-invalid=\"false\" name=\"Adultos\"><option value=\"1\">1<\/option><option value=\"2\">2<\/option><option value=\"3\">3<\/option><option value=\"4\">4<\/option><option value=\"5\">5<\/option><option value=\"6\">6<\/option><option value=\"7\">7<\/option><option value=\"8\">8<\/option><option value=\"9\">9<\/option><option value=\"10\">10<\/option><option value=\"11\">11<\/option><option value=\"12 para mais\">12 para mais<\/option><\/select><\/span>\n        <\/div>\n        <div>\n            <label>N\u00famero de crian\u00e7as: <\/label>\n            <span class=\"wpcf7-form-control-wrap\" data-name=\"Ninos\"><select class=\"wpcf7-form-control wpcf7-select wpcf7-validates-as-required\" aria-required=\"true\" aria-invalid=\"false\" name=\"Ninos\"><option value=\"0\">0<\/option><option value=\"1\">1<\/option><option value=\"2\">2<\/option><option value=\"3\">3<\/option><option value=\"4\">4<\/option><option value=\"5\">5<\/option><option value=\"6\">6<\/option><option value=\"7\">7<\/option><option value=\"8\">8<\/option><option value=\"9\">9<\/option><option value=\"10\">10<\/option><option value=\"11\">11<\/option><option value=\"12 para mais\">12 para mais<\/option><\/select><\/span>\n        <\/div>\n    <\/div>\n    \n    <div class=\"g2\">\n        <div>\n            <label>Data de in\u00edcio do passeio: <\/label>\n            <span class=\"wpcf7-form-control-wrap\" data-name=\"Inicio\"><input class=\"wpcf7-form-control wpcf7-date wpcf7-validates-as-required wpcf7-validates-as-date\" id=\"inicio\" min=\"2026-04-30\" aria-required=\"true\" aria-invalid=\"false\" value=\"\" type=\"date\" name=\"Inicio\" \/><\/span>\n        <\/div>\n        <div>\n            <label>Data de t\u00e9rmino da excurs\u00e3o: <\/label>\n            <span class=\"wpcf7-form-control-wrap\" data-name=\"Final\"><input class=\"wpcf7-form-control wpcf7-date wpcf7-validates-as-required wpcf7-validates-as-date\" id=\"final\" min=\"2026-04-30\" aria-required=\"true\" aria-invalid=\"false\" value=\"\" type=\"date\" name=\"Final\" \/><\/span>\n        <\/div>\n    <\/div>\n    \n    <div>\n        <label>Coment\u00e1rios ou perguntas: <\/label>\n        <span class=\"wpcf7-form-control-wrap\" data-name=\"Mensaje\"><textarea cols=\"40\" rows=\"10\" maxlength=\"2000\" class=\"wpcf7-form-control wpcf7-textarea wpcf7-validates-as-required\" aria-required=\"true\" aria-invalid=\"false\" placeholder=\"Por favor especifique o tipo de SERVI\u00c7O\/TOUR que pretende realizar\" name=\"Mensaje\"><\/textarea><\/span>\n    <\/div>\n    \n    <input class=\"wpcf7-form-control wpcf7-submit has-spinner btnsend\" type=\"submit\" value=\"ENVIAR MENSAGEM\" \/>\n<\/div><div class=\"wpcf7-response-output\" aria-hidden=\"true\"><\/div>\n<\/form>\n<\/div>\n<\/div>\n","protected":false},"excerpt":{"rendered":"<p>Se voc\u00ea estiver passando por San Pedro de Atacama, este passeio \u00e9 imperd\u00edvel, pois voc\u00ea descobrir\u00e1 o maior conjunto de [&hellip;]<\/p>\n","protected":false},"author":4,"featured_media":37445,"parent":36844,"menu_order":0,"comment_status":"closed","ping_status":"closed","template":"page-tour.php","meta":{"_acf_changed":false,"advgb_blocks_editor_width":"","advgb_blocks_columns_visual_guide":"","footnotes":""},"class_list":["post-37454","page","type-page","status-publish","has-post-thumbnail","hentry"],"acf":[],"yoast_head":"<!-- This site is optimized with the Yoast SEO Premium plugin v25.4 (Yoast SEO v26.9) - https:\/\/yoast.com\/product\/yoast-seo-premium-wordpress\/ -->\n<title>Passeio ao G\u00eaiser do TatioSan Pedro de Atacama<\/title>\n<meta name=\"description\" content=\"If you&#039;re passing through San Pedro de Atacama, this is a must-do, as you&#039;ll discover the largest group of geysers in the Southern Hemisphere and the third largest in the world.\" \/>\n<meta name=\"robots\" content=\"index, follow, max-snippet:-1, max-image-preview:large, max-video-preview:-1\" \/>\n<link rel=\"canonical\" href=\"https:\/\/www.ericadventures.com\/pt-br\/chile\/tatio-geysers-tour\/\" \/>\n<meta property=\"og:locale\" content=\"pt_BR\" \/>\n<meta property=\"og:type\" content=\"article\" \/>\n<meta property=\"og:title\" content=\"HD Passeio ao G\u00eaiser do Tatio\" \/>\n<meta property=\"og:description\" content=\"If you&#039;re passing through San Pedro de Atacama, this is a must-do, as you&#039;ll discover the largest group of geysers in the Southern Hemisphere and the third largest in the world.\" \/>\n<meta property=\"og:url\" content=\"https:\/\/www.ericadventures.com\/pt-br\/chile\/tatio-geysers-tour\/\" \/>\n<meta property=\"og:site_name\" content=\"Eric Adventures\" \/>\n<meta property=\"article:modified_time\" content=\"2026-04-23T18:05:58+00:00\" \/>\n<meta property=\"og:image\" content=\"https:\/\/www.ericadventures.com\/wp-content\/uploads\/Geisers1.jpg\" \/>\n\t<meta property=\"og:image:width\" content=\"621\" \/>\n\t<meta property=\"og:image:height\" content=\"396\" \/>\n\t<meta property=\"og:image:type\" content=\"image\/jpeg\" \/>\n<meta name=\"twitter:card\" content=\"summary_large_image\" \/>\n<meta name=\"twitter:label1\" content=\"Est. tempo de leitura\" \/>\n\t<meta name=\"twitter:data1\" content=\"4 minutos\" \/>\n<script type=\"application\/ld+json\" class=\"yoast-schema-graph\">{\"@context\":\"https:\/\/schema.org\",\"@graph\":[{\"@type\":\"WebPage\",\"@id\":\"https:\/\/www.ericadventures.com\/pt-br\/chile\/tatio-geysers-tour\/\",\"url\":\"https:\/\/www.ericadventures.com\/pt-br\/chile\/tatio-geysers-tour\/\",\"name\":\"Passeio ao G\u00eaiser do TatioSan Pedro de Atacama\",\"isPartOf\":{\"@id\":\"https:\/\/www.ericadventures.com\/en\/#website\"},\"primaryImageOfPage\":{\"@id\":\"https:\/\/www.ericadventures.com\/pt-br\/chile\/tatio-geysers-tour\/#primaryimage\"},\"image\":{\"@id\":\"https:\/\/www.ericadventures.com\/pt-br\/chile\/tatio-geysers-tour\/#primaryimage\"},\"thumbnailUrl\":\"https:\/\/www.ericadventures.com\/wp-content\/uploads\/Geisers1.jpg\",\"datePublished\":\"2025-06-14T22:56:31+00:00\",\"dateModified\":\"2026-04-23T18:05:58+00:00\",\"description\":\"If you're passing through San Pedro de Atacama, this is a must-do, as you'll discover the largest group of geysers in the Southern Hemisphere and the third largest in the world.\",\"breadcrumb\":{\"@id\":\"https:\/\/www.ericadventures.com\/pt-br\/chile\/tatio-geysers-tour\/#breadcrumb\"},\"inLanguage\":\"pt-BR\",\"potentialAction\":[{\"@type\":\"ReadAction\",\"target\":[\"https:\/\/www.ericadventures.com\/pt-br\/chile\/tatio-geysers-tour\/\"]}]},{\"@type\":\"ImageObject\",\"inLanguage\":\"pt-BR\",\"@id\":\"https:\/\/www.ericadventures.com\/pt-br\/chile\/tatio-geysers-tour\/#primaryimage\",\"url\":\"https:\/\/www.ericadventures.com\/wp-content\/uploads\/Geisers1.jpg\",\"contentUrl\":\"https:\/\/www.ericadventures.com\/wp-content\/uploads\/Geisers1.jpg\",\"width\":621,\"height\":396,\"caption\":\"San pedro de Atacama Chile\"},{\"@type\":\"BreadcrumbList\",\"@id\":\"https:\/\/www.ericadventures.com\/pt-br\/chile\/tatio-geysers-tour\/#breadcrumb\",\"itemListElement\":[{\"@type\":\"ListItem\",\"position\":1,\"name\":\"Home\",\"item\":\"https:\/\/www.ericadventures.com\/pt-br\/\"},{\"@type\":\"ListItem\",\"position\":2,\"name\":\"Tours in Chile\",\"item\":\"https:\/\/www.ericadventures.com\/en\/chile\/\"},{\"@type\":\"ListItem\",\"position\":3,\"name\":\"HD Passeio ao G\u00eaiser do Tatio\"}]},{\"@type\":\"WebSite\",\"@id\":\"https:\/\/www.ericadventures.com\/en\/#website\",\"url\":\"https:\/\/www.ericadventures.com\/en\/\",\"name\":\"Eric Adventures\",\"description\":\"\",\"publisher\":{\"@id\":\"https:\/\/www.ericadventures.com\/en\/#organization\"},\"alternateName\":\"Eric Adventures\",\"potentialAction\":[{\"@type\":\"SearchAction\",\"target\":{\"@type\":\"EntryPoint\",\"urlTemplate\":\"https:\/\/www.ericadventures.com\/en\/?s={search_term_string}\"},\"query-input\":{\"@type\":\"PropertyValueSpecification\",\"valueRequired\":true,\"valueName\":\"search_term_string\"}}],\"inLanguage\":\"pt-BR\"},{\"@type\":\"Organization\",\"@id\":\"https:\/\/www.ericadventures.com\/en\/#organization\",\"name\":\"Eric Adventures\",\"url\":\"https:\/\/www.ericadventures.com\/en\/\",\"logo\":{\"@type\":\"ImageObject\",\"inLanguage\":\"pt-BR\",\"@id\":\"https:\/\/www.ericadventures.com\/en\/#\/schema\/logo\/image\/\",\"url\":\"https:\/\/www.ericadventures.com\/wp-content\/uploads\/logo-ericadventures.png\",\"contentUrl\":\"https:\/\/www.ericadventures.com\/wp-content\/uploads\/logo-ericadventures.png\",\"width\":500,\"height\":106,\"caption\":\"Eric Adventures\"},\"image\":{\"@id\":\"https:\/\/www.ericadventures.com\/en\/#\/schema\/logo\/image\/\"}}]}<\/script>\n<!-- \/ Yoast SEO Premium plugin. -->","yoast_head_json":{"title":"Passeio ao G\u00eaiser do TatioSan Pedro de Atacama","description":"If you're passing through San Pedro de Atacama, this is a must-do, as you'll discover the largest group of geysers in the Southern Hemisphere and the third largest in the world.","robots":{"index":"index","follow":"follow","max-snippet":"max-snippet:-1","max-image-preview":"max-image-preview:large","max-video-preview":"max-video-preview:-1"},"canonical":"https:\/\/www.ericadventures.com\/pt-br\/chile\/tatio-geysers-tour\/","og_locale":"pt_BR","og_type":"article","og_title":"HD Passeio ao G\u00eaiser do Tatio","og_description":"If you're passing through San Pedro de Atacama, this is a must-do, as you'll discover the largest group of geysers in the Southern Hemisphere and the third largest in the world.","og_url":"https:\/\/www.ericadventures.com\/pt-br\/chile\/tatio-geysers-tour\/","og_site_name":"Eric Adventures","article_modified_time":"2026-04-23T18:05:58+00:00","og_image":[{"width":621,"height":396,"url":"https:\/\/www.ericadventures.com\/wp-content\/uploads\/Geisers1.jpg","type":"image\/jpeg"}],"twitter_card":"summary_large_image","twitter_misc":{"Est. tempo de leitura":"4 minutos"},"schema":{"@context":"https:\/\/schema.org","@graph":[{"@type":"WebPage","@id":"https:\/\/www.ericadventures.com\/pt-br\/chile\/tatio-geysers-tour\/","url":"https:\/\/www.ericadventures.com\/pt-br\/chile\/tatio-geysers-tour\/","name":"Passeio ao G\u00eaiser do TatioSan Pedro de Atacama","isPartOf":{"@id":"https:\/\/www.ericadventures.com\/en\/#website"},"primaryImageOfPage":{"@id":"https:\/\/www.ericadventures.com\/pt-br\/chile\/tatio-geysers-tour\/#primaryimage"},"image":{"@id":"https:\/\/www.ericadventures.com\/pt-br\/chile\/tatio-geysers-tour\/#primaryimage"},"thumbnailUrl":"https:\/\/www.ericadventures.com\/wp-content\/uploads\/Geisers1.jpg","datePublished":"2025-06-14T22:56:31+00:00","dateModified":"2026-04-23T18:05:58+00:00","description":"If you're passing through San Pedro de Atacama, this is a must-do, as you'll discover the largest group of geysers in the Southern Hemisphere and the third largest in the world.","breadcrumb":{"@id":"https:\/\/www.ericadventures.com\/pt-br\/chile\/tatio-geysers-tour\/#breadcrumb"},"inLanguage":"pt-BR","potentialAction":[{"@type":"ReadAction","target":["https:\/\/www.ericadventures.com\/pt-br\/chile\/tatio-geysers-tour\/"]}]},{"@type":"ImageObject","inLanguage":"pt-BR","@id":"https:\/\/www.ericadventures.com\/pt-br\/chile\/tatio-geysers-tour\/#primaryimage","url":"https:\/\/www.ericadventures.com\/wp-content\/uploads\/Geisers1.jpg","contentUrl":"https:\/\/www.ericadventures.com\/wp-content\/uploads\/Geisers1.jpg","width":621,"height":396,"caption":"San pedro de Atacama Chile"},{"@type":"BreadcrumbList","@id":"https:\/\/www.ericadventures.com\/pt-br\/chile\/tatio-geysers-tour\/#breadcrumb","itemListElement":[{"@type":"ListItem","position":1,"name":"Home","item":"https:\/\/www.ericadventures.com\/pt-br\/"},{"@type":"ListItem","position":2,"name":"Tours in Chile","item":"https:\/\/www.ericadventures.com\/en\/chile\/"},{"@type":"ListItem","position":3,"name":"HD Passeio ao G\u00eaiser do Tatio"}]},{"@type":"WebSite","@id":"https:\/\/www.ericadventures.com\/en\/#website","url":"https:\/\/www.ericadventures.com\/en\/","name":"Eric Adventures","description":"","publisher":{"@id":"https:\/\/www.ericadventures.com\/en\/#organization"},"alternateName":"Eric Adventures","potentialAction":[{"@type":"SearchAction","target":{"@type":"EntryPoint","urlTemplate":"https:\/\/www.ericadventures.com\/en\/?s={search_term_string}"},"query-input":{"@type":"PropertyValueSpecification","valueRequired":true,"valueName":"search_term_string"}}],"inLanguage":"pt-BR"},{"@type":"Organization","@id":"https:\/\/www.ericadventures.com\/en\/#organization","name":"Eric Adventures","url":"https:\/\/www.ericadventures.com\/en\/","logo":{"@type":"ImageObject","inLanguage":"pt-BR","@id":"https:\/\/www.ericadventures.com\/en\/#\/schema\/logo\/image\/","url":"https:\/\/www.ericadventures.com\/wp-content\/uploads\/logo-ericadventures.png","contentUrl":"https:\/\/www.ericadventures.com\/wp-content\/uploads\/logo-ericadventures.png","width":500,"height":106,"caption":"Eric Adventures"},"image":{"@id":"https:\/\/www.ericadventures.com\/en\/#\/schema\/logo\/image\/"}}]}},"coauthors":[],"author_meta":{"author_link":"https:\/\/www.ericadventures.com\/pt-br\/author\/marilyn\/","display_name":"Marilyn Ayma Gomez"},"relative_dates":{"created":"Publicado 11 meses atr\u00e1s","modified":"Atualizado 7 dias atr\u00e1s"},"absolute_dates":{"created":"Publicado em junho 14, 2025","modified":"Atualizado em abril 23, 2026"},"absolute_dates_time":{"created":"Publicado em junho 14, 2025 5:56 pm","modified":"Atualizado em abril 23, 2026 1:05 pm"},"featured_img_caption":"San pedro de Atacama Chile","featured_img":"https:\/\/www.ericadventures.com\/wp-content\/uploads\/Geisers1.jpg","series_order":"","_links":{"self":[{"href":"https:\/\/www.ericadventures.com\/pt-br\/wp-json\/wp\/v2\/pages\/37454","targetHints":{"allow":["GET"]}}],"collection":[{"href":"https:\/\/www.ericadventures.com\/pt-br\/wp-json\/wp\/v2\/pages"}],"about":[{"href":"https:\/\/www.ericadventures.com\/pt-br\/wp-json\/wp\/v2\/types\/page"}],"author":[{"embeddable":true,"href":"https:\/\/www.ericadventures.com\/pt-br\/wp-json\/wp\/v2\/users\/4"}],"replies":[{"embeddable":true,"href":"https:\/\/www.ericadventures.com\/pt-br\/wp-json\/wp\/v2\/comments?post=37454"}],"version-history":[{"count":10,"href":"https:\/\/www.ericadventures.com\/pt-br\/wp-json\/wp\/v2\/pages\/37454\/revisions"}],"predecessor-version":[{"id":47649,"href":"https:\/\/www.ericadventures.com\/pt-br\/wp-json\/wp\/v2\/pages\/37454\/revisions\/47649"}],"up":[{"embeddable":true,"href":"https:\/\/www.ericadventures.com\/pt-br\/wp-json\/wp\/v2\/pages\/36844"}],"wp:featuredmedia":[{"embeddable":true,"href":"https:\/\/www.ericadventures.com\/pt-br\/wp-json\/wp\/v2\/media\/37445"}],"wp:attachment":[{"href":"https:\/\/www.ericadventures.com\/pt-br\/wp-json\/wp\/v2\/media?parent=37454"}],"curies":[{"name":"wp","href":"https:\/\/api.w.org\/{rel}","templated":true}]}}