{"id":39317,"date":"2025-09-09T10:26:58","date_gmt":"2025-09-09T15:26:58","guid":{"rendered":"https:\/\/www.ericadventures.com\/?page_id=39317"},"modified":"2025-11-27T11:02:58","modified_gmt":"2025-11-27T16:02:58","slug":"casa-andina-premium-miraflores-hotel-lima","status":"publish","type":"page","link":"https:\/\/www.ericadventures.com\/pt-br\/hotel\/casa-andina-premium-miraflores-hotel-lima\/","title":{"rendered":"Casa Andina Premium Miraflores Hotel, Lima"},"content":{"rendered":"\n<div class=\"wp-block-group\"><div class=\"wp-block-group__inner-container is-layout-constrained wp-block-group-is-layout-constrained\">\n<div class=\"wp-block-columns is-layout-flex wp-container-core-columns-is-layout-9d6595d7 wp-block-columns-is-layout-flex\">\n<div class=\"wp-block-column is-layout-flow wp-block-column-is-layout-flow\" style=\"flex-basis:100%\"><\/div>\n<\/div>\n<\/div><\/div>\n\n\n\n<figure class=\"wp-block-table\"><table class=\"has-fixed-layout\"><thead><tr><th class=\"has-text-align-center\" data-align=\"center\">Tipo de Quarto<\/th><th class=\"has-text-align-center\" data-align=\"center\">Descri\u00e7\u00e3o<\/th><th class=\"has-text-align-center\" data-align=\"center\">Tarifa em d\u00f3lares americanos<\/th><\/tr><\/thead><tbody><tr><td class=\"has-text-align-center\" data-align=\"center\">Quarto Duplo Tradicional: 2 camas de casal (135 cm x 200 cm)<\/td><td class=\"has-text-align-center\" data-align=\"center\">2 full size beds (135 cm x 200 cm)<\/td><td class=\"has-text-align-center\" data-align=\"center\">170<\/td><\/tr><tr><td class=\"has-text-align-center\" data-align=\"center\">Quarto Duplo Superior: 2 camas de casal (135 cm x 200 cm)<\/td><td class=\"has-text-align-center\" data-align=\"center\">2 double beds (135 cm x 200 cm)<\/td><td class=\"has-text-align-center\" data-align=\"center\">185<\/td><\/tr><tr><td class=\"has-text-align-center\" data-align=\"center\">Quarto Duplo Deluxe: 2 camas de casal (135 cm x 200 cm)<\/td><td class=\"has-text-align-center\" data-align=\"center\">2 full-size beds (135 cm x 200 cm)<\/td><td class=\"has-text-align-center\" data-align=\"center\">235<\/td><\/tr><tr><td class=\"has-text-align-center\" data-align=\"center\">Quarto Triplo Superior: 3 camas de casal (135 cm x 200 cm)<\/td><td class=\"has-text-align-center\" data-align=\"center\">3 full-size beds (135 cm x 200 cm)<\/td><td class=\"has-text-align-center\" data-align=\"center\">240<\/td><\/tr><tr><td class=\"has-text-align-center\" data-align=\"center\">Su\u00edte: cama king size (198 cm x 203 cm)<\/td><td class=\"has-text-align-center\" data-align=\"center\">01King bed (198 cm x 203 cm)<\/td><td class=\"has-text-align-center\" data-align=\"center\">250<\/td><\/tr><tr><td class=\"has-text-align-center\" data-align=\"center\">Su\u00edte Superior<\/td><td class=\"has-text-align-center\" data-align=\"center\">uma cama king size (198 cm x 203 cm<\/td><td class=\"has-text-align-center\" data-align=\"center\">345<\/td><\/tr><\/tbody><\/table><\/figure>\n\n\n\n<p><strong>*Os pre\u00e7os podem variar de acordo com a disponibilidade e a temporada.<\/strong><\/p>\n\n\n\n<h3 class=\"wp-block-heading\" id=\"h-experimente-a-casa-andina-premium-miraflores\"><br>Experimente a Casa Andina Premium Miraflores<\/h3>\n\n\n\n<p>Localizada no vibrante cora\u00e7\u00e3o de Miraflores, a poucos passos do cal\u00e7ad\u00e3o e das principais atra\u00e7\u00f5es tur\u00edsticas e comerciais de Lima, a Casa Andina Premium Miraflores combina eleg\u00e2ncia, conforto e um estilo \u00fanico.<\/p>\n\n\n\n<p>Delicie-se com o buffet de caf\u00e9 da manh\u00e3 e os pratos gourmet requintados do Alma Restaurant &amp; Bar, uma oferta gastron\u00f4mica que desperta seus sentidos de manh\u00e3 \u00e0 noite.<\/p>\n\n\n\n<h3 class=\"wp-block-heading\" id=\"h-quartos\">QUARTOS<\/h3>\n\n\n\n<p>Desfrute de nossos quartos modernos, projetados para oferecer uma experi\u00eancia de descanso incompar\u00e1vel, com detalhes que unem o contempor\u00e2neo ao colonial. Nossas \u00e1reas comuns refletem essa harmonia perfeita, criando um ambiente acolhedor e sofisticado.<\/p>\n\n\n\n<p>Relaxe em nosso spa, d\u00ea um mergulho na piscina ou deixe nosso concierge e servi\u00e7o de quarto cuidarem de cada detalhe. Tamb\u00e9m temos 8 salas totalmente equipadas para suas reuni\u00f5es e eventos especiais.<\/p>\n\n\n\n<div class=\"wp-block-columns is-layout-flex wp-container-core-columns-is-layout-9d6595d7 wp-block-columns-is-layout-flex\">\n<div class=\"wp-block-column is-layout-flow wp-block-column-is-layout-flow\"><\/div>\n\n\n\n<div class=\"wp-block-column is-layout-flow wp-block-column-is-layout-flow\"><\/div>\n\n\n\n<div class=\"wp-block-column is-layout-flow wp-block-column-is-layout-flow\"><\/div>\n<\/div>\n\n\n\n<p><\/p>\n","protected":false},"excerpt":{"rendered":"<p>Tipo de Quarto Descri\u00e7\u00e3o Tarifa em d\u00f3lares americanos Quarto Duplo Tradicional: 2 camas de casal (135 cm x 200 cm) [&hellip;]<\/p>\n","protected":false},"author":4,"featured_media":39283,"parent":39748,"menu_order":0,"comment_status":"closed","ping_status":"closed","template":"page-hotel.php","meta":{"_acf_changed":false,"advgb_blocks_editor_width":"","advgb_blocks_columns_visual_guide":"","footnotes":""},"class_list":["post-39317","page","type-page","status-publish","has-post-thumbnail","hentry"],"acf":[],"yoast_head":"<!-- This site is optimized with the Yoast SEO Premium plugin v25.4 (Yoast SEO v26.9) - https:\/\/yoast.com\/product\/yoast-seo-premium-wordpress\/ -->\n<title>Casa Andina Premium Miraflores Hotel, Lima<\/title>\n<meta name=\"description\" content=\"Localizada no vibrante cora\u00e7\u00e3o de Miraflores, a poucos passos do cal\u00e7ad\u00e3o e das principais atra\u00e7\u00f5es tur\u00edsticas e comerciais de Lima, a Casa Andina Premium Miraflores combina eleg\u00e2ncia, conforto e um estilo \u00fanico.\" \/>\n<meta name=\"robots\" content=\"index, follow, max-snippet:-1, max-image-preview:large, max-video-preview:-1\" \/>\n<link rel=\"canonical\" href=\"https:\/\/www.ericadventures.com\/pt-br\/hotel\/casa-andina-premium-miraflores-hotel-lima\/\" \/>\n<meta property=\"og:locale\" content=\"pt_BR\" \/>\n<meta property=\"og:type\" content=\"article\" \/>\n<meta property=\"og:title\" content=\"Casa Andina Premium Miraflores Hotel, Lima\" \/>\n<meta property=\"og:description\" content=\"Localizada no vibrante cora\u00e7\u00e3o de Miraflores, a poucos passos do cal\u00e7ad\u00e3o e das principais atra\u00e7\u00f5es tur\u00edsticas e comerciais de Lima, a Casa Andina Premium Miraflores combina eleg\u00e2ncia, conforto e um estilo \u00fanico.\" \/>\n<meta property=\"og:url\" content=\"https:\/\/www.ericadventures.com\/pt-br\/hotel\/casa-andina-premium-miraflores-hotel-lima\/\" \/>\n<meta property=\"og:site_name\" content=\"Eric Adventures\" \/>\n<meta property=\"article:modified_time\" content=\"2025-11-27T16:02:58+00:00\" \/>\n<meta property=\"og:image\" content=\"https:\/\/www.ericadventures.com\/wp-content\/uploads\/Bar-Casa-Andina-Lima.jpg\" \/>\n\t<meta property=\"og:image:width\" content=\"597\" \/>\n\t<meta property=\"og:image:height\" content=\"396\" \/>\n\t<meta property=\"og:image:type\" content=\"image\/jpeg\" \/>\n<meta name=\"twitter:card\" content=\"summary_large_image\" \/>\n<meta name=\"twitter:label1\" content=\"Est. tempo de leitura\" \/>\n\t<meta name=\"twitter:data1\" content=\"2 minutos\" \/>\n<script type=\"application\/ld+json\" class=\"yoast-schema-graph\">{\"@context\":\"https:\/\/schema.org\",\"@graph\":[{\"@type\":\"WebPage\",\"@id\":\"https:\/\/www.ericadventures.com\/pt-br\/hotel\/casa-andina-premium-miraflores-hotel-lima\/\",\"url\":\"https:\/\/www.ericadventures.com\/pt-br\/hotel\/casa-andina-premium-miraflores-hotel-lima\/\",\"name\":\"Casa Andina Premium Miraflores Hotel, Lima\",\"isPartOf\":{\"@id\":\"https:\/\/www.ericadventures.com\/en\/#website\"},\"primaryImageOfPage\":{\"@id\":\"https:\/\/www.ericadventures.com\/pt-br\/hotel\/casa-andina-premium-miraflores-hotel-lima\/#primaryimage\"},\"image\":{\"@id\":\"https:\/\/www.ericadventures.com\/pt-br\/hotel\/casa-andina-premium-miraflores-hotel-lima\/#primaryimage\"},\"thumbnailUrl\":\"https:\/\/www.ericadventures.com\/wp-content\/uploads\/Bar-Casa-Andina-Lima.jpg\",\"datePublished\":\"2025-09-09T15:26:58+00:00\",\"dateModified\":\"2025-11-27T16:02:58+00:00\",\"description\":\"Localizada no vibrante cora\u00e7\u00e3o de Miraflores, a poucos passos do cal\u00e7ad\u00e3o e das principais atra\u00e7\u00f5es tur\u00edsticas e comerciais de Lima, a Casa Andina Premium Miraflores combina eleg\u00e2ncia, conforto e um estilo \u00fanico.\",\"breadcrumb\":{\"@id\":\"https:\/\/www.ericadventures.com\/pt-br\/hotel\/casa-andina-premium-miraflores-hotel-lima\/#breadcrumb\"},\"inLanguage\":\"pt-BR\",\"potentialAction\":[{\"@type\":\"ReadAction\",\"target\":[\"https:\/\/www.ericadventures.com\/pt-br\/hotel\/casa-andina-premium-miraflores-hotel-lima\/\"]}]},{\"@type\":\"ImageObject\",\"inLanguage\":\"pt-BR\",\"@id\":\"https:\/\/www.ericadventures.com\/pt-br\/hotel\/casa-andina-premium-miraflores-hotel-lima\/#primaryimage\",\"url\":\"https:\/\/www.ericadventures.com\/wp-content\/uploads\/Bar-Casa-Andina-Lima.jpg\",\"contentUrl\":\"https:\/\/www.ericadventures.com\/wp-content\/uploads\/Bar-Casa-Andina-Lima.jpg\",\"width\":597,\"height\":396,\"caption\":\"Casa Andina Premium Miraflores Hotel, Lima\"},{\"@type\":\"BreadcrumbList\",\"@id\":\"https:\/\/www.ericadventures.com\/pt-br\/hotel\/casa-andina-premium-miraflores-hotel-lima\/#breadcrumb\",\"itemListElement\":[{\"@type\":\"ListItem\",\"position\":1,\"name\":\"Home\",\"item\":\"https:\/\/www.ericadventures.com\/pt-br\/\"},{\"@type\":\"ListItem\",\"position\":2,\"name\":\"Hotels\",\"item\":\"https:\/\/www.ericadventures.com\/pt-br\/hotel\/\"},{\"@type\":\"ListItem\",\"position\":3,\"name\":\"Casa Andina Premium Miraflores Hotel, Lima\"}]},{\"@type\":\"WebSite\",\"@id\":\"https:\/\/www.ericadventures.com\/en\/#website\",\"url\":\"https:\/\/www.ericadventures.com\/en\/\",\"name\":\"Eric Adventures\",\"description\":\"\",\"publisher\":{\"@id\":\"https:\/\/www.ericadventures.com\/en\/#organization\"},\"alternateName\":\"Eric Adventures\",\"potentialAction\":[{\"@type\":\"SearchAction\",\"target\":{\"@type\":\"EntryPoint\",\"urlTemplate\":\"https:\/\/www.ericadventures.com\/en\/?s={search_term_string}\"},\"query-input\":{\"@type\":\"PropertyValueSpecification\",\"valueRequired\":true,\"valueName\":\"search_term_string\"}}],\"inLanguage\":\"pt-BR\"},{\"@type\":\"Organization\",\"@id\":\"https:\/\/www.ericadventures.com\/en\/#organization\",\"name\":\"Eric Adventures\",\"url\":\"https:\/\/www.ericadventures.com\/en\/\",\"logo\":{\"@type\":\"ImageObject\",\"inLanguage\":\"pt-BR\",\"@id\":\"https:\/\/www.ericadventures.com\/en\/#\/schema\/logo\/image\/\",\"url\":\"https:\/\/www.ericadventures.com\/wp-content\/uploads\/logo-ericadventures.png\",\"contentUrl\":\"https:\/\/www.ericadventures.com\/wp-content\/uploads\/logo-ericadventures.png\",\"width\":500,\"height\":106,\"caption\":\"Eric Adventures\"},\"image\":{\"@id\":\"https:\/\/www.ericadventures.com\/en\/#\/schema\/logo\/image\/\"}}]}<\/script>\n<!-- \/ Yoast SEO Premium plugin. -->","yoast_head_json":{"title":"Casa Andina Premium Miraflores Hotel, Lima","description":"Localizada no vibrante cora\u00e7\u00e3o de Miraflores, a poucos passos do cal\u00e7ad\u00e3o e das principais atra\u00e7\u00f5es tur\u00edsticas e comerciais de Lima, a Casa Andina Premium Miraflores combina eleg\u00e2ncia, conforto e um estilo \u00fanico.","robots":{"index":"index","follow":"follow","max-snippet":"max-snippet:-1","max-image-preview":"max-image-preview:large","max-video-preview":"max-video-preview:-1"},"canonical":"https:\/\/www.ericadventures.com\/pt-br\/hotel\/casa-andina-premium-miraflores-hotel-lima\/","og_locale":"pt_BR","og_type":"article","og_title":"Casa Andina Premium Miraflores Hotel, Lima","og_description":"Localizada no vibrante cora\u00e7\u00e3o de Miraflores, a poucos passos do cal\u00e7ad\u00e3o e das principais atra\u00e7\u00f5es tur\u00edsticas e comerciais de Lima, a Casa Andina Premium Miraflores combina eleg\u00e2ncia, conforto e um estilo \u00fanico.","og_url":"https:\/\/www.ericadventures.com\/pt-br\/hotel\/casa-andina-premium-miraflores-hotel-lima\/","og_site_name":"Eric Adventures","article_modified_time":"2025-11-27T16:02:58+00:00","og_image":[{"width":597,"height":396,"url":"https:\/\/www.ericadventures.com\/wp-content\/uploads\/Bar-Casa-Andina-Lima.jpg","type":"image\/jpeg"}],"twitter_card":"summary_large_image","twitter_misc":{"Est. tempo de leitura":"2 minutos"},"schema":{"@context":"https:\/\/schema.org","@graph":[{"@type":"WebPage","@id":"https:\/\/www.ericadventures.com\/pt-br\/hotel\/casa-andina-premium-miraflores-hotel-lima\/","url":"https:\/\/www.ericadventures.com\/pt-br\/hotel\/casa-andina-premium-miraflores-hotel-lima\/","name":"Casa Andina Premium Miraflores Hotel, Lima","isPartOf":{"@id":"https:\/\/www.ericadventures.com\/en\/#website"},"primaryImageOfPage":{"@id":"https:\/\/www.ericadventures.com\/pt-br\/hotel\/casa-andina-premium-miraflores-hotel-lima\/#primaryimage"},"image":{"@id":"https:\/\/www.ericadventures.com\/pt-br\/hotel\/casa-andina-premium-miraflores-hotel-lima\/#primaryimage"},"thumbnailUrl":"https:\/\/www.ericadventures.com\/wp-content\/uploads\/Bar-Casa-Andina-Lima.jpg","datePublished":"2025-09-09T15:26:58+00:00","dateModified":"2025-11-27T16:02:58+00:00","description":"Localizada no vibrante cora\u00e7\u00e3o de Miraflores, a poucos passos do cal\u00e7ad\u00e3o e das principais atra\u00e7\u00f5es tur\u00edsticas e comerciais de Lima, a Casa Andina Premium Miraflores combina eleg\u00e2ncia, conforto e um estilo \u00fanico.","breadcrumb":{"@id":"https:\/\/www.ericadventures.com\/pt-br\/hotel\/casa-andina-premium-miraflores-hotel-lima\/#breadcrumb"},"inLanguage":"pt-BR","potentialAction":[{"@type":"ReadAction","target":["https:\/\/www.ericadventures.com\/pt-br\/hotel\/casa-andina-premium-miraflores-hotel-lima\/"]}]},{"@type":"ImageObject","inLanguage":"pt-BR","@id":"https:\/\/www.ericadventures.com\/pt-br\/hotel\/casa-andina-premium-miraflores-hotel-lima\/#primaryimage","url":"https:\/\/www.ericadventures.com\/wp-content\/uploads\/Bar-Casa-Andina-Lima.jpg","contentUrl":"https:\/\/www.ericadventures.com\/wp-content\/uploads\/Bar-Casa-Andina-Lima.jpg","width":597,"height":396,"caption":"Casa Andina Premium Miraflores Hotel, Lima"},{"@type":"BreadcrumbList","@id":"https:\/\/www.ericadventures.com\/pt-br\/hotel\/casa-andina-premium-miraflores-hotel-lima\/#breadcrumb","itemListElement":[{"@type":"ListItem","position":1,"name":"Home","item":"https:\/\/www.ericadventures.com\/pt-br\/"},{"@type":"ListItem","position":2,"name":"Hotels","item":"https:\/\/www.ericadventures.com\/pt-br\/hotel\/"},{"@type":"ListItem","position":3,"name":"Casa Andina Premium Miraflores Hotel, Lima"}]},{"@type":"WebSite","@id":"https:\/\/www.ericadventures.com\/en\/#website","url":"https:\/\/www.ericadventures.com\/en\/","name":"Eric Adventures","description":"","publisher":{"@id":"https:\/\/www.ericadventures.com\/en\/#organization"},"alternateName":"Eric Adventures","potentialAction":[{"@type":"SearchAction","target":{"@type":"EntryPoint","urlTemplate":"https:\/\/www.ericadventures.com\/en\/?s={search_term_string}"},"query-input":{"@type":"PropertyValueSpecification","valueRequired":true,"valueName":"search_term_string"}}],"inLanguage":"pt-BR"},{"@type":"Organization","@id":"https:\/\/www.ericadventures.com\/en\/#organization","name":"Eric Adventures","url":"https:\/\/www.ericadventures.com\/en\/","logo":{"@type":"ImageObject","inLanguage":"pt-BR","@id":"https:\/\/www.ericadventures.com\/en\/#\/schema\/logo\/image\/","url":"https:\/\/www.ericadventures.com\/wp-content\/uploads\/logo-ericadventures.png","contentUrl":"https:\/\/www.ericadventures.com\/wp-content\/uploads\/logo-ericadventures.png","width":500,"height":106,"caption":"Eric Adventures"},"image":{"@id":"https:\/\/www.ericadventures.com\/en\/#\/schema\/logo\/image\/"}}]}},"coauthors":[],"author_meta":{"author_link":"https:\/\/www.ericadventures.com\/pt-br\/author\/marilyn\/","display_name":"Marilyn Ayma Gomez"},"relative_dates":{"created":"Publicado 8 meses atr\u00e1s","modified":"Atualizado 5 meses atr\u00e1s"},"absolute_dates":{"created":"Publicado em setembro 9, 2025","modified":"Atualizado em novembro 27, 2025"},"absolute_dates_time":{"created":"Publicado em setembro 9, 2025 10:26 am","modified":"Atualizado em novembro 27, 2025 11:02 am"},"featured_img_caption":"","featured_img":"https:\/\/www.ericadventures.com\/wp-content\/uploads\/Bar-Casa-Andina-Lima.jpg","series_order":"","_links":{"self":[{"href":"https:\/\/www.ericadventures.com\/pt-br\/wp-json\/wp\/v2\/pages\/39317","targetHints":{"allow":["GET"]}}],"collection":[{"href":"https:\/\/www.ericadventures.com\/pt-br\/wp-json\/wp\/v2\/pages"}],"about":[{"href":"https:\/\/www.ericadventures.com\/pt-br\/wp-json\/wp\/v2\/types\/page"}],"author":[{"embeddable":true,"href":"https:\/\/www.ericadventures.com\/pt-br\/wp-json\/wp\/v2\/users\/4"}],"replies":[{"embeddable":true,"href":"https:\/\/www.ericadventures.com\/pt-br\/wp-json\/wp\/v2\/comments?post=39317"}],"version-history":[{"count":5,"href":"https:\/\/www.ericadventures.com\/pt-br\/wp-json\/wp\/v2\/pages\/39317\/revisions"}],"predecessor-version":[{"id":43417,"href":"https:\/\/www.ericadventures.com\/pt-br\/wp-json\/wp\/v2\/pages\/39317\/revisions\/43417"}],"up":[{"embeddable":true,"href":"https:\/\/www.ericadventures.com\/pt-br\/wp-json\/wp\/v2\/pages\/39748"}],"wp:featuredmedia":[{"embeddable":true,"href":"https:\/\/www.ericadventures.com\/pt-br\/wp-json\/wp\/v2\/media\/39283"}],"wp:attachment":[{"href":"https:\/\/www.ericadventures.com\/pt-br\/wp-json\/wp\/v2\/media?parent=39317"}],"curies":[{"name":"wp","href":"https:\/\/api.w.org\/{rel}","templated":true}]}}