{"id":39442,"date":"2025-09-05T09:44:36","date_gmt":"2025-09-05T14:44:36","guid":{"rendered":"https:\/\/www.ericadventures.com\/sanctuary-lodge-hotel-machupicchu\/"},"modified":"2026-03-25T12:32:16","modified_gmt":"2026-03-25T17:32:16","slug":"belmond-sanctuary-lodge-hotel-machupicchu","status":"publish","type":"page","link":"https:\/\/www.ericadventures.com\/pt-br\/hotel\/belmond-sanctuary-lodge-hotel-machupicchu\/","title":{"rendered":"Belmond Sanctuary Lodge hotel, Machupicchu"},"content":{"rendered":"\n<div class=\"wp-block-group\"><div class=\"wp-block-group__inner-container is-layout-constrained wp-block-group-is-layout-constrained\">\n<div class=\"wp-block-columns is-layout-flex wp-container-core-columns-is-layout-9d6595d7 wp-block-columns-is-layout-flex\">\n<div class=\"wp-block-column is-layout-flow wp-block-column-is-layout-flow\" style=\"flex-basis:100%\"><\/div>\n<\/div>\n<\/div><\/div>\n\n\n\n<figure class=\"wp-block-table\"><table class=\"has-fixed-layout\"><thead><tr><th class=\"has-text-align-center\" data-align=\"center\">Tipo de Quarto<\/th><th class=\"has-text-align-center\" data-align=\"center\">Descri\u00e7\u00e3o<\/th><th class=\"has-text-align-center\" data-align=\"center\">Pre\u00e7o do Quarto em D\u00f3lares Americanos<\/th><\/tr><\/thead><tbody><tr><td class=\"has-text-align-center\" data-align=\"center\">Quarto Standard<\/td><td class=\"has-text-align-center\" data-align=\"center\">1 Cama King Size<\/td><td class=\"has-text-align-center\" data-align=\"center\">2,185<\/td><\/tr><tr><td class=\"has-text-align-center\" data-align=\"center\">Quarto Standard com P\u00e1tio<\/td><td class=\"has-text-align-center\" data-align=\"center\">1 Cama King Size ou 2 Camas de Solteiro<\/td><td class=\"has-text-align-center\" data-align=\"center\">2,240<\/td><\/tr><tr><td class=\"has-text-align-center\" data-align=\"center\">Quartos Deluxe<\/td><td class=\"has-text-align-center\" data-align=\"center\">1 Cama King Size ou 2 Camas de Solteiro<\/td><td class=\"has-text-align-center\" data-align=\"center\">2,600<\/td><\/tr><\/tbody><\/table><\/figure>\n\n\n\n<p><strong>*Os pre\u00e7os variam de acordo com a disponibilidade e a temporada.<\/strong><\/p>\n\n\n\n<p>Descubra um retiro m\u00e1gico \u00e0s portas de Machu Picchu<\/p>\n\n\n\n<p>Imagine acordar cercado por orqu\u00eddeas ex\u00f3ticas e borboletas dan\u00e7antes, com a n\u00e9voa matinal acariciando os picos andinos. Perto dali, ru\u00ednas antigas e a imponente floresta nublada convidam voc\u00ea a explorar a hist\u00f3ria e a natureza em seu melhor.<\/p>\n\n\n\n<p>Se voc\u00ea busca uma estadia \u00fanica em Machu Picchu, nossos retiros exclusivos oferecem mais do que conforto: proporcionam uma conex\u00e3o aut\u00eantica com a majestade dos arredores. A poucos passos da entrada da cidadela inca, cada quarto foi projetado para refletir a harmonia e a beleza da paisagem circundante.<\/p>\n\n\n\n<p>Experimente Machu Picchu como nunca antes. Reserve hoje mesmo a sua escapada perfeita.<\/p>\n\n\n\n<h3 class=\"wp-block-heading\" id=\"h-quartos\">QUARTOS<\/h3>\n\n\n\n<p>Mergulhe no seu pr\u00f3prio para\u00edso de conforto e eleg\u00e2ncia.<br>Relaxe em uma luxuosa cama king-size, envolta em absoluta maciez, enquanto detalhes em madeira nobre e tecidos artesanais refletem a ess\u00eancia da paisagem andina ao redor. Cada elemento foi cuidadosamente projetado p<\/p>\n\n\n\n<div class=\"wp-block-columns is-layout-flex wp-container-core-columns-is-layout-9d6595d7 wp-block-columns-is-layout-flex\">\n<div class=\"wp-block-column is-layout-flow wp-block-column-is-layout-flow\"><\/div>\n\n\n\n<div class=\"wp-block-column is-layout-flow wp-block-column-is-layout-flow\"><\/div>\n\n\n\n<div class=\"wp-block-column is-layout-flow wp-block-column-is-layout-flow\"><\/div>\n<\/div>\n\n\n\n<p><\/p>\n","protected":false},"excerpt":{"rendered":"<p>Tipo de Quarto Descri\u00e7\u00e3o Pre\u00e7o do Quarto em D\u00f3lares Americanos Quarto Standard 1 Cama King Size 2,185 Quarto Standard com [&hellip;]<\/p>\n","protected":false},"author":4,"featured_media":39421,"parent":39748,"menu_order":0,"comment_status":"closed","ping_status":"closed","template":"page-hotel.php","meta":{"_acf_changed":false,"advgb_blocks_editor_width":"","advgb_blocks_columns_visual_guide":"","footnotes":""},"class_list":["post-39442","page","type-page","status-publish","has-post-thumbnail","hentry"],"acf":[],"yoast_head":"<!-- This site is optimized with the Yoast SEO Premium plugin v25.4 (Yoast SEO v26.9) - https:\/\/yoast.com\/product\/yoast-seo-premium-wordpress\/ -->\n<title>Belmond Sanctuary Lodge hotel, Machupicchu<\/title>\n<meta name=\"description\" content=\"Como o \u00fanico hotel localizado pr\u00f3ximo a Machu Picchu, o Belmond Sanctuary Lodge lhe d\u00e1 o privil\u00e9gio de ser o primeiro a entrar na Cidadela ao amanhecer, quando o mundo ainda est\u00e1 dormindo e a magia inca ganha vida.\" \/>\n<meta name=\"robots\" content=\"index, follow, max-snippet:-1, max-image-preview:large, max-video-preview:-1\" \/>\n<link rel=\"canonical\" href=\"https:\/\/www.ericadventures.com\/pt-br\/hotel\/belmond-sanctuary-lodge-hotel-machupicchu\/\" \/>\n<meta property=\"og:locale\" content=\"pt_BR\" \/>\n<meta property=\"og:type\" content=\"article\" \/>\n<meta property=\"og:title\" content=\"Belmond Sanctuary Lodge hotel, Machupicchu\" \/>\n<meta property=\"og:description\" content=\"Como o \u00fanico hotel localizado pr\u00f3ximo a Machu Picchu, o Belmond Sanctuary Lodge lhe d\u00e1 o privil\u00e9gio de ser o primeiro a entrar na Cidadela ao amanhecer, quando o mundo ainda est\u00e1 dormindo e a magia inca ganha vida.\" \/>\n<meta property=\"og:url\" content=\"https:\/\/www.ericadventures.com\/pt-br\/hotel\/belmond-sanctuary-lodge-hotel-machupicchu\/\" \/>\n<meta property=\"og:site_name\" content=\"Eric Adventures\" \/>\n<meta property=\"article:modified_time\" content=\"2026-03-25T17:32:16+00:00\" \/>\n<meta property=\"og:image\" content=\"https:\/\/www.ericadventures.com\/wp-content\/uploads\/Santuary-deluxe.jpg\" \/>\n\t<meta property=\"og:image:width\" content=\"932\" \/>\n\t<meta property=\"og:image:height\" content=\"640\" \/>\n\t<meta property=\"og:image:type\" content=\"image\/jpeg\" \/>\n<meta name=\"twitter:card\" content=\"summary_large_image\" \/>\n<meta name=\"twitter:label1\" content=\"Est. tempo de leitura\" \/>\n\t<meta name=\"twitter:data1\" content=\"2 minutos\" \/>\n<script type=\"application\/ld+json\" class=\"yoast-schema-graph\">{\"@context\":\"https:\/\/schema.org\",\"@graph\":[{\"@type\":\"WebPage\",\"@id\":\"https:\/\/www.ericadventures.com\/pt-br\/hotel\/belmond-sanctuary-lodge-hotel-machupicchu\/\",\"url\":\"https:\/\/www.ericadventures.com\/pt-br\/hotel\/belmond-sanctuary-lodge-hotel-machupicchu\/\",\"name\":\"Belmond Sanctuary Lodge hotel, Machupicchu\",\"isPartOf\":{\"@id\":\"https:\/\/www.ericadventures.com\/en\/#website\"},\"primaryImageOfPage\":{\"@id\":\"https:\/\/www.ericadventures.com\/pt-br\/hotel\/belmond-sanctuary-lodge-hotel-machupicchu\/#primaryimage\"},\"image\":{\"@id\":\"https:\/\/www.ericadventures.com\/pt-br\/hotel\/belmond-sanctuary-lodge-hotel-machupicchu\/#primaryimage\"},\"thumbnailUrl\":\"https:\/\/www.ericadventures.com\/wp-content\/uploads\/Santuary-deluxe.jpg\",\"datePublished\":\"2025-09-05T14:44:36+00:00\",\"dateModified\":\"2026-03-25T17:32:16+00:00\",\"description\":\"Como o \u00fanico hotel localizado pr\u00f3ximo a Machu Picchu, o Belmond Sanctuary Lodge lhe d\u00e1 o privil\u00e9gio de ser o primeiro a entrar na Cidadela ao amanhecer, quando o mundo ainda est\u00e1 dormindo e a magia inca ganha vida.\",\"breadcrumb\":{\"@id\":\"https:\/\/www.ericadventures.com\/pt-br\/hotel\/belmond-sanctuary-lodge-hotel-machupicchu\/#breadcrumb\"},\"inLanguage\":\"pt-BR\",\"potentialAction\":[{\"@type\":\"ReadAction\",\"target\":[\"https:\/\/www.ericadventures.com\/pt-br\/hotel\/belmond-sanctuary-lodge-hotel-machupicchu\/\"]}]},{\"@type\":\"ImageObject\",\"inLanguage\":\"pt-BR\",\"@id\":\"https:\/\/www.ericadventures.com\/pt-br\/hotel\/belmond-sanctuary-lodge-hotel-machupicchu\/#primaryimage\",\"url\":\"https:\/\/www.ericadventures.com\/wp-content\/uploads\/Santuary-deluxe.jpg\",\"contentUrl\":\"https:\/\/www.ericadventures.com\/wp-content\/uploads\/Santuary-deluxe.jpg\",\"width\":932,\"height\":640,\"caption\":\"Belmond Sanctuary Lodge hotel, Machupicchu\"},{\"@type\":\"BreadcrumbList\",\"@id\":\"https:\/\/www.ericadventures.com\/pt-br\/hotel\/belmond-sanctuary-lodge-hotel-machupicchu\/#breadcrumb\",\"itemListElement\":[{\"@type\":\"ListItem\",\"position\":1,\"name\":\"Home\",\"item\":\"https:\/\/www.ericadventures.com\/pt-br\/\"},{\"@type\":\"ListItem\",\"position\":2,\"name\":\"Hotels\",\"item\":\"https:\/\/www.ericadventures.com\/pt-br\/hotel\/\"},{\"@type\":\"ListItem\",\"position\":3,\"name\":\"Belmond Sanctuary Lodge hotel, Machupicchu\"}]},{\"@type\":\"WebSite\",\"@id\":\"https:\/\/www.ericadventures.com\/en\/#website\",\"url\":\"https:\/\/www.ericadventures.com\/en\/\",\"name\":\"Eric Adventures\",\"description\":\"\",\"publisher\":{\"@id\":\"https:\/\/www.ericadventures.com\/en\/#organization\"},\"alternateName\":\"Eric Adventures\",\"potentialAction\":[{\"@type\":\"SearchAction\",\"target\":{\"@type\":\"EntryPoint\",\"urlTemplate\":\"https:\/\/www.ericadventures.com\/en\/?s={search_term_string}\"},\"query-input\":{\"@type\":\"PropertyValueSpecification\",\"valueRequired\":true,\"valueName\":\"search_term_string\"}}],\"inLanguage\":\"pt-BR\"},{\"@type\":\"Organization\",\"@id\":\"https:\/\/www.ericadventures.com\/en\/#organization\",\"name\":\"Eric Adventures\",\"url\":\"https:\/\/www.ericadventures.com\/en\/\",\"logo\":{\"@type\":\"ImageObject\",\"inLanguage\":\"pt-BR\",\"@id\":\"https:\/\/www.ericadventures.com\/en\/#\/schema\/logo\/image\/\",\"url\":\"https:\/\/www.ericadventures.com\/wp-content\/uploads\/logo-ericadventures.png\",\"contentUrl\":\"https:\/\/www.ericadventures.com\/wp-content\/uploads\/logo-ericadventures.png\",\"width\":500,\"height\":106,\"caption\":\"Eric Adventures\"},\"image\":{\"@id\":\"https:\/\/www.ericadventures.com\/en\/#\/schema\/logo\/image\/\"}}]}<\/script>\n<!-- \/ Yoast SEO Premium plugin. -->","yoast_head_json":{"title":"Belmond Sanctuary Lodge hotel, Machupicchu","description":"Como o \u00fanico hotel localizado pr\u00f3ximo a Machu Picchu, o Belmond Sanctuary Lodge lhe d\u00e1 o privil\u00e9gio de ser o primeiro a entrar na Cidadela ao amanhecer, quando o mundo ainda est\u00e1 dormindo e a magia inca ganha vida.","robots":{"index":"index","follow":"follow","max-snippet":"max-snippet:-1","max-image-preview":"max-image-preview:large","max-video-preview":"max-video-preview:-1"},"canonical":"https:\/\/www.ericadventures.com\/pt-br\/hotel\/belmond-sanctuary-lodge-hotel-machupicchu\/","og_locale":"pt_BR","og_type":"article","og_title":"Belmond Sanctuary Lodge hotel, Machupicchu","og_description":"Como o \u00fanico hotel localizado pr\u00f3ximo a Machu Picchu, o Belmond Sanctuary Lodge lhe d\u00e1 o privil\u00e9gio de ser o primeiro a entrar na Cidadela ao amanhecer, quando o mundo ainda est\u00e1 dormindo e a magia inca ganha vida.","og_url":"https:\/\/www.ericadventures.com\/pt-br\/hotel\/belmond-sanctuary-lodge-hotel-machupicchu\/","og_site_name":"Eric Adventures","article_modified_time":"2026-03-25T17:32:16+00:00","og_image":[{"width":932,"height":640,"url":"https:\/\/www.ericadventures.com\/wp-content\/uploads\/Santuary-deluxe.jpg","type":"image\/jpeg"}],"twitter_card":"summary_large_image","twitter_misc":{"Est. tempo de leitura":"2 minutos"},"schema":{"@context":"https:\/\/schema.org","@graph":[{"@type":"WebPage","@id":"https:\/\/www.ericadventures.com\/pt-br\/hotel\/belmond-sanctuary-lodge-hotel-machupicchu\/","url":"https:\/\/www.ericadventures.com\/pt-br\/hotel\/belmond-sanctuary-lodge-hotel-machupicchu\/","name":"Belmond Sanctuary Lodge hotel, Machupicchu","isPartOf":{"@id":"https:\/\/www.ericadventures.com\/en\/#website"},"primaryImageOfPage":{"@id":"https:\/\/www.ericadventures.com\/pt-br\/hotel\/belmond-sanctuary-lodge-hotel-machupicchu\/#primaryimage"},"image":{"@id":"https:\/\/www.ericadventures.com\/pt-br\/hotel\/belmond-sanctuary-lodge-hotel-machupicchu\/#primaryimage"},"thumbnailUrl":"https:\/\/www.ericadventures.com\/wp-content\/uploads\/Santuary-deluxe.jpg","datePublished":"2025-09-05T14:44:36+00:00","dateModified":"2026-03-25T17:32:16+00:00","description":"Como o \u00fanico hotel localizado pr\u00f3ximo a Machu Picchu, o Belmond Sanctuary Lodge lhe d\u00e1 o privil\u00e9gio de ser o primeiro a entrar na Cidadela ao amanhecer, quando o mundo ainda est\u00e1 dormindo e a magia inca ganha vida.","breadcrumb":{"@id":"https:\/\/www.ericadventures.com\/pt-br\/hotel\/belmond-sanctuary-lodge-hotel-machupicchu\/#breadcrumb"},"inLanguage":"pt-BR","potentialAction":[{"@type":"ReadAction","target":["https:\/\/www.ericadventures.com\/pt-br\/hotel\/belmond-sanctuary-lodge-hotel-machupicchu\/"]}]},{"@type":"ImageObject","inLanguage":"pt-BR","@id":"https:\/\/www.ericadventures.com\/pt-br\/hotel\/belmond-sanctuary-lodge-hotel-machupicchu\/#primaryimage","url":"https:\/\/www.ericadventures.com\/wp-content\/uploads\/Santuary-deluxe.jpg","contentUrl":"https:\/\/www.ericadventures.com\/wp-content\/uploads\/Santuary-deluxe.jpg","width":932,"height":640,"caption":"Belmond Sanctuary Lodge hotel, Machupicchu"},{"@type":"BreadcrumbList","@id":"https:\/\/www.ericadventures.com\/pt-br\/hotel\/belmond-sanctuary-lodge-hotel-machupicchu\/#breadcrumb","itemListElement":[{"@type":"ListItem","position":1,"name":"Home","item":"https:\/\/www.ericadventures.com\/pt-br\/"},{"@type":"ListItem","position":2,"name":"Hotels","item":"https:\/\/www.ericadventures.com\/pt-br\/hotel\/"},{"@type":"ListItem","position":3,"name":"Belmond Sanctuary Lodge hotel, Machupicchu"}]},{"@type":"WebSite","@id":"https:\/\/www.ericadventures.com\/en\/#website","url":"https:\/\/www.ericadventures.com\/en\/","name":"Eric Adventures","description":"","publisher":{"@id":"https:\/\/www.ericadventures.com\/en\/#organization"},"alternateName":"Eric Adventures","potentialAction":[{"@type":"SearchAction","target":{"@type":"EntryPoint","urlTemplate":"https:\/\/www.ericadventures.com\/en\/?s={search_term_string}"},"query-input":{"@type":"PropertyValueSpecification","valueRequired":true,"valueName":"search_term_string"}}],"inLanguage":"pt-BR"},{"@type":"Organization","@id":"https:\/\/www.ericadventures.com\/en\/#organization","name":"Eric Adventures","url":"https:\/\/www.ericadventures.com\/en\/","logo":{"@type":"ImageObject","inLanguage":"pt-BR","@id":"https:\/\/www.ericadventures.com\/en\/#\/schema\/logo\/image\/","url":"https:\/\/www.ericadventures.com\/wp-content\/uploads\/logo-ericadventures.png","contentUrl":"https:\/\/www.ericadventures.com\/wp-content\/uploads\/logo-ericadventures.png","width":500,"height":106,"caption":"Eric Adventures"},"image":{"@id":"https:\/\/www.ericadventures.com\/en\/#\/schema\/logo\/image\/"}}]}},"coauthors":[],"author_meta":{"author_link":"https:\/\/www.ericadventures.com\/pt-br\/author\/marilyn\/","display_name":"Marilyn Ayma Gomez"},"relative_dates":{"created":"Publicado 8 meses atr\u00e1s","modified":"Atualizado 1 m\u00eas atr\u00e1s"},"absolute_dates":{"created":"Publicado em setembro 5, 2025","modified":"Atualizado em mar\u00e7o 25, 2026"},"absolute_dates_time":{"created":"Publicado em setembro 5, 2025 9:44 am","modified":"Atualizado em mar\u00e7o 25, 2026 12:32 pm"},"featured_img_caption":"","featured_img":"https:\/\/www.ericadventures.com\/wp-content\/uploads\/Santuary-deluxe.jpg","series_order":"","_links":{"self":[{"href":"https:\/\/www.ericadventures.com\/pt-br\/wp-json\/wp\/v2\/pages\/39442","targetHints":{"allow":["GET"]}}],"collection":[{"href":"https:\/\/www.ericadventures.com\/pt-br\/wp-json\/wp\/v2\/pages"}],"about":[{"href":"https:\/\/www.ericadventures.com\/pt-br\/wp-json\/wp\/v2\/types\/page"}],"author":[{"embeddable":true,"href":"https:\/\/www.ericadventures.com\/pt-br\/wp-json\/wp\/v2\/users\/4"}],"replies":[{"embeddable":true,"href":"https:\/\/www.ericadventures.com\/pt-br\/wp-json\/wp\/v2\/comments?post=39442"}],"version-history":[{"count":6,"href":"https:\/\/www.ericadventures.com\/pt-br\/wp-json\/wp\/v2\/pages\/39442\/revisions"}],"predecessor-version":[{"id":46259,"href":"https:\/\/www.ericadventures.com\/pt-br\/wp-json\/wp\/v2\/pages\/39442\/revisions\/46259"}],"up":[{"embeddable":true,"href":"https:\/\/www.ericadventures.com\/pt-br\/wp-json\/wp\/v2\/pages\/39748"}],"wp:featuredmedia":[{"embeddable":true,"href":"https:\/\/www.ericadventures.com\/pt-br\/wp-json\/wp\/v2\/media\/39421"}],"wp:attachment":[{"href":"https:\/\/www.ericadventures.com\/pt-br\/wp-json\/wp\/v2\/media?parent=39442"}],"curies":[{"name":"wp","href":"https:\/\/api.w.org\/{rel}","templated":true}]}}