{"id":39857,"date":"2025-09-13T11:49:27","date_gmt":"2025-09-13T16:49:27","guid":{"rendered":"https:\/\/www.ericadventures.com\/hotel\/palacio-del-inca-luxury-collection-hotel-cusco\/"},"modified":"2025-11-28T11:20:24","modified_gmt":"2025-11-28T16:20:24","slug":"palacio-del-inca-luxury-collection-hotel-cusco","status":"publish","type":"page","link":"https:\/\/www.ericadventures.com\/pt-br\/hotel\/palacio-del-inca-luxury-collection-hotel-cusco\/","title":{"rendered":"Hotel Palacio del Inca Luxury Collection, Cusco"},"content":{"rendered":"\n<div class=\"wp-block-group\"><div class=\"wp-block-group__inner-container is-layout-constrained wp-block-group-is-layout-constrained\">\n<div class=\"wp-block-columns is-layout-flex wp-container-core-columns-is-layout-9d6595d7 wp-block-columns-is-layout-flex\">\n<div class=\"wp-block-column is-layout-flow wp-block-column-is-layout-flow\" style=\"flex-basis:100%\"><\/div>\n<\/div>\n<\/div><\/div>\n\n\n\n<figure class=\"wp-block-table\"><table class=\"has-fixed-layout\"><thead><tr><th class=\"has-text-align-center\" data-align=\"center\">Tipo de Quarto<\/th><th class=\"has-text-align-center\" data-align=\"center\">Descri\u00e7\u00e3o<\/th><th class=\"has-text-align-center\" data-align=\"center\">Tarifa em d\u00f3lares americano<\/th><\/tr><\/thead><tbody><tr><td class=\"has-text-align-center\" data-align=\"center\">Quarto Cl\u00e1ssico<\/td><td class=\"has-text-align-center\" data-align=\"center\">1 cama king-size ou 2 camas de casal<\/td><td class=\"has-text-align-center\" data-align=\"center\">435<\/td><\/tr><tr><td class=\"has-text-align-center\" data-align=\"center\">Quarto Deluxe<\/td><td class=\"has-text-align-center\" data-align=\"center\">1 cama king-size ou 2 camas de casal<\/td><td class=\"has-text-align-center\" data-align=\"center\">460<\/td><\/tr><tr><td class=\"has-text-align-center\" data-align=\"center\">Su\u00edte J\u00fanior Imperial<\/td><td class=\"has-text-align-center\" data-align=\"center\">1 cama king-size ou 2 camas de casal<\/td><td class=\"has-text-align-center\" data-align=\"center\">460<\/td><\/tr><tr><td class=\"has-text-align-center\" data-align=\"center\">Su\u00edte de um quarto<\/td><td class=\"has-text-align-center\" data-align=\"center\">1 cama king-size ou 2 camas de casal<\/td><td class=\"has-text-align-center\" data-align=\"center\">525<\/td><\/tr><tr><td class=\"has-text-align-center\" data-align=\"center\">Su\u00edte Fam\u00edlia<\/td><td class=\"has-text-align-center\" data-align=\"center\">1 cama king-size ou 2 camas de casal<\/td><td class=\"has-text-align-center\" data-align=\"center\">590<\/td><\/tr><\/tbody><\/table><\/figure>\n\n\n\n<p>*<strong>Os pre\u00e7os podem variar de acordo com a disponibilidade e a temporada.<\/strong><\/p>\n\n\n\n<h3 class=\"wp-block-heading\" id=\"h-encontre-a-historia-e-o-luxo-no-coracao-de-cusco\"><strong><br>Encontre a hist\u00f3ria e o luxo no cora\u00e7\u00e3o de Cusco<\/strong><\/h3>\n\n\n\n<p>Descubra a magia de Cusco em uma joia arquitet\u00f4nica com mais de cinco marcos hist\u00f3ricos: nosso hotel, localizado no emblem\u00e1tico Pal\u00e1cio del Inca. Localizado no cora\u00e7\u00e3o do centro hist\u00f3rico, em frente ao sagrado Koricancha \u2014 o lend\u00e1rio Templo do Sol \u2014, aqui a grandiosidade do passado se funde com o luxo contempor\u00e2neo.<\/p>\n\n\n\n<p>Sinta-se \u00e0 vontade para mergulhar na atmosfera \u00fanica deste antigo pal\u00e1cio, onde cada canto conta uma hist\u00f3ria. Visite arcos de pedra, admire a arte colonial original e antiguidades douradas que evocam a riqueza cultural do Peru.<\/p>\n\n\n\n<p>Sabores que conquistam. Desfrute de uma experi\u00eancia culin\u00e1ria inesquec\u00edvel no Inti Raymi, nosso restaurante principal, onde a culin\u00e1ria peruana encontra a criatividade epicurista. Complete seu v\u00e9u com uma sele\u00e7\u00e3o exclusiva de vinhos, selecionada pelo nosso experiente Master Sommelier.<\/p>\n\n\n\n<p>Relaxamento elevado. Renove seu corpo e alma no Andes Spirit Spa, um o\u00e1sis de bem-estar inspirado nas tradi\u00e7\u00f5es andinas ancestrais, com tratamentos e massagens personalizados.<\/p>\n\n\n\n<h3 class=\"wp-block-heading\" id=\"h-quartos\">QUARTOS<\/h3>\n\n\n\n<p>Nossos elegantes quartos e su\u00edtes, decorados em estilo colonial e com uma paleta aconchegante inspirada na heran\u00e7a local, oferecem um ref\u00fagio intimista e sofisticado no centro da cidade.<\/p>\n\n\n\n<p>A poucos passos de museus, lojas de artesanato e da vibrante Plaza de Armas, voc\u00ea vivenciar\u00e1 Cusco como nunca antes: com hist\u00f3ria, luxo e autenticidade em cada momento.<\/p>\n\n\n\n<p><\/p>\n\n\n\n<p><\/p>\n\n\n\n<p><br><\/p>\n\n\n\n<div class=\"wp-block-columns is-layout-flex wp-container-core-columns-is-layout-9d6595d7 wp-block-columns-is-layout-flex\">\n<div class=\"wp-block-column is-layout-flow wp-block-column-is-layout-flow\"><\/div>\n\n\n\n<div class=\"wp-block-column is-layout-flow wp-block-column-is-layout-flow\"><\/div>\n\n\n\n<div class=\"wp-block-column is-layout-flow wp-block-column-is-layout-flow\"><\/div>\n<\/div>\n\n\n\n<p><\/p>\n","protected":false},"excerpt":{"rendered":"<p>Tipo de Quarto Descri\u00e7\u00e3o Tarifa em d\u00f3lares americano Quarto Cl\u00e1ssico 1 cama king-size ou 2 camas de casal 435 Quarto [&hellip;]<\/p>\n","protected":false},"author":4,"featured_media":39807,"parent":39748,"menu_order":0,"comment_status":"closed","ping_status":"closed","template":"page-hotel.php","meta":{"_acf_changed":false,"advgb_blocks_editor_width":"","advgb_blocks_columns_visual_guide":"","footnotes":""},"class_list":["post-39857","page","type-page","status-publish","has-post-thumbnail","hentry"],"acf":[],"yoast_head":"<!-- This site is optimized with the Yoast SEO Premium plugin v25.4 (Yoast SEO v26.9) - https:\/\/yoast.com\/product\/yoast-seo-premium-wordpress\/ -->\n<title>Hotel Palacio del Inca Luxury Collection, Cusco<\/title>\n<meta name=\"description\" content=\"Descubra a magia de Cusco a partir de uma joia arquitet\u00f4nica. O hotel, localizado no emblem\u00e1tico Pal\u00e1cio Inca, fica no cora\u00e7\u00e3o do centro hist\u00f3rico.\" \/>\n<meta name=\"robots\" content=\"index, follow, max-snippet:-1, max-image-preview:large, max-video-preview:-1\" \/>\n<link rel=\"canonical\" href=\"https:\/\/www.ericadventures.com\/pt-br\/hotel\/palacio-del-inca-luxury-collection-hotel-cusco\/\" \/>\n<meta property=\"og:locale\" content=\"pt_BR\" \/>\n<meta property=\"og:type\" content=\"article\" \/>\n<meta property=\"og:title\" content=\"Hotel Palacio del Inca Luxury Collection, Cusco\" \/>\n<meta property=\"og:description\" content=\"Descubra a magia de Cusco a partir de uma joia arquitet\u00f4nica. O hotel, localizado no emblem\u00e1tico Pal\u00e1cio Inca, fica no cora\u00e7\u00e3o do centro hist\u00f3rico.\" \/>\n<meta property=\"og:url\" content=\"https:\/\/www.ericadventures.com\/pt-br\/hotel\/palacio-del-inca-luxury-collection-hotel-cusco\/\" \/>\n<meta property=\"og:site_name\" content=\"Eric Adventures\" \/>\n<meta property=\"article:modified_time\" content=\"2025-11-28T16:20:24+00:00\" \/>\n<meta property=\"og:image\" content=\"https:\/\/www.ericadventures.com\/wp-content\/uploads\/Patio-Palacio-del-Inka.jpg\" \/>\n\t<meta property=\"og:image:width\" content=\"622\" \/>\n\t<meta property=\"og:image:height\" content=\"424\" \/>\n\t<meta property=\"og:image:type\" content=\"image\/jpeg\" \/>\n<meta name=\"twitter:card\" content=\"summary_large_image\" \/>\n<meta name=\"twitter:label1\" content=\"Est. tempo de leitura\" \/>\n\t<meta name=\"twitter:data1\" content=\"2 minutos\" \/>\n<script type=\"application\/ld+json\" class=\"yoast-schema-graph\">{\"@context\":\"https:\/\/schema.org\",\"@graph\":[{\"@type\":\"WebPage\",\"@id\":\"https:\/\/www.ericadventures.com\/pt-br\/hotel\/palacio-del-inca-luxury-collection-hotel-cusco\/\",\"url\":\"https:\/\/www.ericadventures.com\/pt-br\/hotel\/palacio-del-inca-luxury-collection-hotel-cusco\/\",\"name\":\"Hotel Palacio del Inca Luxury Collection, Cusco\",\"isPartOf\":{\"@id\":\"https:\/\/www.ericadventures.com\/en\/#website\"},\"primaryImageOfPage\":{\"@id\":\"https:\/\/www.ericadventures.com\/pt-br\/hotel\/palacio-del-inca-luxury-collection-hotel-cusco\/#primaryimage\"},\"image\":{\"@id\":\"https:\/\/www.ericadventures.com\/pt-br\/hotel\/palacio-del-inca-luxury-collection-hotel-cusco\/#primaryimage\"},\"thumbnailUrl\":\"https:\/\/www.ericadventures.com\/wp-content\/uploads\/Patio-Palacio-del-Inka.jpg\",\"datePublished\":\"2025-09-13T16:49:27+00:00\",\"dateModified\":\"2025-11-28T16:20:24+00:00\",\"description\":\"Descubra a magia de Cusco a partir de uma joia arquitet\u00f4nica. O hotel, localizado no emblem\u00e1tico Pal\u00e1cio Inca, fica no cora\u00e7\u00e3o do centro hist\u00f3rico.\",\"breadcrumb\":{\"@id\":\"https:\/\/www.ericadventures.com\/pt-br\/hotel\/palacio-del-inca-luxury-collection-hotel-cusco\/#breadcrumb\"},\"inLanguage\":\"pt-BR\",\"potentialAction\":[{\"@type\":\"ReadAction\",\"target\":[\"https:\/\/www.ericadventures.com\/pt-br\/hotel\/palacio-del-inca-luxury-collection-hotel-cusco\/\"]}]},{\"@type\":\"ImageObject\",\"inLanguage\":\"pt-BR\",\"@id\":\"https:\/\/www.ericadventures.com\/pt-br\/hotel\/palacio-del-inca-luxury-collection-hotel-cusco\/#primaryimage\",\"url\":\"https:\/\/www.ericadventures.com\/wp-content\/uploads\/Patio-Palacio-del-Inka.jpg\",\"contentUrl\":\"https:\/\/www.ericadventures.com\/wp-content\/uploads\/Patio-Palacio-del-Inka.jpg\",\"width\":622,\"height\":424,\"caption\":\"Palacio del Inca Luxury Collection Hotel\"},{\"@type\":\"BreadcrumbList\",\"@id\":\"https:\/\/www.ericadventures.com\/pt-br\/hotel\/palacio-del-inca-luxury-collection-hotel-cusco\/#breadcrumb\",\"itemListElement\":[{\"@type\":\"ListItem\",\"position\":1,\"name\":\"Home\",\"item\":\"https:\/\/www.ericadventures.com\/pt-br\/\"},{\"@type\":\"ListItem\",\"position\":2,\"name\":\"Hotels\",\"item\":\"https:\/\/www.ericadventures.com\/pt-br\/hotel\/\"},{\"@type\":\"ListItem\",\"position\":3,\"name\":\"Hotel Palacio del Inca Luxury Collection, Cusco\"}]},{\"@type\":\"WebSite\",\"@id\":\"https:\/\/www.ericadventures.com\/en\/#website\",\"url\":\"https:\/\/www.ericadventures.com\/en\/\",\"name\":\"Eric Adventures\",\"description\":\"\",\"publisher\":{\"@id\":\"https:\/\/www.ericadventures.com\/en\/#organization\"},\"alternateName\":\"Eric Adventures\",\"potentialAction\":[{\"@type\":\"SearchAction\",\"target\":{\"@type\":\"EntryPoint\",\"urlTemplate\":\"https:\/\/www.ericadventures.com\/en\/?s={search_term_string}\"},\"query-input\":{\"@type\":\"PropertyValueSpecification\",\"valueRequired\":true,\"valueName\":\"search_term_string\"}}],\"inLanguage\":\"pt-BR\"},{\"@type\":\"Organization\",\"@id\":\"https:\/\/www.ericadventures.com\/en\/#organization\",\"name\":\"Eric Adventures\",\"url\":\"https:\/\/www.ericadventures.com\/en\/\",\"logo\":{\"@type\":\"ImageObject\",\"inLanguage\":\"pt-BR\",\"@id\":\"https:\/\/www.ericadventures.com\/en\/#\/schema\/logo\/image\/\",\"url\":\"https:\/\/www.ericadventures.com\/wp-content\/uploads\/logo-ericadventures.png\",\"contentUrl\":\"https:\/\/www.ericadventures.com\/wp-content\/uploads\/logo-ericadventures.png\",\"width\":500,\"height\":106,\"caption\":\"Eric Adventures\"},\"image\":{\"@id\":\"https:\/\/www.ericadventures.com\/en\/#\/schema\/logo\/image\/\"}}]}<\/script>\n<!-- \/ Yoast SEO Premium plugin. -->","yoast_head_json":{"title":"Hotel Palacio del Inca Luxury Collection, Cusco","description":"Descubra a magia de Cusco a partir de uma joia arquitet\u00f4nica. O hotel, localizado no emblem\u00e1tico Pal\u00e1cio Inca, fica no cora\u00e7\u00e3o do centro hist\u00f3rico.","robots":{"index":"index","follow":"follow","max-snippet":"max-snippet:-1","max-image-preview":"max-image-preview:large","max-video-preview":"max-video-preview:-1"},"canonical":"https:\/\/www.ericadventures.com\/pt-br\/hotel\/palacio-del-inca-luxury-collection-hotel-cusco\/","og_locale":"pt_BR","og_type":"article","og_title":"Hotel Palacio del Inca Luxury Collection, Cusco","og_description":"Descubra a magia de Cusco a partir de uma joia arquitet\u00f4nica. O hotel, localizado no emblem\u00e1tico Pal\u00e1cio Inca, fica no cora\u00e7\u00e3o do centro hist\u00f3rico.","og_url":"https:\/\/www.ericadventures.com\/pt-br\/hotel\/palacio-del-inca-luxury-collection-hotel-cusco\/","og_site_name":"Eric Adventures","article_modified_time":"2025-11-28T16:20:24+00:00","og_image":[{"width":622,"height":424,"url":"https:\/\/www.ericadventures.com\/wp-content\/uploads\/Patio-Palacio-del-Inka.jpg","type":"image\/jpeg"}],"twitter_card":"summary_large_image","twitter_misc":{"Est. tempo de leitura":"2 minutos"},"schema":{"@context":"https:\/\/schema.org","@graph":[{"@type":"WebPage","@id":"https:\/\/www.ericadventures.com\/pt-br\/hotel\/palacio-del-inca-luxury-collection-hotel-cusco\/","url":"https:\/\/www.ericadventures.com\/pt-br\/hotel\/palacio-del-inca-luxury-collection-hotel-cusco\/","name":"Hotel Palacio del Inca Luxury Collection, Cusco","isPartOf":{"@id":"https:\/\/www.ericadventures.com\/en\/#website"},"primaryImageOfPage":{"@id":"https:\/\/www.ericadventures.com\/pt-br\/hotel\/palacio-del-inca-luxury-collection-hotel-cusco\/#primaryimage"},"image":{"@id":"https:\/\/www.ericadventures.com\/pt-br\/hotel\/palacio-del-inca-luxury-collection-hotel-cusco\/#primaryimage"},"thumbnailUrl":"https:\/\/www.ericadventures.com\/wp-content\/uploads\/Patio-Palacio-del-Inka.jpg","datePublished":"2025-09-13T16:49:27+00:00","dateModified":"2025-11-28T16:20:24+00:00","description":"Descubra a magia de Cusco a partir de uma joia arquitet\u00f4nica. O hotel, localizado no emblem\u00e1tico Pal\u00e1cio Inca, fica no cora\u00e7\u00e3o do centro hist\u00f3rico.","breadcrumb":{"@id":"https:\/\/www.ericadventures.com\/pt-br\/hotel\/palacio-del-inca-luxury-collection-hotel-cusco\/#breadcrumb"},"inLanguage":"pt-BR","potentialAction":[{"@type":"ReadAction","target":["https:\/\/www.ericadventures.com\/pt-br\/hotel\/palacio-del-inca-luxury-collection-hotel-cusco\/"]}]},{"@type":"ImageObject","inLanguage":"pt-BR","@id":"https:\/\/www.ericadventures.com\/pt-br\/hotel\/palacio-del-inca-luxury-collection-hotel-cusco\/#primaryimage","url":"https:\/\/www.ericadventures.com\/wp-content\/uploads\/Patio-Palacio-del-Inka.jpg","contentUrl":"https:\/\/www.ericadventures.com\/wp-content\/uploads\/Patio-Palacio-del-Inka.jpg","width":622,"height":424,"caption":"Palacio del Inca Luxury Collection Hotel"},{"@type":"BreadcrumbList","@id":"https:\/\/www.ericadventures.com\/pt-br\/hotel\/palacio-del-inca-luxury-collection-hotel-cusco\/#breadcrumb","itemListElement":[{"@type":"ListItem","position":1,"name":"Home","item":"https:\/\/www.ericadventures.com\/pt-br\/"},{"@type":"ListItem","position":2,"name":"Hotels","item":"https:\/\/www.ericadventures.com\/pt-br\/hotel\/"},{"@type":"ListItem","position":3,"name":"Hotel Palacio del Inca Luxury Collection, Cusco"}]},{"@type":"WebSite","@id":"https:\/\/www.ericadventures.com\/en\/#website","url":"https:\/\/www.ericadventures.com\/en\/","name":"Eric Adventures","description":"","publisher":{"@id":"https:\/\/www.ericadventures.com\/en\/#organization"},"alternateName":"Eric Adventures","potentialAction":[{"@type":"SearchAction","target":{"@type":"EntryPoint","urlTemplate":"https:\/\/www.ericadventures.com\/en\/?s={search_term_string}"},"query-input":{"@type":"PropertyValueSpecification","valueRequired":true,"valueName":"search_term_string"}}],"inLanguage":"pt-BR"},{"@type":"Organization","@id":"https:\/\/www.ericadventures.com\/en\/#organization","name":"Eric Adventures","url":"https:\/\/www.ericadventures.com\/en\/","logo":{"@type":"ImageObject","inLanguage":"pt-BR","@id":"https:\/\/www.ericadventures.com\/en\/#\/schema\/logo\/image\/","url":"https:\/\/www.ericadventures.com\/wp-content\/uploads\/logo-ericadventures.png","contentUrl":"https:\/\/www.ericadventures.com\/wp-content\/uploads\/logo-ericadventures.png","width":500,"height":106,"caption":"Eric Adventures"},"image":{"@id":"https:\/\/www.ericadventures.com\/en\/#\/schema\/logo\/image\/"}}]}},"coauthors":[],"author_meta":{"author_link":"https:\/\/www.ericadventures.com\/pt-br\/author\/marilyn\/","display_name":"Marilyn Ayma Gomez"},"relative_dates":{"created":"Publicado 8 meses atr\u00e1s","modified":"Atualizado 5 meses atr\u00e1s"},"absolute_dates":{"created":"Publicado em setembro 13, 2025","modified":"Atualizado em novembro 28, 2025"},"absolute_dates_time":{"created":"Publicado em setembro 13, 2025 11:49 am","modified":"Atualizado em novembro 28, 2025 11:20 am"},"featured_img_caption":"","featured_img":"https:\/\/www.ericadventures.com\/wp-content\/uploads\/Patio-Palacio-del-Inka.jpg","series_order":"","_links":{"self":[{"href":"https:\/\/www.ericadventures.com\/pt-br\/wp-json\/wp\/v2\/pages\/39857","targetHints":{"allow":["GET"]}}],"collection":[{"href":"https:\/\/www.ericadventures.com\/pt-br\/wp-json\/wp\/v2\/pages"}],"about":[{"href":"https:\/\/www.ericadventures.com\/pt-br\/wp-json\/wp\/v2\/types\/page"}],"author":[{"embeddable":true,"href":"https:\/\/www.ericadventures.com\/pt-br\/wp-json\/wp\/v2\/users\/4"}],"replies":[{"embeddable":true,"href":"https:\/\/www.ericadventures.com\/pt-br\/wp-json\/wp\/v2\/comments?post=39857"}],"version-history":[{"count":3,"href":"https:\/\/www.ericadventures.com\/pt-br\/wp-json\/wp\/v2\/pages\/39857\/revisions"}],"predecessor-version":[{"id":43466,"href":"https:\/\/www.ericadventures.com\/pt-br\/wp-json\/wp\/v2\/pages\/39857\/revisions\/43466"}],"up":[{"embeddable":true,"href":"https:\/\/www.ericadventures.com\/pt-br\/wp-json\/wp\/v2\/pages\/39748"}],"wp:featuredmedia":[{"embeddable":true,"href":"https:\/\/www.ericadventures.com\/pt-br\/wp-json\/wp\/v2\/media\/39807"}],"wp:attachment":[{"href":"https:\/\/www.ericadventures.com\/pt-br\/wp-json\/wp\/v2\/media?parent=39857"}],"curies":[{"name":"wp","href":"https:\/\/api.w.org\/{rel}","templated":true}]}}