{"id":39907,"date":"2025-09-15T13:12:57","date_gmt":"2025-09-15T18:12:57","guid":{"rendered":"https:\/\/www.ericadventures.com\/?page_id=39907"},"modified":"2026-03-25T13:19:29","modified_gmt":"2026-03-25T18:19:29","slug":"tambo-del-inka-a-luxury-collection-resort-spa-valle-sagrado","status":"publish","type":"page","link":"https:\/\/www.ericadventures.com\/pt-br\/hotel\/tambo-del-inka-a-luxury-collection-resort-spa-valle-sagrado\/","title":{"rendered":"Hotel Tambo del Inka, a Luxury Collection Resort &amp; Spa, Valle Sagrado"},"content":{"rendered":"\n<div class=\"wp-block-group\"><div class=\"wp-block-group__inner-container is-layout-constrained wp-block-group-is-layout-constrained\">\n<div class=\"wp-block-columns is-layout-flex wp-container-core-columns-is-layout-9d6595d7 wp-block-columns-is-layout-flex\">\n<div class=\"wp-block-column is-layout-flow wp-block-column-is-layout-flow\" style=\"flex-basis:100%\"><\/div>\n<\/div>\n<\/div><\/div>\n\n\n\n<figure class=\"wp-block-table\"><table class=\"has-fixed-layout\"><thead><tr><th class=\"has-text-align-center\" data-align=\"center\">Tipo de Quarto<\/th><th class=\"has-text-align-center\" data-align=\"center\">Descri\u00e7\u00e3o<\/th><th class=\"has-text-align-center\" data-align=\"center\">Pre\u00e7o do Quarto em D\u00f3lares Americanos<\/th><\/tr><\/thead><tbody><tr><td class=\"has-text-align-center\" data-align=\"center\">Deluxe, Habita\u00e7\u00e3o<\/td><td class=\"has-text-align-center\" data-align=\"center\">1 cama king size ou 2 camas queen size<\/td><td class=\"has-text-align-center\" data-align=\"center\">525<\/td><\/tr><tr><td class=\"has-text-align-center\" data-align=\"center\">Grand Deluxe Terrace<\/td><td class=\"has-text-align-center\" data-align=\"center\">1 cama king size ou 2 camas queen size<\/td><td class=\"has-text-align-center\" data-align=\"center\">580<\/td><\/tr><tr><td class=\"has-text-align-center\" data-align=\"center\">Su\u00edte de 1 dormit\u00f3rio<\/td><td class=\"has-text-align-center\" data-align=\"center\">1 cama king size <\/td><td class=\"has-text-align-center\" data-align=\"center\">827<\/td><\/tr><\/tbody><\/table><\/figure>\n\n\n\n<p><strong>*Os pre\u00e7os podem variar de acordo com a disponibilidade e a temporada.<\/strong><\/p>\n\n\n\n<p><\/p>\n\n\n\n<p>O Tambo del Inka, a Luxury Collection Resort &amp; Spa, \u00e9 um retiro de luxo exclusivo no cora\u00e7\u00e3o do Vale Sagrado, oferecendo uma experi\u00eancia incompar\u00e1vel com todas as comodidades imagin\u00e1veis. Seus quartos e su\u00edtes oferecem vistas deslumbrantes, e muitos possuem varandas ou terra\u00e7os privativos, ideais para se conectar ainda mais com a majestade da natureza andina.<\/p>\n\n\n\n<h3 class=\"wp-block-heading\" id=\"h-quartos\"><strong>QUARTOS<\/strong><\/h3>\n\n\n\n<p>Os sofisticados quartos e su\u00edtes oferecem vistas espetaculares dos imponentes Andes e do sinuoso Rio Vilcanota, a partir da privacidade da sua varanda privativa.<\/p>\n\n\n\n<p>Desfrute de op\u00e7\u00f5es gastron\u00f4micas refinadas nos restaurantes do hotel, que oferecem ingredientes org\u00e2nicos e produtos locais da regi\u00e3o. O convidativo bar do lobby oferece uma sele\u00e7\u00e3o de coquet\u00e9is refrescantes, perfeitos para relaxar no final do dia.<\/p>\n\n\n\n<p>Para uma experi\u00eancia hol\u00edstica de bem-estar, o resort oferece um spa terap\u00eautico de classe mundial, al\u00e9m de uma academia totalmente equipada e uma piscina coberta aquecida.<\/p>\n\n\n\n<p>Viva uma aventura de luxo incompar\u00e1vel no Tambo del Inka, a Luxury Collection Resort &amp; Spa, Vale Sagrado, e mergulhe na aut\u00eantica ess\u00eancia do Peru com o mais alto n\u00edvel de conforto.<\/p>\n\n\n\n<p><\/p>\n\n\n\n<p><\/p>\n\n\n\n<p><\/p>\n\n\n\n<p>O Tambo del Inka, a Luxury Collection Resort &amp; Spa, oferece uma experi\u00eancia de acomoda\u00e7\u00e3o exclusiva, combinando luxo, conforto e uma conex\u00e3o \u00fanica com a natureza no Vale Sagrado de Cusco.<\/p>\n\n\n\n<div class=\"wp-block-columns is-layout-flex wp-container-core-columns-is-layout-9d6595d7 wp-block-columns-is-layout-flex\">\n<div class=\"wp-block-column is-layout-flow wp-block-column-is-layout-flow\"><\/div>\n\n\n\n<div class=\"wp-block-column is-layout-flow wp-block-column-is-layout-flow\"><\/div>\n\n\n\n<div class=\"wp-block-column is-layout-flow wp-block-column-is-layout-flow\"><\/div>\n<\/div>\n\n\n\n<p><\/p>\n","protected":false},"excerpt":{"rendered":"<p>Tipo de Quarto Descri\u00e7\u00e3o Pre\u00e7o do Quarto em D\u00f3lares Americanos Deluxe, Habita\u00e7\u00e3o 1 cama king size ou 2 camas queen [&hellip;]<\/p>\n","protected":false},"author":4,"featured_media":39927,"parent":39748,"menu_order":0,"comment_status":"closed","ping_status":"closed","template":"page-hotel.php","meta":{"_acf_changed":false,"advgb_blocks_editor_width":"","advgb_blocks_columns_visual_guide":"","footnotes":""},"class_list":["post-39907","page","type-page","status-publish","has-post-thumbnail","hentry"],"acf":[],"yoast_head":"<!-- This site is optimized with the Yoast SEO Premium plugin v25.4 (Yoast SEO v26.9) - https:\/\/yoast.com\/product\/yoast-seo-premium-wordpress\/ -->\n<title>Hotel Tambo del Inka, a Luxury Collection Resort &amp; Spa, Valle Sagrado<\/title>\n<meta name=\"description\" content=\"Tambo del Inka, a Luxury Collection Resort &amp; Spa, offers an exclusive accommodation experience, combining luxury, comfort and a unique connection with nature in the Sacred Valley of Cusco.\" \/>\n<meta name=\"robots\" content=\"index, follow, max-snippet:-1, max-image-preview:large, max-video-preview:-1\" \/>\n<link rel=\"canonical\" href=\"https:\/\/www.ericadventures.com\/pt-br\/hotel\/tambo-del-inka-a-luxury-collection-resort-spa-valle-sagrado\/\" \/>\n<meta property=\"og:locale\" content=\"pt_BR\" \/>\n<meta property=\"og:type\" content=\"article\" \/>\n<meta property=\"og:title\" content=\"Hotel Tambo del Inka, a Luxury Collection Resort &amp; Spa, Valle Sagrado\" \/>\n<meta property=\"og:description\" content=\"Tambo del Inka, a Luxury Collection Resort &amp; Spa, offers an exclusive accommodation experience, combining luxury, comfort and a unique connection with nature in the Sacred Valley of Cusco.\" \/>\n<meta property=\"og:url\" content=\"https:\/\/www.ericadventures.com\/pt-br\/hotel\/tambo-del-inka-a-luxury-collection-resort-spa-valle-sagrado\/\" \/>\n<meta property=\"og:site_name\" content=\"Eric Adventures\" \/>\n<meta property=\"article:modified_time\" content=\"2026-03-25T18:19:29+00:00\" \/>\n<meta property=\"og:image\" content=\"https:\/\/www.ericadventures.com\/wp-content\/uploads\/Experiencia-gastronomica-tambo-del-Inka.jpg\" \/>\n\t<meta property=\"og:image:width\" content=\"615\" \/>\n\t<meta property=\"og:image:height\" content=\"417\" \/>\n\t<meta property=\"og:image:type\" content=\"image\/jpeg\" \/>\n<meta name=\"twitter:card\" content=\"summary_large_image\" \/>\n<meta name=\"twitter:label1\" content=\"Est. tempo de leitura\" \/>\n\t<meta name=\"twitter:data1\" content=\"2 minutos\" \/>\n<script type=\"application\/ld+json\" class=\"yoast-schema-graph\">{\"@context\":\"https:\/\/schema.org\",\"@graph\":[{\"@type\":\"WebPage\",\"@id\":\"https:\/\/www.ericadventures.com\/pt-br\/hotel\/tambo-del-inka-a-luxury-collection-resort-spa-valle-sagrado\/\",\"url\":\"https:\/\/www.ericadventures.com\/pt-br\/hotel\/tambo-del-inka-a-luxury-collection-resort-spa-valle-sagrado\/\",\"name\":\"Hotel Tambo del Inka, a Luxury Collection Resort &amp; Spa, Valle Sagrado\",\"isPartOf\":{\"@id\":\"https:\/\/www.ericadventures.com\/en\/#website\"},\"primaryImageOfPage\":{\"@id\":\"https:\/\/www.ericadventures.com\/pt-br\/hotel\/tambo-del-inka-a-luxury-collection-resort-spa-valle-sagrado\/#primaryimage\"},\"image\":{\"@id\":\"https:\/\/www.ericadventures.com\/pt-br\/hotel\/tambo-del-inka-a-luxury-collection-resort-spa-valle-sagrado\/#primaryimage\"},\"thumbnailUrl\":\"https:\/\/www.ericadventures.com\/wp-content\/uploads\/Experiencia-gastronomica-tambo-del-Inka.jpg\",\"datePublished\":\"2025-09-15T18:12:57+00:00\",\"dateModified\":\"2026-03-25T18:19:29+00:00\",\"description\":\"Tambo del Inka, a Luxury Collection Resort & Spa, offers an exclusive accommodation experience, combining luxury, comfort and a unique connection with nature in the Sacred Valley of Cusco.\",\"breadcrumb\":{\"@id\":\"https:\/\/www.ericadventures.com\/pt-br\/hotel\/tambo-del-inka-a-luxury-collection-resort-spa-valle-sagrado\/#breadcrumb\"},\"inLanguage\":\"pt-BR\",\"potentialAction\":[{\"@type\":\"ReadAction\",\"target\":[\"https:\/\/www.ericadventures.com\/pt-br\/hotel\/tambo-del-inka-a-luxury-collection-resort-spa-valle-sagrado\/\"]}]},{\"@type\":\"ImageObject\",\"inLanguage\":\"pt-BR\",\"@id\":\"https:\/\/www.ericadventures.com\/pt-br\/hotel\/tambo-del-inka-a-luxury-collection-resort-spa-valle-sagrado\/#primaryimage\",\"url\":\"https:\/\/www.ericadventures.com\/wp-content\/uploads\/Experiencia-gastronomica-tambo-del-Inka.jpg\",\"contentUrl\":\"https:\/\/www.ericadventures.com\/wp-content\/uploads\/Experiencia-gastronomica-tambo-del-Inka.jpg\",\"width\":615,\"height\":417,\"caption\":\"Tambo del Inka\"},{\"@type\":\"BreadcrumbList\",\"@id\":\"https:\/\/www.ericadventures.com\/pt-br\/hotel\/tambo-del-inka-a-luxury-collection-resort-spa-valle-sagrado\/#breadcrumb\",\"itemListElement\":[{\"@type\":\"ListItem\",\"position\":1,\"name\":\"Home\",\"item\":\"https:\/\/www.ericadventures.com\/pt-br\/\"},{\"@type\":\"ListItem\",\"position\":2,\"name\":\"Hotels\",\"item\":\"https:\/\/www.ericadventures.com\/pt-br\/hotel\/\"},{\"@type\":\"ListItem\",\"position\":3,\"name\":\"Hotel Tambo del Inka, a Luxury Collection Resort &amp; Spa, Valle Sagrado\"}]},{\"@type\":\"WebSite\",\"@id\":\"https:\/\/www.ericadventures.com\/en\/#website\",\"url\":\"https:\/\/www.ericadventures.com\/en\/\",\"name\":\"Eric Adventures\",\"description\":\"\",\"publisher\":{\"@id\":\"https:\/\/www.ericadventures.com\/en\/#organization\"},\"alternateName\":\"Eric Adventures\",\"potentialAction\":[{\"@type\":\"SearchAction\",\"target\":{\"@type\":\"EntryPoint\",\"urlTemplate\":\"https:\/\/www.ericadventures.com\/en\/?s={search_term_string}\"},\"query-input\":{\"@type\":\"PropertyValueSpecification\",\"valueRequired\":true,\"valueName\":\"search_term_string\"}}],\"inLanguage\":\"pt-BR\"},{\"@type\":\"Organization\",\"@id\":\"https:\/\/www.ericadventures.com\/en\/#organization\",\"name\":\"Eric Adventures\",\"url\":\"https:\/\/www.ericadventures.com\/en\/\",\"logo\":{\"@type\":\"ImageObject\",\"inLanguage\":\"pt-BR\",\"@id\":\"https:\/\/www.ericadventures.com\/en\/#\/schema\/logo\/image\/\",\"url\":\"https:\/\/www.ericadventures.com\/wp-content\/uploads\/logo-ericadventures.png\",\"contentUrl\":\"https:\/\/www.ericadventures.com\/wp-content\/uploads\/logo-ericadventures.png\",\"width\":500,\"height\":106,\"caption\":\"Eric Adventures\"},\"image\":{\"@id\":\"https:\/\/www.ericadventures.com\/en\/#\/schema\/logo\/image\/\"}}]}<\/script>\n<!-- \/ Yoast SEO Premium plugin. -->","yoast_head_json":{"title":"Hotel Tambo del Inka, a Luxury Collection Resort &amp; Spa, Valle Sagrado","description":"Tambo del Inka, a Luxury Collection Resort & Spa, offers an exclusive accommodation experience, combining luxury, comfort and a unique connection with nature in the Sacred Valley of Cusco.","robots":{"index":"index","follow":"follow","max-snippet":"max-snippet:-1","max-image-preview":"max-image-preview:large","max-video-preview":"max-video-preview:-1"},"canonical":"https:\/\/www.ericadventures.com\/pt-br\/hotel\/tambo-del-inka-a-luxury-collection-resort-spa-valle-sagrado\/","og_locale":"pt_BR","og_type":"article","og_title":"Hotel Tambo del Inka, a Luxury Collection Resort &amp; Spa, Valle Sagrado","og_description":"Tambo del Inka, a Luxury Collection Resort & Spa, offers an exclusive accommodation experience, combining luxury, comfort and a unique connection with nature in the Sacred Valley of Cusco.","og_url":"https:\/\/www.ericadventures.com\/pt-br\/hotel\/tambo-del-inka-a-luxury-collection-resort-spa-valle-sagrado\/","og_site_name":"Eric Adventures","article_modified_time":"2026-03-25T18:19:29+00:00","og_image":[{"width":615,"height":417,"url":"https:\/\/www.ericadventures.com\/wp-content\/uploads\/Experiencia-gastronomica-tambo-del-Inka.jpg","type":"image\/jpeg"}],"twitter_card":"summary_large_image","twitter_misc":{"Est. tempo de leitura":"2 minutos"},"schema":{"@context":"https:\/\/schema.org","@graph":[{"@type":"WebPage","@id":"https:\/\/www.ericadventures.com\/pt-br\/hotel\/tambo-del-inka-a-luxury-collection-resort-spa-valle-sagrado\/","url":"https:\/\/www.ericadventures.com\/pt-br\/hotel\/tambo-del-inka-a-luxury-collection-resort-spa-valle-sagrado\/","name":"Hotel Tambo del Inka, a Luxury Collection Resort &amp; Spa, Valle Sagrado","isPartOf":{"@id":"https:\/\/www.ericadventures.com\/en\/#website"},"primaryImageOfPage":{"@id":"https:\/\/www.ericadventures.com\/pt-br\/hotel\/tambo-del-inka-a-luxury-collection-resort-spa-valle-sagrado\/#primaryimage"},"image":{"@id":"https:\/\/www.ericadventures.com\/pt-br\/hotel\/tambo-del-inka-a-luxury-collection-resort-spa-valle-sagrado\/#primaryimage"},"thumbnailUrl":"https:\/\/www.ericadventures.com\/wp-content\/uploads\/Experiencia-gastronomica-tambo-del-Inka.jpg","datePublished":"2025-09-15T18:12:57+00:00","dateModified":"2026-03-25T18:19:29+00:00","description":"Tambo del Inka, a Luxury Collection Resort & Spa, offers an exclusive accommodation experience, combining luxury, comfort and a unique connection with nature in the Sacred Valley of Cusco.","breadcrumb":{"@id":"https:\/\/www.ericadventures.com\/pt-br\/hotel\/tambo-del-inka-a-luxury-collection-resort-spa-valle-sagrado\/#breadcrumb"},"inLanguage":"pt-BR","potentialAction":[{"@type":"ReadAction","target":["https:\/\/www.ericadventures.com\/pt-br\/hotel\/tambo-del-inka-a-luxury-collection-resort-spa-valle-sagrado\/"]}]},{"@type":"ImageObject","inLanguage":"pt-BR","@id":"https:\/\/www.ericadventures.com\/pt-br\/hotel\/tambo-del-inka-a-luxury-collection-resort-spa-valle-sagrado\/#primaryimage","url":"https:\/\/www.ericadventures.com\/wp-content\/uploads\/Experiencia-gastronomica-tambo-del-Inka.jpg","contentUrl":"https:\/\/www.ericadventures.com\/wp-content\/uploads\/Experiencia-gastronomica-tambo-del-Inka.jpg","width":615,"height":417,"caption":"Tambo del Inka"},{"@type":"BreadcrumbList","@id":"https:\/\/www.ericadventures.com\/pt-br\/hotel\/tambo-del-inka-a-luxury-collection-resort-spa-valle-sagrado\/#breadcrumb","itemListElement":[{"@type":"ListItem","position":1,"name":"Home","item":"https:\/\/www.ericadventures.com\/pt-br\/"},{"@type":"ListItem","position":2,"name":"Hotels","item":"https:\/\/www.ericadventures.com\/pt-br\/hotel\/"},{"@type":"ListItem","position":3,"name":"Hotel Tambo del Inka, a Luxury Collection Resort &amp; Spa, Valle Sagrado"}]},{"@type":"WebSite","@id":"https:\/\/www.ericadventures.com\/en\/#website","url":"https:\/\/www.ericadventures.com\/en\/","name":"Eric Adventures","description":"","publisher":{"@id":"https:\/\/www.ericadventures.com\/en\/#organization"},"alternateName":"Eric Adventures","potentialAction":[{"@type":"SearchAction","target":{"@type":"EntryPoint","urlTemplate":"https:\/\/www.ericadventures.com\/en\/?s={search_term_string}"},"query-input":{"@type":"PropertyValueSpecification","valueRequired":true,"valueName":"search_term_string"}}],"inLanguage":"pt-BR"},{"@type":"Organization","@id":"https:\/\/www.ericadventures.com\/en\/#organization","name":"Eric Adventures","url":"https:\/\/www.ericadventures.com\/en\/","logo":{"@type":"ImageObject","inLanguage":"pt-BR","@id":"https:\/\/www.ericadventures.com\/en\/#\/schema\/logo\/image\/","url":"https:\/\/www.ericadventures.com\/wp-content\/uploads\/logo-ericadventures.png","contentUrl":"https:\/\/www.ericadventures.com\/wp-content\/uploads\/logo-ericadventures.png","width":500,"height":106,"caption":"Eric Adventures"},"image":{"@id":"https:\/\/www.ericadventures.com\/en\/#\/schema\/logo\/image\/"}}]}},"coauthors":[],"author_meta":{"author_link":"https:\/\/www.ericadventures.com\/pt-br\/author\/marilyn\/","display_name":"Marilyn Ayma Gomez"},"relative_dates":{"created":"Publicado 7 meses atr\u00e1s","modified":"Atualizado 4 semanas atr\u00e1s"},"absolute_dates":{"created":"Publicado em setembro 15, 2025","modified":"Atualizado em mar\u00e7o 25, 2026"},"absolute_dates_time":{"created":"Publicado em setembro 15, 2025 1:12 pm","modified":"Atualizado em mar\u00e7o 25, 2026 1:19 pm"},"featured_img_caption":"","featured_img":"https:\/\/www.ericadventures.com\/wp-content\/uploads\/Experiencia-gastronomica-tambo-del-Inka.jpg","series_order":"","_links":{"self":[{"href":"https:\/\/www.ericadventures.com\/pt-br\/wp-json\/wp\/v2\/pages\/39907","targetHints":{"allow":["GET"]}}],"collection":[{"href":"https:\/\/www.ericadventures.com\/pt-br\/wp-json\/wp\/v2\/pages"}],"about":[{"href":"https:\/\/www.ericadventures.com\/pt-br\/wp-json\/wp\/v2\/types\/page"}],"author":[{"embeddable":true,"href":"https:\/\/www.ericadventures.com\/pt-br\/wp-json\/wp\/v2\/users\/4"}],"replies":[{"embeddable":true,"href":"https:\/\/www.ericadventures.com\/pt-br\/wp-json\/wp\/v2\/comments?post=39907"}],"version-history":[{"count":8,"href":"https:\/\/www.ericadventures.com\/pt-br\/wp-json\/wp\/v2\/pages\/39907\/revisions"}],"predecessor-version":[{"id":46273,"href":"https:\/\/www.ericadventures.com\/pt-br\/wp-json\/wp\/v2\/pages\/39907\/revisions\/46273"}],"up":[{"embeddable":true,"href":"https:\/\/www.ericadventures.com\/pt-br\/wp-json\/wp\/v2\/pages\/39748"}],"wp:featuredmedia":[{"embeddable":true,"href":"https:\/\/www.ericadventures.com\/pt-br\/wp-json\/wp\/v2\/media\/39927"}],"wp:attachment":[{"href":"https:\/\/www.ericadventures.com\/pt-br\/wp-json\/wp\/v2\/media?parent=39907"}],"curies":[{"name":"wp","href":"https:\/\/api.w.org\/{rel}","templated":true}]}}