{"id":40011,"date":"2025-09-16T10:59:08","date_gmt":"2025-09-16T15:59:08","guid":{"rendered":"https:\/\/www.ericadventures.com\/?page_id=40011"},"modified":"2025-11-28T11:41:00","modified_gmt":"2025-11-28T16:41:00","slug":"inkaterra-la-casona-relais-chateaux-hotel-cusco","status":"publish","type":"page","link":"https:\/\/www.ericadventures.com\/pt-br\/hotel\/inkaterra-la-casona-relais-chateaux-hotel-cusco\/","title":{"rendered":"Inkaterra La Casona Relais &amp; Ch\u00e2teaux Hotel, Cusco"},"content":{"rendered":"\n<figure class=\"wp-block-table\"><table class=\"has-fixed-layout\"><thead><tr><th class=\"has-text-align-center\" data-align=\"center\">Tipo de Quarto<\/th><th class=\"has-text-align-center\" data-align=\"center\">Descri\u00e7\u00e3o<\/th><th class=\"has-text-align-center\" data-align=\"center\">Pre\u00e7o do Quarto em D\u00f3lares Americanos<\/th><\/tr><\/thead><tbody><tr><td class=\"has-text-align-center\" data-align=\"center\">Su\u00edte com P\u00e1tio<\/td><td class=\"has-text-align-center\" data-align=\"center\">1 cama king size ou 2 camas de solteiro<\/td><td class=\"has-text-align-center\" data-align=\"center\">550<\/td><\/tr><tr><td class=\"has-text-align-center\" data-align=\"center\">Su\u00edte com Varanda<\/td><td class=\"has-text-align-center\" data-align=\"center\">1 cama king size ou 2 camas de solteiro<\/td><td class=\"has-text-align-center\" data-align=\"center\">590<\/td><\/tr><\/tbody><\/table><\/figure>\n\n\n\n<p><strong>*Os pre\u00e7os podem variar de acordo com a disponibilidade e a temporada.<\/strong><\/p>\n\n\n\n<p><\/p>\n\n\n\n<h3 class=\"wp-block-heading\" id=\"h-localizacao\">Localiza\u00e7\u00e3o<\/h3>\n\n\n\n<p>Localizado na hist\u00f3rica Plaza Las Nazarenas, o Inkaterra La Casona est\u00e1 cercado por paisagens andinas deslumbrantes e charmosas ruas de paralelep\u00edpedos, oferecendo aos viajantes uma imers\u00e3o \u00fanica na majestosa heran\u00e7a de Cusco.<\/p>\n\n\n\n<p>A poucos passos do Museu de Arte Pr\u00e9-Colombiana, entre o bairro art\u00edstico de San Blas e a vibrante Plaza de Armas, nosso hotel \u00e9 o ponto de partida ideal para explorar a cidade. Assim que voc\u00ea sair do La Casona, come\u00e7ar\u00e1 uma jornada \u00edntima pela hist\u00f3ria, arte e cultura viva de Cusco.<\/p>\n\n\n\n<h3 class=\"wp-block-heading\" id=\"h-quartos\">QUARTOS<\/h3>\n\n\n\n<p>Est\u00e1 equipado com uma cama king-size ou duas de solteiro, revestida com tecido 100% Pima, almofadas hipoalerg\u00eanicas e edredom de penas, al\u00e9m de um edredom com lareira privativa de pedra.<\/p>\n\n\n\n<p>O espa\u00e7oso banheiro de m\u00e1rmore conta com pias, vaso sanit\u00e1rio, chuveiro independente e vaso sanit\u00e1rio separado. Desfrute de nossos exclusivos produtos de banho Inkaterra, toalhas macias com aquecimento e fechos duplos.<\/p>\n\n\n\n<p>Para garantir o m\u00e1ximo conforto, cada su\u00edte possui piso radiante com controle t\u00e9rmico individual.<\/p>\n\n\n\n<p><\/p>\n\n\n\n<p><\/p>\n\n\n\n<p><br><\/p>\n\n\n\n<p><br><\/p>\n\n\n\n<div class=\"wp-block-columns is-layout-flex wp-container-core-columns-is-layout-9d6595d7 wp-block-columns-is-layout-flex\">\n<div class=\"wp-block-column is-layout-flow wp-block-column-is-layout-flow\"><\/div>\n\n\n\n<div class=\"wp-block-column is-layout-flow wp-block-column-is-layout-flow\"><\/div>\n\n\n\n<div class=\"wp-block-column is-layout-flow wp-block-column-is-layout-flow\"><\/div>\n<\/div>\n\n\n\n<p><\/p>\n","protected":false},"excerpt":{"rendered":"<p>Tipo de Quarto Descri\u00e7\u00e3o Pre\u00e7o do Quarto em D\u00f3lares Americanos Su\u00edte com P\u00e1tio 1 cama king size ou 2 camas [&hellip;]<\/p>\n","protected":false},"author":4,"featured_media":40002,"parent":39748,"menu_order":0,"comment_status":"closed","ping_status":"closed","template":"page-hotel.php","meta":{"_acf_changed":false,"advgb_blocks_editor_width":"","advgb_blocks_columns_visual_guide":"","footnotes":""},"class_list":["post-40011","page","type-page","status-publish","has-post-thumbnail","hentry"],"acf":[],"yoast_head":"<!-- This site is optimized with the Yoast SEO Premium plugin v25.4 (Yoast SEO v26.9) - https:\/\/yoast.com\/product\/yoast-seo-premium-wordpress\/ -->\n<title>Inkaterra La Casona Relais &amp; Ch\u00e2teaux Hotel, Cusco<\/title>\n<meta name=\"description\" content=\"Localizado na hist\u00f3rica Plaza Las Nazarenas, o Inkaterra La Casona est\u00e1 cercado por paisagens andinas deslumbrantes e charmosas ruas de paralelep\u00edpedos, oferecendo aos viajantes uma imers\u00e3o \u00fanica na majestosa heran\u00e7a de Cusco.\" \/>\n<meta name=\"robots\" content=\"index, follow, max-snippet:-1, max-image-preview:large, max-video-preview:-1\" \/>\n<link rel=\"canonical\" href=\"https:\/\/www.ericadventures.com\/pt-br\/hotel\/inkaterra-la-casona-relais-chateaux-hotel-cusco\/\" \/>\n<meta property=\"og:locale\" content=\"pt_BR\" \/>\n<meta property=\"og:type\" content=\"article\" \/>\n<meta property=\"og:title\" content=\"Inkaterra La Casona Relais &amp; Ch\u00e2teaux Hotel, Cusco\" \/>\n<meta property=\"og:description\" content=\"Localizado na hist\u00f3rica Plaza Las Nazarenas, o Inkaterra La Casona est\u00e1 cercado por paisagens andinas deslumbrantes e charmosas ruas de paralelep\u00edpedos, oferecendo aos viajantes uma imers\u00e3o \u00fanica na majestosa heran\u00e7a de Cusco.\" \/>\n<meta property=\"og:url\" content=\"https:\/\/www.ericadventures.com\/pt-br\/hotel\/inkaterra-la-casona-relais-chateaux-hotel-cusco\/\" \/>\n<meta property=\"og:site_name\" content=\"Eric Adventures\" \/>\n<meta property=\"article:modified_time\" content=\"2025-11-28T16:41:00+00:00\" \/>\n<meta property=\"og:image\" content=\"https:\/\/www.ericadventures.com\/wp-content\/uploads\/Patio-Inkaterra-la-Casona.jpg\" \/>\n\t<meta property=\"og:image:width\" content=\"655\" \/>\n\t<meta property=\"og:image:height\" content=\"358\" \/>\n\t<meta property=\"og:image:type\" content=\"image\/jpeg\" \/>\n<meta name=\"twitter:card\" content=\"summary_large_image\" \/>\n<meta name=\"twitter:label1\" content=\"Est. tempo de leitura\" \/>\n\t<meta name=\"twitter:data1\" content=\"2 minutos\" \/>\n<script type=\"application\/ld+json\" class=\"yoast-schema-graph\">{\"@context\":\"https:\/\/schema.org\",\"@graph\":[{\"@type\":\"WebPage\",\"@id\":\"https:\/\/www.ericadventures.com\/pt-br\/hotel\/inkaterra-la-casona-relais-chateaux-hotel-cusco\/\",\"url\":\"https:\/\/www.ericadventures.com\/pt-br\/hotel\/inkaterra-la-casona-relais-chateaux-hotel-cusco\/\",\"name\":\"Inkaterra La Casona Relais &amp; Ch\u00e2teaux Hotel, Cusco\",\"isPartOf\":{\"@id\":\"https:\/\/www.ericadventures.com\/en\/#website\"},\"primaryImageOfPage\":{\"@id\":\"https:\/\/www.ericadventures.com\/pt-br\/hotel\/inkaterra-la-casona-relais-chateaux-hotel-cusco\/#primaryimage\"},\"image\":{\"@id\":\"https:\/\/www.ericadventures.com\/pt-br\/hotel\/inkaterra-la-casona-relais-chateaux-hotel-cusco\/#primaryimage\"},\"thumbnailUrl\":\"https:\/\/www.ericadventures.com\/wp-content\/uploads\/Patio-Inkaterra-la-Casona.jpg\",\"datePublished\":\"2025-09-16T15:59:08+00:00\",\"dateModified\":\"2025-11-28T16:41:00+00:00\",\"description\":\"Localizado na hist\u00f3rica Plaza Las Nazarenas, o Inkaterra La Casona est\u00e1 cercado por paisagens andinas deslumbrantes e charmosas ruas de paralelep\u00edpedos, oferecendo aos viajantes uma imers\u00e3o \u00fanica na majestosa heran\u00e7a de Cusco.\",\"breadcrumb\":{\"@id\":\"https:\/\/www.ericadventures.com\/pt-br\/hotel\/inkaterra-la-casona-relais-chateaux-hotel-cusco\/#breadcrumb\"},\"inLanguage\":\"pt-BR\",\"potentialAction\":[{\"@type\":\"ReadAction\",\"target\":[\"https:\/\/www.ericadventures.com\/pt-br\/hotel\/inkaterra-la-casona-relais-chateaux-hotel-cusco\/\"]}]},{\"@type\":\"ImageObject\",\"inLanguage\":\"pt-BR\",\"@id\":\"https:\/\/www.ericadventures.com\/pt-br\/hotel\/inkaterra-la-casona-relais-chateaux-hotel-cusco\/#primaryimage\",\"url\":\"https:\/\/www.ericadventures.com\/wp-content\/uploads\/Patio-Inkaterra-la-Casona.jpg\",\"contentUrl\":\"https:\/\/www.ericadventures.com\/wp-content\/uploads\/Patio-Inkaterra-la-Casona.jpg\",\"width\":655,\"height\":358,\"caption\":\"Inkaterra La Casona Relais\"},{\"@type\":\"BreadcrumbList\",\"@id\":\"https:\/\/www.ericadventures.com\/pt-br\/hotel\/inkaterra-la-casona-relais-chateaux-hotel-cusco\/#breadcrumb\",\"itemListElement\":[{\"@type\":\"ListItem\",\"position\":1,\"name\":\"Home\",\"item\":\"https:\/\/www.ericadventures.com\/pt-br\/\"},{\"@type\":\"ListItem\",\"position\":2,\"name\":\"Hotels\",\"item\":\"https:\/\/www.ericadventures.com\/pt-br\/hotel\/\"},{\"@type\":\"ListItem\",\"position\":3,\"name\":\"Inkaterra La Casona Relais &amp; Ch\u00e2teaux Hotel, Cusco\"}]},{\"@type\":\"WebSite\",\"@id\":\"https:\/\/www.ericadventures.com\/en\/#website\",\"url\":\"https:\/\/www.ericadventures.com\/en\/\",\"name\":\"Eric Adventures\",\"description\":\"\",\"publisher\":{\"@id\":\"https:\/\/www.ericadventures.com\/en\/#organization\"},\"alternateName\":\"Eric Adventures\",\"potentialAction\":[{\"@type\":\"SearchAction\",\"target\":{\"@type\":\"EntryPoint\",\"urlTemplate\":\"https:\/\/www.ericadventures.com\/en\/?s={search_term_string}\"},\"query-input\":{\"@type\":\"PropertyValueSpecification\",\"valueRequired\":true,\"valueName\":\"search_term_string\"}}],\"inLanguage\":\"pt-BR\"},{\"@type\":\"Organization\",\"@id\":\"https:\/\/www.ericadventures.com\/en\/#organization\",\"name\":\"Eric Adventures\",\"url\":\"https:\/\/www.ericadventures.com\/en\/\",\"logo\":{\"@type\":\"ImageObject\",\"inLanguage\":\"pt-BR\",\"@id\":\"https:\/\/www.ericadventures.com\/en\/#\/schema\/logo\/image\/\",\"url\":\"https:\/\/www.ericadventures.com\/wp-content\/uploads\/logo-ericadventures.png\",\"contentUrl\":\"https:\/\/www.ericadventures.com\/wp-content\/uploads\/logo-ericadventures.png\",\"width\":500,\"height\":106,\"caption\":\"Eric Adventures\"},\"image\":{\"@id\":\"https:\/\/www.ericadventures.com\/en\/#\/schema\/logo\/image\/\"}}]}<\/script>\n<!-- \/ Yoast SEO Premium plugin. -->","yoast_head_json":{"title":"Inkaterra La Casona Relais &amp; Ch\u00e2teaux Hotel, Cusco","description":"Localizado na hist\u00f3rica Plaza Las Nazarenas, o Inkaterra La Casona est\u00e1 cercado por paisagens andinas deslumbrantes e charmosas ruas de paralelep\u00edpedos, oferecendo aos viajantes uma imers\u00e3o \u00fanica na majestosa heran\u00e7a de Cusco.","robots":{"index":"index","follow":"follow","max-snippet":"max-snippet:-1","max-image-preview":"max-image-preview:large","max-video-preview":"max-video-preview:-1"},"canonical":"https:\/\/www.ericadventures.com\/pt-br\/hotel\/inkaterra-la-casona-relais-chateaux-hotel-cusco\/","og_locale":"pt_BR","og_type":"article","og_title":"Inkaterra La Casona Relais &amp; Ch\u00e2teaux Hotel, Cusco","og_description":"Localizado na hist\u00f3rica Plaza Las Nazarenas, o Inkaterra La Casona est\u00e1 cercado por paisagens andinas deslumbrantes e charmosas ruas de paralelep\u00edpedos, oferecendo aos viajantes uma imers\u00e3o \u00fanica na majestosa heran\u00e7a de Cusco.","og_url":"https:\/\/www.ericadventures.com\/pt-br\/hotel\/inkaterra-la-casona-relais-chateaux-hotel-cusco\/","og_site_name":"Eric Adventures","article_modified_time":"2025-11-28T16:41:00+00:00","og_image":[{"width":655,"height":358,"url":"https:\/\/www.ericadventures.com\/wp-content\/uploads\/Patio-Inkaterra-la-Casona.jpg","type":"image\/jpeg"}],"twitter_card":"summary_large_image","twitter_misc":{"Est. tempo de leitura":"2 minutos"},"schema":{"@context":"https:\/\/schema.org","@graph":[{"@type":"WebPage","@id":"https:\/\/www.ericadventures.com\/pt-br\/hotel\/inkaterra-la-casona-relais-chateaux-hotel-cusco\/","url":"https:\/\/www.ericadventures.com\/pt-br\/hotel\/inkaterra-la-casona-relais-chateaux-hotel-cusco\/","name":"Inkaterra La Casona Relais &amp; Ch\u00e2teaux Hotel, Cusco","isPartOf":{"@id":"https:\/\/www.ericadventures.com\/en\/#website"},"primaryImageOfPage":{"@id":"https:\/\/www.ericadventures.com\/pt-br\/hotel\/inkaterra-la-casona-relais-chateaux-hotel-cusco\/#primaryimage"},"image":{"@id":"https:\/\/www.ericadventures.com\/pt-br\/hotel\/inkaterra-la-casona-relais-chateaux-hotel-cusco\/#primaryimage"},"thumbnailUrl":"https:\/\/www.ericadventures.com\/wp-content\/uploads\/Patio-Inkaterra-la-Casona.jpg","datePublished":"2025-09-16T15:59:08+00:00","dateModified":"2025-11-28T16:41:00+00:00","description":"Localizado na hist\u00f3rica Plaza Las Nazarenas, o Inkaterra La Casona est\u00e1 cercado por paisagens andinas deslumbrantes e charmosas ruas de paralelep\u00edpedos, oferecendo aos viajantes uma imers\u00e3o \u00fanica na majestosa heran\u00e7a de Cusco.","breadcrumb":{"@id":"https:\/\/www.ericadventures.com\/pt-br\/hotel\/inkaterra-la-casona-relais-chateaux-hotel-cusco\/#breadcrumb"},"inLanguage":"pt-BR","potentialAction":[{"@type":"ReadAction","target":["https:\/\/www.ericadventures.com\/pt-br\/hotel\/inkaterra-la-casona-relais-chateaux-hotel-cusco\/"]}]},{"@type":"ImageObject","inLanguage":"pt-BR","@id":"https:\/\/www.ericadventures.com\/pt-br\/hotel\/inkaterra-la-casona-relais-chateaux-hotel-cusco\/#primaryimage","url":"https:\/\/www.ericadventures.com\/wp-content\/uploads\/Patio-Inkaterra-la-Casona.jpg","contentUrl":"https:\/\/www.ericadventures.com\/wp-content\/uploads\/Patio-Inkaterra-la-Casona.jpg","width":655,"height":358,"caption":"Inkaterra La Casona Relais"},{"@type":"BreadcrumbList","@id":"https:\/\/www.ericadventures.com\/pt-br\/hotel\/inkaterra-la-casona-relais-chateaux-hotel-cusco\/#breadcrumb","itemListElement":[{"@type":"ListItem","position":1,"name":"Home","item":"https:\/\/www.ericadventures.com\/pt-br\/"},{"@type":"ListItem","position":2,"name":"Hotels","item":"https:\/\/www.ericadventures.com\/pt-br\/hotel\/"},{"@type":"ListItem","position":3,"name":"Inkaterra La Casona Relais &amp; Ch\u00e2teaux Hotel, Cusco"}]},{"@type":"WebSite","@id":"https:\/\/www.ericadventures.com\/en\/#website","url":"https:\/\/www.ericadventures.com\/en\/","name":"Eric Adventures","description":"","publisher":{"@id":"https:\/\/www.ericadventures.com\/en\/#organization"},"alternateName":"Eric Adventures","potentialAction":[{"@type":"SearchAction","target":{"@type":"EntryPoint","urlTemplate":"https:\/\/www.ericadventures.com\/en\/?s={search_term_string}"},"query-input":{"@type":"PropertyValueSpecification","valueRequired":true,"valueName":"search_term_string"}}],"inLanguage":"pt-BR"},{"@type":"Organization","@id":"https:\/\/www.ericadventures.com\/en\/#organization","name":"Eric Adventures","url":"https:\/\/www.ericadventures.com\/en\/","logo":{"@type":"ImageObject","inLanguage":"pt-BR","@id":"https:\/\/www.ericadventures.com\/en\/#\/schema\/logo\/image\/","url":"https:\/\/www.ericadventures.com\/wp-content\/uploads\/logo-ericadventures.png","contentUrl":"https:\/\/www.ericadventures.com\/wp-content\/uploads\/logo-ericadventures.png","width":500,"height":106,"caption":"Eric Adventures"},"image":{"@id":"https:\/\/www.ericadventures.com\/en\/#\/schema\/logo\/image\/"}}]}},"coauthors":[],"author_meta":{"author_link":"https:\/\/www.ericadventures.com\/pt-br\/author\/marilyn\/","display_name":"Marilyn Ayma Gomez"},"relative_dates":{"created":"Publicado 8 meses atr\u00e1s","modified":"Atualizado 5 meses atr\u00e1s"},"absolute_dates":{"created":"Publicado em setembro 16, 2025","modified":"Atualizado em novembro 28, 2025"},"absolute_dates_time":{"created":"Publicado em setembro 16, 2025 10:59 am","modified":"Atualizado em novembro 28, 2025 11:41 am"},"featured_img_caption":"","featured_img":"https:\/\/www.ericadventures.com\/wp-content\/uploads\/Patio-Inkaterra-la-Casona.jpg","series_order":"","_links":{"self":[{"href":"https:\/\/www.ericadventures.com\/pt-br\/wp-json\/wp\/v2\/pages\/40011","targetHints":{"allow":["GET"]}}],"collection":[{"href":"https:\/\/www.ericadventures.com\/pt-br\/wp-json\/wp\/v2\/pages"}],"about":[{"href":"https:\/\/www.ericadventures.com\/pt-br\/wp-json\/wp\/v2\/types\/page"}],"author":[{"embeddable":true,"href":"https:\/\/www.ericadventures.com\/pt-br\/wp-json\/wp\/v2\/users\/4"}],"replies":[{"embeddable":true,"href":"https:\/\/www.ericadventures.com\/pt-br\/wp-json\/wp\/v2\/comments?post=40011"}],"version-history":[{"count":5,"href":"https:\/\/www.ericadventures.com\/pt-br\/wp-json\/wp\/v2\/pages\/40011\/revisions"}],"predecessor-version":[{"id":43471,"href":"https:\/\/www.ericadventures.com\/pt-br\/wp-json\/wp\/v2\/pages\/40011\/revisions\/43471"}],"up":[{"embeddable":true,"href":"https:\/\/www.ericadventures.com\/pt-br\/wp-json\/wp\/v2\/pages\/39748"}],"wp:featuredmedia":[{"embeddable":true,"href":"https:\/\/www.ericadventures.com\/pt-br\/wp-json\/wp\/v2\/media\/40002"}],"wp:attachment":[{"href":"https:\/\/www.ericadventures.com\/pt-br\/wp-json\/wp\/v2\/media?parent=40011"}],"curies":[{"name":"wp","href":"https:\/\/api.w.org\/{rel}","templated":true}]}}