{"id":40281,"date":"2025-09-19T11:23:41","date_gmt":"2025-09-19T16:23:41","guid":{"rendered":"https:\/\/www.ericadventures.com\/?page_id=40281"},"modified":"2025-11-28T11:50:48","modified_gmt":"2025-11-28T16:50:48","slug":"flamencos-eco-hotel-uyuni-bolivia","status":"publish","type":"page","link":"https:\/\/www.ericadventures.com\/pt-br\/hotel\/flamencos-eco-hotel-uyuni-bolivia\/","title":{"rendered":"Flamencos Eco Hotel, Uyuni, Bolivia"},"content":{"rendered":"\n<div class=\"wp-block-group\"><div class=\"wp-block-group__inner-container is-layout-constrained wp-block-group-is-layout-constrained\">\n<div class=\"wp-block-columns is-layout-flex wp-container-core-columns-is-layout-9d6595d7 wp-block-columns-is-layout-flex\">\n<div class=\"wp-block-column is-layout-flow wp-block-column-is-layout-flow\" style=\"flex-basis:100%\"><\/div>\n<\/div>\n<\/div><\/div>\n\n\n\n<figure class=\"wp-block-table\"><table class=\"has-fixed-layout\"><thead><tr><th class=\"has-text-align-center\" data-align=\"center\">Tipo de Quarto<\/th><th class=\"has-text-align-center\" data-align=\"center\">Descri\u00e7\u00e3o<\/th><th class=\"has-text-align-center\" data-align=\"center\">Di\u00e1ria em d\u00f3lares americanos<\/th><\/tr><\/thead><tbody><tr><td class=\"has-text-align-center\" data-align=\"center\">Standard Double or Twin <\/td><td class=\"has-text-align-center\" data-align=\"center\">Quarto Standard com Cama de Casal ou Duas de Solteiro<\/td><td class=\"has-text-align-center\" data-align=\"center\">190.00<\/td><\/tr><tr><td class=\"has-text-align-center\" data-align=\"center\">Superior Double or Twin <\/td><td class=\"has-text-align-center\" data-align=\"center\">Quarto Superior com Cama de Casal ou Duas de Solteiro<\/td><td class=\"has-text-align-center\" data-align=\"center\">220.00<\/td><\/tr><\/tbody><\/table><\/figure>\n\n\n\n<p><strong>*Os pre\u00e7os podem variar de acordo com a disponibilidade e a temporada.<\/strong><\/p>\n\n\n\n<p>Localizado a 4.115 metros acima do n\u00edvel do mar, pr\u00f3ximo \u00e0 Laguna Hedionda, este ref\u00fagio natural \u00e9 o lar favorito dos flamingos cor-de-rosa e est\u00e1 cercado pela beleza majestosa do Altiplano boliviano, protegido pelas imponentes montanhas da Cordilheira Real dos Andes.<\/p>\n\n\n\n<p>Inspirado no simbolismo andino, nosso edif\u00edcio \u2014 baseado na Cruz Andina \u2014 foi constru\u00eddo com materiais locais, como barro, pedra e madeira. Cada detalhe foi pensado para oferecer uma experi\u00eancia \u00fanica ao nascer e ao p\u00f4r do sol, quando as cores da paisagem atingem seu m\u00e1ximo esplendor.<\/p>\n\n\n\n<h3 class=\"wp-block-heading\" id=\"h-quartos-e-servicos\"><strong>QUARTOS E SERVI\u00c7OS<\/strong><\/h3>\n\n\n\n<p>O hotel disp\u00f5e de 18 quartos aconchegantes, todos equipados com aquecimento central 24 horas, banheiro privativo e toques atenciosos para o seu conforto, como edredons e travesseiros de plumas, garantindo um descanso agrad\u00e1vel em meio ao Altiplano.<\/p>\n\n\n\n<p>Voc\u00ea tamb\u00e9m pode desfrutar de um banho quente exclusivo, abastecido por fontes termais naturais que v\u00eam diretamente das fontes subterr\u00e2neas da lagoa.<\/p>\n\n\n\n<p>Para momentos de tranquilidade, tamb\u00e9m oferecemos uma sala de leitura, onde voc\u00ea pode relaxar em um ambiente tranquilo e m\u00e1gico.<\/p>\n\n\n\n<p><\/p>\n\n\n\n<p><\/p>\n\n\n\n<p><br><\/p>\n\n\n\n<p><\/p>\n\n\n\n<div class=\"wp-block-columns is-layout-flex wp-container-core-columns-is-layout-9d6595d7 wp-block-columns-is-layout-flex\">\n<div class=\"wp-block-column is-layout-flow wp-block-column-is-layout-flow\"><\/div>\n\n\n\n<div class=\"wp-block-column is-layout-flow wp-block-column-is-layout-flow\"><\/div>\n\n\n\n<div class=\"wp-block-column is-layout-flow wp-block-column-is-layout-flow\"><\/div>\n<\/div>\n\n\n\n<p><\/p>\n","protected":false},"excerpt":{"rendered":"<p>Tipo de Quarto Descri\u00e7\u00e3o Di\u00e1ria em d\u00f3lares americanos Standard Double or Twin Quarto Standard com Cama de Casal ou Duas [&hellip;]<\/p>\n","protected":false},"author":4,"featured_media":40242,"parent":39748,"menu_order":0,"comment_status":"closed","ping_status":"closed","template":"page-hotel.php","meta":{"_acf_changed":false,"advgb_blocks_editor_width":"","advgb_blocks_columns_visual_guide":"","footnotes":""},"class_list":["post-40281","page","type-page","status-publish","has-post-thumbnail","hentry"],"acf":[],"yoast_head":"<!-- This site is optimized with the Yoast SEO Premium plugin v25.4 (Yoast SEO v26.9) - https:\/\/yoast.com\/product\/yoast-seo-premium-wordpress\/ -->\n<title>Flamencos Eco Hotel, Uyuni, Bolivia<\/title>\n<meta name=\"description\" content=\"Localizado pr\u00f3ximo \u00e0 Laguna Hedionda, um ref\u00fagio natural para flamingos cor-de-rosa, cercado pelo Altiplano boliviano.\" \/>\n<meta name=\"robots\" content=\"index, follow, max-snippet:-1, max-image-preview:large, max-video-preview:-1\" \/>\n<link rel=\"canonical\" href=\"https:\/\/www.ericadventures.com\/pt-br\/hotel\/flamencos-eco-hotel-uyuni-bolivia\/\" \/>\n<meta property=\"og:locale\" content=\"pt_BR\" \/>\n<meta property=\"og:type\" content=\"article\" \/>\n<meta property=\"og:title\" content=\"Flamencos Eco Hotel, Uyuni, Bolivia\" \/>\n<meta property=\"og:description\" content=\"Localizado pr\u00f3ximo \u00e0 Laguna Hedionda, um ref\u00fagio natural para flamingos cor-de-rosa, cercado pelo Altiplano boliviano.\" \/>\n<meta property=\"og:url\" content=\"https:\/\/www.ericadventures.com\/pt-br\/hotel\/flamencos-eco-hotel-uyuni-bolivia\/\" \/>\n<meta property=\"og:site_name\" content=\"Eric Adventures\" \/>\n<meta property=\"article:modified_time\" content=\"2025-11-28T16:50:48+00:00\" \/>\n<meta property=\"og:image\" content=\"https:\/\/www.ericadventures.com\/wp-content\/uploads\/Eco-hotel-Flamencos-Uyuni.jpg\" \/>\n\t<meta property=\"og:image:width\" content=\"662\" \/>\n\t<meta property=\"og:image:height\" content=\"391\" \/>\n\t<meta property=\"og:image:type\" content=\"image\/jpeg\" \/>\n<meta name=\"twitter:card\" content=\"summary_large_image\" \/>\n<meta name=\"twitter:label1\" content=\"Est. tempo de leitura\" \/>\n\t<meta name=\"twitter:data1\" content=\"2 minutos\" \/>\n<script type=\"application\/ld+json\" class=\"yoast-schema-graph\">{\"@context\":\"https:\/\/schema.org\",\"@graph\":[{\"@type\":\"WebPage\",\"@id\":\"https:\/\/www.ericadventures.com\/pt-br\/hotel\/flamencos-eco-hotel-uyuni-bolivia\/\",\"url\":\"https:\/\/www.ericadventures.com\/pt-br\/hotel\/flamencos-eco-hotel-uyuni-bolivia\/\",\"name\":\"Flamencos Eco Hotel, Uyuni, Bolivia\",\"isPartOf\":{\"@id\":\"https:\/\/www.ericadventures.com\/en\/#website\"},\"primaryImageOfPage\":{\"@id\":\"https:\/\/www.ericadventures.com\/pt-br\/hotel\/flamencos-eco-hotel-uyuni-bolivia\/#primaryimage\"},\"image\":{\"@id\":\"https:\/\/www.ericadventures.com\/pt-br\/hotel\/flamencos-eco-hotel-uyuni-bolivia\/#primaryimage\"},\"thumbnailUrl\":\"https:\/\/www.ericadventures.com\/wp-content\/uploads\/Eco-hotel-Flamencos-Uyuni.jpg\",\"datePublished\":\"2025-09-19T16:23:41+00:00\",\"dateModified\":\"2025-11-28T16:50:48+00:00\",\"description\":\"Localizado pr\u00f3ximo \u00e0 Laguna Hedionda, um ref\u00fagio natural para flamingos cor-de-rosa, cercado pelo Altiplano boliviano.\",\"breadcrumb\":{\"@id\":\"https:\/\/www.ericadventures.com\/pt-br\/hotel\/flamencos-eco-hotel-uyuni-bolivia\/#breadcrumb\"},\"inLanguage\":\"pt-BR\",\"potentialAction\":[{\"@type\":\"ReadAction\",\"target\":[\"https:\/\/www.ericadventures.com\/pt-br\/hotel\/flamencos-eco-hotel-uyuni-bolivia\/\"]}]},{\"@type\":\"ImageObject\",\"inLanguage\":\"pt-BR\",\"@id\":\"https:\/\/www.ericadventures.com\/pt-br\/hotel\/flamencos-eco-hotel-uyuni-bolivia\/#primaryimage\",\"url\":\"https:\/\/www.ericadventures.com\/wp-content\/uploads\/Eco-hotel-Flamencos-Uyuni.jpg\",\"contentUrl\":\"https:\/\/www.ericadventures.com\/wp-content\/uploads\/Eco-hotel-Flamencos-Uyuni.jpg\",\"width\":662,\"height\":391,\"caption\":\"Flamencos Eco Hotel, Uyuni, Bolivia\"},{\"@type\":\"BreadcrumbList\",\"@id\":\"https:\/\/www.ericadventures.com\/pt-br\/hotel\/flamencos-eco-hotel-uyuni-bolivia\/#breadcrumb\",\"itemListElement\":[{\"@type\":\"ListItem\",\"position\":1,\"name\":\"Home\",\"item\":\"https:\/\/www.ericadventures.com\/pt-br\/\"},{\"@type\":\"ListItem\",\"position\":2,\"name\":\"Hotels\",\"item\":\"https:\/\/www.ericadventures.com\/pt-br\/hotel\/\"},{\"@type\":\"ListItem\",\"position\":3,\"name\":\"Flamencos Eco Hotel, Uyuni, Bolivia\"}]},{\"@type\":\"WebSite\",\"@id\":\"https:\/\/www.ericadventures.com\/en\/#website\",\"url\":\"https:\/\/www.ericadventures.com\/en\/\",\"name\":\"Eric Adventures\",\"description\":\"\",\"publisher\":{\"@id\":\"https:\/\/www.ericadventures.com\/en\/#organization\"},\"alternateName\":\"Eric Adventures\",\"potentialAction\":[{\"@type\":\"SearchAction\",\"target\":{\"@type\":\"EntryPoint\",\"urlTemplate\":\"https:\/\/www.ericadventures.com\/en\/?s={search_term_string}\"},\"query-input\":{\"@type\":\"PropertyValueSpecification\",\"valueRequired\":true,\"valueName\":\"search_term_string\"}}],\"inLanguage\":\"pt-BR\"},{\"@type\":\"Organization\",\"@id\":\"https:\/\/www.ericadventures.com\/en\/#organization\",\"name\":\"Eric Adventures\",\"url\":\"https:\/\/www.ericadventures.com\/en\/\",\"logo\":{\"@type\":\"ImageObject\",\"inLanguage\":\"pt-BR\",\"@id\":\"https:\/\/www.ericadventures.com\/en\/#\/schema\/logo\/image\/\",\"url\":\"https:\/\/www.ericadventures.com\/wp-content\/uploads\/logo-ericadventures.png\",\"contentUrl\":\"https:\/\/www.ericadventures.com\/wp-content\/uploads\/logo-ericadventures.png\",\"width\":500,\"height\":106,\"caption\":\"Eric Adventures\"},\"image\":{\"@id\":\"https:\/\/www.ericadventures.com\/en\/#\/schema\/logo\/image\/\"}}]}<\/script>\n<!-- \/ Yoast SEO Premium plugin. -->","yoast_head_json":{"title":"Flamencos Eco Hotel, Uyuni, Bolivia","description":"Localizado pr\u00f3ximo \u00e0 Laguna Hedionda, um ref\u00fagio natural para flamingos cor-de-rosa, cercado pelo Altiplano boliviano.","robots":{"index":"index","follow":"follow","max-snippet":"max-snippet:-1","max-image-preview":"max-image-preview:large","max-video-preview":"max-video-preview:-1"},"canonical":"https:\/\/www.ericadventures.com\/pt-br\/hotel\/flamencos-eco-hotel-uyuni-bolivia\/","og_locale":"pt_BR","og_type":"article","og_title":"Flamencos Eco Hotel, Uyuni, Bolivia","og_description":"Localizado pr\u00f3ximo \u00e0 Laguna Hedionda, um ref\u00fagio natural para flamingos cor-de-rosa, cercado pelo Altiplano boliviano.","og_url":"https:\/\/www.ericadventures.com\/pt-br\/hotel\/flamencos-eco-hotel-uyuni-bolivia\/","og_site_name":"Eric Adventures","article_modified_time":"2025-11-28T16:50:48+00:00","og_image":[{"width":662,"height":391,"url":"https:\/\/www.ericadventures.com\/wp-content\/uploads\/Eco-hotel-Flamencos-Uyuni.jpg","type":"image\/jpeg"}],"twitter_card":"summary_large_image","twitter_misc":{"Est. tempo de leitura":"2 minutos"},"schema":{"@context":"https:\/\/schema.org","@graph":[{"@type":"WebPage","@id":"https:\/\/www.ericadventures.com\/pt-br\/hotel\/flamencos-eco-hotel-uyuni-bolivia\/","url":"https:\/\/www.ericadventures.com\/pt-br\/hotel\/flamencos-eco-hotel-uyuni-bolivia\/","name":"Flamencos Eco Hotel, Uyuni, Bolivia","isPartOf":{"@id":"https:\/\/www.ericadventures.com\/en\/#website"},"primaryImageOfPage":{"@id":"https:\/\/www.ericadventures.com\/pt-br\/hotel\/flamencos-eco-hotel-uyuni-bolivia\/#primaryimage"},"image":{"@id":"https:\/\/www.ericadventures.com\/pt-br\/hotel\/flamencos-eco-hotel-uyuni-bolivia\/#primaryimage"},"thumbnailUrl":"https:\/\/www.ericadventures.com\/wp-content\/uploads\/Eco-hotel-Flamencos-Uyuni.jpg","datePublished":"2025-09-19T16:23:41+00:00","dateModified":"2025-11-28T16:50:48+00:00","description":"Localizado pr\u00f3ximo \u00e0 Laguna Hedionda, um ref\u00fagio natural para flamingos cor-de-rosa, cercado pelo Altiplano boliviano.","breadcrumb":{"@id":"https:\/\/www.ericadventures.com\/pt-br\/hotel\/flamencos-eco-hotel-uyuni-bolivia\/#breadcrumb"},"inLanguage":"pt-BR","potentialAction":[{"@type":"ReadAction","target":["https:\/\/www.ericadventures.com\/pt-br\/hotel\/flamencos-eco-hotel-uyuni-bolivia\/"]}]},{"@type":"ImageObject","inLanguage":"pt-BR","@id":"https:\/\/www.ericadventures.com\/pt-br\/hotel\/flamencos-eco-hotel-uyuni-bolivia\/#primaryimage","url":"https:\/\/www.ericadventures.com\/wp-content\/uploads\/Eco-hotel-Flamencos-Uyuni.jpg","contentUrl":"https:\/\/www.ericadventures.com\/wp-content\/uploads\/Eco-hotel-Flamencos-Uyuni.jpg","width":662,"height":391,"caption":"Flamencos Eco Hotel, Uyuni, Bolivia"},{"@type":"BreadcrumbList","@id":"https:\/\/www.ericadventures.com\/pt-br\/hotel\/flamencos-eco-hotel-uyuni-bolivia\/#breadcrumb","itemListElement":[{"@type":"ListItem","position":1,"name":"Home","item":"https:\/\/www.ericadventures.com\/pt-br\/"},{"@type":"ListItem","position":2,"name":"Hotels","item":"https:\/\/www.ericadventures.com\/pt-br\/hotel\/"},{"@type":"ListItem","position":3,"name":"Flamencos Eco Hotel, Uyuni, Bolivia"}]},{"@type":"WebSite","@id":"https:\/\/www.ericadventures.com\/en\/#website","url":"https:\/\/www.ericadventures.com\/en\/","name":"Eric Adventures","description":"","publisher":{"@id":"https:\/\/www.ericadventures.com\/en\/#organization"},"alternateName":"Eric Adventures","potentialAction":[{"@type":"SearchAction","target":{"@type":"EntryPoint","urlTemplate":"https:\/\/www.ericadventures.com\/en\/?s={search_term_string}"},"query-input":{"@type":"PropertyValueSpecification","valueRequired":true,"valueName":"search_term_string"}}],"inLanguage":"pt-BR"},{"@type":"Organization","@id":"https:\/\/www.ericadventures.com\/en\/#organization","name":"Eric Adventures","url":"https:\/\/www.ericadventures.com\/en\/","logo":{"@type":"ImageObject","inLanguage":"pt-BR","@id":"https:\/\/www.ericadventures.com\/en\/#\/schema\/logo\/image\/","url":"https:\/\/www.ericadventures.com\/wp-content\/uploads\/logo-ericadventures.png","contentUrl":"https:\/\/www.ericadventures.com\/wp-content\/uploads\/logo-ericadventures.png","width":500,"height":106,"caption":"Eric Adventures"},"image":{"@id":"https:\/\/www.ericadventures.com\/en\/#\/schema\/logo\/image\/"}}]}},"coauthors":[],"author_meta":{"author_link":"https:\/\/www.ericadventures.com\/pt-br\/author\/marilyn\/","display_name":"Marilyn Ayma Gomez"},"relative_dates":{"created":"Publicado 7 meses atr\u00e1s","modified":"Atualizado 5 meses atr\u00e1s"},"absolute_dates":{"created":"Publicado em setembro 19, 2025","modified":"Atualizado em novembro 28, 2025"},"absolute_dates_time":{"created":"Publicado em setembro 19, 2025 11:23 am","modified":"Atualizado em novembro 28, 2025 11:50 am"},"featured_img_caption":"","featured_img":"https:\/\/www.ericadventures.com\/wp-content\/uploads\/Eco-hotel-Flamencos-Uyuni.jpg","series_order":"","_links":{"self":[{"href":"https:\/\/www.ericadventures.com\/pt-br\/wp-json\/wp\/v2\/pages\/40281","targetHints":{"allow":["GET"]}}],"collection":[{"href":"https:\/\/www.ericadventures.com\/pt-br\/wp-json\/wp\/v2\/pages"}],"about":[{"href":"https:\/\/www.ericadventures.com\/pt-br\/wp-json\/wp\/v2\/types\/page"}],"author":[{"embeddable":true,"href":"https:\/\/www.ericadventures.com\/pt-br\/wp-json\/wp\/v2\/users\/4"}],"replies":[{"embeddable":true,"href":"https:\/\/www.ericadventures.com\/pt-br\/wp-json\/wp\/v2\/comments?post=40281"}],"version-history":[{"count":3,"href":"https:\/\/www.ericadventures.com\/pt-br\/wp-json\/wp\/v2\/pages\/40281\/revisions"}],"predecessor-version":[{"id":40300,"href":"https:\/\/www.ericadventures.com\/pt-br\/wp-json\/wp\/v2\/pages\/40281\/revisions\/40300"}],"up":[{"embeddable":true,"href":"https:\/\/www.ericadventures.com\/pt-br\/wp-json\/wp\/v2\/pages\/39748"}],"wp:featuredmedia":[{"embeddable":true,"href":"https:\/\/www.ericadventures.com\/pt-br\/wp-json\/wp\/v2\/media\/40242"}],"wp:attachment":[{"href":"https:\/\/www.ericadventures.com\/pt-br\/wp-json\/wp\/v2\/media?parent=40281"}],"curies":[{"name":"wp","href":"https:\/\/api.w.org\/{rel}","templated":true}]}}