{"id":46913,"date":"2026-04-09T14:07:48","date_gmt":"2026-04-09T19:07:48","guid":{"rendered":"https:\/\/www.ericadventures.com\/ferre-miraflores-hotel-cusco\/"},"modified":"2026-04-14T13:33:14","modified_gmt":"2026-04-14T18:33:14","slug":"hotel-ferre-miraflores-lima","status":"publish","type":"page","link":"https:\/\/www.ericadventures.com\/pt-br\/hotel\/hotel-ferre-miraflores-lima\/","title":{"rendered":"Hotel Ferr\u00e9 Miraflores, Lima"},"content":{"rendered":"\n<figure class=\"wp-block-table\"><table class=\"has-fixed-layout\"><thead><tr><th class=\"has-text-align-center\" data-align=\"center\">Tipo de Quarto <\/th><th class=\"has-text-align-center\" data-align=\"center\">Descri\u00e7\u00e3o<\/th><th class=\"has-text-align-center\" data-align=\"center\">Tarifa em d\u00f3lares americanos<\/th><\/tr><\/thead><tbody><tr><td class=\"has-text-align-center\" data-align=\"center\">Quarto Individual Standard<\/td><td class=\"has-text-align-center\" data-align=\"center\">1 cama<\/td><td class=\"has-text-align-center\" data-align=\"center\">87<\/td><\/tr><tr><td class=\"has-text-align-center\" data-align=\"center\">Quarto Duplo Standard<\/td><td class=\"has-text-align-center\" data-align=\"center\">2 camas de solteiro ou 1 cama<\/td><td class=\"has-text-align-center\" data-align=\"center\">174<\/td><\/tr><tr><td class=\"has-text-align-center\" data-align=\"center\">Quarto Triplo Standard<\/td><td class=\"has-text-align-center\" data-align=\"center\">3 camas de solteiro<\/td><td class=\"has-text-align-center\" data-align=\"center\">261<\/td><\/tr><tr><td class=\"has-text-align-center\" data-align=\"center\">Quarto Familiar Conforto<\/td><td class=\"has-text-align-center\" data-align=\"center\">1 cama ou 2 camas de solteiro<\/td><td class=\"has-text-align-center\" data-align=\"center\">190<\/td><\/tr><\/tbody><\/table><\/figure>\n\n\n\n<p><strong>*Os pre\u00e7os podem variar de acordo com a disponibilidade e a \u00e9poca do ano.<\/strong><\/p>\n\n\n\n<p><\/p>\n\n\n\n<h3 class=\"wp-block-heading\" id=\"h-localizacao\">LOCALIZA\u00c7\u00c3O<\/h3>\n\n\n\n<p>Estrategicamente localizado no cora\u00e7\u00e3o de Miraflores, o Hotel Ferr\u00e9 fica a apenas 500 metros da orla de Lima. Sua localiza\u00e7\u00e3o permite f\u00e1cil acesso a p\u00e9 \u00e0 \u00e1rea comercial mais prestigiada do bairro e ao ic\u00f4nico Parque Kennedy.<\/p>\n\n\n\n<p><\/p>\n\n\n\n<h3 class=\"wp-block-heading\" id=\"h-quartos\">QUARTOS<\/h3>\n\n\n\n<p id=\"h-roomsenjoy-modern-rooms-with-smart-tvs-air-conditioning-and-free-wi-fi-looking-for-total-relaxation-book-one-of-our-suites-with-a-whirlpool-tub\">O hotel oferece quartos confort\u00e1veis \u200b\u200bequipados com tecnologia de ponta, incluindo Smart TVs, ar-condicionado e frigobar; alguns contam at\u00e9 com jacuzzi privativa. Os h\u00f3spedes podem come\u00e7ar o dia com um variado caf\u00e9 da manh\u00e3 gourmet no restaurante principal ou relaxar no bar privativo. Para garantir uma experi\u00eancia perfeita, o hotel organiza traslados exclusivos para o Aeroporto Internacional Jorge Ch\u00e1vez.<\/p>\n\n\n\n<p><strong>Restaurante<\/strong><\/p>\n\n\n\n<p>Desfrute de um delicioso caf\u00e9 da manh\u00e3 em estilo buffet todas as manh\u00e3s em nosso restaurante. Oferecemos tamb\u00e9m almo\u00e7o e jantar mediante reserva, ideal para quem deseja saborear a gastronomia local sem sair do hotel.<\/p>\n\n\n\n<div class=\"wp-block-columns is-layout-flex wp-container-core-columns-is-layout-9d6595d7 wp-block-columns-is-layout-flex\">\n<div class=\"wp-block-column is-layout-flow wp-block-column-is-layout-flow\"><\/div>\n\n\n\n<div class=\"wp-block-column is-layout-flow wp-block-column-is-layout-flow\"><\/div>\n\n\n\n<div class=\"wp-block-column is-layout-flow wp-block-column-is-layout-flow\"><\/div>\n<\/div>\n\n\n\n<p><\/p>\n","protected":false},"excerpt":{"rendered":"<p>Tipo de Quarto Descri\u00e7\u00e3o Tarifa em d\u00f3lares americanos Quarto Individual Standard 1 cama 87 Quarto Duplo Standard 2 camas de [&hellip;]<\/p>\n","protected":false},"author":4,"featured_media":46909,"parent":39748,"menu_order":0,"comment_status":"closed","ping_status":"closed","template":"page-hotel.php","meta":{"_acf_changed":false,"advgb_blocks_editor_width":"","advgb_blocks_columns_visual_guide":"","footnotes":""},"class_list":["post-46913","page","type-page","status-publish","has-post-thumbnail","hentry"],"acf":[],"yoast_head":"<!-- This site is optimized with the Yoast SEO Premium plugin v25.4 (Yoast SEO v26.9) - https:\/\/yoast.com\/product\/yoast-seo-premium-wordpress\/ -->\n<title>Hotel Ferr\u00e9 Miraflores, Lima<\/title>\n<meta name=\"description\" content=\"Estrategicamente localizado no cora\u00e7\u00e3o de Miraflores, o Hotel Ferr\u00e9 fica a apenas 500 metros da orla de Lima, proporcionando f\u00e1cil acesso a p\u00e9 aos locais mais prestigiados do bairro.\" \/>\n<meta name=\"robots\" content=\"index, follow, max-snippet:-1, max-image-preview:large, max-video-preview:-1\" \/>\n<link rel=\"canonical\" href=\"https:\/\/www.ericadventures.com\/pt-br\/hotel\/hotel-ferre-miraflores-lima\/\" \/>\n<meta property=\"og:locale\" content=\"pt_BR\" \/>\n<meta property=\"og:type\" content=\"article\" \/>\n<meta property=\"og:title\" content=\"Hotel Ferr\u00e9 Miraflores, Lima\" \/>\n<meta property=\"og:description\" content=\"Estrategicamente localizado no cora\u00e7\u00e3o de Miraflores, o Hotel Ferr\u00e9 fica a apenas 500 metros da orla de Lima, proporcionando f\u00e1cil acesso a p\u00e9 aos locais mais prestigiados do bairro.\" \/>\n<meta property=\"og:url\" content=\"https:\/\/www.ericadventures.com\/pt-br\/hotel\/hotel-ferre-miraflores-lima\/\" \/>\n<meta property=\"og:site_name\" content=\"Eric Adventures\" \/>\n<meta property=\"article:modified_time\" content=\"2026-04-14T18:33:14+00:00\" \/>\n<meta property=\"og:image\" content=\"https:\/\/www.ericadventures.com\/wp-content\/uploads\/Ferre-Miraflores-hotel-Lima-1.jpg\" \/>\n\t<meta property=\"og:image:width\" content=\"305\" \/>\n\t<meta property=\"og:image:height\" content=\"459\" \/>\n\t<meta property=\"og:image:type\" content=\"image\/jpeg\" \/>\n<meta name=\"twitter:card\" content=\"summary_large_image\" \/>\n<meta name=\"twitter:label1\" content=\"Est. tempo de leitura\" \/>\n\t<meta name=\"twitter:data1\" content=\"2 minutos\" \/>\n<script type=\"application\/ld+json\" class=\"yoast-schema-graph\">{\"@context\":\"https:\/\/schema.org\",\"@graph\":[{\"@type\":\"WebPage\",\"@id\":\"https:\/\/www.ericadventures.com\/pt-br\/hotel\/hotel-ferre-miraflores-lima\/\",\"url\":\"https:\/\/www.ericadventures.com\/pt-br\/hotel\/hotel-ferre-miraflores-lima\/\",\"name\":\"Hotel Ferr\u00e9 Miraflores, Lima\",\"isPartOf\":{\"@id\":\"https:\/\/www.ericadventures.com\/en\/#website\"},\"primaryImageOfPage\":{\"@id\":\"https:\/\/www.ericadventures.com\/pt-br\/hotel\/hotel-ferre-miraflores-lima\/#primaryimage\"},\"image\":{\"@id\":\"https:\/\/www.ericadventures.com\/pt-br\/hotel\/hotel-ferre-miraflores-lima\/#primaryimage\"},\"thumbnailUrl\":\"https:\/\/www.ericadventures.com\/wp-content\/uploads\/Ferre-Miraflores-hotel-Lima-1.jpg\",\"datePublished\":\"2026-04-09T19:07:48+00:00\",\"dateModified\":\"2026-04-14T18:33:14+00:00\",\"description\":\"Estrategicamente localizado no cora\u00e7\u00e3o de Miraflores, o Hotel Ferr\u00e9 fica a apenas 500 metros da orla de Lima, proporcionando f\u00e1cil acesso a p\u00e9 aos locais mais prestigiados do bairro.\",\"breadcrumb\":{\"@id\":\"https:\/\/www.ericadventures.com\/pt-br\/hotel\/hotel-ferre-miraflores-lima\/#breadcrumb\"},\"inLanguage\":\"pt-BR\",\"potentialAction\":[{\"@type\":\"ReadAction\",\"target\":[\"https:\/\/www.ericadventures.com\/pt-br\/hotel\/hotel-ferre-miraflores-lima\/\"]}]},{\"@type\":\"ImageObject\",\"inLanguage\":\"pt-BR\",\"@id\":\"https:\/\/www.ericadventures.com\/pt-br\/hotel\/hotel-ferre-miraflores-lima\/#primaryimage\",\"url\":\"https:\/\/www.ericadventures.com\/wp-content\/uploads\/Ferre-Miraflores-hotel-Lima-1.jpg\",\"contentUrl\":\"https:\/\/www.ericadventures.com\/wp-content\/uploads\/Ferre-Miraflores-hotel-Lima-1.jpg\",\"width\":305,\"height\":459},{\"@type\":\"BreadcrumbList\",\"@id\":\"https:\/\/www.ericadventures.com\/pt-br\/hotel\/hotel-ferre-miraflores-lima\/#breadcrumb\",\"itemListElement\":[{\"@type\":\"ListItem\",\"position\":1,\"name\":\"Home\",\"item\":\"https:\/\/www.ericadventures.com\/pt-br\/\"},{\"@type\":\"ListItem\",\"position\":2,\"name\":\"Hotels\",\"item\":\"https:\/\/www.ericadventures.com\/pt-br\/hotel\/\"},{\"@type\":\"ListItem\",\"position\":3,\"name\":\"Hotel Ferr\u00e9 Miraflores, Lima\"}]},{\"@type\":\"WebSite\",\"@id\":\"https:\/\/www.ericadventures.com\/en\/#website\",\"url\":\"https:\/\/www.ericadventures.com\/en\/\",\"name\":\"Eric Adventures\",\"description\":\"\",\"publisher\":{\"@id\":\"https:\/\/www.ericadventures.com\/en\/#organization\"},\"alternateName\":\"Eric Adventures\",\"potentialAction\":[{\"@type\":\"SearchAction\",\"target\":{\"@type\":\"EntryPoint\",\"urlTemplate\":\"https:\/\/www.ericadventures.com\/en\/?s={search_term_string}\"},\"query-input\":{\"@type\":\"PropertyValueSpecification\",\"valueRequired\":true,\"valueName\":\"search_term_string\"}}],\"inLanguage\":\"pt-BR\"},{\"@type\":\"Organization\",\"@id\":\"https:\/\/www.ericadventures.com\/en\/#organization\",\"name\":\"Eric Adventures\",\"url\":\"https:\/\/www.ericadventures.com\/en\/\",\"logo\":{\"@type\":\"ImageObject\",\"inLanguage\":\"pt-BR\",\"@id\":\"https:\/\/www.ericadventures.com\/en\/#\/schema\/logo\/image\/\",\"url\":\"https:\/\/www.ericadventures.com\/wp-content\/uploads\/logo-ericadventures.png\",\"contentUrl\":\"https:\/\/www.ericadventures.com\/wp-content\/uploads\/logo-ericadventures.png\",\"width\":500,\"height\":106,\"caption\":\"Eric Adventures\"},\"image\":{\"@id\":\"https:\/\/www.ericadventures.com\/en\/#\/schema\/logo\/image\/\"}}]}<\/script>\n<!-- \/ Yoast SEO Premium plugin. -->","yoast_head_json":{"title":"Hotel Ferr\u00e9 Miraflores, Lima","description":"Estrategicamente localizado no cora\u00e7\u00e3o de Miraflores, o Hotel Ferr\u00e9 fica a apenas 500 metros da orla de Lima, proporcionando f\u00e1cil acesso a p\u00e9 aos locais mais prestigiados do bairro.","robots":{"index":"index","follow":"follow","max-snippet":"max-snippet:-1","max-image-preview":"max-image-preview:large","max-video-preview":"max-video-preview:-1"},"canonical":"https:\/\/www.ericadventures.com\/pt-br\/hotel\/hotel-ferre-miraflores-lima\/","og_locale":"pt_BR","og_type":"article","og_title":"Hotel Ferr\u00e9 Miraflores, Lima","og_description":"Estrategicamente localizado no cora\u00e7\u00e3o de Miraflores, o Hotel Ferr\u00e9 fica a apenas 500 metros da orla de Lima, proporcionando f\u00e1cil acesso a p\u00e9 aos locais mais prestigiados do bairro.","og_url":"https:\/\/www.ericadventures.com\/pt-br\/hotel\/hotel-ferre-miraflores-lima\/","og_site_name":"Eric Adventures","article_modified_time":"2026-04-14T18:33:14+00:00","og_image":[{"width":305,"height":459,"url":"https:\/\/www.ericadventures.com\/wp-content\/uploads\/Ferre-Miraflores-hotel-Lima-1.jpg","type":"image\/jpeg"}],"twitter_card":"summary_large_image","twitter_misc":{"Est. tempo de leitura":"2 minutos"},"schema":{"@context":"https:\/\/schema.org","@graph":[{"@type":"WebPage","@id":"https:\/\/www.ericadventures.com\/pt-br\/hotel\/hotel-ferre-miraflores-lima\/","url":"https:\/\/www.ericadventures.com\/pt-br\/hotel\/hotel-ferre-miraflores-lima\/","name":"Hotel Ferr\u00e9 Miraflores, Lima","isPartOf":{"@id":"https:\/\/www.ericadventures.com\/en\/#website"},"primaryImageOfPage":{"@id":"https:\/\/www.ericadventures.com\/pt-br\/hotel\/hotel-ferre-miraflores-lima\/#primaryimage"},"image":{"@id":"https:\/\/www.ericadventures.com\/pt-br\/hotel\/hotel-ferre-miraflores-lima\/#primaryimage"},"thumbnailUrl":"https:\/\/www.ericadventures.com\/wp-content\/uploads\/Ferre-Miraflores-hotel-Lima-1.jpg","datePublished":"2026-04-09T19:07:48+00:00","dateModified":"2026-04-14T18:33:14+00:00","description":"Estrategicamente localizado no cora\u00e7\u00e3o de Miraflores, o Hotel Ferr\u00e9 fica a apenas 500 metros da orla de Lima, proporcionando f\u00e1cil acesso a p\u00e9 aos locais mais prestigiados do bairro.","breadcrumb":{"@id":"https:\/\/www.ericadventures.com\/pt-br\/hotel\/hotel-ferre-miraflores-lima\/#breadcrumb"},"inLanguage":"pt-BR","potentialAction":[{"@type":"ReadAction","target":["https:\/\/www.ericadventures.com\/pt-br\/hotel\/hotel-ferre-miraflores-lima\/"]}]},{"@type":"ImageObject","inLanguage":"pt-BR","@id":"https:\/\/www.ericadventures.com\/pt-br\/hotel\/hotel-ferre-miraflores-lima\/#primaryimage","url":"https:\/\/www.ericadventures.com\/wp-content\/uploads\/Ferre-Miraflores-hotel-Lima-1.jpg","contentUrl":"https:\/\/www.ericadventures.com\/wp-content\/uploads\/Ferre-Miraflores-hotel-Lima-1.jpg","width":305,"height":459},{"@type":"BreadcrumbList","@id":"https:\/\/www.ericadventures.com\/pt-br\/hotel\/hotel-ferre-miraflores-lima\/#breadcrumb","itemListElement":[{"@type":"ListItem","position":1,"name":"Home","item":"https:\/\/www.ericadventures.com\/pt-br\/"},{"@type":"ListItem","position":2,"name":"Hotels","item":"https:\/\/www.ericadventures.com\/pt-br\/hotel\/"},{"@type":"ListItem","position":3,"name":"Hotel Ferr\u00e9 Miraflores, Lima"}]},{"@type":"WebSite","@id":"https:\/\/www.ericadventures.com\/en\/#website","url":"https:\/\/www.ericadventures.com\/en\/","name":"Eric Adventures","description":"","publisher":{"@id":"https:\/\/www.ericadventures.com\/en\/#organization"},"alternateName":"Eric Adventures","potentialAction":[{"@type":"SearchAction","target":{"@type":"EntryPoint","urlTemplate":"https:\/\/www.ericadventures.com\/en\/?s={search_term_string}"},"query-input":{"@type":"PropertyValueSpecification","valueRequired":true,"valueName":"search_term_string"}}],"inLanguage":"pt-BR"},{"@type":"Organization","@id":"https:\/\/www.ericadventures.com\/en\/#organization","name":"Eric Adventures","url":"https:\/\/www.ericadventures.com\/en\/","logo":{"@type":"ImageObject","inLanguage":"pt-BR","@id":"https:\/\/www.ericadventures.com\/en\/#\/schema\/logo\/image\/","url":"https:\/\/www.ericadventures.com\/wp-content\/uploads\/logo-ericadventures.png","contentUrl":"https:\/\/www.ericadventures.com\/wp-content\/uploads\/logo-ericadventures.png","width":500,"height":106,"caption":"Eric Adventures"},"image":{"@id":"https:\/\/www.ericadventures.com\/en\/#\/schema\/logo\/image\/"}}]}},"coauthors":[],"author_meta":{"author_link":"https:\/\/www.ericadventures.com\/pt-br\/author\/marilyn\/","display_name":"Marilyn Ayma Gomez"},"relative_dates":{"created":"Publicado 1 semana atr\u00e1s","modified":"Atualizado 3 dias atr\u00e1s"},"absolute_dates":{"created":"Publicado em abril 9, 2026","modified":"Atualizado em abril 14, 2026"},"absolute_dates_time":{"created":"Publicado em abril 9, 2026 2:07 pm","modified":"Atualizado em abril 14, 2026 1:33 pm"},"featured_img_caption":"","featured_img":"https:\/\/www.ericadventures.com\/wp-content\/uploads\/Ferre-Miraflores-hotel-Lima-1.jpg","series_order":"","_links":{"self":[{"href":"https:\/\/www.ericadventures.com\/pt-br\/wp-json\/wp\/v2\/pages\/46913","targetHints":{"allow":["GET"]}}],"collection":[{"href":"https:\/\/www.ericadventures.com\/pt-br\/wp-json\/wp\/v2\/pages"}],"about":[{"href":"https:\/\/www.ericadventures.com\/pt-br\/wp-json\/wp\/v2\/types\/page"}],"author":[{"embeddable":true,"href":"https:\/\/www.ericadventures.com\/pt-br\/wp-json\/wp\/v2\/users\/4"}],"replies":[{"embeddable":true,"href":"https:\/\/www.ericadventures.com\/pt-br\/wp-json\/wp\/v2\/comments?post=46913"}],"version-history":[{"count":4,"href":"https:\/\/www.ericadventures.com\/pt-br\/wp-json\/wp\/v2\/pages\/46913\/revisions"}],"predecessor-version":[{"id":47064,"href":"https:\/\/www.ericadventures.com\/pt-br\/wp-json\/wp\/v2\/pages\/46913\/revisions\/47064"}],"up":[{"embeddable":true,"href":"https:\/\/www.ericadventures.com\/pt-br\/wp-json\/wp\/v2\/pages\/39748"}],"wp:featuredmedia":[{"embeddable":true,"href":"https:\/\/www.ericadventures.com\/pt-br\/wp-json\/wp\/v2\/media\/46909"}],"wp:attachment":[{"href":"https:\/\/www.ericadventures.com\/pt-br\/wp-json\/wp\/v2\/media?parent=46913"}],"curies":[{"name":"wp","href":"https:\/\/api.w.org\/{rel}","templated":true}]}}