{"id":5718,"date":"2023-12-06T16:08:01","date_gmt":"2023-12-06T21:08:01","guid":{"rendered":"https:\/\/www.ericadventures.com\/puno\/puno-sillustani-half-day\/"},"modified":"2025-10-17T12:20:52","modified_gmt":"2025-10-17T17:20:52","slug":"sillustani","status":"publish","type":"page","link":"https:\/\/www.ericadventures.com\/pt-br\/puno\/sillustani\/","title":{"rendered":"Cemit\u00e9rio Inca, Sillustani"},"content":{"rendered":"<div class=\"wp-block-image\">\n<figure class=\"alignleft size-full is-resized\"><img loading=\"lazy\" decoding=\"async\" width=\"581\" height=\"507\" src=\"https:\/\/www.ericadventures.com\/wp-content\/uploads\/Sillustani-4-1.jpg\" alt=\"\" class=\"wp-image-5700\" style=\"aspect-ratio:1.7777777777777777;object-fit:cover;width:416px;height:auto\" srcset=\"https:\/\/www.ericadventures.com\/wp-content\/uploads\/Sillustani-4-1.jpg 581w, https:\/\/www.ericadventures.com\/wp-content\/uploads\/Sillustani-4-1-300x262.jpg 300w\" sizes=\"auto, (max-width: 581px) 100vw, 581px\" \/><\/figure>\n<\/div>\n\n\n<h3 class=\"wp-block-heading\" id=\"h-sillustani-meio-dia-tour\">SILLUSTANI, MEIO DIA TOUR<\/h3>\n\n\n\n<p>Explore os antigos t\u00famulos da cultura Colla que mais tarde pertenceu ao Imp\u00e9rio Inca. Localizado a aproximadamente 30 km de Puno, o Complexo Arqueol\u00f3gico de Sillustani, declarado Patrim\u00f4nio Cultural da Na\u00e7\u00e3o, tem impressionantes torres de pedra de aproximadamente 12 metros de altura, chamadas &#8220;Chullpas&#8221;, onde colocaram os corpos mumificados dos chefes e sacerdotes incas.<\/p>\n\n\n\n<p><\/p>\n\n\n\n<h2 class=\"wp-block-heading\" id=\"h-itinerario\"><strong>ITINER\u00c1RIO<\/strong><\/h2>\n\n\n\n<p><br>Explore os antigos t\u00famulos da cultura Colla que mais tarde pertenceu ao Imp\u00e9rio Inca. Localizado a aproximadamente 30 km de Puno, o Complexo Arqueol\u00f3gico de Sillustani, declarado Patrim\u00f4nio Cultural da Na\u00e7\u00e3o, tem impressionantes torres de pedra de aproximadamente 12 metros de altura, chamadas &#8220;Chullpas&#8221;, onde colocaram os corpos mumificados dos chefes e sacerdotes incas.<\/p>\n\n\n\n<figure class=\"wp-block-embed is-type-video is-provider-youtube wp-block-embed-youtube wp-embed-aspect-16-9 wp-has-aspect-ratio\"><div class=\"wp-block-embed__wrapper\">\n<iframe loading=\"lazy\" title=\"Puno Sillustani\" width=\"640\" height=\"360\" src=\"https:\/\/www.youtube.com\/embed\/boPBWWA4pE4?feature=oembed\" frameborder=\"0\" allow=\"accelerometer; autoplay; clipboard-write; encrypted-media; gyroscope; picture-in-picture; web-share\" referrerpolicy=\"strict-origin-when-cross-origin\" allowfullscreen><\/iframe>\n<\/div><\/figure>\n\n\n\n<h2 class=\"wp-block-heading\" id=\"h-incluido\">INCLUIDO<\/h2>\n\n\n\n<ul class=\"wp-block-list\">\n<li>&nbsp;Transporte Puno &#8211; Sillustani- Puno<\/li>\n\n\n\n<li>Guia Profissional Ingl\u00eas \/ Espanhol<\/li>\n\n\n\n<li>Ingresso ao centro arqueol\u00f3gico.<\/li>\n<\/ul>\n\n\n\n<h3 class=\"wp-block-heading\" id=\"h-recomendamos-trazer\"><strong>RECOMENDAMOS TRAZER<\/strong><\/h3>\n\n\n\n<ul class=\"wp-block-list\">\n<li>Sombrero<\/li>\n\n\n\n<li>Protetor solar<\/li>\n\n\n\n<li>\u00c1gua<\/li>\n\n\n\n<li>Petiscos (doces, frutas, chocolate, etc.)<\/li>\n\n\n\n<li>C\u00e2mera fotogr\u00e1fica<\/li>\n<\/ul>\n\n\n\n<h3 class=\"wp-block-heading\" id=\"h-notas\">NOTAS:<\/h3>\n\n\n\n<ul class=\"wp-block-list\">\n<li>Em nossos servi\u00e7os compartilhados, buscaremos nossos clientes em seus hot\u00e9is sempre e quanto estiverem no centro da cidade.<\/li>\n\n\n\n<li>Em nossos servi\u00e7os compartilhados, no final do passeio, deixamos nossos clientes em um lugar pr\u00f3ximo \u00e0 pra\u00e7a principal, \u00e9 mais f\u00e1cil retornar ao seu hotel andando do que ir no \u00f4nibus, j\u00e1 que o tr\u00e2nsito \u00e9 terr\u00edvel. Se o seu hotel est\u00e1 longe do centro da cidade, pegue dinheiro extra para pegar um t\u00e1xi.<\/li>\n\n\n\n<li>Os hor\u00e1rios de partida e chegada s\u00e3o referenciais, isso depender\u00e1 do tr\u00e1fego que pode ser encontrado nas ruas ou do atraso dos demais clientes, nosso assistente chegar\u00e1 a tempo no seu hotel, mas \u00e0s vezes o transporte pode demorar alguns minutos.<\/li>\n<\/ul>\n\n\n\n<h2 class=\"wp-block-heading\" id=\"h-precos-por-pessoa-em-dolares-americanos\">PRE\u00c7OS (POR PESSOA EM D\u00d3LARES AMERICANOS)<\/h2>\n\n\n\n<p><strong>SERVI\u00c7O PRIVADO<\/strong><\/p>\n\n\n\n<ul class=\"wp-block-list\">\n<li>Pre\u00e7o por pessoa, quarto duplo: US$ 65 (m\u00ednimo de 2 pessoas)<\/li>\n<\/ul>\n\n\n\n<p>*Pre\u00e7os de refer\u00eancia sujeitos \u00e0 disponibilidade e temporada.<\/p>\n\n\n\n<h2 class=\"wp-block-heading\" id=\"h-mapa\"> MAPA<\/h2>\n\n\n\n<figure class=\"wp-block-gallery has-nested-images columns-default wp-block-gallery-1 is-layout-flex wp-block-gallery-is-layout-flex\">\n<figure class=\"wp-block-image size-thumbnail is-style-default\"><a href=\"https:\/\/www.ericadventures.com\/wp-content\/uploads\/mapa-sillustani.jpg\"><img loading=\"lazy\" decoding=\"async\" width=\"150\" height=\"150\" data-id=\"5729\" src=\"https:\/\/www.ericadventures.com\/wp-content\/uploads\/mapa-sillustani-150x150.jpg\" alt=\"\" class=\"wp-image-5729\"\/><\/a><\/figure>\n<\/figure>\n\n\n\n<h2 class=\"wp-block-heading\" id=\"h-fotos\">FOTOS<\/h2>\n\n\n\n<figure class=\"wp-block-gallery has-nested-images columns-6 is-cropped wp-block-gallery-2 is-layout-flex wp-block-gallery-is-layout-flex\">\n<figure class=\"wp-block-image size-large\"><a href=\"https:\/\/www.ericadventures.com\/wp-content\/uploads\/sillustani6-1-6.jpg\"><img loading=\"lazy\" decoding=\"async\" width=\"600\" height=\"369\" data-id=\"21708\" src=\"https:\/\/www.ericadventures.com\/wp-content\/uploads\/sillustani6-1-6.jpg\" alt=\"\" class=\"wp-image-21708\" srcset=\"https:\/\/www.ericadventures.com\/wp-content\/uploads\/sillustani6-1-6.jpg 600w, https:\/\/www.ericadventures.com\/wp-content\/uploads\/sillustani6-1-6-300x185.jpg 300w\" sizes=\"auto, (max-width: 600px) 100vw, 600px\" \/><\/a><\/figure>\n\n\n\n<figure class=\"wp-block-image size-large\"><a href=\"https:\/\/www.ericadventures.com\/wp-content\/uploads\/sillustani-a-1-6.jpg\"><img loading=\"lazy\" decoding=\"async\" width=\"327\" height=\"498\" data-id=\"21703\" src=\"https:\/\/www.ericadventures.com\/wp-content\/uploads\/sillustani-a-1-6.jpg\" alt=\"\" class=\"wp-image-21703\" srcset=\"https:\/\/www.ericadventures.com\/wp-content\/uploads\/sillustani-a-1-6.jpg 327w, https:\/\/www.ericadventures.com\/wp-content\/uploads\/sillustani-a-1-6-197x300.jpg 197w\" sizes=\"auto, (max-width: 327px) 100vw, 327px\" \/><\/a><\/figure>\n\n\n\n<figure class=\"wp-block-image size-large\"><a href=\"https:\/\/www.ericadventures.com\/wp-content\/uploads\/sillustani-5-1-6.jpg\"><img loading=\"lazy\" decoding=\"async\" width=\"600\" height=\"800\" data-id=\"21709\" src=\"https:\/\/www.ericadventures.com\/wp-content\/uploads\/sillustani-5-1-6.jpg\" alt=\"\" class=\"wp-image-21709\" srcset=\"https:\/\/www.ericadventures.com\/wp-content\/uploads\/sillustani-5-1-6.jpg 600w, https:\/\/www.ericadventures.com\/wp-content\/uploads\/sillustani-5-1-6-225x300.jpg 225w\" sizes=\"auto, (max-width: 600px) 100vw, 600px\" \/><\/a><\/figure>\n\n\n\n<figure class=\"wp-block-image size-large\"><a href=\"https:\/\/www.ericadventures.com\/wp-content\/uploads\/Sillustani-4-1-6.jpg\"><img loading=\"lazy\" decoding=\"async\" width=\"581\" height=\"507\" data-id=\"21713\" src=\"https:\/\/www.ericadventures.com\/wp-content\/uploads\/Sillustani-4-1-6.jpg\" alt=\"\" class=\"wp-image-21713\" srcset=\"https:\/\/www.ericadventures.com\/wp-content\/uploads\/Sillustani-4-1-6.jpg 581w, https:\/\/www.ericadventures.com\/wp-content\/uploads\/Sillustani-4-1-6-300x262.jpg 300w\" sizes=\"auto, (max-width: 581px) 100vw, 581px\" \/><\/a><\/figure>\n\n\n\n<figure class=\"wp-block-image size-large\"><a href=\"https:\/\/www.ericadventures.com\/wp-content\/uploads\/Sillustani-3-1-6.jpg\"><img loading=\"lazy\" decoding=\"async\" width=\"600\" height=\"350\" data-id=\"21723\" src=\"https:\/\/www.ericadventures.com\/wp-content\/uploads\/Sillustani-3-1-6.jpg\" alt=\"\" class=\"wp-image-21723\" srcset=\"https:\/\/www.ericadventures.com\/wp-content\/uploads\/Sillustani-3-1-6.jpg 600w, https:\/\/www.ericadventures.com\/wp-content\/uploads\/Sillustani-3-1-6-300x175.jpg 300w\" sizes=\"auto, (max-width: 600px) 100vw, 600px\" \/><\/a><\/figure>\n\n\n\n<figure class=\"wp-block-image size-large\"><a href=\"https:\/\/www.ericadventures.com\/wp-content\/uploads\/sillustani-2-1-6.jpg\"><img loading=\"lazy\" decoding=\"async\" width=\"600\" height=\"389\" data-id=\"21727\" src=\"https:\/\/www.ericadventures.com\/wp-content\/uploads\/sillustani-2-1-6.jpg\" alt=\"\" class=\"wp-image-21727\" srcset=\"https:\/\/www.ericadventures.com\/wp-content\/uploads\/sillustani-2-1-6.jpg 600w, https:\/\/www.ericadventures.com\/wp-content\/uploads\/sillustani-2-1-6-300x195.jpg 300w\" sizes=\"auto, (max-width: 600px) 100vw, 600px\" \/><\/a><\/figure>\n<\/figure>\n\n\n\n<h2 class=\"wp-block-heading\" id=\"h-formulario-de-contato\"><strong>FORMUL\u00c1RIO DE CONTATO<\/strong><\/h2>\n\n\n\n<div class=\"wp-block-contact-form-7-contact-form-selector\">\n<div class=\"wpcf7 no-js\" id=\"wpcf7-f6172-o1\" lang=\"es-ES\" dir=\"ltr\" data-wpcf7-id=\"6172\">\n<div class=\"screen-reader-response\"><p role=\"status\" aria-live=\"polite\" aria-atomic=\"true\"><\/p> <ul><\/ul><\/div>\n<form action=\"\/pt-br\/wp-json\/wp\/v2\/pages\/5718#wpcf7-f6172-o1\" method=\"post\" class=\"wpcf7-form init\" aria-label=\"Formulario de contacto\" novalidate=\"novalidate\" data-status=\"init\">\n<fieldset class=\"hidden-fields-container\"><input type=\"hidden\" name=\"_wpcf7\" value=\"6172\" \/><input type=\"hidden\" name=\"_wpcf7_version\" value=\"6.1.5\" \/><input type=\"hidden\" name=\"_wpcf7_locale\" value=\"es_ES\" \/><input type=\"hidden\" name=\"_wpcf7_unit_tag\" value=\"wpcf7-f6172-o1\" \/><input type=\"hidden\" name=\"_wpcf7_container_post\" value=\"0\" \/><input type=\"hidden\" name=\"_wpcf7_posted_data_hash\" value=\"\" \/>\n<\/fieldset>\n<div class=\"wpcf7-turnstile cf-turnstile\" data-sitekey=\"0x4AAAAAACZ2CLxkDaDac8NW\" data-response-field-name=\"_wpcf7_turnstile_response\"><\/div>\n\n<div class=\"formt\">\n    <span class=\"textform\"> Para reservas ou mais informa\u00e7\u00f5es preencha o seguinte formul\u00e1rio de cliente\/convidado:  <\/span>\n    <input class=\"wpcf7-form-control wpcf7-hidden\" value=\"https:\/\/www.ericadventures.com\/pt-br\/wp-json\/wp\/v2\/pages\/5718\" type=\"hidden\" name=\"Url_Tour\" \/>\n    <input class=\"wpcf7-form-control wpcf7-hidden\" value=\"pt-br\" type=\"hidden\" name=\"Idioma\" \/>\n    <input class=\"wpcf7-form-control wpcf7-hidden\" value=\"30\/04\/2026 11:40:10\" type=\"hidden\" name=\"Fecha_Hora\" \/>\n    <input class=\"wpcf7-form-control wpcf7-hidden\" value=\"216.73.216.6\" type=\"hidden\" name=\"Ip\" \/>\n    <input class=\"wpcf7-form-control wpcf7-hidden\" value=\"Cemit\u00e9rio Inca, Sillustani\" type=\"hidden\" name=\"Nombre_Tour\" \/>\n    <input class=\"wpcf7-form-control wpcf7-hidden\" value=\"1\" type=\"hidden\" name=\"enviar_excel\" \/>\n\n    <div class=\"g2\">\n        <div>\n            <label>Nome: <\/label>\n            <span class=\"wpcf7-form-control-wrap\" data-name=\"Nombre\"><input size=\"40\" maxlength=\"400\" class=\"wpcf7-form-control wpcf7-text wpcf7-validates-as-required\" aria-required=\"true\" aria-invalid=\"false\" value=\"\" type=\"text\" name=\"Nombre\" \/><\/span>\n        <\/div>\n        <div>\n            <label>E-mail: <\/label>\n            <span class=\"wpcf7-form-control-wrap\" data-name=\"Emails\"><input size=\"40\" maxlength=\"400\" class=\"wpcf7-form-control wpcf7-email wpcf7-validates-as-required wpcf7-text wpcf7-validates-as-email\" aria-required=\"true\" aria-invalid=\"false\" value=\"\" type=\"email\" name=\"Emails\" \/><\/span>\n        <\/div>\n    <\/div>\n    \n    <div class=\"g2\">\n        <div>\n            <label>Pa\u00eds: <\/label>\n            <span class=\"wpcf7-form-control-wrap\" data-name=\"Pais\"><input size=\"40\" maxlength=\"400\" class=\"wpcf7-form-control wpcf7-text\" aria-invalid=\"false\" value=\"\" type=\"text\" name=\"Pais\" \/><\/span>\n        <\/div>\n        <div>\n            <label>Telefone - Whatsapp: <\/label>\n            <span class=\"wpcf7-form-control-wrap\" data-name=\"Whatsapp\"><input size=\"40\" class=\"wpcf7-form-control wpcf7-phonetext wpcf7-text wpcf7-validates-as-phonetext\" aria-invalid=\"false\" value=\"\" type=\"text\" name=\"Whatsapp\" \/><input type=\"hidden\" name=\"Whatsapp-country-code\" class=\"wpcf7-phonetext-country-code\" \/><\/span>\n        <\/div>\n    <\/div>\n    \n    <div class=\"g2\">\n        <div>\n            <label>N\u00famero de adultos: <\/label>\n            <span class=\"wpcf7-form-control-wrap\" data-name=\"Adultos\"><select class=\"wpcf7-form-control wpcf7-select wpcf7-validates-as-required\" aria-required=\"true\" aria-invalid=\"false\" name=\"Adultos\"><option value=\"1\">1<\/option><option value=\"2\">2<\/option><option value=\"3\">3<\/option><option value=\"4\">4<\/option><option value=\"5\">5<\/option><option value=\"6\">6<\/option><option value=\"7\">7<\/option><option value=\"8\">8<\/option><option value=\"9\">9<\/option><option value=\"10\">10<\/option><option value=\"11\">11<\/option><option value=\"12 para mais\">12 para mais<\/option><\/select><\/span>\n        <\/div>\n        <div>\n            <label>N\u00famero de crian\u00e7as: <\/label>\n            <span class=\"wpcf7-form-control-wrap\" data-name=\"Ninos\"><select class=\"wpcf7-form-control wpcf7-select wpcf7-validates-as-required\" aria-required=\"true\" aria-invalid=\"false\" name=\"Ninos\"><option value=\"0\">0<\/option><option value=\"1\">1<\/option><option value=\"2\">2<\/option><option value=\"3\">3<\/option><option value=\"4\">4<\/option><option value=\"5\">5<\/option><option value=\"6\">6<\/option><option value=\"7\">7<\/option><option value=\"8\">8<\/option><option value=\"9\">9<\/option><option value=\"10\">10<\/option><option value=\"11\">11<\/option><option value=\"12 para mais\">12 para mais<\/option><\/select><\/span>\n        <\/div>\n    <\/div>\n    \n    <div class=\"g2\">\n        <div>\n            <label>Data de in\u00edcio do passeio: <\/label>\n            <span class=\"wpcf7-form-control-wrap\" data-name=\"Inicio\"><input class=\"wpcf7-form-control wpcf7-date wpcf7-validates-as-required wpcf7-validates-as-date\" id=\"inicio\" min=\"2026-04-30\" aria-required=\"true\" aria-invalid=\"false\" value=\"\" type=\"date\" name=\"Inicio\" \/><\/span>\n        <\/div>\n        <div>\n            <label>Data de t\u00e9rmino da excurs\u00e3o: <\/label>\n            <span class=\"wpcf7-form-control-wrap\" data-name=\"Final\"><input class=\"wpcf7-form-control wpcf7-date wpcf7-validates-as-required wpcf7-validates-as-date\" id=\"final\" min=\"2026-04-30\" aria-required=\"true\" aria-invalid=\"false\" value=\"\" type=\"date\" name=\"Final\" \/><\/span>\n        <\/div>\n    <\/div>\n    \n    <div>\n        <label>Coment\u00e1rios ou perguntas: <\/label>\n        <span class=\"wpcf7-form-control-wrap\" data-name=\"Mensaje\"><textarea cols=\"40\" rows=\"10\" maxlength=\"2000\" class=\"wpcf7-form-control wpcf7-textarea wpcf7-validates-as-required\" aria-required=\"true\" aria-invalid=\"false\" placeholder=\"Por favor especifique o tipo de SERVI\u00c7O\/TOUR que pretende realizar\" name=\"Mensaje\"><\/textarea><\/span>\n    <\/div>\n    \n    <input class=\"wpcf7-form-control wpcf7-submit has-spinner btnsend\" type=\"submit\" value=\"ENVIAR MENSAGEM\" \/>\n<\/div><div class=\"wpcf7-response-output\" aria-hidden=\"true\"><\/div>\n<\/form>\n<\/div>\n<\/div>\n","protected":false},"excerpt":{"rendered":"<p>SILLUSTANI, MEIO DIA TOUR Explore os antigos t\u00famulos da cultura Colla que mais tarde pertenceu ao Imp\u00e9rio Inca. Localizado a [&hellip;]<\/p>\n","protected":false},"author":4,"featured_media":5702,"parent":259,"menu_order":0,"comment_status":"closed","ping_status":"closed","template":"page-tour.php","meta":{"_acf_changed":false,"advgb_blocks_editor_width":"","advgb_blocks_columns_visual_guide":"","footnotes":""},"class_list":["post-5718","page","type-page","status-publish","has-post-thumbnail","hentry"],"acf":[],"yoast_head":"<!-- This site is optimized with the Yoast SEO Premium plugin v25.4 (Yoast SEO v26.9) - https:\/\/yoast.com\/product\/yoast-seo-premium-wordpress\/ -->\n<title>Cemit\u00e9rio Inca, Sillustani<\/title>\n<meta name=\"description\" content=\"Explore os t\u00famulos Colla e Inca em Sillustani, a 30 km de Puno. Seus &#039;Chullpas&#039; de 12 metros eram usados \u200b\u200bpara mumificar chefes e sacerdotes.\" \/>\n<meta name=\"robots\" content=\"index, follow, max-snippet:-1, max-image-preview:large, max-video-preview:-1\" \/>\n<link rel=\"canonical\" href=\"https:\/\/www.ericadventures.com\/pt-br\/puno\/sillustani\/\" \/>\n<meta property=\"og:locale\" content=\"pt_BR\" \/>\n<meta property=\"og:type\" content=\"article\" \/>\n<meta property=\"og:title\" content=\"Cemit\u00e9rio Inca, Sillustani\" \/>\n<meta property=\"og:description\" content=\"Explore os t\u00famulos Colla e Inca em Sillustani, a 30 km de Puno. Seus &#039;Chullpas&#039; de 12 metros eram usados \u200b\u200bpara mumificar chefes e sacerdotes.\" \/>\n<meta property=\"og:url\" content=\"https:\/\/www.ericadventures.com\/pt-br\/puno\/sillustani\/\" \/>\n<meta property=\"og:site_name\" content=\"Eric Adventures\" \/>\n<meta property=\"article:modified_time\" content=\"2025-10-17T17:20:52+00:00\" \/>\n<meta property=\"og:image\" content=\"https:\/\/www.ericadventures.com\/wp-content\/uploads\/sillustani-2-1.jpg\" \/>\n\t<meta property=\"og:image:width\" content=\"600\" \/>\n\t<meta property=\"og:image:height\" content=\"389\" \/>\n\t<meta property=\"og:image:type\" content=\"image\/jpeg\" \/>\n<meta name=\"twitter:card\" content=\"summary_large_image\" \/>\n<meta name=\"twitter:label1\" content=\"Est. tempo de leitura\" \/>\n\t<meta name=\"twitter:data1\" content=\"4 minutos\" \/>\n<script type=\"application\/ld+json\" class=\"yoast-schema-graph\">{\"@context\":\"https:\/\/schema.org\",\"@graph\":[{\"@type\":\"WebPage\",\"@id\":\"https:\/\/www.ericadventures.com\/pt-br\/puno\/sillustani\/\",\"url\":\"https:\/\/www.ericadventures.com\/pt-br\/puno\/sillustani\/\",\"name\":\"Cemit\u00e9rio Inca, Sillustani\",\"isPartOf\":{\"@id\":\"https:\/\/www.ericadventures.com\/en\/#website\"},\"primaryImageOfPage\":{\"@id\":\"https:\/\/www.ericadventures.com\/pt-br\/puno\/sillustani\/#primaryimage\"},\"image\":{\"@id\":\"https:\/\/www.ericadventures.com\/pt-br\/puno\/sillustani\/#primaryimage\"},\"thumbnailUrl\":\"https:\/\/www.ericadventures.com\/wp-content\/uploads\/sillustani-2-1.jpg\",\"datePublished\":\"2023-12-06T21:08:01+00:00\",\"dateModified\":\"2025-10-17T17:20:52+00:00\",\"description\":\"Explore os t\u00famulos Colla e Inca em Sillustani, a 30 km de Puno. Seus 'Chullpas' de 12 metros eram usados \u200b\u200bpara mumificar chefes e sacerdotes.\",\"breadcrumb\":{\"@id\":\"https:\/\/www.ericadventures.com\/pt-br\/puno\/sillustani\/#breadcrumb\"},\"inLanguage\":\"pt-BR\",\"potentialAction\":[{\"@type\":\"ReadAction\",\"target\":[\"https:\/\/www.ericadventures.com\/pt-br\/puno\/sillustani\/\"]}]},{\"@type\":\"ImageObject\",\"inLanguage\":\"pt-BR\",\"@id\":\"https:\/\/www.ericadventures.com\/pt-br\/puno\/sillustani\/#primaryimage\",\"url\":\"https:\/\/www.ericadventures.com\/wp-content\/uploads\/sillustani-2-1.jpg\",\"contentUrl\":\"https:\/\/www.ericadventures.com\/wp-content\/uploads\/sillustani-2-1.jpg\",\"width\":600,\"height\":389,\"caption\":\"Inca Cementery, Sillustani\"},{\"@type\":\"BreadcrumbList\",\"@id\":\"https:\/\/www.ericadventures.com\/pt-br\/puno\/sillustani\/#breadcrumb\",\"itemListElement\":[{\"@type\":\"ListItem\",\"position\":1,\"name\":\"Home\",\"item\":\"https:\/\/www.ericadventures.com\/pt-br\/\"},{\"@type\":\"ListItem\",\"position\":2,\"name\":\"Passeios Em Puno\",\"item\":\"https:\/\/www.ericadventures.com\/pt-br\/puno\/\"},{\"@type\":\"ListItem\",\"position\":3,\"name\":\"Cemit\u00e9rio Inca, Sillustani\"}]},{\"@type\":\"WebSite\",\"@id\":\"https:\/\/www.ericadventures.com\/en\/#website\",\"url\":\"https:\/\/www.ericadventures.com\/en\/\",\"name\":\"Eric Adventures\",\"description\":\"\",\"publisher\":{\"@id\":\"https:\/\/www.ericadventures.com\/en\/#organization\"},\"alternateName\":\"Eric Adventures\",\"potentialAction\":[{\"@type\":\"SearchAction\",\"target\":{\"@type\":\"EntryPoint\",\"urlTemplate\":\"https:\/\/www.ericadventures.com\/en\/?s={search_term_string}\"},\"query-input\":{\"@type\":\"PropertyValueSpecification\",\"valueRequired\":true,\"valueName\":\"search_term_string\"}}],\"inLanguage\":\"pt-BR\"},{\"@type\":\"Organization\",\"@id\":\"https:\/\/www.ericadventures.com\/en\/#organization\",\"name\":\"Eric Adventures\",\"url\":\"https:\/\/www.ericadventures.com\/en\/\",\"logo\":{\"@type\":\"ImageObject\",\"inLanguage\":\"pt-BR\",\"@id\":\"https:\/\/www.ericadventures.com\/en\/#\/schema\/logo\/image\/\",\"url\":\"https:\/\/www.ericadventures.com\/wp-content\/uploads\/logo-ericadventures.png\",\"contentUrl\":\"https:\/\/www.ericadventures.com\/wp-content\/uploads\/logo-ericadventures.png\",\"width\":500,\"height\":106,\"caption\":\"Eric Adventures\"},\"image\":{\"@id\":\"https:\/\/www.ericadventures.com\/en\/#\/schema\/logo\/image\/\"}}]}<\/script>\n<!-- \/ Yoast SEO Premium plugin. -->","yoast_head_json":{"title":"Cemit\u00e9rio Inca, Sillustani","description":"Explore os t\u00famulos Colla e Inca em Sillustani, a 30 km de Puno. Seus 'Chullpas' de 12 metros eram usados \u200b\u200bpara mumificar chefes e sacerdotes.","robots":{"index":"index","follow":"follow","max-snippet":"max-snippet:-1","max-image-preview":"max-image-preview:large","max-video-preview":"max-video-preview:-1"},"canonical":"https:\/\/www.ericadventures.com\/pt-br\/puno\/sillustani\/","og_locale":"pt_BR","og_type":"article","og_title":"Cemit\u00e9rio Inca, Sillustani","og_description":"Explore os t\u00famulos Colla e Inca em Sillustani, a 30 km de Puno. Seus 'Chullpas' de 12 metros eram usados \u200b\u200bpara mumificar chefes e sacerdotes.","og_url":"https:\/\/www.ericadventures.com\/pt-br\/puno\/sillustani\/","og_site_name":"Eric Adventures","article_modified_time":"2025-10-17T17:20:52+00:00","og_image":[{"width":600,"height":389,"url":"https:\/\/www.ericadventures.com\/wp-content\/uploads\/sillustani-2-1.jpg","type":"image\/jpeg"}],"twitter_card":"summary_large_image","twitter_misc":{"Est. tempo de leitura":"4 minutos"},"schema":{"@context":"https:\/\/schema.org","@graph":[{"@type":"WebPage","@id":"https:\/\/www.ericadventures.com\/pt-br\/puno\/sillustani\/","url":"https:\/\/www.ericadventures.com\/pt-br\/puno\/sillustani\/","name":"Cemit\u00e9rio Inca, Sillustani","isPartOf":{"@id":"https:\/\/www.ericadventures.com\/en\/#website"},"primaryImageOfPage":{"@id":"https:\/\/www.ericadventures.com\/pt-br\/puno\/sillustani\/#primaryimage"},"image":{"@id":"https:\/\/www.ericadventures.com\/pt-br\/puno\/sillustani\/#primaryimage"},"thumbnailUrl":"https:\/\/www.ericadventures.com\/wp-content\/uploads\/sillustani-2-1.jpg","datePublished":"2023-12-06T21:08:01+00:00","dateModified":"2025-10-17T17:20:52+00:00","description":"Explore os t\u00famulos Colla e Inca em Sillustani, a 30 km de Puno. Seus 'Chullpas' de 12 metros eram usados \u200b\u200bpara mumificar chefes e sacerdotes.","breadcrumb":{"@id":"https:\/\/www.ericadventures.com\/pt-br\/puno\/sillustani\/#breadcrumb"},"inLanguage":"pt-BR","potentialAction":[{"@type":"ReadAction","target":["https:\/\/www.ericadventures.com\/pt-br\/puno\/sillustani\/"]}]},{"@type":"ImageObject","inLanguage":"pt-BR","@id":"https:\/\/www.ericadventures.com\/pt-br\/puno\/sillustani\/#primaryimage","url":"https:\/\/www.ericadventures.com\/wp-content\/uploads\/sillustani-2-1.jpg","contentUrl":"https:\/\/www.ericadventures.com\/wp-content\/uploads\/sillustani-2-1.jpg","width":600,"height":389,"caption":"Inca Cementery, Sillustani"},{"@type":"BreadcrumbList","@id":"https:\/\/www.ericadventures.com\/pt-br\/puno\/sillustani\/#breadcrumb","itemListElement":[{"@type":"ListItem","position":1,"name":"Home","item":"https:\/\/www.ericadventures.com\/pt-br\/"},{"@type":"ListItem","position":2,"name":"Passeios Em Puno","item":"https:\/\/www.ericadventures.com\/pt-br\/puno\/"},{"@type":"ListItem","position":3,"name":"Cemit\u00e9rio Inca, Sillustani"}]},{"@type":"WebSite","@id":"https:\/\/www.ericadventures.com\/en\/#website","url":"https:\/\/www.ericadventures.com\/en\/","name":"Eric Adventures","description":"","publisher":{"@id":"https:\/\/www.ericadventures.com\/en\/#organization"},"alternateName":"Eric Adventures","potentialAction":[{"@type":"SearchAction","target":{"@type":"EntryPoint","urlTemplate":"https:\/\/www.ericadventures.com\/en\/?s={search_term_string}"},"query-input":{"@type":"PropertyValueSpecification","valueRequired":true,"valueName":"search_term_string"}}],"inLanguage":"pt-BR"},{"@type":"Organization","@id":"https:\/\/www.ericadventures.com\/en\/#organization","name":"Eric Adventures","url":"https:\/\/www.ericadventures.com\/en\/","logo":{"@type":"ImageObject","inLanguage":"pt-BR","@id":"https:\/\/www.ericadventures.com\/en\/#\/schema\/logo\/image\/","url":"https:\/\/www.ericadventures.com\/wp-content\/uploads\/logo-ericadventures.png","contentUrl":"https:\/\/www.ericadventures.com\/wp-content\/uploads\/logo-ericadventures.png","width":500,"height":106,"caption":"Eric Adventures"},"image":{"@id":"https:\/\/www.ericadventures.com\/en\/#\/schema\/logo\/image\/"}}]}},"coauthors":[],"author_meta":{"author_link":"https:\/\/www.ericadventures.com\/pt-br\/author\/marilyn\/","display_name":"Marilyn Ayma Gomez"},"relative_dates":{"created":"Publicado 2 anos atr\u00e1s","modified":"Atualizado 7 meses atr\u00e1s"},"absolute_dates":{"created":"Publicado em dezembro 6, 2023","modified":"Atualizado em outubro 17, 2025"},"absolute_dates_time":{"created":"Publicado em dezembro 6, 2023 4:08 pm","modified":"Atualizado em outubro 17, 2025 12:20 pm"},"featured_img_caption":"","featured_img":"https:\/\/www.ericadventures.com\/wp-content\/uploads\/sillustani-2-1.jpg","series_order":"","_links":{"self":[{"href":"https:\/\/www.ericadventures.com\/pt-br\/wp-json\/wp\/v2\/pages\/5718","targetHints":{"allow":["GET"]}}],"collection":[{"href":"https:\/\/www.ericadventures.com\/pt-br\/wp-json\/wp\/v2\/pages"}],"about":[{"href":"https:\/\/www.ericadventures.com\/pt-br\/wp-json\/wp\/v2\/types\/page"}],"author":[{"embeddable":true,"href":"https:\/\/www.ericadventures.com\/pt-br\/wp-json\/wp\/v2\/users\/4"}],"replies":[{"embeddable":true,"href":"https:\/\/www.ericadventures.com\/pt-br\/wp-json\/wp\/v2\/comments?post=5718"}],"version-history":[{"count":5,"href":"https:\/\/www.ericadventures.com\/pt-br\/wp-json\/wp\/v2\/pages\/5718\/revisions"}],"predecessor-version":[{"id":41609,"href":"https:\/\/www.ericadventures.com\/pt-br\/wp-json\/wp\/v2\/pages\/5718\/revisions\/41609"}],"up":[{"embeddable":true,"href":"https:\/\/www.ericadventures.com\/pt-br\/wp-json\/wp\/v2\/pages\/259"}],"wp:featuredmedia":[{"embeddable":true,"href":"https:\/\/www.ericadventures.com\/pt-br\/wp-json\/wp\/v2\/media\/5702"}],"wp:attachment":[{"href":"https:\/\/www.ericadventures.com\/pt-br\/wp-json\/wp\/v2\/media?parent=5718"}],"curies":[{"name":"wp","href":"https:\/\/api.w.org\/{rel}","templated":true}]}}