{"id":7454,"date":"2023-12-22T11:23:21","date_gmt":"2023-12-22T16:23:21","guid":{"rendered":"https:\/\/www.ericadventures.com\/lima\/circuito-magico-das-aguas-lima-noite\/"},"modified":"2025-10-10T10:46:32","modified_gmt":"2025-10-10T15:46:32","slug":"circuito-magico-das-aguas-lima-noite","status":"publish","type":"page","link":"https:\/\/www.ericadventures.com\/pt-br\/lima\/circuito-magico-das-aguas-lima-noite\/","title":{"rendered":"Circuito M\u00e1gico das \u00c1guas Lima Noite"},"content":{"rendered":"<div class=\"wp-block-image\">\n<figure class=\"alignleft size-full is-resized\"><img loading=\"lazy\" decoding=\"async\" width=\"805\" height=\"546\" src=\"https:\/\/www.ericadventures.com\/wp-content\/uploads\/Circuito.jpg\" alt=\"\" class=\"wp-image-6742\" style=\"aspect-ratio:1.7777777777777777;object-fit:cover;width:413px;height:auto\" srcset=\"https:\/\/www.ericadventures.com\/wp-content\/uploads\/Circuito.jpg 805w, https:\/\/www.ericadventures.com\/wp-content\/uploads\/Circuito-300x203.jpg 300w, https:\/\/www.ericadventures.com\/wp-content\/uploads\/Circuito-768x521.jpg 768w\" sizes=\"auto, (max-width: 805px) 100vw, 805px\" \/><\/figure>\n<\/div>\n\n\n<h3 class=\"wp-block-heading\" id=\"h-\"><\/h3>\n\n\n\n<h3 class=\"wp-block-heading\" id=\"h-fantasy-show-fountain-lima-peru\">FANTASY SHOW FOUNTAIN &#8211; LIMA PERU<\/h3>\n\n\n\n<p>Voc\u00ea observar\u00e1 um show \u00fanico de luzes&nbsp;<strong>e m\u00fasica em um parque<\/strong>, que est\u00e1 inclu\u00eddo no&nbsp;<strong>Guinness Book of Records&nbsp;<\/strong>como tendo o maior complexo de fontes do mundo.<\/p>\n\n\n\n<p>Voc\u00ea caminhar\u00e1 com seu guia, que explicar\u00e1 a hist\u00f3ria por tr\u00e1s desse <strong>parque<\/strong>, que recebeu o nome de Parque de la Reserva em homenagem \u00e0s tropas que participaram da<strong> Guerra do Pac\u00edfico<\/strong>.<\/p>\n\n\n\n<p>O parque \u00e9 um grande complexo e foi constru\u00eddo em um belo estilo neocl\u00e1ssico. Por fim, voc\u00ea dirigir\u00e1 em&nbsp;<a href=\"https:\/\/www.ericadventures.com\/lima\/classic-city-tour-lima.html\">Lima<\/a>&nbsp;\u00e0 noite, uma visita \u00e0 nossa cidade mostrando memoriais, igrejas, edif\u00edcios hist\u00f3ricos e monumentos primorosamente decorados e iluminados.<\/p>\n\n\n\n<p><\/p>\n\n\n\n<h2 class=\"wp-block-heading\" id=\"h-itinerario\"><strong>ITINER\u00c1RIO<\/strong><\/h2>\n\n\n\n<p><strong>Sa\u00eddas:<\/strong>&nbsp;De quarta-feira a domingo, \u00e0s 18h.<\/p>\n\n\n\n<h3 class=\"wp-block-heading\" id=\"h-incluido\"><strong>INCLU\u00cdDO<\/strong><\/h3>\n\n\n\n<ul class=\"wp-block-list\">\n<li>Servi\u00e7o de traslado do<a href=\"https:\/\/www.ericadventures.com\/\">hotel<\/a>&nbsp;<a href=\"https:\/\/www.ericadventures.com\/\">&nbsp; em Miraflores.<\/a><\/li>\n\n\n\n<li>&nbsp;Guiado em ingl\u00eas ou castelhano.<\/li>\n\n\n\n<li>&nbsp;Ingressos de entrada.<\/li>\n\n\n\n<li>&nbsp;Retorno ao<a href=\"https:\/\/www.ericadventures.com\/\">hotel<\/a>&nbsp;<a href=\"https:\/\/www.ericadventures.com\/\"><\/a><\/li>\n<\/ul>\n\n\n\n<h2 class=\"wp-block-heading\" id=\"h-precos-por-pessoa-em-dolares-americanos\">PRE\u00c7OS (POR PESSOA EM D\u00d3LARES AMERICANOS)<\/h2>\n\n\n\n<p><strong>SERVI\u00c7O COMPARTILHADO<\/strong><\/p>\n\n\n\n<ul class=\"wp-block-list\">\n<li>Pre\u00e7o por pessoa: US$ 48 (m\u00ednimo de 4 pessoas)<\/li>\n<\/ul>\n\n\n\n<p>*Pre\u00e7os de refer\u00eancia sujeitos \u00e0 disponibilidade e temporada.<\/p>\n\n\n\n<h2 class=\"wp-block-heading\" id=\"h-mapa\">Mapa<\/h2>\n\n\n\n<figure class=\"wp-block-gallery has-nested-images columns-default wp-block-gallery-1 is-layout-flex wp-block-gallery-is-layout-flex\">\n<figure class=\"wp-block-image size-thumbnail is-style-default\"><a href=\"https:\/\/www.ericadventures.com\/wp-content\/uploads\/map-peru-lima-magical-water-circuit.jpg\"><img loading=\"lazy\" decoding=\"async\" width=\"150\" height=\"150\" data-id=\"6723\" src=\"https:\/\/www.ericadventures.com\/wp-content\/uploads\/map-peru-lima-magical-water-circuit-150x150.jpg\" alt=\"\" class=\"wp-image-6723\"\/><\/a><\/figure>\n<\/figure>\n\n\n\n<h2 class=\"wp-block-heading\" id=\"h-galeria-de-fotos\">GALERIA DE FOTOS<\/h2>\n\n\n\n<div class=\"wp-block-columns is-layout-flex wp-container-core-columns-is-layout-9d6595d7 wp-block-columns-is-layout-flex\">\n<div class=\"wp-block-column is-layout-flow wp-block-column-is-layout-flow\" style=\"flex-basis:100%\">\n<figure class=\"wp-block-gallery has-nested-images columns-4 is-cropped wp-block-gallery-2 is-layout-flex wp-block-gallery-is-layout-flex\">\n<figure class=\"wp-block-image\"><img loading=\"lazy\" decoding=\"async\" width=\"951\" height=\"532\" data-id=\"6732\" src=\"https:\/\/www.ericadventures.com\/wp-content\/uploads\/Circuito-magico-2.jpg\" alt=\"\" class=\"wp-image-6732\" srcset=\"https:\/\/www.ericadventures.com\/wp-content\/uploads\/Circuito-magico-2.jpg 951w, https:\/\/www.ericadventures.com\/wp-content\/uploads\/Circuito-magico-2-300x168.jpg 300w, https:\/\/www.ericadventures.com\/wp-content\/uploads\/Circuito-magico-2-768x430.jpg 768w\" sizes=\"auto, (max-width: 951px) 100vw, 951px\" \/><\/figure>\n\n\n\n<figure class=\"wp-block-image size-full\"><img loading=\"lazy\" decoding=\"async\" width=\"917\" height=\"528\" data-id=\"6767\" src=\"https:\/\/www.ericadventures.com\/wp-content\/uploads\/Circuito-de-agua-Lima1.jpg\" alt=\"\" class=\"wp-image-6767\" srcset=\"https:\/\/www.ericadventures.com\/wp-content\/uploads\/Circuito-de-agua-Lima1.jpg 917w, https:\/\/www.ericadventures.com\/wp-content\/uploads\/Circuito-de-agua-Lima1-300x173.jpg 300w, https:\/\/www.ericadventures.com\/wp-content\/uploads\/Circuito-de-agua-Lima1-768x442.jpg 768w\" sizes=\"auto, (max-width: 917px) 100vw, 917px\" \/><\/figure>\n\n\n\n<figure class=\"wp-block-image size-full\"><img loading=\"lazy\" decoding=\"async\" width=\"727\" height=\"384\" data-id=\"6772\" src=\"https:\/\/www.ericadventures.com\/wp-content\/uploads\/Captura-2.jpg\" alt=\"\" class=\"wp-image-6772\" srcset=\"https:\/\/www.ericadventures.com\/wp-content\/uploads\/Captura-2.jpg 727w, https:\/\/www.ericadventures.com\/wp-content\/uploads\/Captura-2-300x158.jpg 300w\" sizes=\"auto, (max-width: 727px) 100vw, 727px\" \/><\/figure>\n\n\n\n<figure class=\"wp-block-image size-full\"><img loading=\"lazy\" decoding=\"async\" width=\"964\" height=\"529\" data-id=\"6752\" src=\"https:\/\/www.ericadventures.com\/wp-content\/uploads\/circuito-agua-1.jpg\" alt=\"\" class=\"wp-image-6752\" srcset=\"https:\/\/www.ericadventures.com\/wp-content\/uploads\/circuito-agua-1.jpg 964w, https:\/\/www.ericadventures.com\/wp-content\/uploads\/circuito-agua-1-300x165.jpg 300w, https:\/\/www.ericadventures.com\/wp-content\/uploads\/circuito-agua-1-768x421.jpg 768w\" sizes=\"auto, (max-width: 964px) 100vw, 964px\" \/><\/figure>\n\n\n\n<figure class=\"wp-block-image size-full\"><img loading=\"lazy\" decoding=\"async\" width=\"792\" height=\"477\" data-id=\"6762\" src=\"https:\/\/www.ericadventures.com\/wp-content\/uploads\/Circuito-de-agua-Lima.jpg\" alt=\"\" class=\"wp-image-6762\" srcset=\"https:\/\/www.ericadventures.com\/wp-content\/uploads\/Circuito-de-agua-Lima.jpg 792w, https:\/\/www.ericadventures.com\/wp-content\/uploads\/Circuito-de-agua-Lima-300x181.jpg 300w, https:\/\/www.ericadventures.com\/wp-content\/uploads\/Circuito-de-agua-Lima-768x463.jpg 768w\" sizes=\"auto, (max-width: 792px) 100vw, 792px\" \/><\/figure>\n\n\n\n<figure class=\"wp-block-image size-full\"><img loading=\"lazy\" decoding=\"async\" width=\"648\" height=\"452\" data-id=\"6757\" src=\"https:\/\/www.ericadventures.com\/wp-content\/uploads\/circuito-del-agua-1.jpg\" alt=\"\" class=\"wp-image-6757\" srcset=\"https:\/\/www.ericadventures.com\/wp-content\/uploads\/circuito-del-agua-1.jpg 648w, https:\/\/www.ericadventures.com\/wp-content\/uploads\/circuito-del-agua-1-300x209.jpg 300w\" sizes=\"auto, (max-width: 648px) 100vw, 648px\" \/><\/figure>\n\n\n\n<figure class=\"wp-block-image\"><img loading=\"lazy\" decoding=\"async\" width=\"755\" height=\"403\" data-id=\"6737\" src=\"https:\/\/www.ericadventures.com\/wp-content\/uploads\/circuito-magico-1.jpg\" alt=\"\" class=\"wp-image-6737\" srcset=\"https:\/\/www.ericadventures.com\/wp-content\/uploads\/circuito-magico-1.jpg 755w, https:\/\/www.ericadventures.com\/wp-content\/uploads\/circuito-magico-1-300x160.jpg 300w\" sizes=\"auto, (max-width: 755px) 100vw, 755px\" \/><\/figure>\n\n\n\n<figure class=\"wp-block-image\"><img loading=\"lazy\" decoding=\"async\" width=\"805\" height=\"546\" data-id=\"6742\" src=\"https:\/\/www.ericadventures.com\/wp-content\/uploads\/Circuito.jpg\" alt=\"\" class=\"wp-image-6742\" srcset=\"https:\/\/www.ericadventures.com\/wp-content\/uploads\/Circuito.jpg 805w, https:\/\/www.ericadventures.com\/wp-content\/uploads\/Circuito-300x203.jpg 300w, https:\/\/www.ericadventures.com\/wp-content\/uploads\/Circuito-768x521.jpg 768w\" sizes=\"auto, (max-width: 805px) 100vw, 805px\" \/><\/figure>\n<\/figure>\n<\/div>\n<\/div>\n\n\n\n<h2 class=\"wp-block-heading\" id=\"h-formulario-de-contato\"><strong>FORMUL\u00c1RIO DE CONTATO<\/strong><\/h2>\n\n\n\n<div class=\"wp-block-contact-form-7-contact-form-selector\">\n<div class=\"wpcf7 no-js\" id=\"wpcf7-f6168-o1\" lang=\"es-ES\" dir=\"ltr\" data-wpcf7-id=\"6168\">\n<div class=\"screen-reader-response\"><p role=\"status\" aria-live=\"polite\" aria-atomic=\"true\"><\/p> <ul><\/ul><\/div>\n<form action=\"\/pt-br\/wp-json\/wp\/v2\/pages\/7454#wpcf7-f6168-o1\" method=\"post\" class=\"wpcf7-form init\" aria-label=\"Formulario de contacto\" novalidate=\"novalidate\" data-status=\"init\">\n<fieldset class=\"hidden-fields-container\"><input type=\"hidden\" name=\"_wpcf7\" value=\"6168\" \/><input type=\"hidden\" name=\"_wpcf7_version\" value=\"6.1.5\" \/><input type=\"hidden\" name=\"_wpcf7_locale\" value=\"es_ES\" \/><input type=\"hidden\" name=\"_wpcf7_unit_tag\" value=\"wpcf7-f6168-o1\" \/><input type=\"hidden\" name=\"_wpcf7_container_post\" value=\"0\" \/><input type=\"hidden\" name=\"_wpcf7_posted_data_hash\" value=\"\" \/>\n<\/fieldset>\n<div class=\"wpcf7-turnstile cf-turnstile\" data-sitekey=\"0x4AAAAAACZ2CLxkDaDac8NW\" data-response-field-name=\"_wpcf7_turnstile_response\"><\/div>\n\n<div class=\"formt\">\n<span class=\"textform\"> For reservations or more information please fill up the following client\/guest form:  <\/span>\n<input class=\"wpcf7-form-control wpcf7-hidden\" value=\"https:\/\/www.ericadventures.com\/pt-br\/wp-json\/wp\/v2\/pages\/7454\" type=\"hidden\" name=\"Url_Tour\" \/>\n<input class=\"wpcf7-form-control wpcf7-hidden\" value=\"pt-br\" type=\"hidden\" name=\"Idioma\" \/>\n<input class=\"wpcf7-form-control wpcf7-hidden\" value=\"03\/05\/2026 05:48:10\" type=\"hidden\" name=\"Fecha_Hora\" \/>\n<input class=\"wpcf7-form-control wpcf7-hidden\" value=\"216.73.216.166\" type=\"hidden\" name=\"Ip\" \/>\n<input class=\"wpcf7-form-control wpcf7-hidden\" value=\"Circuito M\u00e1gico das \u00c1guas Lima Noite\" type=\"hidden\" name=\"Nombre_Tour\" \/>\n<input class=\"wpcf7-form-control wpcf7-hidden\" value=\"1\" type=\"hidden\" name=\"enviar_excel\" \/>\n\n<div class=\"g2\">\n    <div>\n        <label>Name: <\/label>\n        <span class=\"wpcf7-form-control-wrap\" data-name=\"Nombre\"><input size=\"40\" maxlength=\"400\" class=\"wpcf7-form-control wpcf7-text wpcf7-validates-as-required\" aria-required=\"true\" aria-invalid=\"false\" value=\"\" type=\"text\" name=\"Nombre\" \/><\/span>\n    <\/div>\n    <div>\n        <label>E-mail: <\/label>\n        <span class=\"wpcf7-form-control-wrap\" data-name=\"Emails\"><input size=\"40\" maxlength=\"400\" class=\"wpcf7-form-control wpcf7-email wpcf7-validates-as-required wpcf7-text wpcf7-validates-as-email\" aria-required=\"true\" aria-invalid=\"false\" value=\"\" type=\"email\" name=\"Emails\" \/><\/span>\n    <\/div>\n <\/div>\n<div class=\"g2\">\n<div>\n        <label>Country: <\/label>\n        <span class=\"wpcf7-form-control-wrap\" data-name=\"Pais\"><input size=\"40\" maxlength=\"400\" class=\"wpcf7-form-control wpcf7-text\" aria-invalid=\"false\" value=\"\" type=\"text\" name=\"Pais\" \/><\/span>\n    <\/div>\n    <div>\n        <label>Phone - Whatsapp: <\/label>\n        <span class=\"wpcf7-form-control-wrap\" data-name=\"Whatsapp\"><input size=\"40\" class=\"wpcf7-form-control wpcf7-phonetext wpcf7-text wpcf7-validates-as-phonetext\" aria-invalid=\"false\" value=\"\" type=\"text\" name=\"Whatsapp\" \/><input type=\"hidden\" name=\"Whatsapp-country-code\" class=\"wpcf7-phonetext-country-code\" \/><\/span>\n    <\/div>\n<\/div>\n\n<div class=\"g2\">\n <div>\n        \n<div class=\"g2\">\n     <div>\n       <label>Number of Adults: <\/label>\n       <span class=\"wpcf7-form-control-wrap\" data-name=\"Adultos\"><select class=\"wpcf7-form-control wpcf7-select wpcf7-validates-as-required\" aria-required=\"true\" aria-invalid=\"false\" name=\"Adultos\"><option value=\"1\">1<\/option><option value=\"2\">2<\/option><option value=\"3\">3<\/option><option value=\"4\">4<\/option><option value=\"5\">5<\/option><option value=\"6\">6<\/option><option value=\"7\">7<\/option><option value=\"8\">8<\/option><option value=\"9\">9<\/option><option value=\"10\">10<\/option><option value=\"11\">11<\/option><option value=\"12 to more\">12 to more<\/option><\/select><\/span>\n    <\/div>\n    <div>\n       <label>Number of Children: <\/label>\n       <span class=\"wpcf7-form-control-wrap\" data-name=\"Ninos\"><select class=\"wpcf7-form-control wpcf7-select wpcf7-validates-as-required\" aria-required=\"true\" aria-invalid=\"false\" name=\"Ninos\"><option value=\"0\">0<\/option><option value=\"1\">1<\/option><option value=\"2\">2<\/option><option value=\"3\">3<\/option><option value=\"4\">4<\/option><option value=\"5\">5<\/option><option value=\"6\">6<\/option><option value=\"7\">7<\/option><option value=\"8\">8<\/option><option value=\"9\">9<\/option><option value=\"10\">10<\/option><option value=\"11\">11<\/option><option value=\"12 to more\">12 to more<\/option><\/select><\/span>\n    <\/div>\n<\/div>\n\n<\/div>\n\n    <div>\n       <div class=\"g2\">\n     <div>\n       <label>Tour Start Date: <\/label>\n       <span class=\"wpcf7-form-control-wrap\" data-name=\"Inicio\"><input class=\"wpcf7-form-control wpcf7-date wpcf7-validates-as-required wpcf7-validates-as-date\" id=\"inicio\" min=\"2026-05-03\" aria-required=\"true\" aria-invalid=\"false\" value=\"\" type=\"date\" name=\"Inicio\" \/><\/span>\n    <\/div>\n    <div>\n       <label>Tour End Date: <\/label>\n        <span class=\"wpcf7-form-control-wrap\" data-name=\"Final\"><input class=\"wpcf7-form-control wpcf7-date wpcf7-validates-as-required wpcf7-validates-as-date\" id=\"final\" min=\"2026-05-03\" aria-required=\"true\" aria-invalid=\"false\" value=\"\" type=\"date\" name=\"Final\" \/><\/span>\n    <\/div>\n<\/div>\n    <\/div>\n<\/div>\n\n<div>\n     <label>Comments or Questions: <\/label>\n     <span class=\"wpcf7-form-control-wrap\" data-name=\"Mensaje\"><textarea cols=\"40\" rows=\"10\" maxlength=\"2000\" class=\"wpcf7-form-control wpcf7-textarea wpcf7-validates-as-required\" aria-required=\"true\" aria-invalid=\"false\" placeholder=\"Please specify the type of SERVICE\/TOUR that you want to take\" name=\"Mensaje\"><\/textarea><\/span>\n<\/div>\n\n<input class=\"wpcf7-form-control wpcf7-submit has-spinner btnsend\" type=\"submit\" value=\"SEND MESSAGE\" \/>\n\n<\/div><div class=\"wpcf7-response-output\" aria-hidden=\"true\"><\/div>\n<\/form>\n<\/div>\n<\/div>\n","protected":false},"excerpt":{"rendered":"<p>FANTASY SHOW FOUNTAIN &#8211; LIMA PERU Voc\u00ea observar\u00e1 um show \u00fanico de luzes&nbsp;e m\u00fasica em um parque, que est\u00e1 inclu\u00eddo [&hellip;]<\/p>\n","protected":false},"author":4,"featured_media":6711,"parent":235,"menu_order":0,"comment_status":"closed","ping_status":"closed","template":"page-tour.php","meta":{"_acf_changed":false,"advgb_blocks_editor_width":"","advgb_blocks_columns_visual_guide":"","footnotes":""},"class_list":["post-7454","page","type-page","status-publish","has-post-thumbnail","hentry"],"acf":[],"yoast_head":"<!-- This site is optimized with the Yoast SEO Premium plugin v25.4 (Yoast SEO v26.9) - https:\/\/yoast.com\/product\/yoast-seo-premium-wordpress\/ -->\n<title>Circuito M\u00e1gico das \u00c1guas Lima Noite<\/title>\n<meta name=\"description\" content=\"Esse \u00e9 um dos passeios em que voc\u00ea observar\u00e1 um show \u00fanico de luzes e m\u00fasica nesse parque, em um dos maiores complexos de fontes do mundo.\" \/>\n<meta name=\"robots\" content=\"index, follow, max-snippet:-1, max-image-preview:large, max-video-preview:-1\" \/>\n<link rel=\"canonical\" href=\"https:\/\/www.ericadventures.com\/pt-br\/lima\/circuito-magico-das-aguas-lima-noite\/\" \/>\n<meta property=\"og:locale\" content=\"pt_BR\" \/>\n<meta property=\"og:type\" content=\"article\" \/>\n<meta property=\"og:title\" content=\"Circuito M\u00e1gico das \u00c1guas Lima Noite\" \/>\n<meta property=\"og:description\" content=\"Esse \u00e9 um dos passeios em que voc\u00ea observar\u00e1 um show \u00fanico de luzes e m\u00fasica nesse parque, em um dos maiores complexos de fontes do mundo.\" \/>\n<meta property=\"og:url\" content=\"https:\/\/www.ericadventures.com\/pt-br\/lima\/circuito-magico-das-aguas-lima-noite\/\" \/>\n<meta property=\"og:site_name\" content=\"Eric Adventures\" \/>\n<meta property=\"article:modified_time\" content=\"2025-10-10T15:46:32+00:00\" \/>\n<meta property=\"og:image\" content=\"https:\/\/www.ericadventures.com\/wp-content\/uploads\/circuito-del-agua.jpg\" \/>\n\t<meta property=\"og:image:width\" content=\"648\" \/>\n\t<meta property=\"og:image:height\" content=\"452\" \/>\n\t<meta property=\"og:image:type\" content=\"image\/jpeg\" \/>\n<meta name=\"twitter:card\" content=\"summary_large_image\" \/>\n<meta name=\"twitter:label1\" content=\"Est. tempo de leitura\" \/>\n\t<meta name=\"twitter:data1\" content=\"3 minutos\" \/>\n<script type=\"application\/ld+json\" class=\"yoast-schema-graph\">{\"@context\":\"https:\/\/schema.org\",\"@graph\":[{\"@type\":\"WebPage\",\"@id\":\"https:\/\/www.ericadventures.com\/pt-br\/lima\/circuito-magico-das-aguas-lima-noite\/\",\"url\":\"https:\/\/www.ericadventures.com\/pt-br\/lima\/circuito-magico-das-aguas-lima-noite\/\",\"name\":\"Circuito M\u00e1gico das \u00c1guas Lima Noite\",\"isPartOf\":{\"@id\":\"https:\/\/www.ericadventures.com\/en\/#website\"},\"primaryImageOfPage\":{\"@id\":\"https:\/\/www.ericadventures.com\/pt-br\/lima\/circuito-magico-das-aguas-lima-noite\/#primaryimage\"},\"image\":{\"@id\":\"https:\/\/www.ericadventures.com\/pt-br\/lima\/circuito-magico-das-aguas-lima-noite\/#primaryimage\"},\"thumbnailUrl\":\"https:\/\/www.ericadventures.com\/wp-content\/uploads\/circuito-del-agua.jpg\",\"datePublished\":\"2023-12-22T16:23:21+00:00\",\"dateModified\":\"2025-10-10T15:46:32+00:00\",\"description\":\"Esse \u00e9 um dos passeios em que voc\u00ea observar\u00e1 um show \u00fanico de luzes e m\u00fasica nesse parque, em um dos maiores complexos de fontes do mundo.\",\"breadcrumb\":{\"@id\":\"https:\/\/www.ericadventures.com\/pt-br\/lima\/circuito-magico-das-aguas-lima-noite\/#breadcrumb\"},\"inLanguage\":\"pt-BR\",\"potentialAction\":[{\"@type\":\"ReadAction\",\"target\":[\"https:\/\/www.ericadventures.com\/pt-br\/lima\/circuito-magico-das-aguas-lima-noite\/\"]}]},{\"@type\":\"ImageObject\",\"inLanguage\":\"pt-BR\",\"@id\":\"https:\/\/www.ericadventures.com\/pt-br\/lima\/circuito-magico-das-aguas-lima-noite\/#primaryimage\",\"url\":\"https:\/\/www.ericadventures.com\/wp-content\/uploads\/circuito-del-agua.jpg\",\"contentUrl\":\"https:\/\/www.ericadventures.com\/wp-content\/uploads\/circuito-del-agua.jpg\",\"width\":648,\"height\":452,\"caption\":\"magical water circuit\"},{\"@type\":\"BreadcrumbList\",\"@id\":\"https:\/\/www.ericadventures.com\/pt-br\/lima\/circuito-magico-das-aguas-lima-noite\/#breadcrumb\",\"itemListElement\":[{\"@type\":\"ListItem\",\"position\":1,\"name\":\"Home\",\"item\":\"https:\/\/www.ericadventures.com\/pt-br\/\"},{\"@type\":\"ListItem\",\"position\":2,\"name\":\"Passeios Em Lima\",\"item\":\"https:\/\/www.ericadventures.com\/en\/lima\/\"},{\"@type\":\"ListItem\",\"position\":3,\"name\":\"Circuito M\u00e1gico das \u00c1guas Lima Noite\"}]},{\"@type\":\"WebSite\",\"@id\":\"https:\/\/www.ericadventures.com\/en\/#website\",\"url\":\"https:\/\/www.ericadventures.com\/en\/\",\"name\":\"Eric Adventures\",\"description\":\"\",\"publisher\":{\"@id\":\"https:\/\/www.ericadventures.com\/en\/#organization\"},\"alternateName\":\"Eric Adventures\",\"potentialAction\":[{\"@type\":\"SearchAction\",\"target\":{\"@type\":\"EntryPoint\",\"urlTemplate\":\"https:\/\/www.ericadventures.com\/en\/?s={search_term_string}\"},\"query-input\":{\"@type\":\"PropertyValueSpecification\",\"valueRequired\":true,\"valueName\":\"search_term_string\"}}],\"inLanguage\":\"pt-BR\"},{\"@type\":\"Organization\",\"@id\":\"https:\/\/www.ericadventures.com\/en\/#organization\",\"name\":\"Eric Adventures\",\"url\":\"https:\/\/www.ericadventures.com\/en\/\",\"logo\":{\"@type\":\"ImageObject\",\"inLanguage\":\"pt-BR\",\"@id\":\"https:\/\/www.ericadventures.com\/en\/#\/schema\/logo\/image\/\",\"url\":\"https:\/\/www.ericadventures.com\/wp-content\/uploads\/logo-ericadventures.png\",\"contentUrl\":\"https:\/\/www.ericadventures.com\/wp-content\/uploads\/logo-ericadventures.png\",\"width\":500,\"height\":106,\"caption\":\"Eric Adventures\"},\"image\":{\"@id\":\"https:\/\/www.ericadventures.com\/en\/#\/schema\/logo\/image\/\"}}]}<\/script>\n<!-- \/ Yoast SEO Premium plugin. -->","yoast_head_json":{"title":"Circuito M\u00e1gico das \u00c1guas Lima Noite","description":"Esse \u00e9 um dos passeios em que voc\u00ea observar\u00e1 um show \u00fanico de luzes e m\u00fasica nesse parque, em um dos maiores complexos de fontes do mundo.","robots":{"index":"index","follow":"follow","max-snippet":"max-snippet:-1","max-image-preview":"max-image-preview:large","max-video-preview":"max-video-preview:-1"},"canonical":"https:\/\/www.ericadventures.com\/pt-br\/lima\/circuito-magico-das-aguas-lima-noite\/","og_locale":"pt_BR","og_type":"article","og_title":"Circuito M\u00e1gico das \u00c1guas Lima Noite","og_description":"Esse \u00e9 um dos passeios em que voc\u00ea observar\u00e1 um show \u00fanico de luzes e m\u00fasica nesse parque, em um dos maiores complexos de fontes do mundo.","og_url":"https:\/\/www.ericadventures.com\/pt-br\/lima\/circuito-magico-das-aguas-lima-noite\/","og_site_name":"Eric Adventures","article_modified_time":"2025-10-10T15:46:32+00:00","og_image":[{"width":648,"height":452,"url":"https:\/\/www.ericadventures.com\/wp-content\/uploads\/circuito-del-agua.jpg","type":"image\/jpeg"}],"twitter_card":"summary_large_image","twitter_misc":{"Est. tempo de leitura":"3 minutos"},"schema":{"@context":"https:\/\/schema.org","@graph":[{"@type":"WebPage","@id":"https:\/\/www.ericadventures.com\/pt-br\/lima\/circuito-magico-das-aguas-lima-noite\/","url":"https:\/\/www.ericadventures.com\/pt-br\/lima\/circuito-magico-das-aguas-lima-noite\/","name":"Circuito M\u00e1gico das \u00c1guas Lima Noite","isPartOf":{"@id":"https:\/\/www.ericadventures.com\/en\/#website"},"primaryImageOfPage":{"@id":"https:\/\/www.ericadventures.com\/pt-br\/lima\/circuito-magico-das-aguas-lima-noite\/#primaryimage"},"image":{"@id":"https:\/\/www.ericadventures.com\/pt-br\/lima\/circuito-magico-das-aguas-lima-noite\/#primaryimage"},"thumbnailUrl":"https:\/\/www.ericadventures.com\/wp-content\/uploads\/circuito-del-agua.jpg","datePublished":"2023-12-22T16:23:21+00:00","dateModified":"2025-10-10T15:46:32+00:00","description":"Esse \u00e9 um dos passeios em que voc\u00ea observar\u00e1 um show \u00fanico de luzes e m\u00fasica nesse parque, em um dos maiores complexos de fontes do mundo.","breadcrumb":{"@id":"https:\/\/www.ericadventures.com\/pt-br\/lima\/circuito-magico-das-aguas-lima-noite\/#breadcrumb"},"inLanguage":"pt-BR","potentialAction":[{"@type":"ReadAction","target":["https:\/\/www.ericadventures.com\/pt-br\/lima\/circuito-magico-das-aguas-lima-noite\/"]}]},{"@type":"ImageObject","inLanguage":"pt-BR","@id":"https:\/\/www.ericadventures.com\/pt-br\/lima\/circuito-magico-das-aguas-lima-noite\/#primaryimage","url":"https:\/\/www.ericadventures.com\/wp-content\/uploads\/circuito-del-agua.jpg","contentUrl":"https:\/\/www.ericadventures.com\/wp-content\/uploads\/circuito-del-agua.jpg","width":648,"height":452,"caption":"magical water circuit"},{"@type":"BreadcrumbList","@id":"https:\/\/www.ericadventures.com\/pt-br\/lima\/circuito-magico-das-aguas-lima-noite\/#breadcrumb","itemListElement":[{"@type":"ListItem","position":1,"name":"Home","item":"https:\/\/www.ericadventures.com\/pt-br\/"},{"@type":"ListItem","position":2,"name":"Passeios Em Lima","item":"https:\/\/www.ericadventures.com\/en\/lima\/"},{"@type":"ListItem","position":3,"name":"Circuito M\u00e1gico das \u00c1guas Lima Noite"}]},{"@type":"WebSite","@id":"https:\/\/www.ericadventures.com\/en\/#website","url":"https:\/\/www.ericadventures.com\/en\/","name":"Eric Adventures","description":"","publisher":{"@id":"https:\/\/www.ericadventures.com\/en\/#organization"},"alternateName":"Eric Adventures","potentialAction":[{"@type":"SearchAction","target":{"@type":"EntryPoint","urlTemplate":"https:\/\/www.ericadventures.com\/en\/?s={search_term_string}"},"query-input":{"@type":"PropertyValueSpecification","valueRequired":true,"valueName":"search_term_string"}}],"inLanguage":"pt-BR"},{"@type":"Organization","@id":"https:\/\/www.ericadventures.com\/en\/#organization","name":"Eric Adventures","url":"https:\/\/www.ericadventures.com\/en\/","logo":{"@type":"ImageObject","inLanguage":"pt-BR","@id":"https:\/\/www.ericadventures.com\/en\/#\/schema\/logo\/image\/","url":"https:\/\/www.ericadventures.com\/wp-content\/uploads\/logo-ericadventures.png","contentUrl":"https:\/\/www.ericadventures.com\/wp-content\/uploads\/logo-ericadventures.png","width":500,"height":106,"caption":"Eric Adventures"},"image":{"@id":"https:\/\/www.ericadventures.com\/en\/#\/schema\/logo\/image\/"}}]}},"coauthors":[],"author_meta":{"author_link":"https:\/\/www.ericadventures.com\/pt-br\/author\/marilyn\/","display_name":"Marilyn Ayma Gomez"},"relative_dates":{"created":"Publicado 2 anos atr\u00e1s","modified":"Atualizado 7 meses atr\u00e1s"},"absolute_dates":{"created":"Publicado em dezembro 22, 2023","modified":"Atualizado em outubro 10, 2025"},"absolute_dates_time":{"created":"Publicado em dezembro 22, 2023 11:23 am","modified":"Atualizado em outubro 10, 2025 10:46 am"},"featured_img_caption":"","featured_img":"https:\/\/www.ericadventures.com\/wp-content\/uploads\/circuito-del-agua.jpg","series_order":"","_links":{"self":[{"href":"https:\/\/www.ericadventures.com\/pt-br\/wp-json\/wp\/v2\/pages\/7454","targetHints":{"allow":["GET"]}}],"collection":[{"href":"https:\/\/www.ericadventures.com\/pt-br\/wp-json\/wp\/v2\/pages"}],"about":[{"href":"https:\/\/www.ericadventures.com\/pt-br\/wp-json\/wp\/v2\/types\/page"}],"author":[{"embeddable":true,"href":"https:\/\/www.ericadventures.com\/pt-br\/wp-json\/wp\/v2\/users\/4"}],"replies":[{"embeddable":true,"href":"https:\/\/www.ericadventures.com\/pt-br\/wp-json\/wp\/v2\/comments?post=7454"}],"version-history":[{"count":1,"href":"https:\/\/www.ericadventures.com\/pt-br\/wp-json\/wp\/v2\/pages\/7454\/revisions"}],"predecessor-version":[{"id":41349,"href":"https:\/\/www.ericadventures.com\/pt-br\/wp-json\/wp\/v2\/pages\/7454\/revisions\/41349"}],"up":[{"embeddable":true,"href":"https:\/\/www.ericadventures.com\/pt-br\/wp-json\/wp\/v2\/pages\/235"}],"wp:featuredmedia":[{"embeddable":true,"href":"https:\/\/www.ericadventures.com\/pt-br\/wp-json\/wp\/v2\/media\/6711"}],"wp:attachment":[{"href":"https:\/\/www.ericadventures.com\/pt-br\/wp-json\/wp\/v2\/media?parent=7454"}],"curies":[{"name":"wp","href":"https:\/\/api.w.org\/{rel}","templated":true}]}}